{"id":294072,"date":"2026-01-14T15:20:47","date_gmt":"2026-01-14T13:20:47","guid":{"rendered":"https:\/\/www.huntersfriend.eu\/product\/accusharp-fileknivsslip\/"},"modified":"2026-01-30T14:32:42","modified_gmt":"2026-01-30T12:32:42","slug":"accusharp-fileknivsslip","status":"publish","type":"product","link":"https:\/\/www.huntersfriend.eu\/sv\/produkt\/accusharp-fileknivsslip\/","title":{"rendered":"AccuSharp fil\u00e9knivsslip"},"content":{"rendered":"<p data-start=\"0\" data-end=\"52\"><strong data-start=\"0\" data-end=\"52\">AccuSharp fil\u00e9knivsslip \u2013 Snabbt och enkelt<\/strong><\/p>\n<p data-start=\"54\" data-end=\"542\">AccuSharp-slipen \u00e4r ett smart val n\u00e4r du enkelt och snabbt vill h\u00e5lla dina knivar och andra verktyg vassa. Dess intuitiva design och anv\u00e4ndarv\u00e4nlighet g\u00f6r slipningen snabb \u2013 ofta p\u00e5 s\u00e5 lite som cirka 10 sekunder. Det ergonomiska handtaget passar bekv\u00e4mt i b\u00e5da h\u00e4nderna, och det full\u00e4ngds fingerskyddet skyddar dina h\u00e4nder under anv\u00e4ndning. De diamantbelagda volfram-V-sp\u00e5ren s\u00e4kerst\u00e4ller l\u00e5ngvarig, rostfri prestanda, och slipen kan enkelt reng\u00f6ras med tv\u00e5l eller i diskmaskinen.   <\/p>\n<p data-start=\"544\" data-end=\"569\"><strong data-start=\"544\" data-end=\"569\">Funktioner och f\u00f6rdelar<\/strong><\/p>\n<ul data-start=\"571\" data-end=\"1014\">\n<li data-start=\"571\" data-end=\"617\">\n<p data-start=\"573\" data-end=\"617\">V\u00e4ssar fil\u00e9knivar snabbt och s\u00e4kert.<\/p>\n<\/li>\n<li data-start=\"618\" data-end=\"695\">\n<p data-start=\"620\" data-end=\"695\">Diamantbelagda volfram-V-sp\u00e5r ger exakt och h\u00e5llbar slipning.<\/p>\n<\/li>\n<li data-start=\"696\" data-end=\"752\">\n<p data-start=\"698\" data-end=\"752\">V\u00e4ndbara blad f\u00f6rdubblar produktens livsl\u00e4ngd.<\/p>\n<\/li>\n<li data-start=\"753\" data-end=\"814\">\n<p data-start=\"755\" data-end=\"814\">Rostfri design, l\u00e4mplig f\u00f6r anv\u00e4ndning i fuktiga milj\u00f6er.<\/p>\n<\/li>\n<li data-start=\"815\" data-end=\"874\">\n<p data-start=\"817\" data-end=\"874\">Ergonomiskt handtag f\u00f6r b\u00e5de h\u00f6ger- och v\u00e4nsterh\u00e4nta anv\u00e4ndare.<\/p>\n<\/li>\n<li data-start=\"875\" data-end=\"938\">\n<p data-start=\"877\" data-end=\"938\">Fullst\u00e4ndigt fingerskydd skyddar h\u00e4nderna vid hantering av skarpa kanter.<\/p>\n<\/li>\n<li data-start=\"939\" data-end=\"1014\">\n<p data-start=\"941\" data-end=\"1014\">Enkelt underh\u00e5ll \u2013 kan reng\u00f6ras med tv\u00e5l och vatten eller i diskmaskinen.<\/p>\n<\/li>\n<\/ul>\n<p data-start=\"1016\" data-end=\"1041\"><strong data-start=\"1016\" data-end=\"1041\">Varf\u00f6r v\u00e4lja AccuSharp?<\/strong><\/p>\n<p data-start=\"1043\" data-end=\"1453\" data-is-last-node=\"\" data-is-only-node=\"\">Om du vill s\u00e4kerst\u00e4lla att dina blad f\u00f6rblir praktiska och redo att anv\u00e4ndas utan separata slipstenar eller komplicerade steg, kombinerar AccuSharp anv\u00e4ndarv\u00e4nlighet med effektivitet. Den \u00e4r idealisk f\u00f6r kr\u00e4vande k\u00f6ksuppgifter, underh\u00e5ll av utomhusutrustning och slipning av jakt- och fiskeutrustning. Tack vare dess snabba funktion kommer den inte att sakta ner dig \u2013 bara n\u00e5gra drag och ditt blad \u00e4r vasst och redo f\u00f6r action igen.  <\/p>\n","protected":false},"excerpt":{"rendered":"<p>AccuSharp fil\u00e9knivsslip \u2013 Snabbt och enkelt AccuSharp-slipen \u00e4r ett smart val n\u00e4r du enkelt och snabbt vill h\u00e5lla dina knivar och andra verktyg vassa. Dess intuitiva design och anv\u00e4ndarv\u00e4nlighet g\u00f6r slipningen snabb \u2013 ofta p\u00e5 s\u00e5 lite som cirka 10 sekunder. Det ergonomiska handtaget passar bekv\u00e4mt i b\u00e5da h\u00e4nderna, och det full\u00e4ngds fingerskyddet skyddar dina [&#8230;]\n","protected":false},"featured_media":293801,"comment_status":"open","ping_status":"closed","template":"","meta":[],"product_brand":[],"product_cat":[2610],"product_tag":[],"class_list":{"0":"post-294072","1":"product","2":"type-product","3":"status-publish","4":"has-post-thumbnail","6":"product_cat-knivar-yxor-och-slipar","8":"first","9":"instock","10":"taxable","11":"shipping-taxable","12":"purchasable","13":"product-type-simple"},"composite_virtual":false,"composite_layout":"","composite_add_to_cart_form_location":"","composite_editable_in_cart":false,"composite_sold_individually_context":"","composite_shop_price_calc":"","composite_components":[],"composite_scenarios":[],"group_of_quantity":0,"min_quantity":0,"max_quantity":"","exclude_order_quantity_value_rules":"no","exclude_category_quantity_rules":"no","combine_variations":"no","exclude_global_add_ons":[],"addons":[],"_links":{"self":[{"href":"https:\/\/www.huntersfriend.eu\/sv\/wp-json\/wp\/v2\/product\/294072","targetHints":{"allow":["GET"]}}],"collection":[{"href":"https:\/\/www.huntersfriend.eu\/sv\/wp-json\/wp\/v2\/product"}],"about":[{"href":"https:\/\/www.huntersfriend.eu\/sv\/wp-json\/wp\/v2\/types\/product"}],"replies":[{"embeddable":true,"href":"https:\/\/www.huntersfriend.eu\/sv\/wp-json\/wp\/v2\/comments?post=294072"}],"wp:featuredmedia":[{"embeddable":true,"href":"https:\/\/www.huntersfriend.eu\/sv\/wp-json\/wp\/v2\/media\/293801"}],"wp:attachment":[{"href":"https:\/\/www.huntersfriend.eu\/sv\/wp-json\/wp\/v2\/media?parent=294072"}],"wp:term":[{"taxonomy":"product_brand","embeddable":true,"href":"https:\/\/www.huntersfriend.eu\/sv\/wp-json\/wp\/v2\/product_brand?post=294072"},{"taxonomy":"product_cat","embeddable":true,"href":"https:\/\/www.huntersfriend.eu\/sv\/wp-json\/wp\/v2\/product_cat?post=294072"},{"taxonomy":"product_tag","embeddable":true,"href":"https:\/\/www.huntersfriend.eu\/sv\/wp-json\/wp\/v2\/product_tag?post=294072"}],"curies":[{"name":"wp","href":"https:\/\/api.w.org\/{rel}","templated":true}]}}