{"id":294071,"date":"2026-01-14T15:20:47","date_gmt":"2026-01-14T13:20:47","guid":{"rendered":"https:\/\/www.huntersfriend.eu\/product\/accusharp-tradgardsredskapsvassare\/"},"modified":"2026-01-30T14:32:41","modified_gmt":"2026-01-30T12:32:41","slug":"accusharp-tradgardsredskapsvassare","status":"publish","type":"product","link":"https:\/\/www.huntersfriend.eu\/sv\/produkt\/accusharp-tradgardsredskapsvassare\/","title":{"rendered":"AccuSharp Tr\u00e4dg\u00e5rdsredskapsv\u00e4ssare"},"content":{"rendered":"<p data-start=\"0\" data-end=\"47\"><strong data-start=\"0\" data-end=\"47\">AccuSharp Tr\u00e4dg\u00e5rdsredskapsv\u00e4ssare \u2013 M\u00e5ngsidig<\/strong><\/p>\n<p data-start=\"49\" data-end=\"418\">Vill du h\u00e5lla dina tr\u00e4dg\u00e5rdsredskap vassa utan kr\u00e5ngliga slipstenar? AccuSharp erbjuder en effektiv och l\u00e4ttanv\u00e4nd l\u00f6sning. Denna v\u00e4ssare \u00e4r speciellt utformad f\u00f6r tr\u00e4dg\u00e5rdsredskap \u2013 som sekat\u00f6rer, spadar, hackor med mera. Det \u00e4r ett idealiskt val f\u00f6r b\u00e5de tr\u00e4dg\u00e5rden och verkstaden n\u00e4r du vill s\u00e4kerst\u00e4lla att dina verktyg f\u00f6rblir vassa och redo att anv\u00e4ndas.  <\/p>\n<p data-start=\"420\" data-end=\"434\"><strong data-start=\"420\" data-end=\"434\">Viktiga punkter<\/strong><\/p>\n<ul data-start=\"436\" data-end=\"720\">\n<li data-start=\"436\" data-end=\"507\">\n<p data-start=\"438\" data-end=\"507\">Enkel slipning med ett enda drag, ingen vinkeljustering kr\u00e4vs.<\/p>\n<\/li>\n<li data-start=\"508\" data-end=\"560\">\n<p data-start=\"510\" data-end=\"560\">Volframkarbidblad \u2013 h\u00e5llbart och l\u00e5nglivat.<\/p>\n<\/li>\n<li data-start=\"561\" data-end=\"612\">\n<p data-start=\"563\" data-end=\"612\">M\u00e5ngsidig anv\u00e4ndning f\u00f6r ett brett utbud av tr\u00e4dg\u00e5rdsredskap.<\/p>\n<\/li>\n<li data-start=\"613\" data-end=\"671\">\n<p data-start=\"615\" data-end=\"671\">S\u00e4ker design med ett ergonomiskt handtag och fingerskydd.<\/p>\n<\/li>\n<li data-start=\"672\" data-end=\"720\">\n<p data-start=\"674\" data-end=\"720\">Kompakt storlek g\u00f6r den l\u00e4tt att b\u00e4ra och f\u00f6rvara.<\/p>\n<\/li>\n<\/ul>\n<p data-start=\"722\" data-end=\"1351\" data-is-last-node=\"\" data-is-only-node=\"\">AccuSharp tr\u00e4dg\u00e5rdsredskapsv\u00e4ssare \u00e4r utformad f\u00f6r att g\u00f6ra slipningen av verktyg enkel. Placera bara bladet som ska slipas i v\u00e4ssaren och dra det igenom f\u00f6rsiktigt \u2013 ett drag ger redan m\u00e4rkbar sk\u00e4rpning, vilket kan f\u00f6rst\u00e4rkas med n\u00e5gra ytterligare drag om det beh\u00f6vs. Det ergonomiska handtaget ger ett s\u00e4kert grepp och fingerskyddet skyddar dina h\u00e4nder. Volframkarbidbladen s\u00e4kerst\u00e4ller en l\u00e5ng livsl\u00e4ngd och rostar inte, vilket g\u00f6r denna v\u00e4ssare till ett p\u00e5litligt hj\u00e4lpmedel f\u00f6r b\u00e5de hemmabruk och hobbyer. Den \u00e4r s\u00e4rskilt l\u00e4mplig f\u00f6r dig som snabbt och enkelt vill h\u00e5lla dina verktyg vassa utan specialutrustning.    <\/p>\n","protected":false},"excerpt":{"rendered":"<p>AccuSharp Tr\u00e4dg\u00e5rdsredskapsv\u00e4ssare \u2013 M\u00e5ngsidig Vill du h\u00e5lla dina tr\u00e4dg\u00e5rdsredskap vassa utan kr\u00e5ngliga slipstenar? AccuSharp erbjuder en effektiv och l\u00e4ttanv\u00e4nd l\u00f6sning. Denna v\u00e4ssare \u00e4r speciellt utformad f\u00f6r tr\u00e4dg\u00e5rdsredskap \u2013 som sekat\u00f6rer, spadar, hackor med mera. Det \u00e4r ett idealiskt val f\u00f6r b\u00e5de tr\u00e4dg\u00e5rden och verkstaden n\u00e4r du vill s\u00e4kerst\u00e4lla att dina verktyg f\u00f6rblir vassa och redo [&#8230;]\n","protected":false},"featured_media":293804,"comment_status":"open","ping_status":"closed","template":"","meta":[],"product_brand":[],"product_cat":[2610],"product_tag":[],"class_list":{"0":"post-294071","1":"product","2":"type-product","3":"status-publish","4":"has-post-thumbnail","6":"product_cat-knivar-yxor-och-slipar","8":"first","9":"instock","10":"taxable","11":"shipping-taxable","12":"purchasable","13":"product-type-simple"},"composite_virtual":false,"composite_layout":"","composite_add_to_cart_form_location":"","composite_editable_in_cart":false,"composite_sold_individually_context":"","composite_shop_price_calc":"","composite_components":[],"composite_scenarios":[],"group_of_quantity":0,"min_quantity":0,"max_quantity":"","exclude_order_quantity_value_rules":"no","exclude_category_quantity_rules":"no","combine_variations":"no","exclude_global_add_ons":[],"addons":[],"_links":{"self":[{"href":"https:\/\/www.huntersfriend.eu\/sv\/wp-json\/wp\/v2\/product\/294071","targetHints":{"allow":["GET"]}}],"collection":[{"href":"https:\/\/www.huntersfriend.eu\/sv\/wp-json\/wp\/v2\/product"}],"about":[{"href":"https:\/\/www.huntersfriend.eu\/sv\/wp-json\/wp\/v2\/types\/product"}],"replies":[{"embeddable":true,"href":"https:\/\/www.huntersfriend.eu\/sv\/wp-json\/wp\/v2\/comments?post=294071"}],"wp:featuredmedia":[{"embeddable":true,"href":"https:\/\/www.huntersfriend.eu\/sv\/wp-json\/wp\/v2\/media\/293804"}],"wp:attachment":[{"href":"https:\/\/www.huntersfriend.eu\/sv\/wp-json\/wp\/v2\/media?parent=294071"}],"wp:term":[{"taxonomy":"product_brand","embeddable":true,"href":"https:\/\/www.huntersfriend.eu\/sv\/wp-json\/wp\/v2\/product_brand?post=294071"},{"taxonomy":"product_cat","embeddable":true,"href":"https:\/\/www.huntersfriend.eu\/sv\/wp-json\/wp\/v2\/product_cat?post=294071"},{"taxonomy":"product_tag","embeddable":true,"href":"https:\/\/www.huntersfriend.eu\/sv\/wp-json\/wp\/v2\/product_tag?post=294071"}],"curies":[{"name":"wp","href":"https:\/\/api.w.org\/{rel}","templated":true}]}}