{"id":294070,"date":"2026-01-14T15:20:46","date_gmt":"2026-01-14T13:20:46","guid":{"rendered":"https:\/\/www.huntersfriend.eu\/product\/augersharp-verktygsslip-isborr\/"},"modified":"2026-01-30T14:32:40","modified_gmt":"2026-01-30T12:32:40","slug":"augersharp-verktygsslip-isborr","status":"publish","type":"product","link":"https:\/\/www.huntersfriend.eu\/sv\/produkt\/augersharp-verktygsslip-isborr\/","title":{"rendered":"AugerSharp verktygsslip (isborr)"},"content":{"rendered":"<p data-start=\"0\" data-end=\"75\"><strong data-start=\"0\" data-end=\"75\">AccuSharp AugerSharp \u2013 En effektiv l\u00f6sning f\u00f6r slipning av isborrsk\u00e4r<\/strong><\/p>\n<p data-start=\"77\" data-end=\"369\">AccuSharp AugerSharp \u00e4r speciellt utformad f\u00f6r att underh\u00e5lla isborrsk\u00e4r, vilket g\u00f6r att du snabbt och exakt kan h\u00e5lla dem vassa utan komplicerade procedurer. Denna kompakta slip \u00e4r det perfekta tillbeh\u00f6ret f\u00f6r sportfiskare som vill s\u00e4kerst\u00e4lla att deras borr sk\u00e4r smidigt genom isen. <\/p>\n<p data-start=\"371\" data-end=\"396\"><strong data-start=\"371\" data-end=\"396\">Funktioner och f\u00f6rdelar<\/strong><\/p>\n<ul data-start=\"398\" data-end=\"771\">\n<li data-start=\"398\" data-end=\"486\">\n<p data-start=\"400\" data-end=\"486\">Volframslip ger en exakt och h\u00e5llbar sk\u00e4regg f\u00f6r ditt borrsk\u00e4r.<\/p>\n<\/li>\n<li data-start=\"487\" data-end=\"542\">\n<p data-start=\"489\" data-end=\"542\">Ett full\u00e4ngds fingerskydd skyddar h\u00e4nderna under anv\u00e4ndning.<\/p>\n<\/li>\n<li data-start=\"543\" data-end=\"630\">\n<p data-start=\"545\" data-end=\"630\">Rostfri design \u2013 l\u00e4mplig f\u00f6r v\u00e5ta f\u00f6rh\u00e5llanden och l\u00e4tt att reng\u00f6ra med tv\u00e5l och vatten.<\/p>\n<\/li>\n<li data-start=\"631\" data-end=\"695\">\n<p data-start=\"633\" data-end=\"695\">Kompakt och l\u00e4tt konstruktion g\u00f6r den enkel att b\u00e4ra med sig.<\/p>\n<\/li>\n<li data-start=\"696\" data-end=\"771\">\n<p data-start=\"698\" data-end=\"771\">S\u00e4rskilt l\u00e4mplig f\u00f6r slipning av isborrsk\u00e4r, \u00e4ven ute p\u00e5 isen.<\/p>\n<\/li>\n<\/ul>\n<p data-start=\"773\" data-end=\"801\"><strong data-start=\"773\" data-end=\"801\">Varf\u00f6r v\u00e4lja den h\u00e4r produkten?<\/strong><\/p>\n<p data-start=\"803\" data-end=\"1152\" data-is-last-node=\"\" data-is-only-node=\"\">N\u00e4r du vill h\u00e5lla dina borrsk\u00e4r vassa utan dyr eller skrymmande sliputrustning, erbjuder AccuSharp AugerSharp en enkel och effektiv l\u00f6sning. Den hj\u00e4lper till att enkelt bibeh\u00e5lla sk\u00e4rpan i f\u00e4lt och f\u00f6rb\u00e4ttrar prestandan p\u00e5 isen avsev\u00e4rt. Denna slip \u00e4r byggd f\u00f6r att t\u00e5la tung anv\u00e4ndning och kr\u00e4vande milj\u00f6er.  <\/p>\n","protected":false},"excerpt":{"rendered":"<p>AccuSharp AugerSharp \u2013 En effektiv l\u00f6sning f\u00f6r slipning av isborrsk\u00e4r AccuSharp AugerSharp \u00e4r speciellt utformad f\u00f6r att underh\u00e5lla isborrsk\u00e4r, vilket g\u00f6r att du snabbt och exakt kan h\u00e5lla dem vassa utan komplicerade procedurer. Denna kompakta slip \u00e4r det perfekta tillbeh\u00f6ret f\u00f6r sportfiskare som vill s\u00e4kerst\u00e4lla att deras borr sk\u00e4r smidigt genom isen. Funktioner och f\u00f6rdelar [&#8230;]\n","protected":false},"featured_media":293807,"comment_status":"open","ping_status":"closed","template":"","meta":[],"product_brand":[],"product_cat":[2610],"product_tag":[],"class_list":{"0":"post-294070","1":"product","2":"type-product","3":"status-publish","4":"has-post-thumbnail","6":"product_cat-knivar-yxor-och-slipar","8":"first","9":"instock","10":"taxable","11":"shipping-taxable","12":"purchasable","13":"product-type-simple"},"composite_virtual":false,"composite_layout":"","composite_add_to_cart_form_location":"","composite_editable_in_cart":false,"composite_sold_individually_context":"","composite_shop_price_calc":"","composite_components":[],"composite_scenarios":[],"group_of_quantity":0,"min_quantity":0,"max_quantity":"","exclude_order_quantity_value_rules":"no","exclude_category_quantity_rules":"no","combine_variations":"no","exclude_global_add_ons":[],"addons":[],"_links":{"self":[{"href":"https:\/\/www.huntersfriend.eu\/sv\/wp-json\/wp\/v2\/product\/294070","targetHints":{"allow":["GET"]}}],"collection":[{"href":"https:\/\/www.huntersfriend.eu\/sv\/wp-json\/wp\/v2\/product"}],"about":[{"href":"https:\/\/www.huntersfriend.eu\/sv\/wp-json\/wp\/v2\/types\/product"}],"replies":[{"embeddable":true,"href":"https:\/\/www.huntersfriend.eu\/sv\/wp-json\/wp\/v2\/comments?post=294070"}],"wp:featuredmedia":[{"embeddable":true,"href":"https:\/\/www.huntersfriend.eu\/sv\/wp-json\/wp\/v2\/media\/293807"}],"wp:attachment":[{"href":"https:\/\/www.huntersfriend.eu\/sv\/wp-json\/wp\/v2\/media?parent=294070"}],"wp:term":[{"taxonomy":"product_brand","embeddable":true,"href":"https:\/\/www.huntersfriend.eu\/sv\/wp-json\/wp\/v2\/product_brand?post=294070"},{"taxonomy":"product_cat","embeddable":true,"href":"https:\/\/www.huntersfriend.eu\/sv\/wp-json\/wp\/v2\/product_cat?post=294070"},{"taxonomy":"product_tag","embeddable":true,"href":"https:\/\/www.huntersfriend.eu\/sv\/wp-json\/wp\/v2\/product_tag?post=294070"}],"curies":[{"name":"wp","href":"https:\/\/api.w.org\/{rel}","templated":true}]}}