{"id":294063,"date":"2026-01-14T15:20:46","date_gmt":"2026-01-14T13:20:46","guid":{"rendered":"https:\/\/www.huntersfriend.eu\/product\/accusharp-kniv-och-yxslipare\/"},"modified":"2026-01-30T14:32:36","modified_gmt":"2026-01-30T12:32:36","slug":"accusharp-kniv-och-yxslipare","status":"publish","type":"product","link":"https:\/\/www.huntersfriend.eu\/sv\/produkt\/accusharp-kniv-och-yxslipare\/","title":{"rendered":"AccuSharp kniv- och yxslipare"},"content":{"rendered":"<p data-start=\"0\" data-end=\"60\"><strong data-start=\"0\" data-end=\"60\">AccuSharp kniv- och yxslipare \u2013 Precision p\u00e5 n\u00e5gra sekunder<\/strong><\/p>\n<p data-start=\"62\" data-end=\"673\">AccuSharp-sliparen \u00e4r ett smart val n\u00e4r du snabbt och enkelt vill h\u00e5lla dina knivar och andra verktyg vassa. Dess intuitiva design och anv\u00e4ndarv\u00e4nlighet g\u00f6r slipningen snabb \u2013 ofta p\u00e5 s\u00e5 lite som cirka 10 sekunder. Detta verktyg fungerar utm\u00e4rkt p\u00e5 b\u00e5de raka och tandade blad, samt yxor, machetes och andra sk\u00e4rverktyg. Det ergonomiska handtaget passar bekv\u00e4mt i b\u00e5da h\u00e4nderna, och det full\u00e4ngds fingerskyddet skyddar dina h\u00e4nder under anv\u00e4ndning. De diamantbelagda volfram-V-sp\u00e5ren s\u00e4kerst\u00e4ller l\u00e5ngvarig prestanda utan rost, och sliparen kan enkelt reng\u00f6ras med tv\u00e5l eller i diskmaskinen.    <\/p>\n<p data-start=\"675\" data-end=\"700\"><strong data-start=\"675\" data-end=\"700\">Funktioner och f\u00f6rdelar<\/strong><\/p>\n<ul data-start=\"702\" data-end=\"1174\">\n<li data-start=\"702\" data-end=\"773\">\n<p data-start=\"704\" data-end=\"773\">V\u00e4ssar knivar och andra sk\u00e4rverktyg p\u00e5 s\u00e5 lite som 10 sekunder.<\/p>\n<\/li>\n<li data-start=\"774\" data-end=\"851\">\n<p data-start=\"776\" data-end=\"851\">Diamantbelagda volfram-V-sp\u00e5r ger exakt och h\u00e5llbar slipning.<\/p>\n<\/li>\n<li data-start=\"852\" data-end=\"908\">\n<p data-start=\"854\" data-end=\"908\">V\u00e4ndbara blad f\u00f6rdubblar produktens livsl\u00e4ngd.<\/p>\n<\/li>\n<li data-start=\"909\" data-end=\"970\">\n<p data-start=\"911\" data-end=\"970\">Rostfri design, l\u00e4mplig f\u00f6r anv\u00e4ndning i fuktiga milj\u00f6er.<\/p>\n<\/li>\n<li data-start=\"971\" data-end=\"1030\">\n<p data-start=\"973\" data-end=\"1030\">Ergonomiskt handtag f\u00f6r b\u00e5de h\u00f6ger- och v\u00e4nsterh\u00e4nta anv\u00e4ndare.<\/p>\n<\/li>\n<li data-start=\"1031\" data-end=\"1098\">\n<p data-start=\"1033\" data-end=\"1098\">Fullst\u00e4ndigt fingerskydd skyddar h\u00e4nderna vid arbete med skarpa kanter.<\/p>\n<\/li>\n<li data-start=\"1099\" data-end=\"1174\">\n<p data-start=\"1101\" data-end=\"1174\">Enkelt underh\u00e5ll \u2013 kan reng\u00f6ras med tv\u00e5l och vatten eller i diskmaskinen.<\/p>\n<\/li>\n<\/ul>\n<p data-start=\"1176\" data-end=\"1201\"><strong data-start=\"1176\" data-end=\"1201\">Varf\u00f6r v\u00e4lja AccuSharp?<\/strong><\/p>\n<p data-start=\"1203\" data-end=\"1594\" data-is-last-node=\"\" data-is-only-node=\"\">Om du vill s\u00e4kerst\u00e4lla att dina blad f\u00f6rblir funktionella utan separata slipstenar eller komplicerade steg, kombinerar AccuSharp anv\u00e4ndarv\u00e4nlighet med effektivitet. Den \u00e4r idealisk f\u00f6r kr\u00e4vande k\u00f6ksuppgifter, underh\u00e5ll av utomhusutrustning och slipning av jakt- och fiskeutrustning. Tack vare dess snabba funktion kommer den inte att sakta ner dig \u2013 bara n\u00e5gra drag och ditt blad \u00e4r vasst och redo f\u00f6r action igen.  <\/p>\n","protected":false},"excerpt":{"rendered":"<p>AccuSharp kniv- och yxslipare \u2013 Precision p\u00e5 n\u00e5gra sekunder AccuSharp-sliparen \u00e4r ett smart val n\u00e4r du snabbt och enkelt vill h\u00e5lla dina knivar och andra verktyg vassa. Dess intuitiva design och anv\u00e4ndarv\u00e4nlighet g\u00f6r slipningen snabb \u2013 ofta p\u00e5 s\u00e5 lite som cirka 10 sekunder. Detta verktyg fungerar utm\u00e4rkt p\u00e5 b\u00e5de raka och tandade blad, samt [&#8230;]\n","protected":false},"featured_media":293797,"comment_status":"open","ping_status":"closed","template":"","meta":[],"product_brand":[],"product_cat":[2610],"product_tag":[],"class_list":{"0":"post-294063","1":"product","2":"type-product","3":"status-publish","4":"has-post-thumbnail","6":"product_cat-knivar-yxor-och-slipar","8":"first","9":"instock","10":"taxable","11":"shipping-taxable","12":"purchasable","13":"product-type-simple"},"composite_virtual":false,"composite_layout":"","composite_add_to_cart_form_location":"","composite_editable_in_cart":false,"composite_sold_individually_context":"","composite_shop_price_calc":"","composite_components":[],"composite_scenarios":[],"group_of_quantity":0,"min_quantity":0,"max_quantity":"","exclude_order_quantity_value_rules":"no","exclude_category_quantity_rules":"no","combine_variations":"no","exclude_global_add_ons":[],"addons":[],"_links":{"self":[{"href":"https:\/\/www.huntersfriend.eu\/sv\/wp-json\/wp\/v2\/product\/294063","targetHints":{"allow":["GET"]}}],"collection":[{"href":"https:\/\/www.huntersfriend.eu\/sv\/wp-json\/wp\/v2\/product"}],"about":[{"href":"https:\/\/www.huntersfriend.eu\/sv\/wp-json\/wp\/v2\/types\/product"}],"replies":[{"embeddable":true,"href":"https:\/\/www.huntersfriend.eu\/sv\/wp-json\/wp\/v2\/comments?post=294063"}],"wp:featuredmedia":[{"embeddable":true,"href":"https:\/\/www.huntersfriend.eu\/sv\/wp-json\/wp\/v2\/media\/293797"}],"wp:attachment":[{"href":"https:\/\/www.huntersfriend.eu\/sv\/wp-json\/wp\/v2\/media?parent=294063"}],"wp:term":[{"taxonomy":"product_brand","embeddable":true,"href":"https:\/\/www.huntersfriend.eu\/sv\/wp-json\/wp\/v2\/product_brand?post=294063"},{"taxonomy":"product_cat","embeddable":true,"href":"https:\/\/www.huntersfriend.eu\/sv\/wp-json\/wp\/v2\/product_cat?post=294063"},{"taxonomy":"product_tag","embeddable":true,"href":"https:\/\/www.huntersfriend.eu\/sv\/wp-json\/wp\/v2\/product_tag?post=294063"}],"curies":[{"name":"wp","href":"https:\/\/api.w.org\/{rel}","templated":true}]}}