{"id":294051,"date":"2025-11-19T10:43:53","date_gmt":"2025-11-19T08:43:53","guid":{"rendered":"https:\/\/www.huntersfriend.eu\/product\/mathews-arc-34-custom-bage\/"},"modified":"2026-01-30T14:32:32","modified_gmt":"2026-01-30T12:32:32","slug":"mathews-arc-34-custom-bage","status":"publish","type":"product","link":"https:\/\/www.huntersfriend.eu\/sv\/produkt\/mathews-arc-34-custom-bage\/","title":{"rendered":"Mathews Arc 34 Custom-b\u00e5ge"},"content":{"rendered":"<p><span data-text-color=\"alert\"><strong>Kolla v\u00e5r sida f\u00f6r Mathews Arc 34 i lager f\u00f6r att se om vi har b\u00e5gen innan du best\u00e4ller h\u00e4rifr\u00e5n. Du kan ocks\u00e5 kontakta oss direkt f\u00f6r mer information om tillg\u00e4nglighet och leveranstider. <\/strong><\/span><\/p>\n<p>2026 ARC\u2122 \u00e4r konstruerad f\u00f6r hastighet och f\u00f6rfinad f\u00f6r b\u00e5gskyttar som kr\u00e4ver mer. Den kombinerar f\u00f6rb\u00e4ttrad stabilitet, effektivitet och m\u00e5ngsidighet i en l\u00e4tt och kraftfull plattform. Byggd p\u00e5 v\u00e5r mest avancerade design hittills, den nya SWX-2-kamen med perimeter-viktteknik och en omdesignad lemkopp och lemgeometri, har varje system inom ARC-plattformen granskats f\u00f6r att beh\u00e5lla hastigheten i olika jaktupps\u00e4ttningar. <\/p>\n<p>Str\u00e4ngh\u00f6jd: 6,5&#8243;<\/p>\n<p>IBO-hastighet: Upp till 343 FPS<\/p>\n<p>Axel till Axel: 34&#8243;<\/p>\n<p>Dragvikt: 55, 60, 65, 70, 75 &amp; 80<\/p>\n<p>Dragl\u00e4ngder: 26,5&#8243;\u201332&#8243;<\/p>\n<p>Let-Off: 80 eller 85 %<\/p>\n<p>Fysisk vikt: 4,3 LBS<\/p>\n<p>KAM: SWX-2<\/p>\n<h2>Omdesignad SWX-2-kam<\/h2>\n<p>En andra generationens SWX-kam med perimeter-viktteknik samverkar med resten av detta kraftfulla system f\u00f6r att b\u00e5de minska upplevd rekyl och bibeh\u00e5lla hastigheten, \u00e4ven n\u00e4r den \u00e4r fullt utrustad med ett sikth\u00e5l och en d-loop som traditionellt minskar prestandan. I j\u00e4mf\u00f6relser sida vid sida bibeh\u00e5ller jaktupps\u00e4ttningar som vanligtvis kostar tidigare modeller betydande hastighet, prestandan med ARC \u2013 vilket ger j\u00e4gare flackare banor och mer f\u00f6rl\u00e5telse i f\u00e4lt. <\/p>\n<h2>F\u00f6rst\u00e4rkt design av upph\u00f6jningen<\/h2>\n<p>ARC:s f\u00f6rst\u00e4rkta chassi ger \u00f6kad styrka och styvhet d\u00e4r det \u00e4r viktigast, samtidigt som den beh\u00e5ller en ultral\u00e4tt och smidig plattform. Nu mer funktionsrik \u00e4n n\u00e5gonsin, ARC-upph\u00f6jningen har ett maskinbearbetat Silent Connect-ankare tillsammans med en ny, fullt integrerad V-barmonteringsport. <\/p>\n<h2>Omdesignad lemmontering<\/h2>\n<p>Optimerar lemj\u00e4mvikten och skapar en perfekt parallell lembana f\u00f6r att f\u00f6rb\u00e4ttra k\u00e4nslan, \u00f6ka effektiviteten och minska vibrationer efter skottet. Den omdesignade lemkoppen minskar vikten samtidigt som den \u00f6kar stabiliteten. <\/p>\n<h2>SWX-Z Mod<\/h2>\n<p>Detta nya mod-alternativ erbjuder en gener\u00f6sare kurva f\u00f6r att producera ett extremt smidigt drag med en blygsam kompromiss i topphastighetsv\u00e4rden. (Kontakta oss om detta!) <\/p>\n","protected":false},"excerpt":{"rendered":"<p>Kolla v\u00e5r sida f\u00f6r Mathews Arc 34 i lager f\u00f6r att se om vi har b\u00e5gen innan du best\u00e4ller h\u00e4rifr\u00e5n. Du kan ocks\u00e5 kontakta oss direkt f\u00f6r mer information om tillg\u00e4nglighet och leveranstider. 2026 ARC\u2122 \u00e4r konstruerad f\u00f6r hastighet och f\u00f6rfinad f\u00f6r b\u00e5gskyttar som kr\u00e4ver mer. Den kombinerar f\u00f6rb\u00e4ttrad stabilitet, effektivitet och m\u00e5ngsidighet i en [&#8230;]\n","protected":false},"featured_media":292250,"comment_status":"open","ping_status":"closed","template":"","meta":[],"product_brand":[],"product_cat":[2652],"product_tag":[],"class_list":{"0":"post-294051","1":"product","2":"type-product","3":"status-publish","4":"has-post-thumbnail","6":"product_cat-compound-bagar","7":"product_shipping_class-big-sv","9":"first","10":"onbackorder","11":"taxable","12":"shipping-taxable","13":"purchasable","14":"product-type-simple"},"composite_virtual":false,"composite_layout":"","composite_add_to_cart_form_location":"","composite_editable_in_cart":false,"composite_sold_individually_context":"","composite_shop_price_calc":"","composite_components":[],"composite_scenarios":[],"group_of_quantity":0,"min_quantity":0,"max_quantity":"","exclude_order_quantity_value_rules":"no","exclude_category_quantity_rules":"no","combine_variations":"no","exclude_global_add_ons":false,"addons":[{"name":"B\u00e5ghand","type":"multiple_choice","position":0,"required":true,"title_format":"label","default":"0","description_enable":false,"description":null,"placeholder_enable":false,"placeholder":null,"display":"select","restrictions_type":"any_text","adjust_price":false,"price":"","price_type":"flat_fee","restrictions":false,"min":"0","max":"0","options":[{"label":"H\u00f6gerhand","price":"","price_type":"flat_fee","image":0,"visibility":true},{"label":"V\u00e4nsterhand","price":"","price_type":"flat_fee","image":0,"visibility":true}],"id":1763556050},{"name":"F\u00e4rg","type":"multiple_choice","position":1,"required":true,"title_format":"label","default":"0","description_enable":false,"description":null,"placeholder_enable":false,"placeholder":null,"display":"select","restrictions_type":"any_text","adjust_price":false,"price":"","price_type":"flat_fee","restrictions":false,"min":"0","max":"0","options":[{"label":"Svart","price":"","price_type":"flat_fee","image":0,"visibility":true},{"label":"Jord","price":"","price_type":"flat_fee","image":0,"visibility":true},{"label":"Gr\u00f6n ambush","price":"","price_type":"flat_fee","image":0,"visibility":true},{"label":"Skiffer","price":"","price_type":"flat_fee","image":0,"visibility":true},{"label":"Kodiak Brown","price":"","price_type":"flat_fee","image":0,"visibility":true},{"label":"Mossy oak bottomland","price":"","price_type":"flat_fee","image":0,"visibility":true},{"label":"Kuiu Verde","price":"","price_type":"flat_fee","image":0,"visibility":true},{"label":"First lite spectre","price":"","price_type":"flat_fee","image":0,"visibility":true},{"label":"Optifade sublapine","price":"","price_type":"flat_fee","image":0,"visibility":true},{"label":"Shale fade to black","price":"","price_type":"flat_fee","image":0,"visibility":true},{"label":"Earth fade to black","price":"","price_type":"flat_fee","image":0,"visibility":true},{"label":"Green ambush fade to black","price":"","price_type":"flat_fee","image":0,"visibility":true},{"label":"Kodiak Brun till Svart","price":"","price_type":"flat_fee","image":0,"visibility":true}],"id":1763556051},{"name":"Dragvikt","type":"multiple_choice","position":2,"required":true,"title_format":"label","default":"3","description_enable":false,"description":null,"placeholder_enable":false,"placeholder":null,"display":"select","restrictions_type":"any_text","adjust_price":false,"price":"","price_type":"flat_fee","restrictions":false,"min":"0","max":"0","options":[{"label":"45-55#","price":"","price_type":"flat_fee","image":0,"visibility":true},{"label":"50-60#","price":"","price_type":"flat_fee","image":0,"visibility":true},{"label":"55-65#","price":"","price_type":"flat_fee","image":0,"visibility":true},{"label":"60-70#","price":"","price_type":"flat_fee","image":0,"visibility":true},{"label":"65-70#","price":"","price_type":"flat_fee","image":0,"visibility":true},{"label":"70-80#","price":"","price_type":"flat_fee","image":0,"visibility":true}],"id":1763556052},{"name":"Dragl\u00e4ngd","type":"multiple_choice","position":3,"required":true,"title_format":"label","default":"6","description_enable":false,"description":null,"placeholder_enable":false,"placeholder":null,"display":"select","restrictions_type":"any_text","adjust_price":false,"price":"","price_type":"flat_fee","restrictions":false,"min":"0","max":"0","options":[{"label":"26\" - Ej tillg\u00e4nglig","price":"","price_type":"flat_fee","image":0,"visibility":true},{"label":"26,5\" - Modul L","price":"","price_type":"flat_fee","image":0,"visibility":true},{"label":"27\" - Modul K","price":"","price_type":"flat_fee","image":0,"visibility":true},{"label":"27,5\" - Modul J","price":"","price_type":"flat_fee","image":0,"visibility":true},{"label":"28\" - Modul I","price":"","price_type":"flat_fee","image":0,"visibility":true},{"label":"28,5\" - Modul H","price":"","price_type":"flat_fee","image":0,"visibility":true},{"label":"29\" - Modul G","price":"","price_type":"flat_fee","image":0,"visibility":true},{"label":"29,5\" - Modul F","price":"","price_type":"flat_fee","image":0,"visibility":true},{"label":"30\" - Modul E","price":"","price_type":"flat_fee","image":0,"visibility":true},{"label":"30,5\" - Modul D","price":"","price_type":"flat_fee","image":0,"visibility":true},{"label":"31\" - Modul C","price":"","price_type":"flat_fee","image":0,"visibility":true},{"label":"31,5\" - Modul B","price":"","price_type":"flat_fee","image":0,"visibility":true},{"label":"32\" - Modul A","price":"","price_type":"flat_fee","image":0,"visibility":true}],"id":1763556053}],"_links":{"self":[{"href":"https:\/\/www.huntersfriend.eu\/sv\/wp-json\/wp\/v2\/product\/294051","targetHints":{"allow":["GET"]}}],"collection":[{"href":"https:\/\/www.huntersfriend.eu\/sv\/wp-json\/wp\/v2\/product"}],"about":[{"href":"https:\/\/www.huntersfriend.eu\/sv\/wp-json\/wp\/v2\/types\/product"}],"replies":[{"embeddable":true,"href":"https:\/\/www.huntersfriend.eu\/sv\/wp-json\/wp\/v2\/comments?post=294051"}],"wp:featuredmedia":[{"embeddable":true,"href":"https:\/\/www.huntersfriend.eu\/sv\/wp-json\/wp\/v2\/media\/292250"}],"wp:attachment":[{"href":"https:\/\/www.huntersfriend.eu\/sv\/wp-json\/wp\/v2\/media?parent=294051"}],"wp:term":[{"taxonomy":"product_brand","embeddable":true,"href":"https:\/\/www.huntersfriend.eu\/sv\/wp-json\/wp\/v2\/product_brand?post=294051"},{"taxonomy":"product_cat","embeddable":true,"href":"https:\/\/www.huntersfriend.eu\/sv\/wp-json\/wp\/v2\/product_cat?post=294051"},{"taxonomy":"product_tag","embeddable":true,"href":"https:\/\/www.huntersfriend.eu\/sv\/wp-json\/wp\/v2\/product_tag?post=294051"}],"curies":[{"name":"wp","href":"https:\/\/api.w.org\/{rel}","templated":true}]}}