{"id":294050,"date":"2025-11-25T10:20:24","date_gmt":"2025-11-25T08:20:24","guid":{"rendered":"https:\/\/www.huntersfriend.eu\/product\/pni-hunting-751-16mp-atelkamera-med-solpanel\/"},"modified":"2026-01-30T14:32:31","modified_gmt":"2026-01-30T12:32:31","slug":"pni-hunting-751-16mp-atelkamera-med-solpanel","status":"publish","type":"product","link":"https:\/\/www.huntersfriend.eu\/sv\/produkt\/pni-hunting-751-16mp-atelkamera-med-solpanel\/","title":{"rendered":"PNI Hunting 751 16MP \u00c5telkamera med solpanel"},"content":{"rendered":"<h3 class=\"h-dr\">Kamera f\u00f6r kamouflage\u00f6vervakning<\/h3>\n<p class=\"detalii\">PNI Hunting 751 PRO \u00f6vervakningskamera kan vara den r\u00e4tta l\u00f6sningen f\u00f6r att \u00f6vervaka vilda djur eller s\u00e4kra egendom i avl\u00e4gsna omr\u00e5den, och erbjuder AI-funktioner, bilder av h\u00f6g kvalitet och mobil anslutning.<\/p>\n<h3 class=\"h-st\">GSM 4G-anslutning<\/h3>\n<p class=\"detalii\">PNI Hunting 751 PRO \u00f6vervakningskamera har st\u00f6d f\u00f6r nano-SIM, vilket ger \u00e5tkomst till kameran och fj\u00e4rr\u00f6verf\u00f6ring av data via mobiln\u00e4t.<\/p>\n<h3 class=\"h-dr\">M\u00e5ngsidig anv\u00e4ndning<\/h3>\n<p class=\"detalii\">L\u00e4mplig f\u00f6r b\u00e5de observation av vilda djur och \u00f6vervakning av isolerade platser (stugor, jordbruksmark, skogar etc.) \u00e4r denna kamera idealisk f\u00f6r jaktentusiaster, forskare och hus\u00e4gare som vill ha \u00f6kad s\u00e4kerhet.<\/p>\n<h3 class=\"h-st\">Inbyggd mikrofon och h\u00f6gtalare \u2013 tv\u00e5v\u00e4gskommunikation<\/h3>\n<p class=\"detalii\">Kameran till\u00e5ter inspelning av omgivningsljud och tv\u00e5v\u00e4gskommunikation i realtid. Genom Ucon-appen kan anv\u00e4ndaren lyssna och prata med m\u00e4nniskor eller djur som uppt\u00e4cks av kameran. <\/p>\n<table>\n<tbody>\n<tr class=\"new-template\">\n<td>\n<h3 class=\"h-dr\">Funktioner i korthet<\/h3>\n<p class=\"detalii\">PNI Hunting 751 PRO \u00f6vervakningskamera ger tydliga och detaljerade bilder i b\u00e5de foto- och videol\u00e4ge.<\/p>\n<p class=\"detalii\">Utrustad med en PIR-r\u00f6relsesensor uppt\u00e4cker den effektivt r\u00f6relse och minskar falsklarm.<\/p>\n<p class=\"detalii\">Anslutning via GSM-n\u00e4tverket m\u00f6jligg\u00f6r fj\u00e4rr\u00f6vervakning och konfiguration av kameran.<\/p>\n<p class=\"detalii\">F\u00f6r optimal synlighet p\u00e5 natten har kameran 6 IR-lysdioder, och str\u00f6m tillhandah\u00e5lls av solpanelen och 18650 7800 mAh-batterier, vilket ger ut\u00f6kad autonomi.<\/p>\n<table>\n<tbody>\n<tr>\n<td colspan=\"2\"><strong>Produktidentifiering<\/strong><\/td>\n<\/tr>\n<tr>\n<td>Produktkod<\/td>\n<td>PNI-HU751<\/td>\n<\/tr>\n<tr>\n<td>F\u00e4rg<\/td>\n<td>kamouflage<\/td>\n<\/tr>\n<tr>\n<td>Tillverkare<\/td>\n<td>NIP<\/td>\n<\/tr>\n<tr>\n<td colspan=\"2\"><strong>Funktioner<\/strong><\/td>\n<\/tr>\n<tr>\n<td>Bildsensor<\/td>\n<td>1\/2.7&#8243; GC4653<\/td>\n<\/tr>\n<tr>\n<td>M\u00f6rkerseende<\/td>\n<td>upp till 25 m<\/td>\n<\/tr>\n<tr>\n<td>Linser<\/td>\n<td>3,6 mm<\/td>\n<\/tr>\n<tr>\n<td>LED IR<\/td>\n<td>6 lysdioder 940 nm<\/td>\n<\/tr>\n<tr>\n<td>Drifttemperatur<\/td>\n<td>-26\u00b0C ~ +80\u00b0C<\/td>\n<\/tr>\n<tr>\n<td>Lagringstemperatur<\/td>\n<td>-30 \u00b0C till 70 \u00b0C<\/td>\n<\/tr>\n<tr>\n<td>M\u00e5tt<\/td>\n<td>75 x 45 x 120 mm<\/td>\n<\/tr>\n<tr>\n<td>Vikt<\/td>\n<td>447 g<\/td>\n<\/tr>\n<tr>\n<td>Str\u00f6mf\u00f6rs\u00f6rjning<\/td>\n<td>Blockbatterier 18650 7800 mAh 3,7 V<\/td>\n<\/tr>\n<tr>\n<td>Vattent\u00e4t<\/td>\n<td>IP66<\/td>\n<\/tr>\n<tr>\n<td>R\u00f6relsesensor<\/td>\n<td>Ja<\/td>\n<\/tr>\n<tr>\n<td>Fotouppl\u00f6sning<\/td>\n<td>4M\/8M\/16M<\/td>\n<\/tr>\n<tr>\n<td>Videouppl\u00f6sning<\/td>\n<td>2560 x 1440 px<\/td>\n<\/tr>\n<tr>\n<td>Skicka bilder direkt<\/td>\n<td>Ja, via appen<\/td>\n<\/tr>\n<tr>\n<td>Drift<\/td>\n<td>Foto\/Video<\/td>\n<\/tr>\n<tr>\n<td>Dag\/nattsensor<\/td>\n<td>Ja<\/td>\n<\/tr>\n<tr>\n<td>PIR-avst\u00e5nd<\/td>\n<td>0\u201312 m<\/td>\n<\/tr>\n<tr>\n<td>PIR-vinkel<\/td>\n<td>95&#8242;<\/td>\n<\/tr>\n<tr>\n<td>GSM-frekvenser<\/td>\n<td>4G TD-LTE, TD-LTE\/LTE FDD TD-LTE\/LTE-FDD<\/td>\n<\/tr>\n<tr>\n<td>Fj\u00e4rrkonfiguration<\/td>\n<td>Ja, via UCon-appen<\/td>\n<\/tr>\n<tr>\n<td>Dedikerad app<\/td>\n<td>UCon<\/td>\n<\/tr>\n<tr>\n<td>Betraktningsvinkel<\/td>\n<td>85 \u00b0<\/td>\n<\/tr>\n<tr>\n<td>Str\u00f6mf\u00f6rbrukning i standby<\/td>\n<td>3 mA<\/td>\n<\/tr>\n<tr>\n<td colspan=\"2\"><strong>Anslutningsm\u00f6jligheter<\/strong><\/td>\n<\/tr>\n<tr>\n<td>USB<\/td>\n<td>Ja, typ C<\/td>\n<\/tr>\n<tr>\n<td>Kortplats<\/td>\n<td>Ja, microSD<\/td>\n<\/tr>\n<tr>\n<td>SIM-kortplats<\/td>\n<td>Ja<\/td>\n<\/tr>\n<tr>\n<td colspan=\"2\"><strong>Paketet inneh\u00e5ller<\/strong><\/td>\n<\/tr>\n<tr>\n<td>Jaktrum<\/td>\n<td>Ja<\/td>\n<\/tr>\n<tr>\n<td>USB till USB-C-kabel<\/td>\n<td>Ja<\/td>\n<\/tr>\n<tr>\n<td>F\u00e4stsn\u00f6re<\/td>\n<td><\/td>\n<\/tr>\n<tr>\n<td>GPRS-antenn<\/td>\n<td>Ja<\/td>\n<\/tr>\n<tr>\n<td>Kl\u00e4mrem<\/td>\n<td>Ja<\/td>\n<\/tr>\n<tr>\n<td>Ackumulator<\/td>\n<td>Ja<\/td>\n<\/tr>\n<tr>\n<td>SIM 4G<\/td>\n<td>Ja<\/td>\n<\/tr>\n<tr>\n<td>Solpanel<\/td>\n<td>Ja, 4 W<\/td>\n<\/tr>\n<\/tbody>\n<\/table>\n<p>&nbsp;<\/td>\n<\/tr>\n<\/tbody>\n<\/table>\n","protected":false},"excerpt":{"rendered":"<p>Kamera f\u00f6r kamouflage\u00f6vervakning PNI Hunting 751 PRO \u00f6vervakningskamera kan vara den r\u00e4tta l\u00f6sningen f\u00f6r att \u00f6vervaka vilda djur eller s\u00e4kra egendom i avl\u00e4gsna omr\u00e5den, och erbjuder AI-funktioner, bilder av h\u00f6g kvalitet och mobil anslutning. GSM 4G-anslutning PNI Hunting 751 PRO \u00f6vervakningskamera har st\u00f6d f\u00f6r nano-SIM, vilket ger \u00e5tkomst till kameran och fj\u00e4rr\u00f6verf\u00f6ring av data via [&#8230;]\n","protected":false},"featured_media":292382,"comment_status":"open","ping_status":"closed","template":"","meta":[],"product_brand":[],"product_cat":[2708],"product_tag":[],"class_list":{"0":"post-294050","1":"product","2":"type-product","3":"status-publish","4":"has-post-thumbnail","6":"product_cat-viltkameror","8":"first","9":"instock","10":"featured","11":"taxable","12":"shipping-taxable","13":"purchasable","14":"product-type-simple"},"composite_virtual":false,"composite_layout":"","composite_add_to_cart_form_location":"","composite_editable_in_cart":false,"composite_sold_individually_context":"","composite_shop_price_calc":"","composite_components":[],"composite_scenarios":[],"group_of_quantity":0,"min_quantity":0,"max_quantity":"","exclude_order_quantity_value_rules":"no","exclude_category_quantity_rules":"no","combine_variations":"no","exclude_global_add_ons":[],"addons":[],"_links":{"self":[{"href":"https:\/\/www.huntersfriend.eu\/sv\/wp-json\/wp\/v2\/product\/294050","targetHints":{"allow":["GET"]}}],"collection":[{"href":"https:\/\/www.huntersfriend.eu\/sv\/wp-json\/wp\/v2\/product"}],"about":[{"href":"https:\/\/www.huntersfriend.eu\/sv\/wp-json\/wp\/v2\/types\/product"}],"replies":[{"embeddable":true,"href":"https:\/\/www.huntersfriend.eu\/sv\/wp-json\/wp\/v2\/comments?post=294050"}],"wp:featuredmedia":[{"embeddable":true,"href":"https:\/\/www.huntersfriend.eu\/sv\/wp-json\/wp\/v2\/media\/292382"}],"wp:attachment":[{"href":"https:\/\/www.huntersfriend.eu\/sv\/wp-json\/wp\/v2\/media?parent=294050"}],"wp:term":[{"taxonomy":"product_brand","embeddable":true,"href":"https:\/\/www.huntersfriend.eu\/sv\/wp-json\/wp\/v2\/product_brand?post=294050"},{"taxonomy":"product_cat","embeddable":true,"href":"https:\/\/www.huntersfriend.eu\/sv\/wp-json\/wp\/v2\/product_cat?post=294050"},{"taxonomy":"product_tag","embeddable":true,"href":"https:\/\/www.huntersfriend.eu\/sv\/wp-json\/wp\/v2\/product_tag?post=294050"}],"curies":[{"name":"wp","href":"https:\/\/api.w.org\/{rel}","templated":true}]}}