{"id":294049,"date":"2025-11-19T10:43:53","date_gmt":"2025-11-19T08:43:53","guid":{"rendered":"https:\/\/www.huntersfriend.eu\/product\/hoyt-carbon-rx-10-custom-bage\/"},"modified":"2026-01-30T14:32:29","modified_gmt":"2026-01-30T12:32:29","slug":"hoyt-carbon-rx-10-custom-bage","status":"publish","type":"product","link":"https:\/\/www.huntersfriend.eu\/sv\/produkt\/hoyt-carbon-rx-10-custom-bage\/","title":{"rendered":"Hoyt Carbon RX-10 Custom-b\u00e5ge"},"content":{"rendered":"<p><span data-text-color=\"alert\"><strong>V\u00e4nligen kolla v\u00e5r Hoyt RX-10 I lager-sida f\u00f6r att se om vi har b\u00e5gen innan du best\u00e4ller h\u00e4rifr\u00e5n. Leveranstiderna \u00e4r cirka 1\u20132 veckor f\u00f6r b\u00e5gar i Hoyt Europas lager och 8\u201310 veckor f\u00f6r specialbest\u00e4llda modeller fr\u00e5n Hoyt USA. Kontakta oss direkt f\u00f6r mer exakt information om tillg\u00e4nglighet.  <\/strong><\/span><\/p>\n<p>Carbon REDWRX-serien fick en stor uppgradering f\u00f6r 2026 med det patents\u00f6kta XTS Tuning System\u2122. Att st\u00e4lla in din b\u00e5ge har aldrig varit enklare eller mer exakt. RX-10 finns i fyra modellalternativ: RX-10, RX-10 Ultra, RX-10 Ultra LD (Long Draw) och RX-10 SD (Short Draw). Med denna serie, byggd med HBX Gen 4-kammen, kommer du att kunna st\u00e4lla in, skjuta och fylla din tagg enklare \u00e4n n\u00e5gonsin. Inget skjuter som en Hoyt Carbon REDWRX-b\u00e5ge, och inget presterar b\u00e4ttre \u00e4n den nya RX-10.    <\/p>\n<p><strong>Tekniska specifikationer:<\/strong><\/p>\n<ul>\n<li>Axel-till-axel-l\u00e4ngd: 30,5 tum<\/li>\n<li>Str\u00e4ngh\u00f6jd: 6 1\/8 tum<\/li>\n<li>Let-off: 75 %, 80 %, 85 %<\/li>\n<li>IBO-hastighet: 342 FPS<\/li>\n<li>Vikt: 1,9 kg<\/li>\n<li>Dragl\u00e4ngd: 25 \u201c\u2013 30\u201d (med l\u00e4mpliga moduler, \u00bc \u201cjusteringar)<br \/>\nMods 1-5 &#8211; 25-26\u201d \/ 26.25-27 \u201c\/ 27.25-28\u201d \/ 28.25-29 \u201c\/ 29.25-30\u201d \/<\/li>\n<li>Dragvikt: 40\u201350, 50\u201360, 55\u201365, 60\u201370, 65\u201375, 70\u201380 lbs<\/li>\n<li>Kam\/modul: HBX Gen 4 Cam<\/li>\n<li>H\u00f6gerv\u00e4nster: h\u00f6ger- och v\u00e4nsterh\u00e4nt<\/li>\n<li>Standardf\u00e4rger: Georgia Clay, Sandstorm, Tombstone, Wilderness, Blackout<\/li>\n<li>Jaktf\u00e4rger: Realtree APX, Mossy Oak Bottomland, Optifade Subalpine, Kuiu Verde, Black Out Bone Collector, Black Out Keep Hammering<\/li>\n<\/ul>\n<h2 role=\"heading\" aria-level=\"1\" data-uw-rm-heading=\"level\">Om du kan vrida en skiftnyckel kan du st\u00e4lla in den h\u00e4r b\u00e5gen.<\/h2>\n<p>Det patents\u00f6kta XTS Tuning System ger snabb, enkel och exakt inst\u00e4llning utan press. Till skillnad fr\u00e5n de flesta system som bara fixar v\u00e4nster- och h\u00f6gerrivor, korrigerar XTS \u00e4ven h\u00f6ga och l\u00e5ga rivor, vilket g\u00f6r det till en komplett l\u00f6sning. Ut\u00f6ver pappersinst\u00e4llning \u00e4r det idealiskt f\u00f6r inst\u00e4llning av nakna skaft, inst\u00e4llning av bredhuvuden och till och med sm\u00e5 justeringar av dragvikten. Att st\u00e4lla in din b\u00e5ge har aldrig varit s\u00e5 enkelt \u2013 eller s\u00e5 exakt.   <\/p>\n<h2>Sofistikerad teknik som \u00e4r enkel att anv\u00e4nda.<\/h2>\n<p>V\u00e5ra ingenj\u00f6rer gjorde inte bara ett nytt inst\u00e4llningssystem, de designade det b\u00e4sta, mest exakta inst\u00e4llningssystemet som finns, och de gjorde det s\u00e5 enkelt att anv\u00e4nda att till och med din sv\u00e5ger skulle kunna g\u00f6ra det.<\/p>\n<h2>Det h\u00e4r \u00e4r vad komplett ser ut.<\/h2>\n<p>De flesta andra inst\u00e4llningssystem kan bara korrigera en lateral pappersreva, men XTS kan korrigera laterala och vertikala revor, vilket g\u00f6r det till det mest kompletta inst\u00e4llningssystemet som finns.<\/p>\n<h2>Kolfiber tar udden av jakt i kallt v\u00e4der.<\/h2>\n<p>De flesta b\u00e5griktare \u00e4r byggda med aluminium. Tyv\u00e4rr har aluminium mycket h\u00f6g v\u00e4rmeledningsf\u00f6rm\u00e5ga, s\u00e5 det drar snabbt v\u00e4rme fr\u00e5n din hand n\u00e4r det \u00e4r kallt. Kolfiber har mycket l\u00e4gre v\u00e4rmeledningsf\u00f6rm\u00e5ga, s\u00e5 det k\u00e4nns varmare vid ber\u00f6ring. N\u00e4r du v\u00e4l har k\u00e4nt det finns det ingen \u00e5terv\u00e4ndo.   <\/p>\n<h2>Den \u00e4r \u00e4nnu tuffare \u00e4n du tror.<\/h2>\n<p>Hoyt Carbon Technology har ett styrka-till-vikt-f\u00f6rh\u00e5llande som inte liknar n\u00e5gon annan b\u00e5ge i v\u00e4rlden. Det \u00e4r en av anledningarna till att REDWRX har det rykte det har. Ingen m\u00e4ngd vildmarksfuffens eller ens flygbolagets bagagehanterare f\u00e5r det b\u00e4sta av dessa riggar.  <\/p>\n<h2>HBX Gen 4: S\u00e5 smidig, 70 lbs k\u00e4nns som 60 lbs. <\/h2>\n<p>Den smidigaste dragkammen vi n\u00e5gonsin har haft \u00e4r ocks\u00e5 den mest anpassningsbara. Du kan justera dragl\u00e4ngden till en kvarts tum, samt sl\u00e4pp och k\u00e4nslan av bakv\u00e4ggen. Det \u00e4r en del av det som g\u00f6r den h\u00e4r b\u00e5gen s\u00e5 l\u00e4tt att skjuta.  <\/p>\n<p>&nbsp;<\/p>\n","protected":false},"excerpt":{"rendered":"<p>V\u00e4nligen kolla v\u00e5r Hoyt RX-10 I lager-sida f\u00f6r att se om vi har b\u00e5gen innan du best\u00e4ller h\u00e4rifr\u00e5n. Leveranstiderna \u00e4r cirka 1\u20132 veckor f\u00f6r b\u00e5gar i Hoyt Europas lager och 8\u201310 veckor f\u00f6r specialbest\u00e4llda modeller fr\u00e5n Hoyt USA. Kontakta oss direkt f\u00f6r mer exakt information om tillg\u00e4nglighet. Carbon REDWRX-serien fick en stor uppgradering f\u00f6r 2026 [&#8230;]\n","protected":false},"featured_media":292395,"comment_status":"open","ping_status":"closed","template":"","meta":[],"product_brand":[],"product_cat":[2652],"product_tag":[],"class_list":{"0":"post-294049","1":"product","2":"type-product","3":"status-publish","4":"has-post-thumbnail","6":"product_cat-compound-bagar","8":"first","9":"onbackorder","10":"taxable","11":"shipping-taxable","12":"purchasable","13":"product-type-simple"},"composite_virtual":false,"composite_layout":"","composite_add_to_cart_form_location":"","composite_editable_in_cart":false,"composite_sold_individually_context":"","composite_shop_price_calc":"","composite_components":[],"composite_scenarios":[],"group_of_quantity":0,"min_quantity":0,"max_quantity":"","exclude_order_quantity_value_rules":"no","exclude_category_quantity_rules":"no","combine_variations":"no","exclude_global_add_ons":false,"addons":[{"name":"B\u00e5ghand","type":"multiple_choice","position":0,"required":true,"title_format":"label","default":"0","description_enable":false,"description":null,"placeholder_enable":false,"placeholder":null,"display":"select","restrictions_type":"any_text","adjust_price":false,"price":"","price_type":"flat_fee","restrictions":false,"min":"0","max":"0","options":[{"label":"H\u00f6gerhand","price":"","price_type":"flat_fee","image":0,"visibility":true},{"label":"V\u00e4nsterhand","price":"","price_type":"flat_fee","image":0,"visibility":true}],"id":1764078208},{"name":"F\u00e4rg","type":"multiple_choice","position":1,"required":true,"title_format":"label","default":"0","description_enable":false,"description":null,"placeholder_enable":false,"placeholder":null,"display":"select","restrictions_type":"any_text","adjust_price":false,"price":"","price_type":"flat_fee","restrictions":false,"min":"0","max":"0","options":[{"label":"Black out","price":"","price_type":"flat_fee","image":0,"visibility":true},{"label":"Wilderness","price":"","price_type":"flat_fee","image":0,"visibility":true},{"label":"Georgia Clay","price":"","price_type":"flat_fee","image":0,"visibility":true},{"label":"Sandstorm","price":"","price_type":"flat_fee","image":0,"visibility":true},{"label":"Tombstone","price":"","price_type":"flat_fee","image":0,"visibility":true},{"label":"Realtree APX","price":"60","price_type":"flat_fee","image":0,"visibility":true},{"label":"Kuiu Verde","price":"60","price_type":"flat_fee","image":0,"visibility":true},{"label":"Optifade Subalpine","price":"60","price_type":"flat_fee","image":0,"visibility":true},{"label":"Mossy oak bottomland","price":"60","price_type":"flat_fee","image":0,"visibility":false},{"label":"Black out bone collector","price":"60","price_type":"flat_fee","image":0,"visibility":false},{"label":"Black out keep hammering","price":"60","price_type":"flat_fee","image":0,"visibility":true}],"id":1764078210},{"name":"Dragvikt","type":"multiple_choice","position":2,"required":true,"title_format":"label","default":"0","description_enable":false,"description":null,"placeholder_enable":false,"placeholder":null,"display":"select","restrictions_type":"any_text","adjust_price":false,"price":"","price_type":"flat_fee","restrictions":false,"min":"0","max":"0","options":[{"label":"40-50#","price":"","price_type":"flat_fee","image":0,"visibility":true},{"label":"50-60#","price":"","price_type":"flat_fee","image":0,"visibility":true},{"label":"55-65#","price":"","price_type":"flat_fee","image":0,"visibility":true},{"label":"60-70#","price":"","price_type":"flat_fee","image":0,"visibility":true},{"label":"65-75#","price":"","price_type":"flat_fee","image":0,"visibility":true},{"label":"70-80#","price":"","price_type":"flat_fee","image":0,"visibility":true}],"id":1764078211},{"name":"Dragl\u00e4ngd","type":"multiple_choice","position":3,"required":true,"title_format":"label","default":"0","description_enable":false,"description":null,"placeholder_enable":false,"placeholder":null,"display":"select","restrictions_type":"any_text","adjust_price":false,"price":"","price_type":"flat_fee","restrictions":false,"min":"0","max":"0","options":[{"label":"25-26\" mod 1","price":"","price_type":"flat_fee","image":0,"visibility":true},{"label":"26.25-27\" mod 2","price":"","price_type":"flat_fee","image":0,"visibility":true},{"label":"27.25-28\" mod 3","price":"","price_type":"flat_fee","image":0,"visibility":true},{"label":"28.25-29\" mod 4","price":"","price_type":"flat_fee","image":0,"visibility":true},{"label":"29.25-30\" mod 5","price":"","price_type":"flat_fee","image":0,"visibility":true}],"id":1764078209}],"_links":{"self":[{"href":"https:\/\/www.huntersfriend.eu\/sv\/wp-json\/wp\/v2\/product\/294049","targetHints":{"allow":["GET"]}}],"collection":[{"href":"https:\/\/www.huntersfriend.eu\/sv\/wp-json\/wp\/v2\/product"}],"about":[{"href":"https:\/\/www.huntersfriend.eu\/sv\/wp-json\/wp\/v2\/types\/product"}],"replies":[{"embeddable":true,"href":"https:\/\/www.huntersfriend.eu\/sv\/wp-json\/wp\/v2\/comments?post=294049"}],"wp:featuredmedia":[{"embeddable":true,"href":"https:\/\/www.huntersfriend.eu\/sv\/wp-json\/wp\/v2\/media\/292395"}],"wp:attachment":[{"href":"https:\/\/www.huntersfriend.eu\/sv\/wp-json\/wp\/v2\/media?parent=294049"}],"wp:term":[{"taxonomy":"product_brand","embeddable":true,"href":"https:\/\/www.huntersfriend.eu\/sv\/wp-json\/wp\/v2\/product_brand?post=294049"},{"taxonomy":"product_cat","embeddable":true,"href":"https:\/\/www.huntersfriend.eu\/sv\/wp-json\/wp\/v2\/product_cat?post=294049"},{"taxonomy":"product_tag","embeddable":true,"href":"https:\/\/www.huntersfriend.eu\/sv\/wp-json\/wp\/v2\/product_tag?post=294049"}],"curies":[{"name":"wp","href":"https:\/\/api.w.org\/{rel}","templated":true}]}}