{"id":294048,"date":"2025-11-25T10:20:24","date_gmt":"2025-11-25T08:20:24","guid":{"rendered":"https:\/\/www.huntersfriend.eu\/product\/pni-hunting-tl700-avstandsmatare\/"},"modified":"2026-01-30T14:32:28","modified_gmt":"2026-01-30T12:32:28","slug":"pni-hunting-tl700-avstandsmatare","status":"publish","type":"product","link":"https:\/\/www.huntersfriend.eu\/sv\/produkt\/pni-hunting-tl700-avstandsmatare\/","title":{"rendered":"PNI Hunting TL700 Avst\u00e5ndsm\u00e4tare"},"content":{"rendered":"<h3 class=\"h-dr\">Mycket prisv\u00e4rd!<\/h3>\n<h3 class=\"h-dr\">Laseravst\u00e5ndsm\u00e4tare f\u00f6r jakt eller golf<\/h3>\n<div class=\"flex flex-grow flex-col gap-3\">\n<div class=\"min-h-[20px] flex flex-col items-start gap-4 whitespace-pre-wrap break-words\">\n<div class=\"markdown prose w-full break-words dark:prose-invert light\">\n<p>PNI Hunting TL700 \u00e4r en kostnadseffektiv laseravst\u00e5ndsm\u00e4tare som \u00e4r v\u00e4rd att ha.<\/p>\n<p>PNI Hunting TL700 anv\u00e4nder laserteknik f\u00f6r att m\u00e4ta m\u00e5lets r\u00f6relsehastighet och avst\u00e5nd upp till 1100 meter (1200 yards), utf\u00f6r en snabb och h\u00f6gprecisionsavl\u00e4sning (\u00b10,45 m \/ \u00b10,5 y), \u00e4r utrustad med 7X zoom och till\u00e5ter val av avst\u00e5ndsenhet (yards eller meter).<\/p>\n<p>Avst\u00e5ndsm\u00e4taren \u00e4r designad f\u00f6r anv\u00e4ndning inom olika omr\u00e5den som konstruktion, arkitektur, lantm\u00e4teri och utomhusaktiviteter, jakt eller golf.<\/p>\n<h3 class=\"h-st\">M\u00e4ta avst\u00e5nd<\/h3>\n<p>M\u00e4tavst\u00e5ndet mellan 4,6 &#8211; 1100 meter (5 &#8211; 1200 yards) kan p\u00e5verkas av f\u00f6ljande faktorer: objektf\u00e4rg, v\u00e4derf\u00f6rh\u00e5llanden, objektstorlek och form.<\/p>\n<p>PNI Hunting TL700 m\u00e4ter rakt linjeavst\u00e5nd, vertikalt avst\u00e5nd, horisontellt avst\u00e5nd och vinkel.<\/p>\n<p>Rikta h\u00e5rkorset i mitten av sk\u00e4rmen mot ett m\u00e5l som \u00e4r minst 4,6 meter (5 yards) bort och tryck p\u00e5 knappen p\u00e5 enheten f\u00f6r att m\u00e4ta avst\u00e5ndet till m\u00e5let. Den uppm\u00e4tta datan visas p\u00e5 sk\u00e4rmen: rakt linjeavst\u00e5nd, h\u00f6jd och vinkel. <\/p>\n<table>\n<tbody>\n<tr class=\"new-template\">\n<td>\n<h3 class=\"h-dr\">M\u00e4t m\u00e5lets r\u00f6relsehastighet<\/h3>\n<p class=\"detalii\">Rikta h\u00e5rkorset i mitten av sk\u00e4rmen mot det r\u00f6rliga objektet och r\u00f6r dig l\u00e4tt medan du sp\u00e5rar objektet. Objektets hastighet visas p\u00e5 sk\u00e4rmen. <\/p>\n<h3 class=\"h-st\">Kontinuerligt skanningsl\u00e4ge<\/h3>\n<p class=\"detalii\">H\u00e5ll ned knappen p\u00e5 enheten f\u00f6r att kontinuerligt m\u00e4ta avst\u00e5ndet till olika m\u00e5l. De uppm\u00e4tta avst\u00e5nden visas kontinuerligt p\u00e5 sk\u00e4rmen. <\/p>\n<h3 class=\"h-dr\">IP54 vattent\u00e5lighet, inbyggt batteri, magnetisk yta<\/h3>\n<p>En anm\u00e4rkningsv\u00e4rd funktion hos denna avst\u00e5ndsm\u00e4tare \u00e4r n\u00e4rvaron av en magnetisk yta som g\u00f6r att enheten enkelt kan f\u00e4stas p\u00e5 metallytor, vilket s\u00e4kerst\u00e4ller en exakt m\u00e4tning.<\/p>\n<p>PNI Hunting TL700 laseravst\u00e5ndsm\u00e4tare drivs av ett inbyggt Li-Ion-batteri med en kapacitet p\u00e5 750 mAh som erbjuder en tillr\u00e4ckligt l\u00e5ng driftstid (upp till 30 000 m\u00e4tningar) f\u00f6r att avst\u00e5ndsm\u00e4taren ska kunna anv\u00e4ndas i olika situationer.<\/p>\n<p>IP54 vattent\u00e5lighet s\u00e4kerst\u00e4ller att enheten \u00e4r skyddad mot vattenst\u00e4nk och damm, vilket ger tillf\u00f6rlitlig prestanda under utomhusf\u00f6rh\u00e5llanden.<\/td>\n<\/tr>\n<\/tbody>\n<\/table>\n<\/div>\n<\/div>\n<\/div>\n","protected":false},"excerpt":{"rendered":"<p>Mycket prisv\u00e4rd! Laseravst\u00e5ndsm\u00e4tare f\u00f6r jakt eller golf PNI Hunting TL700 \u00e4r en kostnadseffektiv laseravst\u00e5ndsm\u00e4tare som \u00e4r v\u00e4rd att ha. PNI Hunting TL700 anv\u00e4nder laserteknik f\u00f6r att m\u00e4ta m\u00e5lets r\u00f6relsehastighet och avst\u00e5nd upp till 1100 meter (1200 yards), utf\u00f6r en snabb och h\u00f6gprecisionsavl\u00e4sning (\u00b10,45 m \/ \u00b10,5 y), \u00e4r utrustad med 7X zoom och till\u00e5ter val [&#8230;]\n","protected":false},"featured_media":292361,"comment_status":"open","ping_status":"closed","template":"","meta":[],"product_brand":[],"product_cat":[2829,2765],"product_tag":[],"class_list":{"0":"post-294048","1":"product","2":"type-product","3":"status-publish","4":"has-post-thumbnail","6":"product_cat-avstandsmatare","7":"product_cat-fyndlada-slutrea","9":"first","10":"instock","11":"sale","12":"taxable","13":"shipping-taxable","14":"purchasable","15":"product-type-simple"},"composite_virtual":false,"composite_layout":"","composite_add_to_cart_form_location":"","composite_editable_in_cart":false,"composite_sold_individually_context":"","composite_shop_price_calc":"","composite_components":[],"composite_scenarios":[],"group_of_quantity":0,"min_quantity":0,"max_quantity":"","exclude_order_quantity_value_rules":"no","exclude_category_quantity_rules":"no","combine_variations":"no","exclude_global_add_ons":[],"addons":[],"_links":{"self":[{"href":"https:\/\/www.huntersfriend.eu\/sv\/wp-json\/wp\/v2\/product\/294048","targetHints":{"allow":["GET"]}}],"collection":[{"href":"https:\/\/www.huntersfriend.eu\/sv\/wp-json\/wp\/v2\/product"}],"about":[{"href":"https:\/\/www.huntersfriend.eu\/sv\/wp-json\/wp\/v2\/types\/product"}],"replies":[{"embeddable":true,"href":"https:\/\/www.huntersfriend.eu\/sv\/wp-json\/wp\/v2\/comments?post=294048"}],"wp:featuredmedia":[{"embeddable":true,"href":"https:\/\/www.huntersfriend.eu\/sv\/wp-json\/wp\/v2\/media\/292361"}],"wp:attachment":[{"href":"https:\/\/www.huntersfriend.eu\/sv\/wp-json\/wp\/v2\/media?parent=294048"}],"wp:term":[{"taxonomy":"product_brand","embeddable":true,"href":"https:\/\/www.huntersfriend.eu\/sv\/wp-json\/wp\/v2\/product_brand?post=294048"},{"taxonomy":"product_cat","embeddable":true,"href":"https:\/\/www.huntersfriend.eu\/sv\/wp-json\/wp\/v2\/product_cat?post=294048"},{"taxonomy":"product_tag","embeddable":true,"href":"https:\/\/www.huntersfriend.eu\/sv\/wp-json\/wp\/v2\/product_tag?post=294048"}],"curies":[{"name":"wp","href":"https:\/\/api.w.org\/{rel}","templated":true}]}}