{"id":293434,"date":"2025-12-02T08:45:11","date_gmt":"2025-12-02T06:45:11","guid":{"rendered":"https:\/\/www.huntersfriend.eu\/product\/grundens-dark-seas-x-portsmith-hoodie\/"},"modified":"2025-12-16T15:50:29","modified_gmt":"2025-12-16T13:50:29","slug":"grundens-dark-seas-x-portsmith-hoodie","status":"publish","type":"product","link":"https:\/\/www.huntersfriend.eu\/sv\/produkt\/grundens-dark-seas-x-portsmith-hoodie\/","title":{"rendered":"Grundens Dark Seas X Portsmith-hoodie"},"content":{"rendered":"<p data-start=\"39\" data-end=\"109\"><strong data-start=\"39\" data-end=\"109\">Dark Seas X Grund\u00e9ns Portsmith-hoodie \u2013 Maritim komfort och stil<\/strong><\/p>\n<p data-start=\"111\" data-end=\"218\">Portsmith-hoodien \u00e4r designad f\u00f6r \u00e4ventyrare som v\u00e4rdes\u00e4tter b\u00e5de komfort och en snygg, havsinspirerad look.<\/p>\n<p data-start=\"220\" data-end=\"236\"><strong data-start=\"220\" data-end=\"236\">Viktiga funktioner<\/strong><\/p>\n<ul data-start=\"237\" data-end=\"429\">\n<li data-start=\"237\" data-end=\"309\">\n<p data-start=\"239\" data-end=\"309\">Varm och bekv\u00e4m bomulls-\/polyesterblandning med mjukt innerfoder<\/p>\n<\/li>\n<li data-start=\"310\" data-end=\"354\">\n<p data-start=\"312\" data-end=\"354\">Grund\u00e9ns kvalitativa passform och slitstarka tyg<\/p>\n<\/li>\n<li data-start=\"355\" data-end=\"377\">\n<p data-start=\"357\" data-end=\"377\">L\u00e4ttsk\u00f6tt material<\/p>\n<\/li>\n<li data-start=\"378\" data-end=\"429\">\n<p data-start=\"380\" data-end=\"429\">Designad f\u00f6r m\u00e5ngsidig anv\u00e4ndning b\u00e5de till vardags och utomhus<\/p>\n<\/li>\n<\/ul>\n<p data-start=\"431\" data-end=\"817\"><strong data-start=\"431\" data-end=\"463\">Ytterligare information och anv\u00e4ndning<\/strong><br \/>\nPortsmith-hoodien erbjuder en balans mellan mjukhet, v\u00e4rme och slitstyrka. Bomulls- och polyesterblandningen k\u00e4nns behaglig mot huden, medan innerfodret ger extra v\u00e4rme under kyligare dagar. Grafiken fr\u00e5n Dark Seas-samarbetet speglar maritim kultur och en dj\u00e4rv \u00e4ventyrsanda, vilket ger hoodien en distinkt och igenk\u00e4nnlig look.  <\/p>\n<p data-start=\"819\" data-end=\"1003\">Den h\u00e4r hoodien fungerar lika bra som ett p\u00e5litligt vardagsplagg som under aktiva utomhusaktiviteter. Den \u00e4r l\u00e4ttsk\u00f6tt, snabbtorkande och beh\u00e5ller sin form tv\u00e4tt efter tv\u00e4tt. <\/p>\n<p data-start=\"1005\" data-end=\"1033\"><strong data-start=\"1005\" data-end=\"1033\">Tekniska specifikationer<\/strong><\/p>\n<ul data-start=\"1034\" data-end=\"1183\">\n<li data-start=\"1034\" data-end=\"1097\">\n<p data-start=\"1036\" data-end=\"1097\"><strong data-start=\"1036\" data-end=\"1049\">Material:<\/strong> Bomulls-\/polyesterblandning med mjukt innerfoder<\/p>\n<\/li>\n<li data-start=\"1098\" data-end=\"1157\">\n<p data-start=\"1100\" data-end=\"1157\"><strong data-start=\"1100\" data-end=\"1113\">Grafik:<\/strong> Dark Seas X Grund\u00e9ns samarbetsdesign<\/p>\n<\/li>\n<li data-start=\"1158\" data-end=\"1183\">\n<p data-start=\"1160\" data-end=\"1183\"><strong data-start=\"1160\" data-end=\"1168\">Passform:<\/strong> Grund\u00e9ns passform<\/p>\n<\/li>\n<\/ul>\n<p data-start=\"1185\" data-end=\"1207\"><strong data-start=\"1185\" data-end=\"1207\">Sk\u00f6tselr\u00e5d:<\/strong><\/p>\n<ul data-start=\"1208\" data-end=\"1409\">\n<li data-start=\"1208\" data-end=\"1253\">\n<p data-start=\"1210\" data-end=\"1253\">Maskintv\u00e4tt i 40 \u00b0C med milt tv\u00e4ttmedel<\/p>\n<\/li>\n<li data-start=\"1254\" data-end=\"1282\">\n<p data-start=\"1256\" data-end=\"1282\">Tv\u00e4tta med liknande f\u00e4rger<\/p>\n<\/li>\n<li data-start=\"1283\" data-end=\"1309\">\n<p data-start=\"1285\" data-end=\"1309\">Torktumla p\u00e5 l\u00e5g v\u00e4rme<\/p>\n<\/li>\n<li data-start=\"1310\" data-end=\"1325\">\n<p data-start=\"1312\" data-end=\"1325\">F\u00e5r ej strykas<\/p>\n<\/li>\n<li data-start=\"1326\" data-end=\"1346\">\n<p data-start=\"1328\" data-end=\"1346\">F\u00e5r ej kemtv\u00e4ttas<\/p>\n<\/li>\n<li data-start=\"1347\" data-end=\"1409\">\n<p data-start=\"1349\" data-end=\"1409\">Anv\u00e4nd inte pulvertv\u00e4ttmedel, sk\u00f6ljmedel eller blekmedel<\/p>\n<\/li>\n<\/ul>\n","protected":false},"excerpt":{"rendered":"<p>Dark Seas X Grund\u00e9ns Portsmith-hoodie \u2013 Maritim komfort och stil Portsmith-hoodien \u00e4r designad f\u00f6r \u00e4ventyrare som v\u00e4rdes\u00e4tter b\u00e5de komfort och en snygg, havsinspirerad look. Viktiga funktioner Varm och bekv\u00e4m bomulls-\/polyesterblandning med mjukt innerfoder Grund\u00e9ns kvalitativa passform och slitstarka tyg L\u00e4ttsk\u00f6tt material Designad f\u00f6r m\u00e5ngsidig anv\u00e4ndning b\u00e5de till vardags och utomhus Ytterligare information och anv\u00e4ndning Portsmith-hoodien [&#8230;]\n","protected":false},"featured_media":292773,"comment_status":"open","ping_status":"closed","template":"","meta":[],"product_brand":[],"product_cat":[2813],"product_tag":[],"class_list":{"0":"post-293434","1":"product","2":"type-product","3":"status-publish","4":"has-post-thumbnail","6":"product_cat-skjortor-hoodies","8":"first","9":"instock","10":"taxable","11":"shipping-taxable","12":"purchasable","13":"product-type-variable"},"composite_virtual":false,"composite_layout":"","composite_add_to_cart_form_location":"","composite_editable_in_cart":false,"composite_sold_individually_context":"","composite_shop_price_calc":"","composite_components":[],"composite_scenarios":[],"group_of_quantity":0,"min_quantity":0,"max_quantity":"","exclude_order_quantity_value_rules":"no","exclude_category_quantity_rules":"no","combine_variations":"no","exclude_global_add_ons":[],"addons":[],"_links":{"self":[{"href":"https:\/\/www.huntersfriend.eu\/sv\/wp-json\/wp\/v2\/product\/293434","targetHints":{"allow":["GET"]}}],"collection":[{"href":"https:\/\/www.huntersfriend.eu\/sv\/wp-json\/wp\/v2\/product"}],"about":[{"href":"https:\/\/www.huntersfriend.eu\/sv\/wp-json\/wp\/v2\/types\/product"}],"replies":[{"embeddable":true,"href":"https:\/\/www.huntersfriend.eu\/sv\/wp-json\/wp\/v2\/comments?post=293434"}],"wp:featuredmedia":[{"embeddable":true,"href":"https:\/\/www.huntersfriend.eu\/sv\/wp-json\/wp\/v2\/media\/292773"}],"wp:attachment":[{"href":"https:\/\/www.huntersfriend.eu\/sv\/wp-json\/wp\/v2\/media?parent=293434"}],"wp:term":[{"taxonomy":"product_brand","embeddable":true,"href":"https:\/\/www.huntersfriend.eu\/sv\/wp-json\/wp\/v2\/product_brand?post=293434"},{"taxonomy":"product_cat","embeddable":true,"href":"https:\/\/www.huntersfriend.eu\/sv\/wp-json\/wp\/v2\/product_cat?post=293434"},{"taxonomy":"product_tag","embeddable":true,"href":"https:\/\/www.huntersfriend.eu\/sv\/wp-json\/wp\/v2\/product_tag?post=293434"}],"curies":[{"name":"wp","href":"https:\/\/api.w.org\/{rel}","templated":true}]}}