{"id":293427,"date":"2025-12-02T08:45:08","date_gmt":"2025-12-02T06:45:08","guid":{"rendered":"https:\/\/www.huntersfriend.eu\/product\/grundens-light-crew-layer-troja\/"},"modified":"2025-12-16T15:50:18","modified_gmt":"2025-12-16T13:50:18","slug":"grundens-light-crew-layer-troja","status":"publish","type":"product","link":"https:\/\/www.huntersfriend.eu\/sv\/produkt\/grundens-light-crew-layer-troja\/","title":{"rendered":"Grund\u00e9ns Light Crew Layer-tr\u00f6ja"},"content":{"rendered":"<p data-start=\"39\" data-end=\"247\"><strong data-start=\"39\" data-end=\"122\">V\u00e4lutformade lager \u00e4r det b\u00e4sta skyddet n\u00e4r kylan biter sig fast.<\/strong> <strong data-start=\"127\" data-end=\"162\">Grundies\u2122-underst\u00e4llskollektionen<\/strong> \u00e4r gjord f\u00f6r att hj\u00e4lpa dig beh\u00e5lla din viktigaste v\u00e4rmek\u00e4lla \u2013 din egen kroppsv\u00e4rme.<\/p>\n<p data-start=\"249\" data-end=\"568\">Grundies\u2122-kollektionen \u00e4r tillverkad av material med varierande tjocklek och behandlad med <strong data-start=\"310\" data-end=\"335\">HeiQ\u2122-luktskydd<\/strong> och bildar ett m\u00e5ngsidigt, anpassningsbart lagersystem. Du kan mixa och matcha lager beroende p\u00e5 situation och v\u00e4der \u2013 oavsett om du st\u00e5r inf\u00f6r en bitande kall dag, v\u00e5ta slaskiga f\u00f6rh\u00e5llanden eller en l\u00e5ng dag utomhus. <\/p>\n<p data-start=\"570\" data-end=\"601\"><strong data-start=\"570\" data-end=\"599\">Tekniska specifikationer:<\/strong><\/p>\n<ul data-start=\"602\" data-end=\"854\">\n<li data-start=\"602\" data-end=\"646\">\n<p data-start=\"604\" data-end=\"646\">L\u00e4ttviktigt, h\u00f6gpresterande underst\u00e4ll<\/p>\n<\/li>\n<li data-start=\"647\" data-end=\"679\">\n<p data-start=\"649\" data-end=\"679\">HeiQ\u2122-luktkontrollbehandling<\/p>\n<\/li>\n<li data-start=\"680\" data-end=\"729\">\n<p data-start=\"682\" data-end=\"729\">Transporterar effektivt bort fukt fr\u00e5n huden<\/p>\n<\/li>\n<li data-start=\"730\" data-end=\"755\">\n<p data-start=\"732\" data-end=\"755\">UPF 30 solskydd<\/p>\n<\/li>\n<li data-start=\"756\" data-end=\"795\">\n<p data-start=\"758\" data-end=\"795\">Raglan\u00e4rmar f\u00f6r maximal r\u00f6rlighet<\/p>\n<\/li>\n<li data-start=\"796\" data-end=\"824\">\n<p data-start=\"798\" data-end=\"824\">3M-reflexlogga p\u00e5 br\u00f6stet<\/p>\n<\/li>\n<li data-start=\"825\" data-end=\"854\">\n<p data-start=\"827\" data-end=\"854\">Skavfria flatlocks\u00f6mmar<\/p>\n<\/li>\n<\/ul>\n<p data-start=\"856\" data-end=\"880\"><strong data-start=\"856\" data-end=\"878\">Sk\u00f6tselr\u00e5d:<\/strong><\/p>\n<ul data-start=\"881\" data-end=\"1074\">\n<li data-start=\"881\" data-end=\"926\">\n<p data-start=\"883\" data-end=\"926\">Maskintv\u00e4tt i 40 \u00b0C med milt tv\u00e4ttmedel<\/p>\n<\/li>\n<li data-start=\"927\" data-end=\"955\">\n<p data-start=\"929\" data-end=\"955\">Tv\u00e4tta med liknande f\u00e4rger<\/p>\n<\/li>\n<li data-start=\"956\" data-end=\"974\">\n<p data-start=\"958\" data-end=\"974\">Torktumla p\u00e5 l\u00e5g v\u00e4rme<\/p>\n<\/li>\n<li data-start=\"975\" data-end=\"990\">\n<p data-start=\"977\" data-end=\"990\">F\u00e5r ej strykas<\/p>\n<\/li>\n<li data-start=\"991\" data-end=\"1011\">\n<p data-start=\"993\" data-end=\"1011\">F\u00e5r ej kemtv\u00e4ttas<\/p>\n<\/li>\n<li data-start=\"1012\" data-end=\"1074\">\n<p data-start=\"1014\" data-end=\"1074\">Anv\u00e4nd inte pulvertv\u00e4ttmedel, sk\u00f6ljmedel eller blekmedel<\/p>\n<\/li>\n<\/ul>\n","protected":false},"excerpt":{"rendered":"<p>V\u00e4lutformade lager \u00e4r det b\u00e4sta skyddet n\u00e4r kylan biter sig fast. Grundies\u2122-underst\u00e4llskollektionen \u00e4r gjord f\u00f6r att hj\u00e4lpa dig beh\u00e5lla din viktigaste v\u00e4rmek\u00e4lla \u2013 din egen kroppsv\u00e4rme. Grundies\u2122-kollektionen \u00e4r tillverkad av material med varierande tjocklek och behandlad med HeiQ\u2122-luktskydd och bildar ett m\u00e5ngsidigt, anpassningsbart lagersystem. Du kan mixa och matcha lager beroende p\u00e5 situation och v\u00e4der [&#8230;]\n","protected":false},"featured_media":292899,"comment_status":"open","ping_status":"closed","template":"","meta":[],"product_brand":[],"product_cat":[2580],"product_tag":[],"class_list":{"0":"post-293427","1":"product","2":"type-product","3":"status-publish","4":"has-post-thumbnail","6":"product_cat-lager-pa-lager","8":"first","9":"instock","10":"taxable","11":"shipping-taxable","12":"purchasable","13":"product-type-variable"},"composite_virtual":false,"composite_layout":"","composite_add_to_cart_form_location":"","composite_editable_in_cart":false,"composite_sold_individually_context":"","composite_shop_price_calc":"","composite_components":[],"composite_scenarios":[],"group_of_quantity":0,"min_quantity":0,"max_quantity":"","exclude_order_quantity_value_rules":"no","exclude_category_quantity_rules":"no","combine_variations":"no","exclude_global_add_ons":[],"addons":[],"_links":{"self":[{"href":"https:\/\/www.huntersfriend.eu\/sv\/wp-json\/wp\/v2\/product\/293427","targetHints":{"allow":["GET"]}}],"collection":[{"href":"https:\/\/www.huntersfriend.eu\/sv\/wp-json\/wp\/v2\/product"}],"about":[{"href":"https:\/\/www.huntersfriend.eu\/sv\/wp-json\/wp\/v2\/types\/product"}],"replies":[{"embeddable":true,"href":"https:\/\/www.huntersfriend.eu\/sv\/wp-json\/wp\/v2\/comments?post=293427"}],"wp:featuredmedia":[{"embeddable":true,"href":"https:\/\/www.huntersfriend.eu\/sv\/wp-json\/wp\/v2\/media\/292899"}],"wp:attachment":[{"href":"https:\/\/www.huntersfriend.eu\/sv\/wp-json\/wp\/v2\/media?parent=293427"}],"wp:term":[{"taxonomy":"product_brand","embeddable":true,"href":"https:\/\/www.huntersfriend.eu\/sv\/wp-json\/wp\/v2\/product_brand?post=293427"},{"taxonomy":"product_cat","embeddable":true,"href":"https:\/\/www.huntersfriend.eu\/sv\/wp-json\/wp\/v2\/product_cat?post=293427"},{"taxonomy":"product_tag","embeddable":true,"href":"https:\/\/www.huntersfriend.eu\/sv\/wp-json\/wp\/v2\/product_tag?post=293427"}],"curies":[{"name":"wp","href":"https:\/\/api.w.org\/{rel}","templated":true}]}}