{"id":293415,"date":"2025-12-02T08:45:03","date_gmt":"2025-12-02T06:45:03","guid":{"rendered":"https:\/\/www.huntersfriend.eu\/product\/grundens-grundies-thermal-1-2-zip-lager\/"},"modified":"2025-12-16T15:50:08","modified_gmt":"2025-12-16T13:50:08","slug":"grundens-grundies-thermal-1-2-zip-lager","status":"publish","type":"product","link":"https:\/\/www.huntersfriend.eu\/sv\/produkt\/grundens-grundies-thermal-1-2-zip-lager\/","title":{"rendered":"Grundens Grundies Thermal 1\/2 Zip-lager"},"content":{"rendered":"<p data-start=\"39\" data-end=\"153\"><strong data-start=\"43\" data-end=\"72\">Grund\u00e9ns Grundies Thermal<\/strong> \u00e4r en varm och h\u00f6gkvalitativ tr\u00f6ja som mellanlager, designad f\u00f6r kalla och fuktiga f\u00f6rh\u00e5llanden.<\/p>\n<p data-start=\"155\" data-end=\"310\">Tr\u00f6jan \u00e4r tillverkad av stretchig, temperaturreglerande fleece. Den har <strong data-start=\"231\" data-end=\"263\">HeiQ\u2122-luktkontrollbehandling<\/strong>, vilket h\u00e5ller d\u00e5lig lukt borta \u00e4ven vid intensiv anv\u00e4ndning. <\/p>\n<p data-start=\"312\" data-end=\"368\">Perfekt f\u00f6r fiskeresor eller andra utomhusaktiviteter.<\/p>\n<ul data-start=\"370\" data-end=\"558\">\n<li data-start=\"370\" data-end=\"438\">\n<p data-start=\"372\" data-end=\"438\">Kraftig stretchfleece med temperaturreglerande egenskaper<\/p>\n<\/li>\n<li data-start=\"439\" data-end=\"484\">\n<p data-start=\"441\" data-end=\"484\">Djup dragkedja framtill f\u00f6r maximal ventilation<\/p>\n<\/li>\n<li data-start=\"485\" data-end=\"525\">\n<p data-start=\"487\" data-end=\"525\">Br\u00f6stficka f\u00f6r f\u00f6rvaring av sm\u00e5saker<\/p>\n<\/li>\n<li data-start=\"526\" data-end=\"558\">\n<p data-start=\"528\" data-end=\"558\">HeiQ\u2122-luktkontrollbehandling<\/p>\n<\/li>\n<\/ul>\n","protected":false},"excerpt":{"rendered":"<p>Grund\u00e9ns Grundies Thermal \u00e4r en varm och h\u00f6gkvalitativ tr\u00f6ja som mellanlager, designad f\u00f6r kalla och fuktiga f\u00f6rh\u00e5llanden. Tr\u00f6jan \u00e4r tillverkad av stretchig, temperaturreglerande fleece. Den har HeiQ\u2122-luktkontrollbehandling, vilket h\u00e5ller d\u00e5lig lukt borta \u00e4ven vid intensiv anv\u00e4ndning. Perfekt f\u00f6r fiskeresor eller andra utomhusaktiviteter. Kraftig stretchfleece med temperaturreglerande egenskaper Djup dragkedja framtill f\u00f6r maximal ventilation Br\u00f6stficka f\u00f6r [&#8230;]\n","protected":false},"featured_media":292844,"comment_status":"open","ping_status":"closed","template":"","meta":[],"product_brand":[],"product_cat":[2580],"product_tag":[],"class_list":{"0":"post-293415","1":"product","2":"type-product","3":"status-publish","4":"has-post-thumbnail","6":"product_cat-lager-pa-lager","8":"first","9":"instock","10":"taxable","11":"shipping-taxable","12":"purchasable","13":"product-type-variable"},"composite_virtual":false,"composite_layout":"","composite_add_to_cart_form_location":"","composite_editable_in_cart":false,"composite_sold_individually_context":"","composite_shop_price_calc":"","composite_components":[],"composite_scenarios":[],"group_of_quantity":0,"min_quantity":0,"max_quantity":"","exclude_order_quantity_value_rules":"no","exclude_category_quantity_rules":"no","combine_variations":"no","exclude_global_add_ons":[],"addons":[],"_links":{"self":[{"href":"https:\/\/www.huntersfriend.eu\/sv\/wp-json\/wp\/v2\/product\/293415","targetHints":{"allow":["GET"]}}],"collection":[{"href":"https:\/\/www.huntersfriend.eu\/sv\/wp-json\/wp\/v2\/product"}],"about":[{"href":"https:\/\/www.huntersfriend.eu\/sv\/wp-json\/wp\/v2\/types\/product"}],"replies":[{"embeddable":true,"href":"https:\/\/www.huntersfriend.eu\/sv\/wp-json\/wp\/v2\/comments?post=293415"}],"wp:featuredmedia":[{"embeddable":true,"href":"https:\/\/www.huntersfriend.eu\/sv\/wp-json\/wp\/v2\/media\/292844"}],"wp:attachment":[{"href":"https:\/\/www.huntersfriend.eu\/sv\/wp-json\/wp\/v2\/media?parent=293415"}],"wp:term":[{"taxonomy":"product_brand","embeddable":true,"href":"https:\/\/www.huntersfriend.eu\/sv\/wp-json\/wp\/v2\/product_brand?post=293415"},{"taxonomy":"product_cat","embeddable":true,"href":"https:\/\/www.huntersfriend.eu\/sv\/wp-json\/wp\/v2\/product_cat?post=293415"},{"taxonomy":"product_tag","embeddable":true,"href":"https:\/\/www.huntersfriend.eu\/sv\/wp-json\/wp\/v2\/product_tag?post=293415"}],"curies":[{"name":"wp","href":"https:\/\/api.w.org\/{rel}","templated":true}]}}