{"id":293395,"date":"2025-12-02T08:45:07","date_gmt":"2025-12-02T06:45:07","guid":{"rendered":"https:\/\/www.huntersfriend.eu\/product\/grundens-bulkhead-softshelljacka-morkbla\/"},"modified":"2025-12-16T15:49:47","modified_gmt":"2025-12-16T13:49:47","slug":"grundens-bulkhead-softshelljacka-morkbla","status":"publish","type":"product","link":"https:\/\/www.huntersfriend.eu\/sv\/produkt\/grundens-bulkhead-softshelljacka-morkbla\/","title":{"rendered":"Grundens Bulkhead Softshelljacka \u2013 M\u00f6rkbl\u00e5"},"content":{"rendered":"<p data-start=\"39\" data-end=\"124\"><strong data-start=\"39\" data-end=\"122\">Bulkhead Vindt\u00e4t Softshelljacka \u2013 P\u00e5litligt skydd mot kyla och vind<\/strong><\/p>\n<p data-start=\"126\" data-end=\"547\">Bulkhead-jackan \u00e4r designad f\u00f6r att beh\u00e5lla kroppsv\u00e4rmen \u00e4ven under kr\u00e4vande f\u00f6rh\u00e5llanden. Anv\u00e4nd den som den \u00e4r f\u00f6r ett tekniskt, robust skydd mot kallt och v\u00e5tt v\u00e4der, eller som ett mellanlager f\u00f6r ett vindt\u00e4tt system med h\u00f6g prestanda. Denna medeltunga softshell \u00e4r idealisk f\u00f6r marint bruk, vandring och vardagliga utomhusaktiviteter. Praktiska fickor och justerbara detaljer g\u00f6r den till ett p\u00e5litligt val f\u00f6r aktiv anv\u00e4ndning.   <\/p>\n<p data-start=\"549\" data-end=\"568\"><strong data-start=\"549\" data-end=\"566\">Huvudfunktioner:<\/strong><\/p>\n<ul data-start=\"569\" data-end=\"759\">\n<li data-start=\"569\" data-end=\"600\">\n<p data-start=\"571\" data-end=\"600\">3-lagers vindt\u00e4t softshell<\/p>\n<\/li>\n<li data-start=\"601\" data-end=\"629\">\n<p data-start=\"603\" data-end=\"629\">Mjukt, varmt fleecefoder<\/p>\n<\/li>\n<li data-start=\"630\" data-end=\"673\">\n<p data-start=\"632\" data-end=\"673\">Fyrv\u00e4gsstretch och god andningsf\u00f6rm\u00e5ga<\/p>\n<\/li>\n<li data-start=\"674\" data-end=\"729\">\n<p data-start=\"676\" data-end=\"729\">Fleecefodrade handfickor och br\u00f6stficka med dragkedja<\/p>\n<\/li>\n<li data-start=\"730\" data-end=\"759\">\n<p data-start=\"732\" data-end=\"759\">Justerbar huva och muddar<\/p>\n<\/li>\n<\/ul>\n<p data-start=\"761\" data-end=\"792\"><strong data-start=\"761\" data-end=\"790\">Tekniska specifikationer:<\/strong><\/p>\n<ul data-start=\"793\" data-end=\"1040\">\n<li data-start=\"793\" data-end=\"817\">\n<p data-start=\"795\" data-end=\"817\"><strong data-start=\"795\" data-end=\"805\">F\u00e4rg:<\/strong> M\u00f6rk marinbl\u00e5<\/p>\n<\/li>\n<li data-start=\"818\" data-end=\"875\">\n<p data-start=\"820\" data-end=\"875\"><strong data-start=\"820\" data-end=\"833\">Material:<\/strong> 3L softshell med borstat fleecefoder<\/p>\n<\/li>\n<li data-start=\"876\" data-end=\"919\">\n<p data-start=\"878\" data-end=\"919\"><strong data-start=\"878\" data-end=\"891\">Funktioner:<\/strong> Fyrv\u00e4gsstretch, andningsbar<\/p>\n<\/li>\n<li data-start=\"920\" data-end=\"1040\">\n<p data-start=\"922\" data-end=\"1040\"><strong data-start=\"922\" data-end=\"931\">Sk\u00f6tsel:<\/strong> Maskintv\u00e4tt i 40 \u00b0C med liknande f\u00e4rger, torktumla p\u00e5 l\u00e5g v\u00e4rme, stryk inte, kemtv\u00e4tta inte och anv\u00e4nd inte starka tv\u00e4ttmedel<\/p>\n<\/li>\n<\/ul>\n","protected":false},"excerpt":{"rendered":"<p>Bulkhead Vindt\u00e4t Softshelljacka \u2013 P\u00e5litligt skydd mot kyla och vind Bulkhead-jackan \u00e4r designad f\u00f6r att beh\u00e5lla kroppsv\u00e4rmen \u00e4ven under kr\u00e4vande f\u00f6rh\u00e5llanden. Anv\u00e4nd den som den \u00e4r f\u00f6r ett tekniskt, robust skydd mot kallt och v\u00e5tt v\u00e4der, eller som ett mellanlager f\u00f6r ett vindt\u00e4tt system med h\u00f6g prestanda. Denna medeltunga softshell \u00e4r idealisk f\u00f6r marint bruk, [&#8230;]\n","protected":false},"featured_media":292889,"comment_status":"open","ping_status":"closed","template":"","meta":[],"product_brand":[],"product_cat":[2741],"product_tag":[],"class_list":{"0":"post-293395","1":"product","2":"type-product","3":"status-publish","4":"has-post-thumbnail","6":"product_cat-jackor","8":"first","9":"instock","10":"taxable","11":"shipping-taxable","12":"purchasable","13":"product-type-variable"},"composite_virtual":false,"composite_layout":"","composite_add_to_cart_form_location":"","composite_editable_in_cart":false,"composite_sold_individually_context":"","composite_shop_price_calc":"","composite_components":[],"composite_scenarios":[],"group_of_quantity":0,"min_quantity":0,"max_quantity":"","exclude_order_quantity_value_rules":"no","exclude_category_quantity_rules":"no","combine_variations":"no","exclude_global_add_ons":[],"addons":[],"_links":{"self":[{"href":"https:\/\/www.huntersfriend.eu\/sv\/wp-json\/wp\/v2\/product\/293395","targetHints":{"allow":["GET"]}}],"collection":[{"href":"https:\/\/www.huntersfriend.eu\/sv\/wp-json\/wp\/v2\/product"}],"about":[{"href":"https:\/\/www.huntersfriend.eu\/sv\/wp-json\/wp\/v2\/types\/product"}],"replies":[{"embeddable":true,"href":"https:\/\/www.huntersfriend.eu\/sv\/wp-json\/wp\/v2\/comments?post=293395"}],"wp:featuredmedia":[{"embeddable":true,"href":"https:\/\/www.huntersfriend.eu\/sv\/wp-json\/wp\/v2\/media\/292889"}],"wp:attachment":[{"href":"https:\/\/www.huntersfriend.eu\/sv\/wp-json\/wp\/v2\/media?parent=293395"}],"wp:term":[{"taxonomy":"product_brand","embeddable":true,"href":"https:\/\/www.huntersfriend.eu\/sv\/wp-json\/wp\/v2\/product_brand?post=293395"},{"taxonomy":"product_cat","embeddable":true,"href":"https:\/\/www.huntersfriend.eu\/sv\/wp-json\/wp\/v2\/product_cat?post=293395"},{"taxonomy":"product_tag","embeddable":true,"href":"https:\/\/www.huntersfriend.eu\/sv\/wp-json\/wp\/v2\/product_tag?post=293395"}],"curies":[{"name":"wp","href":"https:\/\/api.w.org\/{rel}","templated":true}]}}