{"id":293394,"date":"2025-12-02T08:45:06","date_gmt":"2025-12-02T06:45:06","guid":{"rendered":"https:\/\/www.huntersfriend.eu\/product\/grafitfett-20-g\/"},"modified":"2025-12-16T15:49:46","modified_gmt":"2025-12-16T13:49:46","slug":"grafitfett-20-g","status":"publish","type":"product","link":"https:\/\/www.huntersfriend.eu\/sv\/produkt\/grafitfett-20-g\/","title":{"rendered":"Grafitfett, 20 g"},"content":{"rendered":"<p data-start=\"39\" data-end=\"93\"><strong data-start=\"39\" data-end=\"93\">Grafitfett \u2013 f\u00f6r choker och l\u00e5sklackar<\/strong><\/p>\n<p data-start=\"95\" data-end=\"229\">Grafitfett \u00e4r utm\u00e4rkt f\u00f6r sm\u00f6rjning av g\u00e4ngorna p\u00e5 choker och l\u00e5sklackarna p\u00e5 skjutvapen. F\u00f6rpackningsstorlek: 20 g per f\u00f6rpackning. <\/p>\n","protected":false},"excerpt":{"rendered":"<p>Grafitfett \u2013 f\u00f6r choker och l\u00e5sklackar Grafitfett \u00e4r utm\u00e4rkt f\u00f6r sm\u00f6rjning av g\u00e4ngorna p\u00e5 choker och l\u00e5sklackarna p\u00e5 skjutvapen. F\u00f6rpackningsstorlek: 20 g per f\u00f6rpackning.<\/p>\n","protected":false},"featured_media":292787,"comment_status":"open","ping_status":"closed","template":"","meta":[],"product_brand":[],"product_cat":[2542],"product_tag":[],"class_list":{"0":"post-293394","1":"product","2":"type-product","3":"status-publish","4":"has-post-thumbnail","6":"product_cat-rengoring-och-underhall","8":"first","9":"instock","10":"taxable","11":"shipping-taxable","12":"purchasable","13":"product-type-simple"},"composite_virtual":false,"composite_layout":"","composite_add_to_cart_form_location":"","composite_editable_in_cart":false,"composite_sold_individually_context":"","composite_shop_price_calc":"","composite_components":[],"composite_scenarios":[],"group_of_quantity":0,"min_quantity":0,"max_quantity":"","exclude_order_quantity_value_rules":"no","exclude_category_quantity_rules":"no","combine_variations":"no","exclude_global_add_ons":[],"addons":[],"_links":{"self":[{"href":"https:\/\/www.huntersfriend.eu\/sv\/wp-json\/wp\/v2\/product\/293394","targetHints":{"allow":["GET"]}}],"collection":[{"href":"https:\/\/www.huntersfriend.eu\/sv\/wp-json\/wp\/v2\/product"}],"about":[{"href":"https:\/\/www.huntersfriend.eu\/sv\/wp-json\/wp\/v2\/types\/product"}],"replies":[{"embeddable":true,"href":"https:\/\/www.huntersfriend.eu\/sv\/wp-json\/wp\/v2\/comments?post=293394"}],"wp:featuredmedia":[{"embeddable":true,"href":"https:\/\/www.huntersfriend.eu\/sv\/wp-json\/wp\/v2\/media\/292787"}],"wp:attachment":[{"href":"https:\/\/www.huntersfriend.eu\/sv\/wp-json\/wp\/v2\/media?parent=293394"}],"wp:term":[{"taxonomy":"product_brand","embeddable":true,"href":"https:\/\/www.huntersfriend.eu\/sv\/wp-json\/wp\/v2\/product_brand?post=293394"},{"taxonomy":"product_cat","embeddable":true,"href":"https:\/\/www.huntersfriend.eu\/sv\/wp-json\/wp\/v2\/product_cat?post=293394"},{"taxonomy":"product_tag","embeddable":true,"href":"https:\/\/www.huntersfriend.eu\/sv\/wp-json\/wp\/v2\/product_tag?post=293394"}],"curies":[{"name":"wp","href":"https:\/\/api.w.org\/{rel}","templated":true}]}}