{"id":293387,"date":"2025-12-02T08:45:05","date_gmt":"2025-12-02T06:45:05","guid":{"rendered":"https:\/\/www.huntersfriend.eu\/product\/grundens-grundies-termiskt-understall\/"},"modified":"2025-12-16T15:49:45","modified_gmt":"2025-12-16T13:49:45","slug":"grundens-grundies-termiskt-understall","status":"publish","type":"product","link":"https:\/\/www.huntersfriend.eu\/sv\/produkt\/grundens-grundies-termiskt-understall\/","title":{"rendered":"Grundens Grundies Termiskt underst\u00e4ll"},"content":{"rendered":"<p data-start=\"39\" data-end=\"90\"><strong data-start=\"39\" data-end=\"48\">OBS:<\/strong> Storlek L: ber\u00e4knad tillg\u00e4nglighet under 2026.<\/p>\n<p data-start=\"92\" data-end=\"218\"><strong data-start=\"96\" data-end=\"125\">Grund\u00e9ns Grundies Thermal<\/strong> \u00e4r varma underst\u00e4llsbyxor av h\u00f6g kvalitet, speciellt utformade f\u00f6r kalla och fuktiga f\u00f6rh\u00e5llanden.<\/p>\n<p data-start=\"220\" data-end=\"429\">Grundies\u2122 Thermal-byxorna \u00e4r kraftiga fleecebyxor som v\u00e4rmer \u00e4ven n\u00e4r de \u00e4r v\u00e5ta. De stretchiga fleecebyxorna har <strong data-start=\"345\" data-end=\"377\">HeiQ\u2122-luktkontrollbehandling<\/strong>, som motverkar lukt under l\u00e5nga, kr\u00e4vande dagar. <\/p>\n<p data-start=\"431\" data-end=\"584\">Den avsmalnande benslutningen passar bekv\u00e4mt under d\u00e4ckst\u00f6vlar, overaller eller vadare, och handv\u00e4rmarfickor med dragkedja ger en praktisk k\u00e4lla till v\u00e4rme.<\/p>\n<p data-start=\"586\" data-end=\"690\">Ett utm\u00e4rkt val f\u00f6r sportfiskare, j\u00e4gare och friluftsentusiaster som v\u00e4rdes\u00e4tter komfort och funktionalitet.<\/p>\n<ul data-start=\"692\" data-end=\"908\">\n<li data-start=\"692\" data-end=\"760\">\n<p data-start=\"694\" data-end=\"760\">Kraftig stretchfleece med temperaturreglerande egenskaper<\/p>\n<\/li>\n<li data-start=\"761\" data-end=\"822\">\n<p data-start=\"763\" data-end=\"822\">Avsmalnande ben, utformade f\u00f6r att passa under d\u00e4ckst\u00f6vlar och vadare<\/p>\n<\/li>\n<li data-start=\"823\" data-end=\"875\">\n<p data-start=\"825\" data-end=\"875\">Handv\u00e4rmarfickor med dragkedja f\u00f6r s\u00e4ker f\u00f6rvaring<\/p>\n<\/li>\n<li data-start=\"876\" data-end=\"908\">\n<p data-start=\"878\" data-end=\"908\">HeiQ\u2122-luktkontrollbehandling<\/p>\n<\/li>\n<\/ul>\n","protected":false},"excerpt":{"rendered":"<p>OBS: Storlek L: ber\u00e4knad tillg\u00e4nglighet under 2026. Grund\u00e9ns Grundies Thermal \u00e4r varma underst\u00e4llsbyxor av h\u00f6g kvalitet, speciellt utformade f\u00f6r kalla och fuktiga f\u00f6rh\u00e5llanden. Grundies\u2122 Thermal-byxorna \u00e4r kraftiga fleecebyxor som v\u00e4rmer \u00e4ven n\u00e4r de \u00e4r v\u00e5ta. De stretchiga fleecebyxorna har HeiQ\u2122-luktkontrollbehandling, som motverkar lukt under l\u00e5nga, kr\u00e4vande dagar. Den avsmalnande benslutningen passar bekv\u00e4mt under d\u00e4ckst\u00f6vlar, overaller [&#8230;]\n","protected":false},"featured_media":292863,"comment_status":"open","ping_status":"closed","template":"","meta":[],"product_brand":[],"product_cat":[2580],"product_tag":[],"class_list":{"0":"post-293387","1":"product","2":"type-product","3":"status-publish","4":"has-post-thumbnail","6":"product_cat-lager-pa-lager","8":"first","9":"instock","10":"taxable","11":"shipping-taxable","12":"purchasable","13":"product-type-variable"},"composite_virtual":false,"composite_layout":"","composite_add_to_cart_form_location":"","composite_editable_in_cart":false,"composite_sold_individually_context":"","composite_shop_price_calc":"","composite_components":[],"composite_scenarios":[],"group_of_quantity":0,"min_quantity":0,"max_quantity":"","exclude_order_quantity_value_rules":"no","exclude_category_quantity_rules":"no","combine_variations":"no","exclude_global_add_ons":[],"addons":[],"_links":{"self":[{"href":"https:\/\/www.huntersfriend.eu\/sv\/wp-json\/wp\/v2\/product\/293387","targetHints":{"allow":["GET"]}}],"collection":[{"href":"https:\/\/www.huntersfriend.eu\/sv\/wp-json\/wp\/v2\/product"}],"about":[{"href":"https:\/\/www.huntersfriend.eu\/sv\/wp-json\/wp\/v2\/types\/product"}],"replies":[{"embeddable":true,"href":"https:\/\/www.huntersfriend.eu\/sv\/wp-json\/wp\/v2\/comments?post=293387"}],"wp:featuredmedia":[{"embeddable":true,"href":"https:\/\/www.huntersfriend.eu\/sv\/wp-json\/wp\/v2\/media\/292863"}],"wp:attachment":[{"href":"https:\/\/www.huntersfriend.eu\/sv\/wp-json\/wp\/v2\/media?parent=293387"}],"wp:term":[{"taxonomy":"product_brand","embeddable":true,"href":"https:\/\/www.huntersfriend.eu\/sv\/wp-json\/wp\/v2\/product_brand?post=293387"},{"taxonomy":"product_cat","embeddable":true,"href":"https:\/\/www.huntersfriend.eu\/sv\/wp-json\/wp\/v2\/product_cat?post=293387"},{"taxonomy":"product_tag","embeddable":true,"href":"https:\/\/www.huntersfriend.eu\/sv\/wp-json\/wp\/v2\/product_tag?post=293387"}],"curies":[{"name":"wp","href":"https:\/\/api.w.org\/{rel}","templated":true}]}}