{"id":293382,"date":"2025-12-02T08:44:57","date_gmt":"2025-12-02T06:44:57","guid":{"rendered":"https:\/\/www.huntersfriend.eu\/product\/grundens-bering-fleece-pro-vast\/"},"modified":"2025-12-16T15:49:44","modified_gmt":"2025-12-16T13:49:44","slug":"grundens-bering-fleece-pro-vast","status":"publish","type":"product","link":"https:\/\/www.huntersfriend.eu\/sv\/produkt\/grundens-bering-fleece-pro-vast\/","title":{"rendered":"Grundens Bering Fleece Pro-v\u00e4st"},"content":{"rendered":"<p data-start=\"39\" data-end=\"395\"><strong data-start=\"43\" data-end=\"74\">Grund\u00e9ns Bering Fleece-v\u00e4st<\/strong> \u00e4r designad f\u00f6r att ge optimal v\u00e4rme, slitstyrka och praktisk anv\u00e4ndning b\u00e5de f\u00f6r utomhusaktiviteter och vardagsbruk. Denna h\u00f6gkvalitativa fleecev\u00e4st \u00e4r ett utm\u00e4rkt val f\u00f6r lager-p\u00e5-lager-kl\u00e4dsel eller som ett l\u00e4ttvikts ytterlager under kyligare dagar. Grund\u00e9ns Bering Fleece-v\u00e4st levererar p\u00e5litlig prestanda och komfort i alla situationer.  <\/p>\n<p data-start=\"397\" data-end=\"439\"><strong data-start=\"397\" data-end=\"439\">Funktioner och tekniska specifikationer:<\/strong><\/p>\n<ul data-start=\"441\" data-end=\"904\">\n<li data-start=\"441\" data-end=\"526\">\n<p data-start=\"443\" data-end=\"526\"><strong data-start=\"443\" data-end=\"456\">Material:<\/strong> 100 % polyester \u2013 mellanviktig fleece som ger v\u00e4rme och andningsf\u00f6rm\u00e5ga<\/p>\n<\/li>\n<li data-start=\"527\" data-end=\"664\">\n<p data-start=\"529\" data-end=\"664\"><strong data-start=\"529\" data-end=\"553\">Br\u00f6stf\u00f6rst\u00e4rkning:<\/strong> Slitstark och DWR-behandlad (Durable Water Repellent) stretchpolyesterf\u00f6rst\u00e4rkning som st\u00f6ter bort l\u00e4tt fukt<\/p>\n<\/li>\n<li data-start=\"665\" data-end=\"837\">\n<p data-start=\"667\" data-end=\"690\"><strong data-start=\"667\" data-end=\"688\">Fickor med dragkedja:<\/strong><\/p>\n<ul data-start=\"693\" data-end=\"837\">\n<li data-start=\"693\" data-end=\"765\">\n<p data-start=\"695\" data-end=\"765\"><strong data-start=\"695\" data-end=\"712\">Handfickor:<\/strong> Varmfodrade fickor med dragkedja f\u00f6r att h\u00e5lla h\u00e4nderna varma<\/p>\n<\/li>\n<li data-start=\"768\" data-end=\"837\">\n<p data-start=\"770\" data-end=\"837\"><strong data-start=\"770\" data-end=\"787\">Br\u00f6stficka:<\/strong> Praktisk br\u00f6stficka med dragkedja f\u00f6r sm\u00e5saker<\/p>\n<\/li>\n<\/ul>\n<\/li>\n<li data-start=\"838\" data-end=\"904\">\n<p data-start=\"840\" data-end=\"904\"><strong data-start=\"840\" data-end=\"868\">L\u00e4tt och slitstark:<\/strong> Perfekt f\u00f6r lager-p\u00e5-lager-kl\u00e4dsel och aktiv anv\u00e4ndning<\/p>\n<\/li>\n<\/ul>\n","protected":false},"excerpt":{"rendered":"<p>Grund\u00e9ns Bering Fleece-v\u00e4st \u00e4r designad f\u00f6r att ge optimal v\u00e4rme, slitstyrka och praktisk anv\u00e4ndning b\u00e5de f\u00f6r utomhusaktiviteter och vardagsbruk. Denna h\u00f6gkvalitativa fleecev\u00e4st \u00e4r ett utm\u00e4rkt val f\u00f6r lager-p\u00e5-lager-kl\u00e4dsel eller som ett l\u00e4ttvikts ytterlager under kyligare dagar. Grund\u00e9ns Bering Fleece-v\u00e4st levererar p\u00e5litlig prestanda och komfort i alla situationer. Funktioner och tekniska specifikationer: Material: 100 % polyester [&#8230;]\n","protected":false},"featured_media":292800,"comment_status":"open","ping_status":"closed","template":"","meta":[],"product_brand":[],"product_cat":[2861],"product_tag":[],"class_list":{"0":"post-293382","1":"product","2":"type-product","3":"status-publish","4":"has-post-thumbnail","6":"product_cat-vastar","8":"first","9":"instock","10":"taxable","11":"shipping-taxable","12":"purchasable","13":"product-type-variable"},"composite_virtual":false,"composite_layout":"","composite_add_to_cart_form_location":"","composite_editable_in_cart":false,"composite_sold_individually_context":"","composite_shop_price_calc":"","composite_components":[],"composite_scenarios":[],"group_of_quantity":0,"min_quantity":0,"max_quantity":"","exclude_order_quantity_value_rules":"no","exclude_category_quantity_rules":"no","combine_variations":"no","exclude_global_add_ons":[],"addons":[],"_links":{"self":[{"href":"https:\/\/www.huntersfriend.eu\/sv\/wp-json\/wp\/v2\/product\/293382","targetHints":{"allow":["GET"]}}],"collection":[{"href":"https:\/\/www.huntersfriend.eu\/sv\/wp-json\/wp\/v2\/product"}],"about":[{"href":"https:\/\/www.huntersfriend.eu\/sv\/wp-json\/wp\/v2\/types\/product"}],"replies":[{"embeddable":true,"href":"https:\/\/www.huntersfriend.eu\/sv\/wp-json\/wp\/v2\/comments?post=293382"}],"wp:featuredmedia":[{"embeddable":true,"href":"https:\/\/www.huntersfriend.eu\/sv\/wp-json\/wp\/v2\/media\/292800"}],"wp:attachment":[{"href":"https:\/\/www.huntersfriend.eu\/sv\/wp-json\/wp\/v2\/media?parent=293382"}],"wp:term":[{"taxonomy":"product_brand","embeddable":true,"href":"https:\/\/www.huntersfriend.eu\/sv\/wp-json\/wp\/v2\/product_brand?post=293382"},{"taxonomy":"product_cat","embeddable":true,"href":"https:\/\/www.huntersfriend.eu\/sv\/wp-json\/wp\/v2\/product_cat?post=293382"},{"taxonomy":"product_tag","embeddable":true,"href":"https:\/\/www.huntersfriend.eu\/sv\/wp-json\/wp\/v2\/product_tag?post=293382"}],"curies":[{"name":"wp","href":"https:\/\/api.w.org\/{rel}","templated":true}]}}