{"id":293374,"date":"2025-12-02T08:44:58","date_gmt":"2025-12-02T06:44:58","guid":{"rendered":"https:\/\/www.huntersfriend.eu\/product\/grundens-sunnan-regnkladesset-111\/"},"modified":"2025-12-16T15:49:35","modified_gmt":"2025-12-16T13:49:35","slug":"grundens-sunnan-regnkladesset-111","status":"publish","type":"product","link":"https:\/\/www.huntersfriend.eu\/sv\/produkt\/grundens-sunnan-regnkladesset-111\/","title":{"rendered":"Grundens Sunnan Regnkl\u00e4desset 111"},"content":{"rendered":"<p data-start=\"39\" data-end=\"227\"><strong data-start=\"39\" data-end=\"71\">Grund\u00e9ns Sunnan Regnkl\u00e4desset<\/strong> \u2013 en slitstark arbetskl\u00e4desensemble utan kompromisser, tillverkad i tradition med Grund\u00e9ns. Detta set \u00e4r designat f\u00f6r att t\u00e5la h\u00e5rt arbete och tuffa v\u00e4derf\u00f6rh\u00e5llanden. <\/p>\n<p data-start=\"229\" data-end=\"584\"><strong data-start=\"233\" data-end=\"250\">Sunnan-jackan<\/strong> \u00e4r helt byggd f\u00f6r funktionalitet. Den har en avtagbar och justerbar huva. Den slitstarka dragkedjan skyddas av en stormsl\u00e5 som h\u00e5ller v\u00e4der och vind ute, medan det ventilerade oket i ryggen hj\u00e4lper dig att h\u00e5lla dig sval under press. Kragen \u00e4r fodrad med manchester f\u00f6r en touch av komfort \u2013 sm\u00e5 detaljer som spelar roll under l\u00e5nga arbetsdagar.   <\/p>\n<p data-start=\"586\" data-end=\"765\"><strong data-start=\"590\" data-end=\"606\">Sunnan-byxorna<\/strong> har dragsko och elastisk midja f\u00f6r att h\u00e5lla dem s\u00e4kert p\u00e5 plats, samt justerbara ben\u00f6ppningar f\u00f6r att f\u00f6rhindra att smuts och vatten kommer in.<\/p>\n<p data-start=\"767\" data-end=\"862\">B\u00e5da plaggen uppfyller standarden <strong data-start=\"790\" data-end=\"813\">EN 343:2003+A1:2007<\/strong> f\u00f6r skyddskl\u00e4der mot regn.<\/p>\n<ul data-start=\"864\" data-end=\"1042\">\n<li data-start=\"864\" data-end=\"893\">\n<p data-start=\"866\" data-end=\"893\">PFAS-fri PU-belagd nylon<\/p>\n<\/li>\n<li data-start=\"894\" data-end=\"930\">\n<p data-start=\"896\" data-end=\"930\">100 % vattent\u00e4t, EN343-certifierad<\/p>\n<\/li>\n<li data-start=\"931\" data-end=\"979\">\n<p data-start=\"933\" data-end=\"979\">Justerbar och avtagbar huva p\u00e5 jackan<\/p>\n<\/li>\n<li data-start=\"980\" data-end=\"1042\">\n<p data-start=\"982\" data-end=\"1042\">Elastisk midja och justerbara ben\u00f6ppningar p\u00e5 byxorna<\/p>\n<\/li>\n<\/ul>\n","protected":false},"excerpt":{"rendered":"<p>Grund\u00e9ns Sunnan Regnkl\u00e4desset \u2013 en slitstark arbetskl\u00e4desensemble utan kompromisser, tillverkad i tradition med Grund\u00e9ns. Detta set \u00e4r designat f\u00f6r att t\u00e5la h\u00e5rt arbete och tuffa v\u00e4derf\u00f6rh\u00e5llanden. Sunnan-jackan \u00e4r helt byggd f\u00f6r funktionalitet. Den har en avtagbar och justerbar huva. Den slitstarka dragkedjan skyddas av en stormsl\u00e5 som h\u00e5ller v\u00e4der och vind ute, medan det ventilerade [&#8230;]\n","protected":false},"featured_media":292828,"comment_status":"open","ping_status":"closed","template":"","meta":[],"product_brand":[],"product_cat":[2846,2611],"product_tag":[],"class_list":{"0":"post-293374","1":"product","2":"type-product","3":"status-publish","4":"has-post-thumbnail","6":"product_cat-overaller","7":"product_cat-tillbehor","9":"first","10":"instock","11":"taxable","12":"shipping-taxable","13":"purchasable","14":"product-type-variable"},"composite_virtual":false,"composite_layout":"","composite_add_to_cart_form_location":"","composite_editable_in_cart":false,"composite_sold_individually_context":"","composite_shop_price_calc":"","composite_components":[],"composite_scenarios":[],"group_of_quantity":0,"min_quantity":0,"max_quantity":"","exclude_order_quantity_value_rules":"no","exclude_category_quantity_rules":"no","combine_variations":"no","exclude_global_add_ons":[],"addons":[],"_links":{"self":[{"href":"https:\/\/www.huntersfriend.eu\/sv\/wp-json\/wp\/v2\/product\/293374","targetHints":{"allow":["GET"]}}],"collection":[{"href":"https:\/\/www.huntersfriend.eu\/sv\/wp-json\/wp\/v2\/product"}],"about":[{"href":"https:\/\/www.huntersfriend.eu\/sv\/wp-json\/wp\/v2\/types\/product"}],"replies":[{"embeddable":true,"href":"https:\/\/www.huntersfriend.eu\/sv\/wp-json\/wp\/v2\/comments?post=293374"}],"wp:featuredmedia":[{"embeddable":true,"href":"https:\/\/www.huntersfriend.eu\/sv\/wp-json\/wp\/v2\/media\/292828"}],"wp:attachment":[{"href":"https:\/\/www.huntersfriend.eu\/sv\/wp-json\/wp\/v2\/media?parent=293374"}],"wp:term":[{"taxonomy":"product_brand","embeddable":true,"href":"https:\/\/www.huntersfriend.eu\/sv\/wp-json\/wp\/v2\/product_brand?post=293374"},{"taxonomy":"product_cat","embeddable":true,"href":"https:\/\/www.huntersfriend.eu\/sv\/wp-json\/wp\/v2\/product_cat?post=293374"},{"taxonomy":"product_tag","embeddable":true,"href":"https:\/\/www.huntersfriend.eu\/sv\/wp-json\/wp\/v2\/product_tag?post=293374"}],"curies":[{"name":"wp","href":"https:\/\/api.w.org\/{rel}","templated":true}]}}