{"id":293368,"date":"2025-12-02T08:44:57","date_gmt":"2025-12-02T06:44:57","guid":{"rendered":"https:\/\/www.huntersfriend.eu\/product\/grundens-forecast-isolerad-jacka-anchor\/"},"modified":"2025-12-16T15:49:34","modified_gmt":"2025-12-16T13:49:34","slug":"grundens-forecast-isolerad-jacka-anchor","status":"publish","type":"product","link":"https:\/\/www.huntersfriend.eu\/sv\/produkt\/grundens-forecast-isolerad-jacka-anchor\/","title":{"rendered":"Grundens Forecast Isolerad Jacka Anchor"},"content":{"rendered":"<p data-start=\"39\" data-end=\"464\"><strong data-start=\"39\" data-end=\"51\">Forecast<\/strong> \u00e4r en varm PrimaLoft-jacka med en l\u00e4ttare struktur \u00e4n traditionella syntetiska isoleringar. Det \u00e4r det perfekta ytterplagget n\u00e4r temperaturen b\u00f6rjar sjunka. Tack vare sina praktiska tekniska funktioner och PrimaLoft\u00ae-isolering erbjuder Forecast-jackan ett f\u00f6rstklassigt alternativ till naturligt dun. Dess l\u00e5ga vattenabsorption g\u00f6r att den beh\u00e5ller v\u00e4rmen \u00e4ven n\u00e4r den \u00e4r v\u00e5t, vilket hj\u00e4lper till att bevara kroppsv\u00e4rmen i alla f\u00f6rh\u00e5llanden.   <\/p>\n<p data-start=\"466\" data-end=\"495\"><strong data-start=\"466\" data-end=\"495\">Tekniska specifikationer:<\/strong><\/p>\n<ul data-start=\"497\" data-end=\"851\">\n<li data-start=\"497\" data-end=\"566\">\n<p data-start=\"499\" data-end=\"566\">100 % \u00e5tervunnen nylon med vatten- och smutsavvisande DWR-behandling<\/p>\n<\/li>\n<li data-start=\"567\" data-end=\"625\">\n<p data-start=\"569\" data-end=\"625\">PrimaLoft\u00ae-isolering f\u00f6r utm\u00e4rkt v\u00e4rme och komfort<\/p>\n<\/li>\n<li data-start=\"626\" data-end=\"669\">\n<p data-start=\"628\" data-end=\"669\">Kraftiga, korrosionsbest\u00e4ndiga dragkedjor<\/p>\n<\/li>\n<li data-start=\"670\" data-end=\"703\">\n<p data-start=\"672\" data-end=\"703\">Intern quiltning ger extra v\u00e4rme<\/p>\n<\/li>\n<li data-start=\"704\" data-end=\"754\">\n<p data-start=\"706\" data-end=\"754\">Br\u00f6stficka med dragkedja och handv\u00e4rmarfickor<\/p>\n<\/li>\n<li data-start=\"755\" data-end=\"796\">\n<p data-start=\"757\" data-end=\"796\">Fast huva med justerbar synlighet<\/p>\n<\/li>\n<li data-start=\"797\" data-end=\"851\">\n<p data-start=\"799\" data-end=\"851\">Innerfickor och justering av f\u00e5llen i tv\u00e5 riktningar<\/p>\n<\/li>\n<\/ul>\n","protected":false},"excerpt":{"rendered":"<p>Forecast \u00e4r en varm PrimaLoft-jacka med en l\u00e4ttare struktur \u00e4n traditionella syntetiska isoleringar. Det \u00e4r det perfekta ytterplagget n\u00e4r temperaturen b\u00f6rjar sjunka. Tack vare sina praktiska tekniska funktioner och PrimaLoft\u00ae-isolering erbjuder Forecast-jackan ett f\u00f6rstklassigt alternativ till naturligt dun. Dess l\u00e5ga vattenabsorption g\u00f6r att den beh\u00e5ller v\u00e4rmen \u00e4ven n\u00e4r den \u00e4r v\u00e5t, vilket hj\u00e4lper till att [&#8230;]\n","protected":false},"featured_media":292810,"comment_status":"open","ping_status":"closed","template":"","meta":[],"product_brand":[],"product_cat":[2741],"product_tag":[],"class_list":{"0":"post-293368","1":"product","2":"type-product","3":"status-publish","4":"has-post-thumbnail","6":"product_cat-jackor","8":"first","9":"instock","10":"taxable","11":"shipping-taxable","12":"purchasable","13":"product-type-variable"},"composite_virtual":false,"composite_layout":"","composite_add_to_cart_form_location":"","composite_editable_in_cart":false,"composite_sold_individually_context":"","composite_shop_price_calc":"","composite_components":[],"composite_scenarios":[],"group_of_quantity":0,"min_quantity":0,"max_quantity":"","exclude_order_quantity_value_rules":"no","exclude_category_quantity_rules":"no","combine_variations":"no","exclude_global_add_ons":[],"addons":[],"_links":{"self":[{"href":"https:\/\/www.huntersfriend.eu\/sv\/wp-json\/wp\/v2\/product\/293368","targetHints":{"allow":["GET"]}}],"collection":[{"href":"https:\/\/www.huntersfriend.eu\/sv\/wp-json\/wp\/v2\/product"}],"about":[{"href":"https:\/\/www.huntersfriend.eu\/sv\/wp-json\/wp\/v2\/types\/product"}],"replies":[{"embeddable":true,"href":"https:\/\/www.huntersfriend.eu\/sv\/wp-json\/wp\/v2\/comments?post=293368"}],"wp:featuredmedia":[{"embeddable":true,"href":"https:\/\/www.huntersfriend.eu\/sv\/wp-json\/wp\/v2\/media\/292810"}],"wp:attachment":[{"href":"https:\/\/www.huntersfriend.eu\/sv\/wp-json\/wp\/v2\/media?parent=293368"}],"wp:term":[{"taxonomy":"product_brand","embeddable":true,"href":"https:\/\/www.huntersfriend.eu\/sv\/wp-json\/wp\/v2\/product_brand?post=293368"},{"taxonomy":"product_cat","embeddable":true,"href":"https:\/\/www.huntersfriend.eu\/sv\/wp-json\/wp\/v2\/product_cat?post=293368"},{"taxonomy":"product_tag","embeddable":true,"href":"https:\/\/www.huntersfriend.eu\/sv\/wp-json\/wp\/v2\/product_tag?post=293368"}],"curies":[{"name":"wp","href":"https:\/\/api.w.org\/{rel}","templated":true}]}}