{"id":293362,"date":"2025-12-02T08:44:56","date_gmt":"2025-12-02T06:44:56","guid":{"rendered":"https:\/\/www.huntersfriend.eu\/product\/grundens-distant-harbor-jacket-anchor\/"},"modified":"2025-12-16T15:49:33","modified_gmt":"2025-12-16T13:49:33","slug":"grundens-distant-harbor-jacket-anchor","status":"publish","type":"product","link":"https:\/\/www.huntersfriend.eu\/sv\/produkt\/grundens-distant-harbor-jacket-anchor\/","title":{"rendered":"Grundens Distant Harbor Jacket Anchor"},"content":{"rendered":"<p data-start=\"39\" data-end=\"417\">Oavsett om du beh\u00f6ver ett bekv\u00e4mt mellanlager eller en jacka som kan anv\u00e4ndas separat f\u00f6r att ge v\u00e4rme och st\u00f6ta bort fukt, \u00e4r <strong data-start=\"141\" data-end=\"159\">Distant Harbor<\/strong> den perfekta l\u00f6sningen. Tack vare PrimaLoft\u00ae-isoleringen och den l\u00e4tta designen erbjuder den h\u00e4r jackan ett f\u00f6rstklassigt alternativ till naturligt dun. Med l\u00e5g vattenabsorption beh\u00e5ller den v\u00e4rmen \u00e4ven n\u00e4r den \u00e4r v\u00e5t, vilket hj\u00e4lper till att bevara din kroppsv\u00e4rme i alla f\u00f6rh\u00e5llanden.  <\/p>\n<p data-start=\"419\" data-end=\"448\"><strong data-start=\"419\" data-end=\"448\">Tekniska specifikationer:<\/strong><\/p>\n<ul data-start=\"450\" data-end=\"777\">\n<li data-start=\"450\" data-end=\"538\">\n<p data-start=\"452\" data-end=\"538\">Yttertyg i 100 % nylon med DWR-behandling f\u00f6r \u00f6kad h\u00e5llbarhet och vattenavvisning<\/p>\n<\/li>\n<li data-start=\"539\" data-end=\"566\">\n<p data-start=\"541\" data-end=\"566\">Kraftig dragkedja fram<\/p>\n<\/li>\n<li data-start=\"567\" data-end=\"635\">\n<p data-start=\"569\" data-end=\"635\">80 g PrimaLoft\u00ae-isolering ger utm\u00e4rkt v\u00e4rme och komfort<\/p>\n<\/li>\n<li data-start=\"636\" data-end=\"656\">\n<p data-start=\"638\" data-end=\"656\">Tv\u00e5 handfickor<\/p>\n<\/li>\n<li data-start=\"657\" data-end=\"680\">\n<p data-start=\"659\" data-end=\"680\">Inv\u00e4ndig ficka med dragkedja<\/p>\n<\/li>\n<li data-start=\"681\" data-end=\"699\">\n<p data-start=\"683\" data-end=\"699\">Justerbar f\u00e5ll<\/p>\n<\/li>\n<li data-start=\"700\" data-end=\"728\">\n<p data-start=\"702\" data-end=\"728\">Reflekterande Grund\u00e9ns-logga<\/p>\n<\/li>\n<li data-start=\"729\" data-end=\"777\">\n<p data-start=\"731\" data-end=\"777\">Ventilerande, l\u00e4tt och l\u00e4tt att packa<\/p>\n<\/li>\n<\/ul>\n","protected":false},"excerpt":{"rendered":"<p>Oavsett om du beh\u00f6ver ett bekv\u00e4mt mellanlager eller en jacka som kan anv\u00e4ndas separat f\u00f6r att ge v\u00e4rme och st\u00f6ta bort fukt, \u00e4r Distant Harbor den perfekta l\u00f6sningen. Tack vare PrimaLoft\u00ae-isoleringen och den l\u00e4tta designen erbjuder den h\u00e4r jackan ett f\u00f6rstklassigt alternativ till naturligt dun. Med l\u00e5g vattenabsorption beh\u00e5ller den v\u00e4rmen \u00e4ven n\u00e4r den \u00e4r [&#8230;]\n","protected":false},"featured_media":292790,"comment_status":"open","ping_status":"closed","template":"","meta":[],"product_brand":[],"product_cat":[2741],"product_tag":[],"class_list":{"0":"post-293362","1":"product","2":"type-product","3":"status-publish","4":"has-post-thumbnail","6":"product_cat-jackor","8":"first","9":"instock","10":"taxable","11":"shipping-taxable","12":"purchasable","13":"product-type-variable"},"composite_virtual":false,"composite_layout":"","composite_add_to_cart_form_location":"","composite_editable_in_cart":false,"composite_sold_individually_context":"","composite_shop_price_calc":"","composite_components":[],"composite_scenarios":[],"group_of_quantity":0,"min_quantity":0,"max_quantity":"","exclude_order_quantity_value_rules":"no","exclude_category_quantity_rules":"no","combine_variations":"no","exclude_global_add_ons":[],"addons":[],"_links":{"self":[{"href":"https:\/\/www.huntersfriend.eu\/sv\/wp-json\/wp\/v2\/product\/293362","targetHints":{"allow":["GET"]}}],"collection":[{"href":"https:\/\/www.huntersfriend.eu\/sv\/wp-json\/wp\/v2\/product"}],"about":[{"href":"https:\/\/www.huntersfriend.eu\/sv\/wp-json\/wp\/v2\/types\/product"}],"replies":[{"embeddable":true,"href":"https:\/\/www.huntersfriend.eu\/sv\/wp-json\/wp\/v2\/comments?post=293362"}],"wp:featuredmedia":[{"embeddable":true,"href":"https:\/\/www.huntersfriend.eu\/sv\/wp-json\/wp\/v2\/media\/292790"}],"wp:attachment":[{"href":"https:\/\/www.huntersfriend.eu\/sv\/wp-json\/wp\/v2\/media?parent=293362"}],"wp:term":[{"taxonomy":"product_brand","embeddable":true,"href":"https:\/\/www.huntersfriend.eu\/sv\/wp-json\/wp\/v2\/product_brand?post=293362"},{"taxonomy":"product_cat","embeddable":true,"href":"https:\/\/www.huntersfriend.eu\/sv\/wp-json\/wp\/v2\/product_cat?post=293362"},{"taxonomy":"product_tag","embeddable":true,"href":"https:\/\/www.huntersfriend.eu\/sv\/wp-json\/wp\/v2\/product_tag?post=293362"}],"curies":[{"name":"wp","href":"https:\/\/api.w.org\/{rel}","templated":true}]}}