{"id":293361,"date":"2025-11-25T10:20:25","date_gmt":"2025-11-25T08:20:25","guid":{"rendered":"https:\/\/www.huntersfriend.eu\/product\/pni-h13-avtryckarlas\/"},"modified":"2025-12-16T15:49:32","modified_gmt":"2025-12-16T13:49:32","slug":"pni-h13-avtryckarlas","status":"publish","type":"product","link":"https:\/\/www.huntersfriend.eu\/sv\/produkt\/pni-h13-avtryckarlas\/","title":{"rendered":"PNI H13 avtryckarl\u00e5s"},"content":{"rendered":"<h3 class=\"h-dr\">H\u00f6gkvalitativt avtryckarl\u00e5s<\/h3>\n<p class=\"detalii\">PNI Hunting H13 avtryckarl\u00e5s \u00e4r en utm\u00e4rkt l\u00f6sning f\u00f6r vapen\u00e4gare och ger ytterligare kontroll \u00f6ver anv\u00e4ndningen. Med en design baserad p\u00e5 ett t\u00e5ligt st\u00e5lmaterial s\u00e4kerst\u00e4ller denna enhet p\u00e5litlig drift och l\u00e5ng h\u00e5llbarhet. Anv\u00e4ndare kan njuta av ett effektivt s\u00e4kerhetssystem med en sifferkombination f\u00f6r \u00f6kat skydd. Denna funktion \u00e4r viktig f\u00f6r att f\u00f6rhindra obeh\u00f6rig anv\u00e4ndning av vapen.   <\/p>\n<h3 class=\"h-st\">Avancerad s\u00e4kerhet med kryptering<\/h3>\n<p class=\"detalii\">PNI Hunting H13-l\u00e5sets kodsystem ger ytterligare skydd och g\u00f6r det m\u00f6jligt f\u00f6r anv\u00e4ndare att enkelt s\u00e4kra sina vapen. Detta g\u00f6r produkten idealisk f\u00f6r personer som vill f\u00f6rvara sina vapen i en s\u00e4ker milj\u00f6, vilket minskar risken f\u00f6r olyckor eller obeh\u00f6rig anv\u00e4ndning. Den medf\u00f6ljande \u00e5terst\u00e4llningsnyckeln s\u00e4kerst\u00e4ller en enkel uppl\u00e5sningsprocess om du beh\u00f6ver \u00e4ndra kodkombinationen.  <\/p>\n<h3 class=\"h-dr\">Robust och funktionell design<\/h3>\n<p class=\"detalii\">PNI Hunting H13 avtryckarl\u00e5s \u00e4r tillverkat av st\u00e5l och utm\u00e4rker sig f\u00f6r sin robusta design, vilket g\u00f6r det idealiskt f\u00f6r b\u00e5de inom- och utomhusbruk. Det korrosions- och slitstarka materialet s\u00e4kerst\u00e4ller l\u00e5ngvarig anv\u00e4ndning, \u00e4ven under de sv\u00e5raste f\u00f6rh\u00e5llanden. Denna h\u00e5llbarhet \u00e4r avg\u00f6rande f\u00f6r jaktentusiaster eller de som anv\u00e4nder vapen ofta.  <\/p>\n<h3 class=\"h-st\">M\u00e5ngsidig anv\u00e4ndning f\u00f6r vapens\u00e4kerhet<\/h3>\n<p class=\"detalii\">PNI Hunting H13 vapenl\u00e5s \u00e4r idealiskt f\u00f6r dem som \u00e4ger l\u00e5nga vapen, som gev\u00e4r, hagelgev\u00e4r eller karbiner. Det kan anv\u00e4ndas i olika scenarier, inklusive f\u00f6rvaring av vapen hemma, underl\u00e4ttande av s\u00e4ker transport eller s\u00e4kring av vapnet medan det anv\u00e4nds av en j\u00e4gare. Oavsett sammanhang ger denna enhet vapen\u00e4gare sinnesfrid.  <\/p>\n","protected":false},"excerpt":{"rendered":"<p>H\u00f6gkvalitativt avtryckarl\u00e5s PNI Hunting H13 avtryckarl\u00e5s \u00e4r en utm\u00e4rkt l\u00f6sning f\u00f6r vapen\u00e4gare och ger ytterligare kontroll \u00f6ver anv\u00e4ndningen. Med en design baserad p\u00e5 ett t\u00e5ligt st\u00e5lmaterial s\u00e4kerst\u00e4ller denna enhet p\u00e5litlig drift och l\u00e5ng h\u00e5llbarhet. Anv\u00e4ndare kan njuta av ett effektivt s\u00e4kerhetssystem med en sifferkombination f\u00f6r \u00f6kat skydd. Denna funktion \u00e4r viktig f\u00f6r att f\u00f6rhindra obeh\u00f6rig [&#8230;]\n","protected":false},"featured_media":292351,"comment_status":"open","ping_status":"closed","template":"","meta":[],"product_brand":[],"product_cat":[2623,2568,2624,2564],"product_tag":[],"class_list":{"0":"post-293361","1":"product","2":"type-product","3":"status-publish","4":"has-post-thumbnail","6":"product_cat-forvaringstillbehor","7":"product_cat-jakt-tillbehor","8":"product_cat-jakt-och-malskyttetillbehor","9":"product_cat-remmar-tillbehor","11":"first","12":"instock","13":"featured","14":"taxable","15":"shipping-taxable","16":"purchasable","17":"product-type-simple"},"composite_virtual":false,"composite_layout":"","composite_add_to_cart_form_location":"","composite_editable_in_cart":false,"composite_sold_individually_context":"","composite_shop_price_calc":"","composite_components":[],"composite_scenarios":[],"group_of_quantity":0,"min_quantity":0,"max_quantity":"","exclude_order_quantity_value_rules":"no","exclude_category_quantity_rules":"no","combine_variations":"no","exclude_global_add_ons":[],"addons":[],"_links":{"self":[{"href":"https:\/\/www.huntersfriend.eu\/sv\/wp-json\/wp\/v2\/product\/293361","targetHints":{"allow":["GET"]}}],"collection":[{"href":"https:\/\/www.huntersfriend.eu\/sv\/wp-json\/wp\/v2\/product"}],"about":[{"href":"https:\/\/www.huntersfriend.eu\/sv\/wp-json\/wp\/v2\/types\/product"}],"replies":[{"embeddable":true,"href":"https:\/\/www.huntersfriend.eu\/sv\/wp-json\/wp\/v2\/comments?post=293361"}],"wp:featuredmedia":[{"embeddable":true,"href":"https:\/\/www.huntersfriend.eu\/sv\/wp-json\/wp\/v2\/media\/292351"}],"wp:attachment":[{"href":"https:\/\/www.huntersfriend.eu\/sv\/wp-json\/wp\/v2\/media?parent=293361"}],"wp:term":[{"taxonomy":"product_brand","embeddable":true,"href":"https:\/\/www.huntersfriend.eu\/sv\/wp-json\/wp\/v2\/product_brand?post=293361"},{"taxonomy":"product_cat","embeddable":true,"href":"https:\/\/www.huntersfriend.eu\/sv\/wp-json\/wp\/v2\/product_cat?post=293361"},{"taxonomy":"product_tag","embeddable":true,"href":"https:\/\/www.huntersfriend.eu\/sv\/wp-json\/wp\/v2\/product_tag?post=293361"}],"curies":[{"name":"wp","href":"https:\/\/api.w.org\/{rel}","templated":true}]}}