{"id":293349,"date":"2025-12-02T08:45:10","date_gmt":"2025-12-02T06:45:10","guid":{"rendered":"https:\/\/www.huntersfriend.eu\/product\/grundens-dark-seas-x-instinctive-hoodie\/"},"modified":"2025-12-16T15:49:18","modified_gmt":"2025-12-16T13:49:18","slug":"grundens-dark-seas-x-instinctive-hoodie","status":"publish","type":"product","link":"https:\/\/www.huntersfriend.eu\/sv\/produkt\/grundens-dark-seas-x-instinctive-hoodie\/","title":{"rendered":"Grundens Dark Seas X Instinctive-hoodie"},"content":{"rendered":"<p data-start=\"39\" data-end=\"181\">En supermjuk och varm hoodie som kombinerar komfort, slitstyrka och unik design. Perfekt f\u00f6r utomhusaktiviteter, resor eller vardagsbruk. <\/p>\n<p data-start=\"183\" data-end=\"192\">Funktioner:<\/p>\n<ul data-start=\"194\" data-end=\"389\">\n<li data-start=\"194\" data-end=\"241\">\n<p data-start=\"196\" data-end=\"241\">Mjukt och varmt 50\/50 bomull-polyestertyg<\/p>\n<\/li>\n<li data-start=\"242\" data-end=\"284\">\n<p data-start=\"244\" data-end=\"284\">Dragkedja i full\u00e4ngd f\u00f6r enkel p\u00e5- och avtagning<\/p>\n<\/li>\n<li data-start=\"285\" data-end=\"325\">\n<p data-start=\"287\" data-end=\"325\">Grund\u00e9ns passform \u2013 slitstark och praktisk<\/p>\n<\/li>\n<li data-start=\"326\" data-end=\"359\">\n<p data-start=\"328\" data-end=\"359\">L\u00e4ttsk\u00f6tt och redo f\u00f6r \u00e4ventyr<\/p>\n<\/li>\n<li data-start=\"360\" data-end=\"389\">\n<p data-start=\"362\" data-end=\"389\">Dark Seas maritim design<\/p>\n<\/li>\n<\/ul>\n<p data-start=\"391\" data-end=\"416\">Tekniska specifikationer:<\/p>\n<ul data-start=\"418\" data-end=\"652\" data-is-last-node=\"\" data-is-only-node=\"\">\n<li data-start=\"418\" data-end=\"456\">\n<p data-start=\"420\" data-end=\"456\">Material: 50 % bomull \/ 50 % polyester<\/p>\n<\/li>\n<li data-start=\"457\" data-end=\"487\">\n<p data-start=\"459\" data-end=\"487\">Dragkedja: full\u00e4ngd, fram<\/p>\n<\/li>\n<li data-start=\"488\" data-end=\"570\">\n<p data-start=\"490\" data-end=\"570\">Sk\u00f6tselr\u00e5d: Maskintv\u00e4tt i 40 \u00b0C med liknande f\u00e4rger, torktumla p\u00e5 l\u00e5g v\u00e4rme<\/p>\n<\/li>\n<li data-start=\"571\" data-end=\"652\" data-is-last-node=\"\">\n<p data-start=\"573\" data-end=\"652\" data-is-last-node=\"\">F\u00e5r inte strykas, kemtv\u00e4ttas eller anv\u00e4ndas med pulvertv\u00e4ttmedel, sk\u00f6ljmedel eller blekmedel<\/p>\n<\/li>\n<\/ul>\n","protected":false},"excerpt":{"rendered":"<p>En supermjuk och varm hoodie som kombinerar komfort, slitstyrka och unik design. Perfekt f\u00f6r utomhusaktiviteter, resor eller vardagsbruk. Funktioner: Mjukt och varmt 50\/50 bomull-polyestertyg Dragkedja i full\u00e4ngd f\u00f6r enkel p\u00e5- och avtagning Grund\u00e9ns passform \u2013 slitstark och praktisk L\u00e4ttsk\u00f6tt och redo f\u00f6r \u00e4ventyr Dark Seas maritim design Tekniska specifikationer: Material: 50 % bomull \/ 50 [&#8230;]\n","protected":false},"featured_media":292936,"comment_status":"open","ping_status":"closed","template":"","meta":[],"product_brand":[],"product_cat":[2813],"product_tag":[],"class_list":{"0":"post-293349","1":"product","2":"type-product","3":"status-publish","4":"has-post-thumbnail","6":"product_cat-skjortor-hoodies","8":"first","9":"instock","10":"taxable","11":"shipping-taxable","12":"purchasable","13":"product-type-variable"},"composite_virtual":false,"composite_layout":"","composite_add_to_cart_form_location":"","composite_editable_in_cart":false,"composite_sold_individually_context":"","composite_shop_price_calc":"","composite_components":[],"composite_scenarios":[],"group_of_quantity":0,"min_quantity":0,"max_quantity":"","exclude_order_quantity_value_rules":"no","exclude_category_quantity_rules":"no","combine_variations":"no","exclude_global_add_ons":[],"addons":[],"_links":{"self":[{"href":"https:\/\/www.huntersfriend.eu\/sv\/wp-json\/wp\/v2\/product\/293349","targetHints":{"allow":["GET"]}}],"collection":[{"href":"https:\/\/www.huntersfriend.eu\/sv\/wp-json\/wp\/v2\/product"}],"about":[{"href":"https:\/\/www.huntersfriend.eu\/sv\/wp-json\/wp\/v2\/types\/product"}],"replies":[{"embeddable":true,"href":"https:\/\/www.huntersfriend.eu\/sv\/wp-json\/wp\/v2\/comments?post=293349"}],"wp:featuredmedia":[{"embeddable":true,"href":"https:\/\/www.huntersfriend.eu\/sv\/wp-json\/wp\/v2\/media\/292936"}],"wp:attachment":[{"href":"https:\/\/www.huntersfriend.eu\/sv\/wp-json\/wp\/v2\/media?parent=293349"}],"wp:term":[{"taxonomy":"product_brand","embeddable":true,"href":"https:\/\/www.huntersfriend.eu\/sv\/wp-json\/wp\/v2\/product_brand?post=293349"},{"taxonomy":"product_cat","embeddable":true,"href":"https:\/\/www.huntersfriend.eu\/sv\/wp-json\/wp\/v2\/product_cat?post=293349"},{"taxonomy":"product_tag","embeddable":true,"href":"https:\/\/www.huntersfriend.eu\/sv\/wp-json\/wp\/v2\/product_tag?post=293349"}],"curies":[{"name":"wp","href":"https:\/\/api.w.org\/{rel}","templated":true}]}}