{"id":293339,"date":"2025-12-02T08:45:09","date_gmt":"2025-12-02T06:45:09","guid":{"rendered":"https:\/\/www.huntersfriend.eu\/product\/grundens-light-crew-understall\/"},"modified":"2025-12-16T15:49:17","modified_gmt":"2025-12-16T13:49:17","slug":"grundens-light-crew-understall","status":"publish","type":"product","link":"https:\/\/www.huntersfriend.eu\/sv\/produkt\/grundens-light-crew-understall\/","title":{"rendered":"Grundens Light Crew Underst\u00e4ll"},"content":{"rendered":"<p data-start=\"39\" data-end=\"354\">Grundens Light Crew underst\u00e4llsbyxor \u00e4r det perfekta valet f\u00f6r aktivt utomhusbruk, fiske eller annan fysisk aktivitet d\u00e4r det f\u00f6rsta lagret \u00e4r avg\u00f6rande. Tillverkade av l\u00e4tt och ventilerande material. HeiQ\u2122 luktkontrollteknologi hj\u00e4lper till att f\u00f6rhindra luktbildning och h\u00e5ller plagget fr\u00e4scht \u00e4ven under l\u00e5ngvarig anv\u00e4ndning.  <\/p>\n<p data-start=\"356\" data-end=\"680\">Dessa underst\u00e4llsbyxor fungerar b\u00e5de som ett frist\u00e5ende lager i milda f\u00f6rh\u00e5llanden och som ett konstant baslager under aktiv r\u00f6relse. Komfort, r\u00f6relsefrihet och fukttransport har tagits till en ny niv\u00e5 s\u00e5 att du kan fokusera p\u00e5 det som \u00e4r viktigt \u2013 att vara utomhus och h\u00e5lla dig aktiv \u2013 utan att ditt underst\u00e4ll hindrar dig. <\/p>\n<p data-start=\"682\" data-end=\"701\">Tekniska detaljer<\/p>\n<ul data-start=\"702\" data-end=\"1090\">\n<li data-start=\"702\" data-end=\"755\">\n<p data-start=\"704\" data-end=\"755\">L\u00e4tta och h\u00f6gpresterande underst\u00e4llsbyxor<\/p>\n<\/li>\n<li data-start=\"756\" data-end=\"841\">\n<p data-start=\"758\" data-end=\"841\">HeiQ\u2122 luktkontrollteknologi f\u00f6rhindrar obehagliga lukter, \u00e4ven under l\u00e4ngre anv\u00e4ndning<\/p>\n<\/li>\n<li data-start=\"842\" data-end=\"920\">\n<p data-start=\"844\" data-end=\"920\">Materialet transporterar bort fukt fr\u00e5n huden f\u00f6r att h\u00e5lla dig torr under aktivitet<\/p>\n<\/li>\n<li data-start=\"921\" data-end=\"946\">\n<p data-start=\"923\" data-end=\"946\">UPF 30 solskydd<\/p>\n<\/li>\n<li data-start=\"947\" data-end=\"986\">\n<p data-start=\"949\" data-end=\"986\">Elastiskt midjeband f\u00f6r extra komfort<\/p>\n<\/li>\n<li data-start=\"987\" data-end=\"1052\">\n<p data-start=\"989\" data-end=\"1052\">Kil i grenen och muddar i bensluten f\u00f6r f\u00f6rb\u00e4ttrad r\u00f6rlighet<\/p>\n<\/li>\n<li data-start=\"1053\" data-end=\"1090\">\n<p data-start=\"1055\" data-end=\"1090\">Flatlocks\u00f6mmar f\u00f6r att f\u00f6rhindra skav<\/p>\n<\/li>\n<\/ul>\n<p data-start=\"1092\" data-end=\"1111\">Sk\u00f6tselr\u00e5d<\/p>\n<ul data-start=\"1112\" data-end=\"1304\" data-is-last-node=\"\" data-is-only-node=\"\">\n<li data-start=\"1112\" data-end=\"1156\">\n<p data-start=\"1114\" data-end=\"1156\">Maskintv\u00e4tt vid 40 \u00b0C med milt tv\u00e4ttmedel<\/p>\n<\/li>\n<li data-start=\"1157\" data-end=\"1185\">\n<p data-start=\"1159\" data-end=\"1185\">Tv\u00e4tta med liknande f\u00e4rger<\/p>\n<\/li>\n<li data-start=\"1186\" data-end=\"1207\">\n<p data-start=\"1188\" data-end=\"1207\">Torktumla p\u00e5 l\u00e5g v\u00e4rme<\/p>\n<\/li>\n<li data-start=\"1208\" data-end=\"1223\">\n<p data-start=\"1210\" data-end=\"1223\">F\u00e5r ej strykas<\/p>\n<\/li>\n<li data-start=\"1224\" data-end=\"1244\">\n<p data-start=\"1226\" data-end=\"1244\">F\u00e5r ej kemtv\u00e4ttas<\/p>\n<\/li>\n<li data-start=\"1245\" data-end=\"1304\" data-is-last-node=\"\">\n<p data-start=\"1247\" data-end=\"1304\" data-is-last-node=\"\">Anv\u00e4nd inte pulvertv\u00e4ttmedel, sk\u00f6ljmedel eller blekmedel<\/p>\n<\/li>\n<\/ul>\n","protected":false},"excerpt":{"rendered":"<p>Grundens Light Crew underst\u00e4llsbyxor \u00e4r det perfekta valet f\u00f6r aktivt utomhusbruk, fiske eller annan fysisk aktivitet d\u00e4r det f\u00f6rsta lagret \u00e4r avg\u00f6rande. Tillverkade av l\u00e4tt och ventilerande material. HeiQ\u2122 luktkontrollteknologi hj\u00e4lper till att f\u00f6rhindra luktbildning och h\u00e5ller plagget fr\u00e4scht \u00e4ven under l\u00e5ngvarig anv\u00e4ndning. Dessa underst\u00e4llsbyxor fungerar b\u00e5de som ett frist\u00e5ende lager i milda f\u00f6rh\u00e5llanden och [&#8230;]\n","protected":false},"featured_media":292943,"comment_status":"open","ping_status":"closed","template":"","meta":[],"product_brand":[],"product_cat":[2580],"product_tag":[],"class_list":{"0":"post-293339","1":"product","2":"type-product","3":"status-publish","4":"has-post-thumbnail","6":"product_cat-lager-pa-lager","8":"first","9":"instock","10":"taxable","11":"shipping-taxable","12":"purchasable","13":"product-type-variable"},"composite_virtual":false,"composite_layout":"","composite_add_to_cart_form_location":"","composite_editable_in_cart":false,"composite_sold_individually_context":"","composite_shop_price_calc":"","composite_components":[],"composite_scenarios":[],"group_of_quantity":0,"min_quantity":0,"max_quantity":"","exclude_order_quantity_value_rules":"no","exclude_category_quantity_rules":"no","combine_variations":"no","exclude_global_add_ons":[],"addons":[],"_links":{"self":[{"href":"https:\/\/www.huntersfriend.eu\/sv\/wp-json\/wp\/v2\/product\/293339","targetHints":{"allow":["GET"]}}],"collection":[{"href":"https:\/\/www.huntersfriend.eu\/sv\/wp-json\/wp\/v2\/product"}],"about":[{"href":"https:\/\/www.huntersfriend.eu\/sv\/wp-json\/wp\/v2\/types\/product"}],"replies":[{"embeddable":true,"href":"https:\/\/www.huntersfriend.eu\/sv\/wp-json\/wp\/v2\/comments?post=293339"}],"wp:featuredmedia":[{"embeddable":true,"href":"https:\/\/www.huntersfriend.eu\/sv\/wp-json\/wp\/v2\/media\/292943"}],"wp:attachment":[{"href":"https:\/\/www.huntersfriend.eu\/sv\/wp-json\/wp\/v2\/media?parent=293339"}],"wp:term":[{"taxonomy":"product_brand","embeddable":true,"href":"https:\/\/www.huntersfriend.eu\/sv\/wp-json\/wp\/v2\/product_brand?post=293339"},{"taxonomy":"product_cat","embeddable":true,"href":"https:\/\/www.huntersfriend.eu\/sv\/wp-json\/wp\/v2\/product_cat?post=293339"},{"taxonomy":"product_tag","embeddable":true,"href":"https:\/\/www.huntersfriend.eu\/sv\/wp-json\/wp\/v2\/product_tag?post=293339"}],"curies":[{"name":"wp","href":"https:\/\/api.w.org\/{rel}","templated":true}]}}