{"id":293338,"date":"2025-12-02T10:43:56","date_gmt":"2025-12-02T08:43:56","guid":{"rendered":"https:\/\/www.huntersfriend.eu\/product\/grundens-shackleton-duffel-105-l\/"},"modified":"2025-12-16T15:49:17","modified_gmt":"2025-12-16T13:49:17","slug":"grundens-shackleton-duffel-105-l","status":"publish","type":"product","link":"https:\/\/www.huntersfriend.eu\/sv\/produkt\/grundens-shackleton-duffel-105-l\/","title":{"rendered":"Grund\u00e9ns Shackleton Duffel 105 L"},"content":{"rendered":"<p data-start=\"39\" data-end=\"98\"><strong data-start=\"39\" data-end=\"98\">Shackleton Duffel \u2013 Redo f\u00f6r \u00e4ventyr, i alla v\u00e4der<\/strong><\/p>\n<p data-start=\"100\" data-end=\"392\">Shackleton Duffel lever upp till sitt namn: robust, p\u00e5litlig och byggd f\u00f6r att klara kr\u00e4vande f\u00f6rh\u00e5llanden b\u00e5de p\u00e5 land och till havs. Dess helt vattent\u00e4ta konstruktion och praktiska detaljer g\u00f6r den till ett p\u00e5litligt val f\u00f6r sportfiskare, vandrare och alla som beh\u00f6ver s\u00e4ker, torr f\u00f6rvaring f\u00f6r sin utrustning. <\/p>\n<p data-start=\"394\" data-end=\"778\">Shackleton \u00e4r designad f\u00f6r situationer d\u00e4r utrustningen m\u00e5ste h\u00e5llas absolut torr \u2013 oavsett om du \u00e4r p\u00e5 en b\u00e5ttur, en vandring eller arbetar i tuffare milj\u00f6er. Svetsade s\u00f6mmar och en rulltoppf\u00f6rslutning ger maximal vattent\u00e4thet, medan den rymliga interi\u00f6ren och separata f\u00f6rvaringsfack hj\u00e4lper till att h\u00e5lla dina saker organiserade. Slitstarka XL-remmar g\u00f6r det enkelt att b\u00e4ra, \u00e4ven \u00f6ver l\u00e5nga avst\u00e5nd.  <\/p>\n<p data-start=\"780\" data-end=\"796\"><strong data-start=\"780\" data-end=\"796\">Viktiga funktioner<\/strong><\/p>\n<ul data-start=\"798\" data-end=\"1080\">\n<li data-start=\"798\" data-end=\"859\">\n<p data-start=\"800\" data-end=\"859\">100 % vattent\u00e4t konstruktion f\u00f6rst\u00e4rkt med svetsade s\u00f6mmar<\/p>\n<\/li>\n<li data-start=\"860\" data-end=\"906\">\n<p data-start=\"862\" data-end=\"906\">Rulltoppf\u00f6rslutning f\u00f6r en t\u00e4t och enkel f\u00f6rsegling<\/p>\n<\/li>\n<li data-start=\"907\" data-end=\"970\">\n<p data-start=\"909\" data-end=\"970\">XL-stora b\u00e4rremmar som \u00e4ven fungerar som axelremmar<\/p>\n<\/li>\n<li data-start=\"971\" data-end=\"1013\">\n<p data-start=\"973\" data-end=\"1013\">Extern ficka med dragkedja f\u00f6r s\u00e4ker f\u00f6rvaring<\/p>\n<\/li>\n<li data-start=\"1014\" data-end=\"1080\">\n<p data-start=\"1016\" data-end=\"1080\">Interna och externa fack h\u00e5ller utrustningen organiserad och torr<\/p>\n<\/li>\n<\/ul>\n<p data-start=\"1082\" data-end=\"1110\"><strong data-start=\"1082\" data-end=\"1110\">Tekniska specifikationer<\/strong><\/p>\n<ul data-start=\"1112\" data-end=\"1274\">\n<li data-start=\"1112\" data-end=\"1159\">\n<p data-start=\"1114\" data-end=\"1159\">Konstruktion: 100 % vattent\u00e4t, svetsade s\u00f6mmar<\/p>\n<\/li>\n<li data-start=\"1160\" data-end=\"1181\">\n<p data-start=\"1162\" data-end=\"1181\">F\u00f6rslutning: Rulltopp<\/p>\n<\/li>\n<li data-start=\"1182\" data-end=\"1227\">\n<p data-start=\"1184\" data-end=\"1227\">Remmar: XL-b\u00e4rremmar\/axelremmar<\/p>\n<\/li>\n<li data-start=\"1228\" data-end=\"1274\">\n<p data-start=\"1230\" data-end=\"1274\">Fickor: Extern s\u00e4kerhetsficka med dragkedja<\/p>\n<\/li>\n<\/ul>\n","protected":false},"excerpt":{"rendered":"<p>Shackleton Duffel \u2013 Redo f\u00f6r \u00e4ventyr, i alla v\u00e4der Shackleton Duffel lever upp till sitt namn: robust, p\u00e5litlig och byggd f\u00f6r att klara kr\u00e4vande f\u00f6rh\u00e5llanden b\u00e5de p\u00e5 land och till havs. Dess helt vattent\u00e4ta konstruktion och praktiska detaljer g\u00f6r den till ett p\u00e5litligt val f\u00f6r sportfiskare, vandrare och alla som beh\u00f6ver s\u00e4ker, torr f\u00f6rvaring f\u00f6r [&#8230;]\n","protected":false},"featured_media":292728,"comment_status":"open","ping_status":"closed","template":"","meta":[],"product_brand":[],"product_cat":[2566],"product_tag":[],"class_list":{"0":"post-293338","1":"product","2":"type-product","3":"status-publish","4":"has-post-thumbnail","6":"product_cat-jaktvaskor","8":"first","9":"instock","10":"taxable","11":"shipping-taxable","12":"purchasable","13":"product-type-variable"},"composite_virtual":false,"composite_layout":"","composite_add_to_cart_form_location":"","composite_editable_in_cart":false,"composite_sold_individually_context":"","composite_shop_price_calc":"","composite_components":[],"composite_scenarios":[],"group_of_quantity":0,"min_quantity":0,"max_quantity":"","exclude_order_quantity_value_rules":"no","exclude_category_quantity_rules":"no","combine_variations":"no","exclude_global_add_ons":[],"addons":[],"_links":{"self":[{"href":"https:\/\/www.huntersfriend.eu\/sv\/wp-json\/wp\/v2\/product\/293338","targetHints":{"allow":["GET"]}}],"collection":[{"href":"https:\/\/www.huntersfriend.eu\/sv\/wp-json\/wp\/v2\/product"}],"about":[{"href":"https:\/\/www.huntersfriend.eu\/sv\/wp-json\/wp\/v2\/types\/product"}],"replies":[{"embeddable":true,"href":"https:\/\/www.huntersfriend.eu\/sv\/wp-json\/wp\/v2\/comments?post=293338"}],"wp:featuredmedia":[{"embeddable":true,"href":"https:\/\/www.huntersfriend.eu\/sv\/wp-json\/wp\/v2\/media\/292728"}],"wp:attachment":[{"href":"https:\/\/www.huntersfriend.eu\/sv\/wp-json\/wp\/v2\/media?parent=293338"}],"wp:term":[{"taxonomy":"product_brand","embeddable":true,"href":"https:\/\/www.huntersfriend.eu\/sv\/wp-json\/wp\/v2\/product_brand?post=293338"},{"taxonomy":"product_cat","embeddable":true,"href":"https:\/\/www.huntersfriend.eu\/sv\/wp-json\/wp\/v2\/product_cat?post=293338"},{"taxonomy":"product_tag","embeddable":true,"href":"https:\/\/www.huntersfriend.eu\/sv\/wp-json\/wp\/v2\/product_tag?post=293338"}],"curies":[{"name":"wp","href":"https:\/\/api.w.org\/{rel}","templated":true}]}}