{"id":293329,"date":"2025-12-02T08:45:09","date_gmt":"2025-12-02T06:45:09","guid":{"rendered":"https:\/\/www.huntersfriend.eu\/product\/grundens-logo-boat-hoody\/"},"modified":"2025-12-16T15:49:16","modified_gmt":"2025-12-16T13:49:16","slug":"grundens-logo-boat-hoody","status":"publish","type":"product","link":"https:\/\/www.huntersfriend.eu\/sv\/produkt\/grundens-logo-boat-hoody\/","title":{"rendered":"Grundens Logo Boat Hoody"},"content":{"rendered":"<article class=\"text-token-text-primary w-full focus:outline-none [--shadow-height:45px] has-data-writing-block:pointer-events-none has-data-writing-block:-mt-(--shadow-height) has-data-writing-block:pt-(--shadow-height) [&amp;:has([data-writing-block])&gt;*]:pointer-events-auto scroll-mt-[calc(var(--header-height)+min(200px,max(70px,20svh)))]\" dir=\"auto\" tabindex=\"-1\" data-turn-id=\"request-WEB:b4209ec9-e01a-4d96-bc2f-6c787cce18e8-2\" data-testid=\"conversation-turn-6\" data-scroll-anchor=\"true\" data-turn=\"assistant\">\n<div class=\"text-base my-auto mx-auto pb-10 [--thread-content-margin:--spacing(4)] thread-sm:[--thread-content-margin:--spacing(6)] thread-lg:[--thread-content-margin:--spacing(16)] px-(--thread-content-margin)\">\n<div class=\"[--thread-content-max-width:40rem] thread-lg:[--thread-content-max-width:48rem] mx-auto max-w-(--thread-content-max-width) flex-1 group\/turn-messages focus-visible:outline-hidden relative flex w-full min-w-0 flex-col agent-turn\" tabindex=\"-1\">\n<div class=\"flex max-w-full flex-col grow\">\n<div class=\"min-h-8 text-message relative flex w-full flex-col items-end gap-2 text-start break-words whitespace-normal [.text-message+&amp;]:mt-1\" dir=\"auto\" data-message-author-role=\"assistant\" data-message-id=\"077825d7-1d25-4337-b521-4d4427c1dc88\" data-message-model-slug=\"gpt-5-1\">\n<div class=\"flex w-full flex-col gap-1 empty:hidden first:pt-[1px]\">\n<div class=\"markdown prose dark:prose-invert w-full break-words light markdown-new-styling\">\n<p data-start=\"39\" data-end=\"378\">Den h\u00e4r slitstarka hoodien h\u00e5ller dig varm och skyddad \u00e4ven i l\u00e4tt regn. DWR-behandlingen st\u00f6ter bort vatten och fl\u00e4ckar och hj\u00e4lper dig att h\u00e5lla dig torr och bekv\u00e4m. Den robusta och praktiska designen g\u00f6r den till en p\u00e5litlig f\u00f6ljeslagare f\u00f6r b\u00e5de arbete och fritid. Den klassiska maritima stilen kombinerar funktion och utseende, oavsett om du \u00e4r p\u00e5 vattnet eller p\u00e5 land.   <\/p>\n<p data-start=\"380\" data-end=\"389\">Funktioner:<\/p>\n<ul data-start=\"391\" data-end=\"583\">\n<li data-start=\"391\" data-end=\"435\">\n<p data-start=\"393\" data-end=\"435\">Ultramjuk 50\/50 bomulls-polyesterfleece<\/p>\n<\/li>\n<li data-start=\"436\" data-end=\"477\">\n<p data-start=\"438\" data-end=\"477\">DWR-behandling som st\u00f6ter bort vatten och fl\u00e4ckar<\/p>\n<\/li>\n<li data-start=\"478\" data-end=\"520\">\n<p data-start=\"480\" data-end=\"520\">K\u00e4nguruficka f\u00f6r att v\u00e4rma h\u00e4nderna<\/p>\n<\/li>\n<li data-start=\"521\" data-end=\"583\">\n<p data-start=\"523\" data-end=\"583\">L\u00e4mplig att b\u00e4ra ensam eller som en del av ett lagersystem<\/p>\n<\/li>\n<\/ul>\n<p data-start=\"585\" data-end=\"610\">Tekniska specifikationer:<\/p>\n<ul data-start=\"612\" data-end=\"812\" data-is-last-node=\"\" data-is-only-node=\"\">\n<li data-start=\"612\" data-end=\"650\">\n<p data-start=\"614\" data-end=\"650\">Material: 50 % bomull \/ 50 % polyester<\/p>\n<\/li>\n<li data-start=\"651\" data-end=\"730\">\n<p data-start=\"653\" data-end=\"730\">Sk\u00f6tselr\u00e5d: Maskintv\u00e4tt i 40 \u00b0C med liknande f\u00e4rger, torktumla p\u00e5 l\u00e5g v\u00e4rme<\/p>\n<\/li>\n<li data-start=\"731\" data-end=\"812\" data-is-last-node=\"\">\n<p data-start=\"733\" data-end=\"812\" data-is-last-node=\"\">F\u00e5r inte strykas, kemtv\u00e4ttas eller anv\u00e4ndas med pulvertv\u00e4ttmedel, sk\u00f6ljmedel eller blekmedel<\/p>\n<\/li>\n<\/ul>\n<\/div>\n<\/div>\n<\/div>\n<\/div>\n<div class=\"z-0 flex min-h-[46px] justify-start\"><\/div>\n<\/div>\n<\/div>\n<\/article>\n<div class=\"pointer-events-none h-px w-px\" aria-hidden=\"true\" data-edge=\"true\"><\/div>\n","protected":false},"excerpt":{"rendered":"<p>Den h\u00e4r slitstarka hoodien h\u00e5ller dig varm och skyddad \u00e4ven i l\u00e4tt regn. DWR-behandlingen st\u00f6ter bort vatten och fl\u00e4ckar och hj\u00e4lper dig att h\u00e5lla dig torr och bekv\u00e4m. Den robusta och praktiska designen g\u00f6r den till en p\u00e5litlig f\u00f6ljeslagare f\u00f6r b\u00e5de arbete och fritid. Den klassiska maritima stilen kombinerar funktion och utseende, oavsett om du [&#8230;]\n","protected":false},"featured_media":292929,"comment_status":"open","ping_status":"closed","template":"","meta":[],"product_brand":[],"product_cat":[2813],"product_tag":[],"class_list":{"0":"post-293329","1":"product","2":"type-product","3":"status-publish","4":"has-post-thumbnail","6":"product_cat-skjortor-hoodies","8":"first","9":"instock","10":"taxable","11":"shipping-taxable","12":"purchasable","13":"product-type-variable"},"composite_virtual":false,"composite_layout":"","composite_add_to_cart_form_location":"","composite_editable_in_cart":false,"composite_sold_individually_context":"","composite_shop_price_calc":"","composite_components":[],"composite_scenarios":[],"group_of_quantity":0,"min_quantity":0,"max_quantity":"","exclude_order_quantity_value_rules":"no","exclude_category_quantity_rules":"no","combine_variations":"no","exclude_global_add_ons":[],"addons":[],"_links":{"self":[{"href":"https:\/\/www.huntersfriend.eu\/sv\/wp-json\/wp\/v2\/product\/293329","targetHints":{"allow":["GET"]}}],"collection":[{"href":"https:\/\/www.huntersfriend.eu\/sv\/wp-json\/wp\/v2\/product"}],"about":[{"href":"https:\/\/www.huntersfriend.eu\/sv\/wp-json\/wp\/v2\/types\/product"}],"replies":[{"embeddable":true,"href":"https:\/\/www.huntersfriend.eu\/sv\/wp-json\/wp\/v2\/comments?post=293329"}],"wp:featuredmedia":[{"embeddable":true,"href":"https:\/\/www.huntersfriend.eu\/sv\/wp-json\/wp\/v2\/media\/292929"}],"wp:attachment":[{"href":"https:\/\/www.huntersfriend.eu\/sv\/wp-json\/wp\/v2\/media?parent=293329"}],"wp:term":[{"taxonomy":"product_brand","embeddable":true,"href":"https:\/\/www.huntersfriend.eu\/sv\/wp-json\/wp\/v2\/product_brand?post=293329"},{"taxonomy":"product_cat","embeddable":true,"href":"https:\/\/www.huntersfriend.eu\/sv\/wp-json\/wp\/v2\/product_cat?post=293329"},{"taxonomy":"product_tag","embeddable":true,"href":"https:\/\/www.huntersfriend.eu\/sv\/wp-json\/wp\/v2\/product_tag?post=293329"}],"curies":[{"name":"wp","href":"https:\/\/api.w.org\/{rel}","templated":true}]}}