{"id":293328,"date":"2025-12-02T08:45:19","date_gmt":"2025-12-02T06:45:19","guid":{"rendered":"https:\/\/www.huntersfriend.eu\/product\/grundens-bris-forklade-398\/"},"modified":"2025-12-16T15:49:16","modified_gmt":"2025-12-16T13:49:16","slug":"grundens-bris-forklade-398","status":"publish","type":"product","link":"https:\/\/www.huntersfriend.eu\/sv\/produkt\/grundens-bris-forklade-398\/","title":{"rendered":"Grundens Bris F\u00f6rkl\u00e4de 398"},"content":{"rendered":"<p data-start=\"39\" data-end=\"198\">F\u00f6r extra kladdiga jobb.<\/p>\n<p data-start=\"39\" data-end=\"198\">Ett h\u00f6gkvalitativt f\u00f6rkl\u00e4de med \u00e4rmar, flexibla muddar, ett dubbelt lager framtill f\u00f6r \u00f6kad h\u00e5llbarhet och ett elastiskt b\u00e4lte med snabbf\u00e4ste baktill.<\/p>\n<p data-start=\"200\" data-end=\"432\">Maskintv\u00e4tt vid 40 \u00b0C med milt tv\u00e4ttmedel<br data-start=\"241\" data-end=\"244\">Tv\u00e4tta med liknande f\u00e4rger<br data-start=\"268\" data-end=\"271\">Torktumla p\u00e5 l\u00e5g temperatur<br data-start=\"300\" data-end=\"303\">Stryk inte<br data-start=\"314\" data-end=\"317\" data-is-only-node=\"\">Ej l\u00e4mplig f\u00f6r kemtv\u00e4tt<br data-start=\"346\" data-end=\"349\">Anv\u00e4nd inte pulvertv\u00e4ttmedel, sk\u00f6ljmedel eller blekmedel<br data-start=\"406\" data-end=\"409\">Vattent\u00e4t<br data-start=\"419\" data-end=\"422\">PVC-belagd<\/p>\n<p data-start=\"434\" data-end=\"471\"><strong data-start=\"434\" data-end=\"446\">Material<\/strong><br data-start=\"446\" data-end=\"449\">Blandning av bomull\/polyester<\/p>\n","protected":false},"excerpt":{"rendered":"<p>F\u00f6r extra kladdiga jobb. Ett h\u00f6gkvalitativt f\u00f6rkl\u00e4de med \u00e4rmar, flexibla muddar, ett dubbelt lager framtill f\u00f6r \u00f6kad h\u00e5llbarhet och ett elastiskt b\u00e4lte med snabbf\u00e4ste baktill. Maskintv\u00e4tt vid 40 \u00b0C med milt tv\u00e4ttmedelTv\u00e4tta med liknande f\u00e4rgerTorktumla p\u00e5 l\u00e5g temperaturStryk inteEj l\u00e4mplig f\u00f6r kemtv\u00e4ttAnv\u00e4nd inte pulvertv\u00e4ttmedel, sk\u00f6ljmedel eller blekmedelVattent\u00e4tPVC-belagd MaterialBlandning av bomull\/polyester<\/p>\n","protected":false},"featured_media":292763,"comment_status":"open","ping_status":"closed","template":"","meta":[],"product_brand":[],"product_cat":[2620],"product_tag":[],"class_list":{"0":"post-293328","1":"product","2":"type-product","3":"status-publish","4":"has-post-thumbnail","6":"product_cat-viltbearbetning","8":"first","9":"instock","10":"taxable","11":"shipping-taxable","12":"purchasable","13":"product-type-variable"},"composite_virtual":false,"composite_layout":"","composite_add_to_cart_form_location":"","composite_editable_in_cart":false,"composite_sold_individually_context":"","composite_shop_price_calc":"","composite_components":[],"composite_scenarios":[],"group_of_quantity":0,"min_quantity":0,"max_quantity":"","exclude_order_quantity_value_rules":"no","exclude_category_quantity_rules":"no","combine_variations":"no","exclude_global_add_ons":[],"addons":[],"_links":{"self":[{"href":"https:\/\/www.huntersfriend.eu\/sv\/wp-json\/wp\/v2\/product\/293328","targetHints":{"allow":["GET"]}}],"collection":[{"href":"https:\/\/www.huntersfriend.eu\/sv\/wp-json\/wp\/v2\/product"}],"about":[{"href":"https:\/\/www.huntersfriend.eu\/sv\/wp-json\/wp\/v2\/types\/product"}],"replies":[{"embeddable":true,"href":"https:\/\/www.huntersfriend.eu\/sv\/wp-json\/wp\/v2\/comments?post=293328"}],"wp:featuredmedia":[{"embeddable":true,"href":"https:\/\/www.huntersfriend.eu\/sv\/wp-json\/wp\/v2\/media\/292763"}],"wp:attachment":[{"href":"https:\/\/www.huntersfriend.eu\/sv\/wp-json\/wp\/v2\/media?parent=293328"}],"wp:term":[{"taxonomy":"product_brand","embeddable":true,"href":"https:\/\/www.huntersfriend.eu\/sv\/wp-json\/wp\/v2\/product_brand?post=293328"},{"taxonomy":"product_cat","embeddable":true,"href":"https:\/\/www.huntersfriend.eu\/sv\/wp-json\/wp\/v2\/product_cat?post=293328"},{"taxonomy":"product_tag","embeddable":true,"href":"https:\/\/www.huntersfriend.eu\/sv\/wp-json\/wp\/v2\/product_tag?post=293328"}],"curies":[{"name":"wp","href":"https:\/\/api.w.org\/{rel}","templated":true}]}}