{"id":293316,"date":"2025-12-02T08:45:04","date_gmt":"2025-12-02T06:45:04","guid":{"rendered":"https:\/\/www.huntersfriend.eu\/product\/grundens-grundies-thermal-fz-hoody\/"},"modified":"2026-02-10T06:13:43","modified_gmt":"2026-02-10T04:13:43","slug":"grundens-grundies-thermal-fz-hoody","status":"publish","type":"product","link":"https:\/\/www.huntersfriend.eu\/sv\/produkt\/grundens-grundies-thermal-fz-hoody\/","title":{"rendered":"Grundens Grundies Thermal FZ Hoody"},"content":{"rendered":"<p data-start=\"39\" data-end=\"161\"><strong data-start=\"43\" data-end=\"86\">Grund\u00e9ns Grundies Thermal Fleece Hoodie<\/strong> \u00e4r ett varmt, h\u00f6gkvalitativt mellanlager designat f\u00f6r kalla och fuktiga f\u00f6rh\u00e5llanden.<\/p>\n<p data-start=\"163\" data-end=\"319\">Hoodien \u00e4r tillverkad av stretchig, temperaturreglerande fleece. Den har <strong data-start=\"240\" data-end=\"272\">HeiQ\u2122-luktkontrollbehandling<\/strong> som h\u00e5ller d\u00e5lig lukt borta \u00e4ven vid intensiv anv\u00e4ndning. <\/p>\n<p data-start=\"321\" data-end=\"377\">Perfekt f\u00f6r fiskeresor eller andra utomhusaktiviteter.<\/p>\n<ul data-start=\"379\" data-end=\"567\">\n<li data-start=\"379\" data-end=\"447\">\n<p data-start=\"381\" data-end=\"447\">Kraftig stretchfleece med temperaturreglerande egenskaper<\/p>\n<\/li>\n<li data-start=\"448\" data-end=\"493\">\n<p data-start=\"450\" data-end=\"493\">Djup dragkedja framtill f\u00f6r maximal ventilation<\/p>\n<\/li>\n<li data-start=\"494\" data-end=\"534\">\n<p data-start=\"496\" data-end=\"534\">Br\u00f6stficka f\u00f6r f\u00f6rvaring av sm\u00e5saker<\/p>\n<\/li>\n<li data-start=\"535\" data-end=\"567\">\n<p data-start=\"537\" data-end=\"567\">HeiQ\u2122-luktkontrollbehandling<\/p>\n<\/li>\n<\/ul>\n","protected":false},"excerpt":{"rendered":"<p>Grund\u00e9ns Grundies Thermal Fleece Hoodie \u00e4r ett varmt, h\u00f6gkvalitativt mellanlager designat f\u00f6r kalla och fuktiga f\u00f6rh\u00e5llanden. Hoodien \u00e4r tillverkad av stretchig, temperaturreglerande fleece. Den har HeiQ\u2122-luktkontrollbehandling som h\u00e5ller d\u00e5lig lukt borta \u00e4ven vid intensiv anv\u00e4ndning. Perfekt f\u00f6r fiskeresor eller andra utomhusaktiviteter. Kraftig stretchfleece med temperaturreglerande egenskaper Djup dragkedja framtill f\u00f6r maximal ventilation Br\u00f6stficka f\u00f6r f\u00f6rvaring [&#8230;]\n","protected":false},"featured_media":292834,"comment_status":"open","ping_status":"closed","template":"","meta":[],"product_brand":[],"product_cat":[2813],"product_tag":[],"class_list":{"0":"post-293316","1":"product","2":"type-product","3":"status-publish","4":"has-post-thumbnail","6":"product_cat-skjortor-hoodies","8":"first","9":"instock","10":"taxable","11":"shipping-taxable","12":"purchasable","13":"product-type-variable"},"composite_virtual":false,"composite_layout":"","composite_add_to_cart_form_location":"","composite_editable_in_cart":false,"composite_sold_individually_context":"","composite_shop_price_calc":"","composite_components":[],"composite_scenarios":[],"group_of_quantity":0,"min_quantity":0,"max_quantity":"","exclude_order_quantity_value_rules":"no","exclude_category_quantity_rules":"no","combine_variations":"no","exclude_global_add_ons":[],"addons":[],"_links":{"self":[{"href":"https:\/\/www.huntersfriend.eu\/sv\/wp-json\/wp\/v2\/product\/293316","targetHints":{"allow":["GET"]}}],"collection":[{"href":"https:\/\/www.huntersfriend.eu\/sv\/wp-json\/wp\/v2\/product"}],"about":[{"href":"https:\/\/www.huntersfriend.eu\/sv\/wp-json\/wp\/v2\/types\/product"}],"replies":[{"embeddable":true,"href":"https:\/\/www.huntersfriend.eu\/sv\/wp-json\/wp\/v2\/comments?post=293316"}],"wp:featuredmedia":[{"embeddable":true,"href":"https:\/\/www.huntersfriend.eu\/sv\/wp-json\/wp\/v2\/media\/292834"}],"wp:attachment":[{"href":"https:\/\/www.huntersfriend.eu\/sv\/wp-json\/wp\/v2\/media?parent=293316"}],"wp:term":[{"taxonomy":"product_brand","embeddable":true,"href":"https:\/\/www.huntersfriend.eu\/sv\/wp-json\/wp\/v2\/product_brand?post=293316"},{"taxonomy":"product_cat","embeddable":true,"href":"https:\/\/www.huntersfriend.eu\/sv\/wp-json\/wp\/v2\/product_cat?post=293316"},{"taxonomy":"product_tag","embeddable":true,"href":"https:\/\/www.huntersfriend.eu\/sv\/wp-json\/wp\/v2\/product_tag?post=293316"}],"curies":[{"name":"wp","href":"https:\/\/api.w.org\/{rel}","templated":true}]}}