{"id":293315,"date":"2025-12-02T08:45:18","date_gmt":"2025-12-02T06:45:18","guid":{"rendered":"https:\/\/www.huntersfriend.eu\/product\/grundens-salmon-tailscape-hoodie\/"},"modified":"2025-12-16T15:49:15","modified_gmt":"2025-12-16T13:49:15","slug":"grundens-salmon-tailscape-hoodie","status":"publish","type":"product","link":"https:\/\/www.huntersfriend.eu\/sv\/produkt\/grundens-salmon-tailscape-hoodie\/","title":{"rendered":"Grund\u00e9ns Salmon Tailscape-hoodie"},"content":{"rendered":"<p data-start=\"39\" data-end=\"302\"><strong data-start=\"39\" data-end=\"98\">Tailscape-hoodien hyllar fiskets sanna k\u00e4rna<\/strong> \u2013 naturens sk\u00f6nhet och stunderna vid vattnet. Denna snygga hoodie kombinerar de distinkta m\u00f6nstren fr\u00e5n en laxstj\u00e4rt med sl\u00e5ende landskap som framkallar en passion f\u00f6r fiske och friluftsliv. <\/p>\n<p data-start=\"304\" data-end=\"321\"><strong data-start=\"304\" data-end=\"321\">Huvudfunktioner:<\/strong><\/p>\n<ul data-start=\"322\" data-end=\"656\">\n<li data-start=\"322\" data-end=\"391\">\n<p data-start=\"324\" data-end=\"391\">Unik grafisk design som blandar en laxstj\u00e4rt med natursceneri<\/p>\n<\/li>\n<li data-start=\"392\" data-end=\"451\">\n<p data-start=\"394\" data-end=\"451\">Mjukt och ventilerande material f\u00f6r komfort under alla \u00e5rstider<\/p>\n<\/li>\n<li data-start=\"452\" data-end=\"517\">\n<p data-start=\"454\" data-end=\"517\">Klassisk hoodie-stil med justerbar huva och k\u00e4nguruficka<\/p>\n<\/li>\n<li data-start=\"518\" data-end=\"584\">\n<p data-start=\"520\" data-end=\"584\">Slitstarkt tryck som beh\u00e5ller sin f\u00e4rg och form tv\u00e4tt efter tv\u00e4tt<\/p>\n<\/li>\n<li data-start=\"585\" data-end=\"656\">\n<p data-start=\"587\" data-end=\"656\">L\u00e4mplig f\u00f6r b\u00e5de \u00e4ventyr p\u00e5 vattnet och avslappnat vardagsbruk<\/p>\n<\/li>\n<\/ul>\n<p data-start=\"658\" data-end=\"691\"><strong data-start=\"658\" data-end=\"691\">Ytterligare information och anv\u00e4ndning:<\/strong><\/p>\n<p data-start=\"693\" data-end=\"1117\">Tailscape-hoodien \u00e4r designad f\u00f6r sportfiskare och natur\u00e4lskare som v\u00e4rdes\u00e4tter stil, komfort och mening i sina kl\u00e4der. Dess inspirerande konstverk p\u00e5minner oss om att fiske \u00e4r mer \u00e4n bara f\u00e5ngsten \u2013 det \u00e4r en resa som tar oss till platser d\u00e4r sinnet vilar och passionen \u00e5teruppv\u00e4cks. Den h\u00f6gkvalitativa bomulls- och polyesterblandningen och det noggranna hantverket g\u00f6r denna hoodie till en l\u00e5ngvarig f\u00f6ljeslagare b\u00e5de vid vattnet och i vardagen.  <\/p>\n<p data-start=\"1119\" data-end=\"1148\"><strong data-start=\"1119\" data-end=\"1148\">Tekniska specifikationer:<\/strong><\/p>\n<ul data-start=\"1149\" data-end=\"1287\">\n<li data-start=\"1149\" data-end=\"1192\">\n<p data-start=\"1151\" data-end=\"1192\"><strong data-start=\"1151\" data-end=\"1164\">Material:<\/strong> 80 % bomull, 20 % polyester<\/p>\n<\/li>\n<li data-start=\"1193\" data-end=\"1233\">\n<p data-start=\"1195\" data-end=\"1233\"><strong data-start=\"1195\" data-end=\"1205\">Tryck:<\/strong> H\u00f6gkvalitativt screentryck<\/p>\n<\/li>\n<li data-start=\"1234\" data-end=\"1266\">\n<p data-start=\"1236\" data-end=\"1266\"><strong data-start=\"1236\" data-end=\"1244\">Passform:<\/strong> Unisex, normal passform<\/p>\n<\/li>\n<li data-start=\"1267\" data-end=\"1287\">\n<p data-start=\"1269\" data-end=\"1287\"><strong data-start=\"1269\" data-end=\"1279\">Storlekar:<\/strong> S\u2013XXL<\/p>\n<\/li>\n<\/ul>\n<p data-start=\"1289\" data-end=\"1311\"><strong data-start=\"1289\" data-end=\"1311\">Sk\u00f6tselr\u00e5d:<\/strong><\/p>\n<ul data-start=\"1312\" data-end=\"1519\">\n<li data-start=\"1312\" data-end=\"1357\">\n<p data-start=\"1314\" data-end=\"1357\">Maskintv\u00e4tt i 40 \u00b0C med milt tv\u00e4ttmedel<\/p>\n<\/li>\n<li data-start=\"1358\" data-end=\"1386\">\n<p data-start=\"1360\" data-end=\"1386\">Tv\u00e4tta med liknande f\u00e4rger<\/p>\n<\/li>\n<li data-start=\"1387\" data-end=\"1420\">\n<p data-start=\"1389\" data-end=\"1420\">Torktumla p\u00e5 l\u00e5g temperatur<\/p>\n<\/li>\n<li data-start=\"1421\" data-end=\"1436\">\n<p data-start=\"1423\" data-end=\"1436\">F\u00e5r ej strykas<\/p>\n<\/li>\n<li data-start=\"1437\" data-end=\"1457\">\n<p data-start=\"1439\" data-end=\"1457\">F\u00e5r ej kemtv\u00e4ttas<\/p>\n<\/li>\n<li data-start=\"1458\" data-end=\"1519\">\n<p data-start=\"1460\" data-end=\"1519\">Anv\u00e4nd inte pulvertv\u00e4ttmedel, sk\u00f6ljmedel eller blekmedel<\/p>\n<\/li>\n<\/ul>\n","protected":false},"excerpt":{"rendered":"<p>Tailscape-hoodien hyllar fiskets sanna k\u00e4rna \u2013 naturens sk\u00f6nhet och stunderna vid vattnet. Denna snygga hoodie kombinerar de distinkta m\u00f6nstren fr\u00e5n en laxstj\u00e4rt med sl\u00e5ende landskap som framkallar en passion f\u00f6r fiske och friluftsliv. Huvudfunktioner: Unik grafisk design som blandar en laxstj\u00e4rt med natursceneri Mjukt och ventilerande material f\u00f6r komfort under alla \u00e5rstider Klassisk hoodie-stil med [&#8230;]\n","protected":false},"featured_media":292780,"comment_status":"open","ping_status":"closed","template":"","meta":[],"product_brand":[],"product_cat":[2813],"product_tag":[],"class_list":{"0":"post-293315","1":"product","2":"type-product","3":"status-publish","4":"has-post-thumbnail","6":"product_cat-skjortor-hoodies","8":"first","9":"instock","10":"taxable","11":"shipping-taxable","12":"purchasable","13":"product-type-variable"},"composite_virtual":false,"composite_layout":"","composite_add_to_cart_form_location":"","composite_editable_in_cart":false,"composite_sold_individually_context":"","composite_shop_price_calc":"","composite_components":[],"composite_scenarios":[],"group_of_quantity":0,"min_quantity":0,"max_quantity":"","exclude_order_quantity_value_rules":"no","exclude_category_quantity_rules":"no","combine_variations":"no","exclude_global_add_ons":[],"addons":[],"_links":{"self":[{"href":"https:\/\/www.huntersfriend.eu\/sv\/wp-json\/wp\/v2\/product\/293315","targetHints":{"allow":["GET"]}}],"collection":[{"href":"https:\/\/www.huntersfriend.eu\/sv\/wp-json\/wp\/v2\/product"}],"about":[{"href":"https:\/\/www.huntersfriend.eu\/sv\/wp-json\/wp\/v2\/types\/product"}],"replies":[{"embeddable":true,"href":"https:\/\/www.huntersfriend.eu\/sv\/wp-json\/wp\/v2\/comments?post=293315"}],"wp:featuredmedia":[{"embeddable":true,"href":"https:\/\/www.huntersfriend.eu\/sv\/wp-json\/wp\/v2\/media\/292780"}],"wp:attachment":[{"href":"https:\/\/www.huntersfriend.eu\/sv\/wp-json\/wp\/v2\/media?parent=293315"}],"wp:term":[{"taxonomy":"product_brand","embeddable":true,"href":"https:\/\/www.huntersfriend.eu\/sv\/wp-json\/wp\/v2\/product_brand?post=293315"},{"taxonomy":"product_cat","embeddable":true,"href":"https:\/\/www.huntersfriend.eu\/sv\/wp-json\/wp\/v2\/product_cat?post=293315"},{"taxonomy":"product_tag","embeddable":true,"href":"https:\/\/www.huntersfriend.eu\/sv\/wp-json\/wp\/v2\/product_tag?post=293315"}],"curies":[{"name":"wp","href":"https:\/\/api.w.org\/{rel}","templated":true}]}}