{"id":293303,"date":"2025-12-02T08:44:59","date_gmt":"2025-12-02T06:44:59","guid":{"rendered":"https:\/\/www.huntersfriend.eu\/product\/grundens-full-share-jacka\/"},"modified":"2025-12-16T15:49:13","modified_gmt":"2025-12-16T13:49:13","slug":"grundens-full-share-jacka","status":"publish","type":"product","link":"https:\/\/www.huntersfriend.eu\/sv\/produkt\/grundens-full-share-jacka\/","title":{"rendered":"Grundens Full Share-jacka"},"content":{"rendered":"<p data-start=\"39\" data-end=\"301\"><strong data-start=\"43\" data-end=\"73\">Grund\u00e9ns Full Share-jackan<\/strong> erbjuder en f\u00f6rstklassig vattent\u00e4t och ventilerande l\u00f6sning som \u00e4r bekv\u00e4m att b\u00e4ra. Jackan har en slitstark yttre yta och ett starkt inre membran som skyddar mot de vanligaste p\u00e5frestningarna som sportfiskare uts\u00e4tts f\u00f6r. <\/p>\n<p data-start=\"303\" data-end=\"505\">Full Share-setet \u00e4r ursprungligen designat f\u00f6r yrkesfiskare och levererar en h\u00f6gpresterande vattent\u00e4t och ventilerande l\u00f6sning som samtidigt s\u00e4kerst\u00e4ller bekv\u00e4m anv\u00e4ndning \u2013 vilket \u00e4ven sportfiskeentusiaster kan dra nytta av.<\/p>\n<ul data-start=\"507\" data-end=\"704\">\n<li data-start=\"507\" data-end=\"549\">\n<p data-start=\"509\" data-end=\"549\"><strong data-start=\"509\" data-end=\"539\">Vattent\u00e4t och ventilerande:<\/strong> 10K\/10K<\/p>\n<\/li>\n<li data-start=\"550\" data-end=\"587\">\n<p data-start=\"552\" data-end=\"587\"><strong data-start=\"552\" data-end=\"585\">Handv\u00e4rmarfickor med dragkedja<\/strong><\/p>\n<\/li>\n<li data-start=\"588\" data-end=\"628\">\n<p data-start=\"590\" data-end=\"628\"><strong data-start=\"590\" data-end=\"626\">Kraftiga YKK Aquaguard-dragkedjor<\/strong><\/p>\n<\/li>\n<li data-start=\"629\" data-end=\"662\">\n<p data-start=\"631\" data-end=\"662\"><strong data-start=\"631\" data-end=\"660\">Justerbar huva och muddar<\/strong><\/p>\n<\/li>\n<li data-start=\"663\" data-end=\"704\">\n<p data-start=\"665\" data-end=\"704\"><strong data-start=\"665\" data-end=\"685\">Reflekterande logotyper<\/strong> f\u00f6r \u00f6kad s\u00e4kerhet<\/p>\n<\/li>\n<\/ul>\n","protected":false},"excerpt":{"rendered":"<p>Grund\u00e9ns Full Share-jackan erbjuder en f\u00f6rstklassig vattent\u00e4t och ventilerande l\u00f6sning som \u00e4r bekv\u00e4m att b\u00e4ra. Jackan har en slitstark yttre yta och ett starkt inre membran som skyddar mot de vanligaste p\u00e5frestningarna som sportfiskare uts\u00e4tts f\u00f6r. Full Share-setet \u00e4r ursprungligen designat f\u00f6r yrkesfiskare och levererar en h\u00f6gpresterande vattent\u00e4t och ventilerande l\u00f6sning som samtidigt s\u00e4kerst\u00e4ller bekv\u00e4m [&#8230;]\n","protected":false},"featured_media":292822,"comment_status":"open","ping_status":"closed","template":"","meta":[],"product_brand":[],"product_cat":[2741],"product_tag":[],"class_list":{"0":"post-293303","1":"product","2":"type-product","3":"status-publish","4":"has-post-thumbnail","6":"product_cat-jackor","8":"first","9":"instock","10":"taxable","11":"shipping-taxable","12":"purchasable","13":"product-type-variable"},"composite_virtual":false,"composite_layout":"","composite_add_to_cart_form_location":"","composite_editable_in_cart":false,"composite_sold_individually_context":"","composite_shop_price_calc":"","composite_components":[],"composite_scenarios":[],"group_of_quantity":0,"min_quantity":0,"max_quantity":"","exclude_order_quantity_value_rules":"no","exclude_category_quantity_rules":"no","combine_variations":"no","exclude_global_add_ons":[],"addons":[],"_links":{"self":[{"href":"https:\/\/www.huntersfriend.eu\/sv\/wp-json\/wp\/v2\/product\/293303","targetHints":{"allow":["GET"]}}],"collection":[{"href":"https:\/\/www.huntersfriend.eu\/sv\/wp-json\/wp\/v2\/product"}],"about":[{"href":"https:\/\/www.huntersfriend.eu\/sv\/wp-json\/wp\/v2\/types\/product"}],"replies":[{"embeddable":true,"href":"https:\/\/www.huntersfriend.eu\/sv\/wp-json\/wp\/v2\/comments?post=293303"}],"wp:featuredmedia":[{"embeddable":true,"href":"https:\/\/www.huntersfriend.eu\/sv\/wp-json\/wp\/v2\/media\/292822"}],"wp:attachment":[{"href":"https:\/\/www.huntersfriend.eu\/sv\/wp-json\/wp\/v2\/media?parent=293303"}],"wp:term":[{"taxonomy":"product_brand","embeddable":true,"href":"https:\/\/www.huntersfriend.eu\/sv\/wp-json\/wp\/v2\/product_brand?post=293303"},{"taxonomy":"product_cat","embeddable":true,"href":"https:\/\/www.huntersfriend.eu\/sv\/wp-json\/wp\/v2\/product_cat?post=293303"},{"taxonomy":"product_tag","embeddable":true,"href":"https:\/\/www.huntersfriend.eu\/sv\/wp-json\/wp\/v2\/product_tag?post=293303"}],"curies":[{"name":"wp","href":"https:\/\/api.w.org\/{rel}","templated":true}]}}