{"id":293302,"date":"2025-12-02T08:45:11","date_gmt":"2025-12-02T06:45:11","guid":{"rendered":"https:\/\/www.huntersfriend.eu\/product\/grundens-displacement-dwr-hoodie\/"},"modified":"2025-12-16T15:49:13","modified_gmt":"2025-12-16T13:49:13","slug":"grundens-displacement-dwr-hoodie","status":"publish","type":"product","link":"https:\/\/www.huntersfriend.eu\/sv\/produkt\/grundens-displacement-dwr-hoodie\/","title":{"rendered":"Grundens Displacement DWR-hoodie"},"content":{"rendered":"<p data-start=\"39\" data-end=\"324\">En h\u00f6gkvalitativ hoodie tillverkad av h\u00e5llbart material som \u00e4r designad f\u00f6r att h\u00e5lla friluftsentusiaster och sportfiskare varma. Hoodiens DWR-bel\u00e4ggning st\u00f6ter bort fukt och fl\u00e4ckar och h\u00e5ller dig bekv\u00e4m. Tack vare Grund\u00e9ns Anchor-grafik \u00e4r hoodien ett stilfullt val f\u00f6r b\u00e5de fritid och arbete.  <\/p>\n<p data-start=\"326\" data-end=\"676\" data-is-last-node=\"\" data-is-only-node=\"\">\u00b7 Extremt mjuk<br data-start=\"350\" data-end=\"353\">\u00b7 50\/50 bomull-polyesterfleece<br data-start=\"399\" data-end=\"402\">\u00b7 DWR-behandling som st\u00f6ter bort vatten och fl\u00e4ckar<br data-start=\"449\" data-end=\"452\">\u00b7 K\u00e4nguruficka<br data-start=\"477\" data-end=\"480\">\u00b7 Ankare-logga<br data-start=\"501\" data-end=\"504\">\u00b7 Sk\u00f6tselr\u00e5d: Maskintv\u00e4tt i 40 \u00b0C med liknande f\u00e4rger, torktumla p\u00e5 l\u00e5g v\u00e4rme, f\u00e5r ej strykas eller kemtv\u00e4ttas<br data-start=\"618\" data-end=\"621\">\u00b7 F\u00e4rg: melerad marinbl\u00e5<br data-start=\"650\" data-end=\"653\">\u00b7 Storlekar: S\u20132XL.<\/p>\n","protected":false},"excerpt":{"rendered":"<p>En h\u00f6gkvalitativ hoodie tillverkad av h\u00e5llbart material som \u00e4r designad f\u00f6r att h\u00e5lla friluftsentusiaster och sportfiskare varma. Hoodiens DWR-bel\u00e4ggning st\u00f6ter bort fukt och fl\u00e4ckar och h\u00e5ller dig bekv\u00e4m. Tack vare Grund\u00e9ns Anchor-grafik \u00e4r hoodien ett stilfullt val f\u00f6r b\u00e5de fritid och arbete. \u00b7 Extremt mjuk\u00b7 50\/50 bomull-polyesterfleece\u00b7 DWR-behandling som st\u00f6ter bort vatten och fl\u00e4ckar\u00b7 K\u00e4nguruficka\u00b7 [&#8230;]\n","protected":false},"featured_media":292923,"comment_status":"open","ping_status":"closed","template":"","meta":[],"product_brand":[],"product_cat":[2813],"product_tag":[],"class_list":{"0":"post-293302","1":"product","2":"type-product","3":"status-publish","4":"has-post-thumbnail","6":"product_cat-skjortor-hoodies","8":"first","9":"instock","10":"taxable","11":"shipping-taxable","12":"purchasable","13":"product-type-variable"},"composite_virtual":false,"composite_layout":"","composite_add_to_cart_form_location":"","composite_editable_in_cart":false,"composite_sold_individually_context":"","composite_shop_price_calc":"","composite_components":[],"composite_scenarios":[],"group_of_quantity":0,"min_quantity":0,"max_quantity":"","exclude_order_quantity_value_rules":"no","exclude_category_quantity_rules":"no","combine_variations":"no","exclude_global_add_ons":[],"addons":[],"_links":{"self":[{"href":"https:\/\/www.huntersfriend.eu\/sv\/wp-json\/wp\/v2\/product\/293302","targetHints":{"allow":["GET"]}}],"collection":[{"href":"https:\/\/www.huntersfriend.eu\/sv\/wp-json\/wp\/v2\/product"}],"about":[{"href":"https:\/\/www.huntersfriend.eu\/sv\/wp-json\/wp\/v2\/types\/product"}],"replies":[{"embeddable":true,"href":"https:\/\/www.huntersfriend.eu\/sv\/wp-json\/wp\/v2\/comments?post=293302"}],"wp:featuredmedia":[{"embeddable":true,"href":"https:\/\/www.huntersfriend.eu\/sv\/wp-json\/wp\/v2\/media\/292923"}],"wp:attachment":[{"href":"https:\/\/www.huntersfriend.eu\/sv\/wp-json\/wp\/v2\/media?parent=293302"}],"wp:term":[{"taxonomy":"product_brand","embeddable":true,"href":"https:\/\/www.huntersfriend.eu\/sv\/wp-json\/wp\/v2\/product_brand?post=293302"},{"taxonomy":"product_cat","embeddable":true,"href":"https:\/\/www.huntersfriend.eu\/sv\/wp-json\/wp\/v2\/product_cat?post=293302"},{"taxonomy":"product_tag","embeddable":true,"href":"https:\/\/www.huntersfriend.eu\/sv\/wp-json\/wp\/v2\/product_tag?post=293302"}],"curies":[{"name":"wp","href":"https:\/\/api.w.org\/{rel}","templated":true}]}}