{"id":293299,"date":"2025-12-02T11:10:55","date_gmt":"2025-12-02T09:10:55","guid":{"rendered":"https:\/\/www.huntersfriend.eu\/product\/grundens-bris-apron-96\/"},"modified":"2026-01-21T22:32:41","modified_gmt":"2026-01-21T20:32:41","slug":"grundens-bris-apron-96","status":"publish","type":"product","link":"https:\/\/www.huntersfriend.eu\/sv\/produkt\/grundens-bris-apron-96\/","title":{"rendered":"Grundens Bris Apron 96"},"content":{"rendered":"<p data-start=\"39\" data-end=\"321\">Perfekt skydd f\u00f6r alla hanteringsuppgifter.<\/p>\n<p data-start=\"39\" data-end=\"321\">F\u00f6rkl\u00e4det <strong data-start=\"43\" data-end=\"60\">Bris 96<\/strong> \u00e4r designat f\u00f6r tung anv\u00e4ndning i kr\u00e4vande arbetsmilj\u00f6er. Justerbara axelband och snabbsp\u00e4nnen g\u00f6r det enkelt och h\u00e5llbart att anv\u00e4nda. F\u00f6rst\u00e4rkta h\u00f6rn och PFAS-fritt PVC-material g\u00f6r f\u00f6rkl\u00e4det oljeavvisande och f\u00f6rhindrar att materialet stelnar.  <\/p>\n<p data-start=\"323\" data-end=\"388\">Tillverkad i Portugal i Grund\u00e9ns ISO 9001-certifierade fabrik.<\/p>\n<p data-start=\"390\" data-end=\"433\">Materialvikt: 320 g\/m\u00b2 PVC-belagd nylon.<\/p>\n<p data-start=\"435\" data-end=\"469\">L\u00e4ngd \u00d7 Bredd: <strong data-start=\"451\" data-end=\"469\">115 cm \u00d7 90 cm<\/strong><\/p>\n<p data-start=\"471\" data-end=\"474\">och<\/p>\n<p data-start=\"476\" data-end=\"510\">L\u00e4ngd \u00d7 Bredd: <strong data-start=\"492\" data-end=\"510\">130 cm \u00d7 90 cm<\/strong><\/p>\n","protected":false},"excerpt":{"rendered":"<p>Perfekt skydd f\u00f6r alla hanteringsuppgifter. F\u00f6rkl\u00e4det Bris 96 \u00e4r designat f\u00f6r tung anv\u00e4ndning i kr\u00e4vande arbetsmilj\u00f6er. Justerbara axelband och snabbsp\u00e4nnen g\u00f6r det enkelt och h\u00e5llbart att anv\u00e4nda. F\u00f6rst\u00e4rkta h\u00f6rn och PFAS-fritt PVC-material g\u00f6r f\u00f6rkl\u00e4det oljeavvisande och f\u00f6rhindrar att materialet stelnar. Tillverkad i Portugal i Grund\u00e9ns ISO 9001-certifierade fabrik. Materialvikt: 320 g\/m\u00b2 PVC-belagd nylon. L\u00e4ngd \u00d7 [&#8230;]\n","protected":false},"featured_media":292745,"comment_status":"open","ping_status":"closed","template":"","meta":[],"product_brand":[],"product_cat":[2721,2847,2620],"product_tag":[],"class_list":{"0":"post-293299","1":"product","2":"type-product","3":"status-publish","4":"has-post-thumbnail","6":"product_cat-hantering-och-bearbetning-av-vilt","7":"product_cat-taxidermi","8":"product_cat-viltbearbetning","10":"first","11":"instock","12":"taxable","13":"shipping-taxable","14":"purchasable","15":"product-type-variable"},"composite_virtual":false,"composite_layout":"","composite_add_to_cart_form_location":"","composite_editable_in_cart":false,"composite_sold_individually_context":"","composite_shop_price_calc":"","composite_components":[],"composite_scenarios":[],"group_of_quantity":0,"min_quantity":0,"max_quantity":"","exclude_order_quantity_value_rules":"no","exclude_category_quantity_rules":"no","combine_variations":"no","exclude_global_add_ons":[],"addons":[],"_links":{"self":[{"href":"https:\/\/www.huntersfriend.eu\/sv\/wp-json\/wp\/v2\/product\/293299","targetHints":{"allow":["GET"]}}],"collection":[{"href":"https:\/\/www.huntersfriend.eu\/sv\/wp-json\/wp\/v2\/product"}],"about":[{"href":"https:\/\/www.huntersfriend.eu\/sv\/wp-json\/wp\/v2\/types\/product"}],"replies":[{"embeddable":true,"href":"https:\/\/www.huntersfriend.eu\/sv\/wp-json\/wp\/v2\/comments?post=293299"}],"wp:featuredmedia":[{"embeddable":true,"href":"https:\/\/www.huntersfriend.eu\/sv\/wp-json\/wp\/v2\/media\/292745"}],"wp:attachment":[{"href":"https:\/\/www.huntersfriend.eu\/sv\/wp-json\/wp\/v2\/media?parent=293299"}],"wp:term":[{"taxonomy":"product_brand","embeddable":true,"href":"https:\/\/www.huntersfriend.eu\/sv\/wp-json\/wp\/v2\/product_brand?post=293299"},{"taxonomy":"product_cat","embeddable":true,"href":"https:\/\/www.huntersfriend.eu\/sv\/wp-json\/wp\/v2\/product_cat?post=293299"},{"taxonomy":"product_tag","embeddable":true,"href":"https:\/\/www.huntersfriend.eu\/sv\/wp-json\/wp\/v2\/product_tag?post=293299"}],"curies":[{"name":"wp","href":"https:\/\/api.w.org\/{rel}","templated":true}]}}