{"id":292013,"date":"2025-10-30T09:44:56","date_gmt":"2025-10-30T07:44:56","guid":{"rendered":"https:\/\/www.huntersfriend.eu\/product\/darton-tritech-35-i-lager\/"},"modified":"2026-02-25T10:38:18","modified_gmt":"2026-02-25T08:38:18","slug":"darton-tritech-35-i-lager","status":"publish","type":"product","link":"https:\/\/www.huntersfriend.eu\/sv\/produkt\/darton-tritech-35-i-lager\/","title":{"rendered":"Darton tritech 35 &#8211; i lager"},"content":{"rendered":"<p><strong><span data-text-color=\"alert\">Om du inte ser den b\u00e5ge du vill ha h\u00e4r, g\u00e5 till v\u00e5r Darton Tritech 35 Custom Bow-sida eller kontakta oss direkt.<\/span><\/strong><\/p>\n<p style=\"font-weight: 400;\"><span data-fontfamily=\"Oswald\"><span style=\"font-weight: 600;\" data-fontweight=\"600\">76 \u00e5r av excellens och innovation inom b\u00e5gskytte: Tritech 35 har lanserats<\/span><b><strong data-start=\"198\" data-end=\"246\">   <\/strong><\/b><b><strong data-start=\"198\" data-end=\"246\">          <\/strong><\/b><\/span><\/p>\n<p style=\"font-weight: 400;\" data-start=\"198\" data-end=\"248\"><span data-fontfamily=\"Oswald\"><b><strong data-start=\"198\" data-end=\"246\"><span style=\"font-weight: 400;\" data-fontweight=\"400\">TriTech 35: en precisionsjusterad kraftstation<\/span><\/strong><\/b><\/span><\/p>\n<p style=\"font-weight: 400;\" data-start=\"198\" data-end=\"248\"><span data-fontfamily=\"Oswald\"><span style=\"font-weight: 300;\" data-fontweight=\"300\"><span style=\"font-weight: 400;\" data-fontweight=\"400\">Dartons senaste innovation, <\/span><span style=\"font-weight: 400;\" data-fontweight=\"400\"><b><strong>TriTech 35<\/strong><\/b>, har tre patents\u00f6kta teknologier och visar varum\u00e4rkets outtr\u00f6ttliga str\u00e4van efter prestanda och precision.<\/span><span style=\"font-weight: 400;\" data-fontweight=\"400\">  En patents\u00f6kt dual-funktion Micro Adjust Roller Guard, f\u00f6rb\u00e4ttrade patents\u00f6kta Perfect-Timing Adjustable Yoke Hangers, det patents\u00f6kta Perfect-Tune\u2122 Adjustable Limb Pocket System, utrustad med standardmoduler inklusive hastighetsmoduler, 1\/4&#8243; justerbara dragl\u00e4ngder, tv\u00e5 dragstoppstolpar och ett Picatinny-siktf\u00e4ste, s\u00e4tter denna b\u00e5ge en ny standard f\u00f6r justerbarhet och funktionalitet. Dessa banbrytande teknologier ger den j\u00e4mnaste dragcykeln man kan f\u00f6rest\u00e4lla sig och o\u00f6vertr\u00e4ffad konsistens &#8211; vilket g\u00f6r TriTech-serien till de mest justerbara b\u00e5garna p\u00e5 marknaden idag. Dartons branschledande innovationer g\u00f6r det m\u00f6jligt att justera och tima en b\u00e5ge till absolut perfektion. Dessutom g\u00f6r det nya, mjukare Sanoprene Grip-inl\u00e4gget v\u00e5ra b\u00e5gar bekv\u00e4mare, s\u00e4rskilt under kalla morgnar. Det finns tre greppalternativ: Neutral, installerad p\u00e5 b\u00e5gen, 2,5 grader och 5 grader, vilket g\u00f6r v\u00e4rldens mest justerbara b\u00e5ge till den mest bekv\u00e4ma, perfekt anpassad till dig och din skjutstil.      <\/span><\/span><\/span><\/p>\n<p style=\"font-weight: 400;\" data-start=\"802\" data-end=\"842\"><span style=\"font-weight: 400;\" data-fontweight=\"400\" data-fontfamily=\"Oswald\">Enkel justering f\u00f6r varje b\u00e5gskytt<\/span><\/p>\n<p style=\"font-weight: 400;\"><span style=\"font-weight: 400;\" data-fontfamily=\"Oswald\" data-fontweight=\"400\"><b><strong>TriTech 35<\/strong><\/b> \u00e4r inte bara en h\u00f6gpresterande maskin &#8211; den \u00e4r designad med enkelhet i \u00e5tanke. Snabba, o\u00e4ndliga justeringar, med nya extra lasergraverade markeringar, g\u00f6r justering och timing enklare \u00e4n n\u00e5gonsin, s\u00e5 att b\u00e5gskyttar p\u00e5 alla erfarenhetsniv\u00e5er kan spendera mindre tid p\u00e5 finjusteringar och mer tid p\u00e5 att skjuta. Oavsett om du finjusterar f\u00f6r t\u00e4vling eller f\u00f6rbereder dig f\u00f6r jakt, levererar <b><strong>TriTech 35<\/strong><\/b> precision, bekv\u00e4mlighet och sj\u00e4lvf\u00f6rtroende skott efter skott.  <\/span><\/p>\n<div id=\"s-70fe2d67-cccd-419f-bff8-0c7aa3a7cc7c\" class=\"shg-c \">\n<div class=\"shg-rich-text shg-theme-text-content\">\n<p><strong>PRECISA SPECIFIKATIONER<\/strong><\/p>\n<p>HASTIGHET: FAKTISK 331-332 FPS<\/p>\n<p>HASTIGHET m\/HASTIGHETSMODUL: FAKTISK 334-335 FPS<\/p>\n<p>HASTIGHET m\/75% MODUL: FAKTISK 335-336 FPS<br \/>\n(75% MODUL S\u00c4LJS SEPARAT)<\/p>\n<p>AXEL-TILL-AXEL: 35 1\/8&#8243;<\/p>\n<p>BRACE-H\u00d6JD: 6 3\/8 &#8221;<\/p>\n<p>VIKT: 4,75 LBS<br \/>\n(utan LVS installerad; ing\u00e5r med b\u00e5gen)<\/p>\n<p>DRAGL\u00c4NGDER: 26&#8243;-31,5&#8243;<\/p>\n<p>Dragvikter: 50, 60, 70 och 80<\/p>\n<p>LET-OFF: 83-75% justerbar med dragstoppstolpar<br \/>\noch 75% MODUL (s\u00e4ljs separat)<\/p>\n<p>Skr\u00e4ddarsydda b\u00e5gstr\u00e4ngar<\/p>\n<p>Tillverkad i USA<\/p>\n<\/div>\n<\/div>\n<div id=\"s-9baf1901-be65-418b-afb6-f6cbceab266a\" class=\"shg-c \">\n<div class=\"shg-rich-text shg-theme-text-content\">\n<p><strong>Funktioner inkluderar<\/strong><\/p>\n<p>BBS Dual Sync Cam 1\/4&#8243; Dragl\u00e4ngder (\u00e4ven k\u00e4nd som Sequel Cam) (6,990,970 B1)<\/p>\n<p>Patenterad djup sp\u00e5rkam (#8,714,143)<\/p>\n<p>1\/4&#8243; knapphuvudaxlar<\/p>\n<p>5\/8&#8243; lager<\/p>\n<p>(perfect tune) justerbara lembfickor (patent pending)<\/p>\n<p>Dual-funktion mikrojusterbar rullguide (Patent Pending)<\/p>\n<p>(Perfect timing) Justerbar Yoke-h\u00e4ngare (patent pending)<\/p>\n<p>QAD Integrerat pilhyllef\u00e4ste<\/p>\n<p>En hastighetsmodul ing\u00e5r, men \u00e4r inte installerad, f\u00f6r extra 5-6 FPS.<\/p>\n<p>Tv\u00e5 upps\u00e4ttningar dragstoppstolpar l\u00e5ter dig mikrojustera din let-off.<\/p>\n<\/div>\n<\/div>\n","protected":false},"excerpt":{"rendered":"<p>Om du inte ser den b\u00e5ge du vill ha h\u00e4r, g\u00e5 till v\u00e5r Darton Tritech 35 Custom Bow-sida eller kontakta oss direkt. 76 \u00e5r av excellens och innovation inom b\u00e5gskytte: Tritech 35 har lanserats TriTech 35: en precisionsjusterad kraftstation Dartons senaste innovation, TriTech 35, har tre patents\u00f6kta teknologier och visar varum\u00e4rkets outtr\u00f6ttliga str\u00e4van efter prestanda [&#8230;]\n","protected":false},"featured_media":291970,"comment_status":"open","ping_status":"closed","template":"","meta":[],"product_brand":[],"product_cat":[2652],"product_tag":[],"class_list":{"0":"post-292013","1":"product","2":"type-product","3":"status-publish","4":"has-post-thumbnail","6":"product_cat-compound-bagar","7":"product_shipping_class-big-sv","9":"first","10":"instock","11":"taxable","12":"shipping-taxable","13":"purchasable","14":"product-type-variable"},"composite_virtual":false,"composite_layout":"","composite_add_to_cart_form_location":"","composite_editable_in_cart":false,"composite_sold_individually_context":"","composite_shop_price_calc":"","composite_components":[],"composite_scenarios":[],"group_of_quantity":0,"min_quantity":0,"max_quantity":"","exclude_order_quantity_value_rules":"no","exclude_category_quantity_rules":"no","combine_variations":"no","exclude_global_add_ons":[],"addons":[],"_links":{"self":[{"href":"https:\/\/www.huntersfriend.eu\/sv\/wp-json\/wp\/v2\/product\/292013","targetHints":{"allow":["GET"]}}],"collection":[{"href":"https:\/\/www.huntersfriend.eu\/sv\/wp-json\/wp\/v2\/product"}],"about":[{"href":"https:\/\/www.huntersfriend.eu\/sv\/wp-json\/wp\/v2\/types\/product"}],"replies":[{"embeddable":true,"href":"https:\/\/www.huntersfriend.eu\/sv\/wp-json\/wp\/v2\/comments?post=292013"}],"wp:featuredmedia":[{"embeddable":true,"href":"https:\/\/www.huntersfriend.eu\/sv\/wp-json\/wp\/v2\/media\/291970"}],"wp:attachment":[{"href":"https:\/\/www.huntersfriend.eu\/sv\/wp-json\/wp\/v2\/media?parent=292013"}],"wp:term":[{"taxonomy":"product_brand","embeddable":true,"href":"https:\/\/www.huntersfriend.eu\/sv\/wp-json\/wp\/v2\/product_brand?post=292013"},{"taxonomy":"product_cat","embeddable":true,"href":"https:\/\/www.huntersfriend.eu\/sv\/wp-json\/wp\/v2\/product_cat?post=292013"},{"taxonomy":"product_tag","embeddable":true,"href":"https:\/\/www.huntersfriend.eu\/sv\/wp-json\/wp\/v2\/product_tag?post=292013"}],"curies":[{"name":"wp","href":"https:\/\/api.w.org\/{rel}","templated":true}]}}