{"id":292008,"date":"2025-09-17T08:17:50","date_gmt":"2025-09-17T06:17:50","guid":{"rendered":"https:\/\/www.huntersfriend.eu\/product\/meat-seeker-jakt-handskar-mossy-oak\/"},"modified":"2025-11-11T13:56:01","modified_gmt":"2025-11-11T11:56:01","slug":"meat-seeker-jakt-handskar-mossy-oak","status":"publish","type":"product","link":"https:\/\/www.huntersfriend.eu\/sv\/produkt\/meat-seeker-jakt-handskar-mossy-oak\/","title":{"rendered":"Meat seeker jakt handskar &#8211; mossy oak"},"content":{"rendered":"<p>En varm, handgjord camohandske designad f\u00f6r anv\u00e4ndning i kallare v\u00e4der. Handflatans material \u00e4r naturligt getl\u00e4der som \u00e4r naturligt vattent\u00e4tt. Inuti handsken finns ett Hipora-handskfoder som \u00e4r vattent\u00e4tt och vindt\u00e4tt samtidigt som det andas. Det g\u00f6r att handsken kan transportera bort svett under perioder av st\u00f6rre anstr\u00e4ngning och h\u00e5lla dig varm efter att du har slutat r\u00f6ra dig.   <\/p>\n<p>Skjutfingrarna har h\u00e5l f\u00f6r att m\u00f6jligg\u00f6ra anv\u00e4ndning av din mobiltelefon. Finger\u00e4nden h\u00e5lls ur v\u00e4gen med ett magnetl\u00e5s. <\/p>\n<p>Vi har t\u00e4nkt p\u00e5 allt med den h\u00e4r handsken.<\/p>\n","protected":false},"excerpt":{"rendered":"<p>En varm, handgjord camohandske designad f\u00f6r anv\u00e4ndning i kallare v\u00e4der. Handflatans material \u00e4r naturligt getl\u00e4der som \u00e4r naturligt vattent\u00e4tt. Inuti handsken finns ett Hipora-handskfoder som \u00e4r vattent\u00e4tt och vindt\u00e4tt samtidigt som det andas. Det g\u00f6r att handsken kan transportera bort svett under perioder av st\u00f6rre anstr\u00e4ngning och h\u00e5lla dig varm efter att du har slutat [&#8230;]\n","protected":false},"featured_media":291890,"comment_status":"open","ping_status":"closed","template":"","meta":[],"product_brand":[],"product_cat":[2809],"product_tag":[],"class_list":{"0":"post-292008","1":"product","2":"type-product","3":"status-publish","4":"has-post-thumbnail","6":"product_cat-handskar","8":"first","9":"instock","10":"sale","11":"featured","12":"taxable","13":"shipping-taxable","14":"purchasable","15":"product-type-variable"},"composite_virtual":false,"composite_layout":"","composite_add_to_cart_form_location":"","composite_editable_in_cart":false,"composite_sold_individually_context":"","composite_shop_price_calc":"","composite_components":[],"composite_scenarios":[],"group_of_quantity":0,"min_quantity":0,"max_quantity":"","exclude_order_quantity_value_rules":"no","exclude_category_quantity_rules":"no","combine_variations":"no","exclude_global_add_ons":[],"addons":[],"_links":{"self":[{"href":"https:\/\/www.huntersfriend.eu\/sv\/wp-json\/wp\/v2\/product\/292008","targetHints":{"allow":["GET"]}}],"collection":[{"href":"https:\/\/www.huntersfriend.eu\/sv\/wp-json\/wp\/v2\/product"}],"about":[{"href":"https:\/\/www.huntersfriend.eu\/sv\/wp-json\/wp\/v2\/types\/product"}],"replies":[{"embeddable":true,"href":"https:\/\/www.huntersfriend.eu\/sv\/wp-json\/wp\/v2\/comments?post=292008"}],"wp:featuredmedia":[{"embeddable":true,"href":"https:\/\/www.huntersfriend.eu\/sv\/wp-json\/wp\/v2\/media\/291890"}],"wp:attachment":[{"href":"https:\/\/www.huntersfriend.eu\/sv\/wp-json\/wp\/v2\/media?parent=292008"}],"wp:term":[{"taxonomy":"product_brand","embeddable":true,"href":"https:\/\/www.huntersfriend.eu\/sv\/wp-json\/wp\/v2\/product_brand?post=292008"},{"taxonomy":"product_cat","embeddable":true,"href":"https:\/\/www.huntersfriend.eu\/sv\/wp-json\/wp\/v2\/product_cat?post=292008"},{"taxonomy":"product_tag","embeddable":true,"href":"https:\/\/www.huntersfriend.eu\/sv\/wp-json\/wp\/v2\/product_tag?post=292008"}],"curies":[{"name":"wp","href":"https:\/\/api.w.org\/{rel}","templated":true}]}}