{"id":291999,"date":"2025-10-30T09:40:14","date_gmt":"2025-10-30T07:40:14","guid":{"rendered":"https:\/\/www.huntersfriend.eu\/product\/darton-tritech-31-i-lager\/"},"modified":"2026-01-14T15:27:31","modified_gmt":"2026-01-14T13:27:31","slug":"darton-tritech-31-i-lager","status":"publish","type":"product","link":"https:\/\/www.huntersfriend.eu\/sv\/produkt\/darton-tritech-31-i-lager\/","title":{"rendered":"Darton tritech 31 &#8211; i lager"},"content":{"rendered":"<p><span data-text-color=\"alert\"><strong>Om du inte hittar b\u00e5gen du vill ha h\u00e4r, g\u00e5 till v\u00e5r Darton Tritech 31 Custom Bow-sida eller kontakta oss direkt.<\/strong><\/span><\/p>\n<p style=\"font-weight: 400;\"><span data-fontfamily=\"Oswald\"><b><strong>76 \u00e5r av excellens och innovation inom b\u00e5gskytte: Tritech 31 har lanserats<\/strong><\/b><b><strong data-start=\"198\" data-end=\"246\">             <\/strong><\/b><\/span><\/p>\n<p style=\"font-weight: 400;\" data-start=\"198\" data-end=\"248\"><span data-fontfamily=\"Oswald\"><b><strong data-start=\"198\" data-end=\"246\"><span style=\"font-weight: 400;\" data-fontweight=\"400\">TriTech 31: en precisionsjusterad kraftstation<\/span><\/strong><\/b><\/span><\/p>\n<p style=\"font-weight: 400;\" data-start=\"198\" data-end=\"248\"><span style=\"font-weight: 300;\" data-fontweight=\"300\" data-fontfamily=\"Oswald\"><span style=\"font-weight: 400;\" data-fontweight=\"400\">Dartons senaste innovation, <b><strong>TriTech 31<\/strong><\/b>, har tre patents\u00f6kta teknologier och visar varum\u00e4rkets outtr\u00f6ttliga str\u00e4van efter prestanda och precision. Med en patents\u00f6kt dual-funktion Micro Adjust Roller Guard, f\u00f6rb\u00e4ttrade patents\u00f6kta Perfect-Timing Adjustable Yoke Hangers, det patents\u00f6kta Perfect-Tune\u2122 Adjustable Limb Pocket System, utrustad med standardmoduler inklusive hastighetsmoduler, 1\/4&#8243; justerbara dragl\u00e4ngder, tv\u00e5 dragstoppstolpar och ett Picatinny-siktf\u00e4ste, s\u00e4tter denna b\u00e5ge en ny standard f\u00f6r justerbarhet och funktionalitet. Dessa banbrytande teknologier ger den j\u00e4mnaste dragcykeln t\u00e4nkbar och o\u00f6vertr\u00e4ffad konsekvens\u2014vilket g\u00f6r TriTech-serien till de mest justerbara b\u00e5garna p\u00e5 marknaden idag. Dartons branschledande innovationer g\u00f6r det m\u00f6jligt att justera och tima en b\u00e5ge till absolut perfektion. Dessutom g\u00f6r det nya, mjukare Sanoprene Grip-inl\u00e4gget v\u00e5ra b\u00e5gar bekv\u00e4mare, s\u00e4rskilt under kalla morgnar. Det finns tre greppalternativ: Neutral, Installerad p\u00e5 b\u00e5gen, 2,5 grader och 5 grader, vilket g\u00f6r v\u00e4rldens mest justerbara b\u00e5ge till den mest bekv\u00e4ma, perfekt anpassad efter dig och din skjutstil.      <\/span><\/span><\/p>\n<p style=\"font-weight: 400;\" data-start=\"802\" data-end=\"842\"><span style=\"font-weight: 400;\" data-fontweight=\"400\" data-fontfamily=\"Oswald\">Enkel justering f\u00f6r varje b\u00e5gskytt<\/span><\/p>\n<p style=\"font-weight: 400;\"><span style=\"font-weight: 400;\" data-fontfamily=\"Oswald\" data-fontweight=\"400\"><b><strong>TriTech 31<\/strong><\/b> \u00e4r inte bara en h\u00f6gpresterande maskin\u2014den \u00e4r designad med enkelhet i \u00e5tanke. Snabba, o\u00e4ndliga justeringar, med nya extra lasergravyrer, g\u00f6r justering och timing enklare \u00e4n n\u00e5gonsin, s\u00e5 att b\u00e5gskyttar p\u00e5 alla erfarenhetsniv\u00e5er kan spendera mindre tid p\u00e5 finjusteringar och mer tid p\u00e5 att skjuta. Oavsett om du finjusterar f\u00f6r t\u00e4vling eller f\u00f6rbereder f\u00f6r jakt levererar <b><strong>TriTech 31<\/strong><\/b> precision, bekv\u00e4mlighet och sj\u00e4lvf\u00f6rtroende skott efter skott.  <\/span><\/p>\n<p>PRECISA SPECIFIKATIONER<\/p>\n<p><strong>HASTIGHET:<\/strong> FAKTISK 334-335 FPS<\/p>\n<p><strong>HASTIGHET m\/HASTIGHETSMODUL:<\/strong> FAKTISK 339-341 FPS<\/p>\n<p><strong>HASTIGHET m\/75% MODUL:<\/strong> FAKTISK 341-343 FPS<br \/>\n(75% MODUL S\u00c4LJS SEPARAT)<\/p>\n<p><strong>AXEL-TILL-AXEL:<\/strong> 31 3\/16&#8243;<\/p>\n<p><strong>BRACE-H\u00d6JD:<\/strong> 6 3\/8&#8243;<\/p>\n<p><strong>VIKT: <\/strong>4,5 LBS<br \/>\n(utan LVS installerad; ing\u00e5r med b\u00e5gen)<\/p>\n<p><strong>DRAGL\u00c4NGDER: <\/strong>25&#8243;-30,5&#8243;<\/p>\n<p><strong>Dragvikter: <\/strong>50, 60, 70 och 80<\/p>\n<p><strong>LET-OFF:<\/strong> 83-75% justerbar med dragstoppstolpar<br \/>\noch 75% MODUL (s\u00e4ljs separat)<\/p>\n<p><strong>Skr\u00e4ddarsydda b\u00e5gstr\u00e4ngar<\/strong><\/p>\n<p><strong>Tillverkad i USA<\/strong><\/p>\n<p><strong>Funktioner inkluderar<\/strong><\/p>\n<p><strong>HASTIGHET:<\/strong> FAKTISK 334-335 FPS<\/p>\n<p><strong>HASTIGHET m\/HASTIGHETSMODUL:<\/strong> FAKTISK 339-341 FPS<\/p>\n<p><strong>HASTIGHET m\/75% MODUL:<\/strong> FAKTISK 341-343 FPS<br \/>\n(75% MODUL S\u00c4LJS SEPARAT)<\/p>\n<p><strong>AXEL-TILL-AXEL:<\/strong> 31 3\/16&#8243;<\/p>\n<p><strong>BRACE-H\u00d6JD:<\/strong> 6 3\/8&#8243;<\/p>\n<p><strong>VIKT: <\/strong>4,5 LBS<br \/>\n(utan LVS installerad; ing\u00e5r med b\u00e5gen)<\/p>\n<p><strong>DRAGL\u00c4NGDER: <\/strong>25&#8243;-30,5&#8243;<\/p>\n<p><strong>Dragvikter: <\/strong>50, 60, 70 och 80<\/p>\n<p><strong>LET-OFF:<\/strong> 83-75% justerbar med dragstoppstolpar<br \/>\noch 75% MODUL (s\u00e4ljs separat)<\/p>\n","protected":false},"excerpt":{"rendered":"<p>Om du inte hittar b\u00e5gen du vill ha h\u00e4r, g\u00e5 till v\u00e5r Darton Tritech 31 Custom Bow-sida eller kontakta oss direkt. 76 \u00e5r av excellens och innovation inom b\u00e5gskytte: Tritech 31 har lanserats TriTech 31: en precisionsjusterad kraftstation Dartons senaste innovation, TriTech 31, har tre patents\u00f6kta teknologier och visar varum\u00e4rkets outtr\u00f6ttliga str\u00e4van efter prestanda och [&#8230;]\n","protected":false},"featured_media":291918,"comment_status":"open","ping_status":"closed","template":"","meta":[],"product_brand":[],"product_cat":[2652],"product_tag":[],"class_list":{"0":"post-291999","1":"product","2":"type-product","3":"status-publish","4":"has-post-thumbnail","6":"product_cat-compound-bagar","7":"product_shipping_class-big-sv","9":"first","10":"instock","11":"taxable","12":"shipping-taxable","13":"purchasable","14":"product-type-variable"},"composite_virtual":false,"composite_layout":"","composite_add_to_cart_form_location":"","composite_editable_in_cart":false,"composite_sold_individually_context":"","composite_shop_price_calc":"","composite_components":[],"composite_scenarios":[],"group_of_quantity":0,"min_quantity":0,"max_quantity":"","exclude_order_quantity_value_rules":"no","exclude_category_quantity_rules":"no","combine_variations":"no","exclude_global_add_ons":[],"addons":[],"_links":{"self":[{"href":"https:\/\/www.huntersfriend.eu\/sv\/wp-json\/wp\/v2\/product\/291999","targetHints":{"allow":["GET"]}}],"collection":[{"href":"https:\/\/www.huntersfriend.eu\/sv\/wp-json\/wp\/v2\/product"}],"about":[{"href":"https:\/\/www.huntersfriend.eu\/sv\/wp-json\/wp\/v2\/types\/product"}],"replies":[{"embeddable":true,"href":"https:\/\/www.huntersfriend.eu\/sv\/wp-json\/wp\/v2\/comments?post=291999"}],"wp:featuredmedia":[{"embeddable":true,"href":"https:\/\/www.huntersfriend.eu\/sv\/wp-json\/wp\/v2\/media\/291918"}],"wp:attachment":[{"href":"https:\/\/www.huntersfriend.eu\/sv\/wp-json\/wp\/v2\/media?parent=291999"}],"wp:term":[{"taxonomy":"product_brand","embeddable":true,"href":"https:\/\/www.huntersfriend.eu\/sv\/wp-json\/wp\/v2\/product_brand?post=291999"},{"taxonomy":"product_cat","embeddable":true,"href":"https:\/\/www.huntersfriend.eu\/sv\/wp-json\/wp\/v2\/product_cat?post=291999"},{"taxonomy":"product_tag","embeddable":true,"href":"https:\/\/www.huntersfriend.eu\/sv\/wp-json\/wp\/v2\/product_tag?post=291999"}],"curies":[{"name":"wp","href":"https:\/\/api.w.org\/{rel}","templated":true}]}}