{"id":291979,"date":"2025-11-10T13:29:31","date_gmt":"2025-11-10T11:29:31","guid":{"rendered":"https:\/\/www.huntersfriend.eu\/product\/darton-tritech-33-anpassad-bage\/"},"modified":"2026-01-30T14:35:42","modified_gmt":"2026-01-30T12:35:42","slug":"darton-tritech-33-anpassad-bage","status":"publish","type":"product","link":"https:\/\/www.huntersfriend.eu\/sv\/produkt\/darton-tritech-33-anpassad-bage\/","title":{"rendered":"Darton tritech 33 anpassad b\u00e5ge"},"content":{"rendered":"<p><span data-text-color=\"alert\"><strong>Kontrollera v\u00e5r Darton Tritech 33 &#8211; I lager-sida f\u00f6r att se om vi har b\u00e5gen innan du best\u00e4ller h\u00e4rifr\u00e5n. Du kan ocks\u00e5 kontakta oss direkt f\u00f6r mer information om tillg\u00e4nglighet och leveranstider. <\/strong><\/span><\/p>\n<p style=\"font-weight: 400;\"><span data-fontfamily=\"Oswald\"><b><strong>76 \u00e5r av excellens och innovation inom b\u00e5gskytte: Tritech 33 har avsl\u00f6jats<\/strong><\/b><b><strong data-start=\"198\" data-end=\"246\">             <\/strong><\/b><\/span><\/p>\n<p style=\"font-weight: 400;\" data-start=\"198\" data-end=\"248\"><span data-fontfamily=\"Oswald\"><b><strong data-start=\"198\" data-end=\"246\"><span style=\"font-weight: 400;\" data-fontweight=\"400\">TriTech 33: ett precisionsjusterat kraftpaket<\/span><\/strong><\/b><\/span><\/p>\n<p style=\"font-weight: 400;\" data-start=\"198\" data-end=\"248\"><span style=\"font-weight: 300;\" data-fontweight=\"300\" data-fontfamily=\"Oswald\"><span style=\"font-weight: 400;\" data-fontweight=\"400\">Dartons senaste innovation, <b><strong>TriTech 33<\/strong><\/b>, har tre patents\u00f6kta teknologier och visar m\u00e4rkets obevekliga str\u00e4van efter prestanda och precision. En patents\u00f6kt dubbelverkande Micro Adjust Roller Guard, f\u00f6rb\u00e4ttrade patents\u00f6kta Perfect-Timing Adjustable Yoke Hangers, det patents\u00f6kta Perfect-Tune\u2122 Adjustable Limb Pocket System, utrustad med standardmods, inklusive hastighetsmods, 1\/4&#8243; justerbara dragl\u00e4ngder, tv\u00e5 dragstoppstolpar och ett Picatinny siktf\u00e4ste, s\u00e4tter denna b\u00e5ge en ny standard f\u00f6r justerbarhet och funktionalitet. Dessa banbrytande teknologier levererar den mjukaste dragcykeln t\u00e4nkbar och o\u00f6vertr\u00e4ffad konsistens\u2014vilket g\u00f6r TriTech-serien till de mest justerbara b\u00e5garna p\u00e5 marknaden idag. Dartons branschledande innovationer g\u00f6r det m\u00f6jligt att justera och tajma en b\u00e5ge helt perfekt. Dessutom g\u00f6r det nya, mjukare Sanoprene Grip-insatsen v\u00e5ra b\u00e5gar bekv\u00e4mare, s\u00e4rskilt under de d\u00e4r kyliga morgnarna. Det finns tre greppval: Neutral, Installerad p\u00e5 b\u00e5gen, 2,5 grader och 5 grader, vilket g\u00f6r att v\u00e4rldens mest justerbara b\u00e5ge blir den bekv\u00e4mare och passar dig och din skjutstil perfekt.      <\/span><\/span><\/p>\n<p style=\"font-weight: 400;\" data-start=\"802\" data-end=\"842\"><span style=\"font-weight: 400;\" data-fontweight=\"400\" data-fontfamily=\"Oswald\">Enkel justering f\u00f6r varje b\u00e5gskytt<\/span><\/p>\n<p style=\"font-weight: 400;\"><span data-fontfamily=\"Oswald\"><b><strong>TriTech 33<\/strong><\/b> \u00e4r inte bara en h\u00f6gpresterande maskin\u2014den \u00e4r designad med enkelhet i \u00e5tanke. Snabba, o\u00e4ndliga justeringar, med nya ytterligare lasergravyrer, g\u00f6r justering och tajming enklare \u00e4n n\u00e5gonsin, s\u00e5 b\u00e5gskytte p\u00e5 alla erfarenhetsniv\u00e5er kan spendera mindre tid p\u00e5 finjustering och mer tid p\u00e5 skytte. Oavsett om du finjusterar f\u00f6r t\u00e4vling eller st\u00e4ller in f\u00f6r jakt, levererar <b><strong>TriTech 33<\/strong><\/b> precision, bekv\u00e4mlighet och sj\u00e4lvf\u00f6rtroende skott efter skott.  <\/span><\/p>\n<div id=\"s-c8bdabdf-8860-420e-8966-ea6194092027\" class=\"shg-c \">\n<div class=\"shg-rich-text shg-theme-text-content\">\n<p><strong>PRECISA SPECIFIKATIONER<\/strong><\/p>\n<p>HASTIGHET: FAKTISK 334-335 FPS<\/p>\n<p>HASTIGHET m\/HASTIGHETSMOD: FAKTISK 339-341 FPS<\/p>\n<p>HASTIGHET m\/75% MOD: FAKTISK 341-343 FPS<br \/>\n(75% MOD S\u00c4LJS SEPARAT)<\/p>\n<p>AXEL-TILL-AXEL: 33 3\/16&#8243;<\/p>\n<p>BRACE-H\u00d6JD: 6 3\/8 &#8221;<\/p>\n<p>MASSVIKT: 4,6 LBS<br \/>\n(utan LVS installerad; ing\u00e5r med b\u00e5gen)<\/p>\n<p>DRAGL\u00c4NGDER: 25,5&#8243;-31&#8243;<\/p>\n<p>Dragvikter: 50, 60, 70 och 80<\/p>\n<p>LET-OFF: 83-75% justerbar med dragstoppstolpar<br \/>\noch 75% MODUL (s\u00e4ljs separat)<\/p>\n<p>Skr\u00e4ddarsydda b\u00e5gstr\u00e4ngar<\/p>\n<p>Tillverkad i USA<\/p>\n<\/div>\n<\/div>\n<div id=\"s-51ac5ed3-96fb-4bc2-8fa8-c19df2a5d6f2\" class=\"shg-c \">\n<div class=\"shg-rich-text shg-theme-text-content\">\n<p><strong>Funktioner inkluderar<\/strong><\/p>\n<p>BBS Dual Sync Cam 1\/4&#8243; Dragl\u00e4ngder (\u00e4ven k\u00e4nd som Sequel Cam) (6,990,970 B1)<\/p>\n<p>Patenterad djup sp\u00e5rkam (#8,714,143)<\/p>\n<p>1\/4&#8243; knapphuvudaxlar<\/p>\n<p>5\/8&#8243; lager<\/p>\n<p>(perfect tune) justerbara lembfickor (patent pending)<\/p>\n<p>Dual-funktion mikrojusterbar rullguide (Patent Pending)<\/p>\n<p>(Perfect timing) Justerbar Yoke-h\u00e4ngare (patent pending)<\/p>\n<p>QAD Integrerat pilhyllef\u00e4ste<\/p>\n<p>En hastighetsmodul ing\u00e5r, men \u00e4r inte installerad, f\u00f6r extra 5-6 FPS.<\/p>\n<p>Tv\u00e5 upps\u00e4ttningar dragstoppstolpar l\u00e5ter dig mikrojustera din let-off.<\/p>\n<\/div>\n<\/div>\n","protected":false},"excerpt":{"rendered":"<p>Kontrollera v\u00e5r Darton Tritech 33 &#8211; I lager-sida f\u00f6r att se om vi har b\u00e5gen innan du best\u00e4ller h\u00e4rifr\u00e5n. Du kan ocks\u00e5 kontakta oss direkt f\u00f6r mer information om tillg\u00e4nglighet och leveranstider. 76 \u00e5r av excellens och innovation inom b\u00e5gskytte: Tritech 33 har avsl\u00f6jats TriTech 33: ett precisionsjusterat kraftpaket Dartons senaste innovation, TriTech 33, har [&#8230;]\n","protected":false},"featured_media":291949,"comment_status":"open","ping_status":"closed","template":"","meta":[],"product_brand":[],"product_cat":[2652],"product_tag":[],"class_list":{"0":"post-291979","1":"product","2":"type-product","3":"status-publish","4":"has-post-thumbnail","6":"product_cat-compound-bagar","7":"product_shipping_class-big-sv","9":"first","10":"onbackorder","11":"taxable","12":"shipping-taxable","13":"purchasable","14":"product-type-simple"},"composite_virtual":false,"composite_layout":"","composite_add_to_cart_form_location":"","composite_editable_in_cart":false,"composite_sold_individually_context":"","composite_shop_price_calc":"","composite_components":[],"composite_scenarios":[],"group_of_quantity":0,"min_quantity":0,"max_quantity":"","exclude_order_quantity_value_rules":"no","exclude_category_quantity_rules":"no","combine_variations":"no","exclude_global_add_ons":false,"addons":[{"name":"B\u00e5ghand","type":"multiple_choice","position":0,"required":true,"title_format":"label","default":"","description_enable":false,"description":null,"placeholder_enable":false,"placeholder":null,"display":"select","restrictions_type":"any_text","adjust_price":false,"price":"","price_type":"flat_fee","restrictions":false,"min":"0","max":"0","options":[{"label":"H\u00f6gerhand","price":"","price_type":"flat_fee","image":0,"visibility":true},{"label":"V\u00e4nsterhand","price":"","price_type":"flat_fee","image":0,"visibility":true}],"id":1762866187},{"name":"F\u00e4rg","type":"multiple_choice","position":1,"required":true,"title_format":"label","default":"","description_enable":false,"description":null,"placeholder_enable":false,"placeholder":null,"display":"select","restrictions_type":"any_text","adjust_price":false,"price":"","price_type":"flat_fee","restrictions":false,"min":"0","max":"0","options":[{"label":"Svart m\/ Svarta lemmar","price":"","price_type":"flat_fee","image":0,"visibility":true},{"label":"Flat Dark Earth m\/ Svarta lemmar","price":"","price_type":"flat_fee","image":0,"visibility":true},{"label":"Stengr\u00e5 m\/ Svarta lemmar","price":"","price_type":"flat_fee","image":0,"visibility":true},{"label":"OD Gr\u00f6n m\/ Svarta lemmar","price":"","price_type":"flat_fee","image":0,"visibility":true},{"label":"Firstlite Spectre Camo m\/ Svarta lemmar","price":"","price_type":"flat_fee","image":0,"visibility":true},{"label":"Firstlite Fusion m\/ Svarta lemmar","price":"","price_type":"flat_fee","image":0,"visibility":true},{"label":"Mossy Oak Bottom Land Camo m\/ Svarta lemmar","price":"","price_type":"flat_fee","image":0,"visibility":false}],"id":1762866189},{"name":"Dragvikt","type":"multiple_choice","position":2,"required":true,"title_format":"label","default":"","description_enable":false,"description":null,"placeholder_enable":false,"placeholder":null,"display":"select","restrictions_type":"any_text","adjust_price":false,"price":"","price_type":"flat_fee","restrictions":false,"min":"0","max":"0","options":[{"label":"40-50#","price":"","price_type":"flat_fee","image":0,"visibility":true},{"label":"50-60#","price":"","price_type":"flat_fee","image":0,"visibility":true},{"label":"60-70#","price":"","price_type":"flat_fee","image":0,"visibility":true},{"label":"70-80#","price":"","price_type":"flat_fee","image":0,"visibility":true}],"id":1762866188}],"_links":{"self":[{"href":"https:\/\/www.huntersfriend.eu\/sv\/wp-json\/wp\/v2\/product\/291979","targetHints":{"allow":["GET"]}}],"collection":[{"href":"https:\/\/www.huntersfriend.eu\/sv\/wp-json\/wp\/v2\/product"}],"about":[{"href":"https:\/\/www.huntersfriend.eu\/sv\/wp-json\/wp\/v2\/types\/product"}],"replies":[{"embeddable":true,"href":"https:\/\/www.huntersfriend.eu\/sv\/wp-json\/wp\/v2\/comments?post=291979"}],"wp:featuredmedia":[{"embeddable":true,"href":"https:\/\/www.huntersfriend.eu\/sv\/wp-json\/wp\/v2\/media\/291949"}],"wp:attachment":[{"href":"https:\/\/www.huntersfriend.eu\/sv\/wp-json\/wp\/v2\/media?parent=291979"}],"wp:term":[{"taxonomy":"product_brand","embeddable":true,"href":"https:\/\/www.huntersfriend.eu\/sv\/wp-json\/wp\/v2\/product_brand?post=291979"},{"taxonomy":"product_cat","embeddable":true,"href":"https:\/\/www.huntersfriend.eu\/sv\/wp-json\/wp\/v2\/product_cat?post=291979"},{"taxonomy":"product_tag","embeddable":true,"href":"https:\/\/www.huntersfriend.eu\/sv\/wp-json\/wp\/v2\/product_tag?post=291979"}],"curies":[{"name":"wp","href":"https:\/\/api.w.org\/{rel}","templated":true}]}}