{"id":291978,"date":"2025-10-30T11:53:42","date_gmt":"2025-10-30T09:53:42","guid":{"rendered":"https:\/\/www.huntersfriend.eu\/product\/darton-consequence-31-specialbage\/"},"modified":"2025-11-11T13:55:17","modified_gmt":"2025-11-11T11:55:17","slug":"darton-consequence-31-specialbage","status":"publish","type":"product","link":"https:\/\/www.huntersfriend.eu\/sv\/produkt\/darton-consequence-31-specialbage\/","title":{"rendered":"Darton Consequence 31 specialb\u00e5ge"},"content":{"rendered":"<div id=\"s-666547a8-1dbd-4e55-b506-99bcf24adf94\" class=\"shg-c shg-align-center\">\n<div class=\"shogun-heading-component\">\n<p><span data-text-color=\"alert\"><strong>Kolla g\u00e4rna v\u00e5r sida f\u00f6r Darton Consequence 31 &#8211; I lager f\u00f6r att se om vi har b\u00e5gen innan du best\u00e4ller h\u00e4rifr\u00e5n. Du kan ocks\u00e5 kontakta oss direkt f\u00f6r mer information om tillg\u00e4nglighet och leveranstider. <\/strong><\/span><\/p>\n<h2>UPPT\u00c4CK DEN NYA CONSEQUENCE 31<\/h2>\n<\/div>\n<\/div>\n<div id=\"s-98c59f07-3b50-4b8b-ac33-5eb90de8d0fd\" class=\"shg-c \">\n<div class=\"shg-rich-text shg-theme-text-content\">\n<p><span data-fontfamily=\"Oswald\">Darton Archerys senaste erbjudande\u2014Consequence 31. Denna nya compoundb\u00e5ge kommer p\u00e5 beg\u00e4ran av m\u00e5nga av v\u00e5ra \u00e5terf\u00f6rs\u00e4ljare och kunder som vill ha en lite l\u00e4ngre axel-till-axel-b\u00e5ge utan att det kostar skjortan. <\/span><\/p>\n<p><span data-fontfamily=\"Oswald\">Konstruerad med en helt ny designad b\u00e5ge och tillverkad av smidd aluminium \u00e4r Consequence 31 inte bara robust utan ocks\u00e5 l\u00e4tt. Den har BBS Dual Sync-kammar med 1\/4&#8243; dragl\u00e4ngder, 1\/4&#8243; axlar och .870 lemmar och lemmfickor f\u00f6r \u00f6kad stabilitet. Darton-greppet s\u00e4kerst\u00e4ller ett bekv\u00e4mt och fast grepp, medan den integrerade QAD-pilen och rullstyrningen bidrar till dess \u00f6verl\u00e4gsna design.  <\/span><\/p>\n<p><span data-fontfamily=\"Oswald\">Men det \u00e4r inte allt. Consequence 31 levereras med 2 upps\u00e4ttningar roterande MOD:ar\u2014en standardupps\u00e4ttning och en prestandaupps\u00e4ttning\u2014s\u00e5 att du kan anpassa din b\u00e5ge efter dina behov. Den \u00e4r designad med precisa specifikationer f\u00f6r att s\u00e4kerst\u00e4lla tr\u00e4ffs\u00e4kerhet i varje skott. Med en hastighet p\u00e5 325 FPS med standardmodulen och 331 FPS med hastighetsmodulen ser denna b\u00e5ge till att dina pilar tr\u00e4ffar m\u00e5let snabbt.   <\/span><\/p>\n<p><span data-fontfamily=\"Oswald\">Consequence 31 \u00e4r verkligen en game-changer i b\u00e5gskyttets v\u00e4rld. Oavsett om du \u00e4r en erfaren b\u00e5gskytt eller nyb\u00f6rjare \u00e4r denna b\u00e5ge designad f\u00f6r att f\u00f6rb\u00e4ttra din b\u00e5gskytteupplevelse. <\/span><\/p>\n<div id=\"s-fc5190b2-71aa-4551-97a9-de14956c7d6b\" class=\"shg-c \">\n<div class=\"shg-rich-text shg-theme-text-content\">\n<p>HELT NY B\u00c5GDESIGN<\/p>\n<p>BBS Dual Sync-kammar med 1\/4&#8243; dragl\u00e4ngdsjusteringar<\/p>\n<p>1\/4&#8243; axlar<\/p>\n<p>5\/8&#8243; lager<\/p>\n<p>.870 lemmar och lemmfickor (\u00d6kar stabiliteten)<\/p>\n<p>Darton-greppet<\/p>\n<p>Rullstyrning<\/p>\n<p>QAD Integrerat pilhyllef\u00e4ste<\/p>\n<p>2 upps\u00e4ttningar roterande MOD:ar<\/p>\n<p>1 standardupps\u00e4ttning och 1 prestandaupps\u00e4ttning<\/p>\n<\/div>\n<\/div>\n<div id=\"s-2eb2d979-5e26-47fd-b757-c9ed34c0a317\" class=\"shg-c \">\n<div class=\"shg-rich-text shg-theme-text-content\">\n<p>&nbsp;<\/p>\n<p><span data-fontweight=\"400\">PRECISA SPECIFIKATIONER<\/span><\/p>\n<p>HASTIGHET: 325 FPS Standardmodul | 331 FPS Prestandamodul<\/p>\n<p>AXEL-TILL-AXEL: 31&#8243;<\/p>\n<p>BRACE-H\u00d6JD: 7&#8243;<\/p>\n<p>VIKT: 4,3 LBS.<\/p>\n<p>DRAGL\u00c4NGDER: 26&#8243;-31,5&#8243;<\/p>\n<p>DRAGVIKTER: 50, 60, 70<\/p>\n<p>LET-OFF: 83-75% (Justerbar med dragstoppstolpar)<\/p>\n<\/div>\n<\/div>\n<\/div>\n<\/div>\n","protected":false},"excerpt":{"rendered":"<p>Kolla g\u00e4rna v\u00e5r sida f\u00f6r Darton Consequence 31 &#8211; I lager f\u00f6r att se om vi har b\u00e5gen innan du best\u00e4ller h\u00e4rifr\u00e5n. Du kan ocks\u00e5 kontakta oss direkt f\u00f6r mer information om tillg\u00e4nglighet och leveranstider. UPPT\u00c4CK DEN NYA CONSEQUENCE 31 Darton Archerys senaste erbjudande\u2014Consequence 31. Denna nya compoundb\u00e5ge kommer p\u00e5 beg\u00e4ran av m\u00e5nga av v\u00e5ra [&#8230;]\n","protected":false},"featured_media":291857,"comment_status":"open","ping_status":"closed","template":"","meta":[],"product_brand":[],"product_cat":[2652],"product_tag":[],"class_list":{"0":"post-291978","1":"product","2":"type-product","3":"status-publish","4":"has-post-thumbnail","6":"product_cat-compound-bagar","7":"product_shipping_class-big-sv","9":"first","10":"onbackorder","11":"taxable","12":"shipping-taxable","13":"purchasable","14":"product-type-simple"},"composite_virtual":false,"composite_layout":"","composite_add_to_cart_form_location":"","composite_editable_in_cart":false,"composite_sold_individually_context":"","composite_shop_price_calc":"","composite_components":[],"composite_scenarios":[],"group_of_quantity":0,"min_quantity":0,"max_quantity":"","exclude_order_quantity_value_rules":"no","exclude_category_quantity_rules":"no","combine_variations":"no","exclude_global_add_ons":false,"addons":[{"name":"B\u00e5ghand","type":"multiple_choice","position":0,"required":true,"title_format":"label","default":"0","description_enable":false,"description":null,"placeholder_enable":false,"placeholder":null,"display":"select","restrictions_type":"any_text","adjust_price":false,"price":"","price_type":"flat_fee","restrictions":false,"min":"0","max":"0","options":[{"label":"H\u00f6gerhand","price":"","price_type":"flat_fee","image":0,"visibility":true},{"label":"V\u00e4nsterhand","price":"","price_type":"flat_fee","image":0,"visibility":true}],"id":1762771066},{"name":"F\u00e4rg","type":"multiple_choice","position":1,"required":true,"title_format":"label","default":"0","description_enable":false,"description":null,"placeholder_enable":false,"placeholder":null,"display":"select","restrictions_type":"any_text","adjust_price":false,"price":"","price_type":"flat_fee","restrictions":false,"min":"0","max":"0","options":[{"label":"Matt svart med svarta lemmar","price":"","price_type":"flat_fee","image":0,"visibility":true},{"label":"Flat Dark Earth m\/ Svarta lemmar","price":"","price_type":"flat_fee","image":0,"visibility":true},{"label":"OD Gr\u00f6n m\/ Svarta lemmar","price":"","price_type":"flat_fee","image":0,"visibility":false},{"label":"Stengr\u00e5 m\/ Svarta lemmar","price":"","price_type":"flat_fee","image":0,"visibility":true},{"label":"Mossy Oak Bottom Land Camo m\/ Svarta lemmar","price":"","price_type":"flat_fee","image":0,"visibility":true}],"id":1762771068},{"name":"Dragvikt","type":"multiple_choice","position":2,"required":true,"title_format":"label","default":"2","description_enable":false,"description":null,"placeholder_enable":false,"placeholder":null,"display":"select","restrictions_type":"any_text","adjust_price":false,"price":"","price_type":"flat_fee","restrictions":false,"min":"0","max":"0","options":[{"label":"40-50#","price":"","price_type":"flat_fee","image":0,"visibility":true},{"label":"50-60#","price":"","price_type":"flat_fee","image":0,"visibility":true},{"label":"60-70#","price":"","price_type":"flat_fee","image":0,"visibility":true}],"id":1762771067}],"_links":{"self":[{"href":"https:\/\/www.huntersfriend.eu\/sv\/wp-json\/wp\/v2\/product\/291978","targetHints":{"allow":["GET"]}}],"collection":[{"href":"https:\/\/www.huntersfriend.eu\/sv\/wp-json\/wp\/v2\/product"}],"about":[{"href":"https:\/\/www.huntersfriend.eu\/sv\/wp-json\/wp\/v2\/types\/product"}],"replies":[{"embeddable":true,"href":"https:\/\/www.huntersfriend.eu\/sv\/wp-json\/wp\/v2\/comments?post=291978"}],"wp:featuredmedia":[{"embeddable":true,"href":"https:\/\/www.huntersfriend.eu\/sv\/wp-json\/wp\/v2\/media\/291857"}],"wp:attachment":[{"href":"https:\/\/www.huntersfriend.eu\/sv\/wp-json\/wp\/v2\/media?parent=291978"}],"wp:term":[{"taxonomy":"product_brand","embeddable":true,"href":"https:\/\/www.huntersfriend.eu\/sv\/wp-json\/wp\/v2\/product_brand?post=291978"},{"taxonomy":"product_cat","embeddable":true,"href":"https:\/\/www.huntersfriend.eu\/sv\/wp-json\/wp\/v2\/product_cat?post=291978"},{"taxonomy":"product_tag","embeddable":true,"href":"https:\/\/www.huntersfriend.eu\/sv\/wp-json\/wp\/v2\/product_tag?post=291978"}],"curies":[{"name":"wp","href":"https:\/\/api.w.org\/{rel}","templated":true}]}}