{"id":291972,"date":"2025-10-30T11:53:52","date_gmt":"2025-10-30T09:53:52","guid":{"rendered":"https:\/\/www.huntersfriend.eu\/product\/darton-consequence-sd-specialbage\/"},"modified":"2025-11-11T13:54:26","modified_gmt":"2025-11-11T11:54:26","slug":"darton-consequence-sd-specialbage","status":"publish","type":"product","link":"https:\/\/www.huntersfriend.eu\/sv\/produkt\/darton-consequence-sd-specialbage\/","title":{"rendered":"Darton Consequence SD specialb\u00e5ge"},"content":{"rendered":"<div id=\"s-68ca3288-8268-4a3a-b16a-928de8f50bfb\" class=\"shg-c shg-align-center\">\n<div class=\"shogun-heading-component\">\n<p><span data-text-color=\"alert\"><strong>Kolla g\u00e4rna v\u00e5r Darton Consequence SD &#8211; I lager-sida f\u00f6r att se om vi har b\u00e5gen innan du best\u00e4ller h\u00e4rifr\u00e5n. Du kan ocks\u00e5 kontakta oss direkt f\u00f6r mer information om tillg\u00e4nglighet och leveranstider. <\/strong><\/span><\/p>\n<h2>UPPT\u00c4CK NYA CONSEQUENCE SD<\/h2>\n<\/div>\n<\/div>\n<div id=\"s-f1902256-7dfe-41a0-8a22-2dc202cbb7c5\" class=\"shg-c \">\n<div class=\"shg-rich-text shg-theme-text-content\">\n<p><span data-fontfamily=\"Oswald\">Upplev utvecklingen inom b\u00e5gskytte med Darton Archerys senaste erbjudande\u2014Consequence SD. Denna nya compoundb\u00e5ge bygger p\u00e5 framg\u00e5ngen fr\u00e5n sin f\u00f6reg\u00e5ngare och erbjuder avancerade funktioner f\u00f6r \u00e4nnu b\u00e4ttre prestanda. <\/span><\/p>\n<p><span data-fontfamily=\"Oswald\">Consequence SD \u00e4r konstruerad med en helt ny siktesstomme i smidd aluminium som \u00e4r b\u00e5de robust och l\u00e4tt. Den har BBS Dual Sync SD-kam, 1\/4&#8243; axlar och .870 lemmar och lemfickor f\u00f6r \u00f6kad stabilitet. Darton-greppet s\u00e4kerst\u00e4ller ett bekv\u00e4mt och fast grepp, medan QAD Integrate och rullstyrningen bidrar till den \u00f6verl\u00e4gsna designen.  <\/span><\/p>\n<p><span data-fontfamily=\"Oswald\">Den \u00e4r designad med precisa specifikationer som s\u00e4kerst\u00e4ller tr\u00e4ffs\u00e4kerhet i varje skott. Med en hastighet p\u00e5 309 FPS vid 28&#8243; dragl\u00e4ngd och en 300-grains pil s\u00e4kerst\u00e4ller denna b\u00e5ge att dina pilar tr\u00e4ffar m\u00e5let snabbt. <\/span><\/p>\n<p><span data-fontfamily=\"Oswald\">Consequence SD \u00e4r verkligen en banbrytare i b\u00e5gskyttets v\u00e4rld. Oavsett om du \u00e4r en erfaren b\u00e5gskytt eller nyb\u00f6rjare \u00e4r denna b\u00e5ge designad f\u00f6r att f\u00f6rb\u00e4ttra din b\u00e5gskytteupplevelse. <\/span><\/p>\n<div id=\"s-3c8872e4-88e0-4323-a5fb-3e405cd6eef7\" class=\"shg-c \">\n<div class=\"shg-rich-text shg-theme-text-content\">\n<p>HELT NY SIKTESSTOMMEDESIGN<\/p>\n<p>BBS Dual Sync SD-kammar<\/p>\n<p>1\/4&#8243; axlar<\/p>\n<p>5\/8&#8243; lager<\/p>\n<p>.870 lemmar och lemfickor (\u00f6kar stabiliteten)<\/p>\n<p>THE Darton-grepp<\/p>\n<p>Rullstyrning<\/p>\n<p>QAD Integrate pilf\u00e4ste<\/p>\n<\/div>\n<\/div>\n<div id=\"s-a2e152b8-1724-487e-b51d-a080439d7e27\" class=\"shg-c \">\n<div class=\"shg-rich-text shg-theme-text-content\">\n<p><strong><span data-fontweight=\"300\">PRECISIONSSPECIFIKATIONER<\/span><\/strong><\/p>\n<p>HASTIGHET: 309 FPS, 28&#8243; dragl\u00e4ngd och en 300-grains pil<\/p>\n<p>AXEL-TILL-AXEL: 30 1\/16&#8243;<\/p>\n<p>BRACE-H\u00d6JD: 7 1\/16&#8243;<\/p>\n<p>VIKT: 4 LBS.<\/p>\n<p>DRAGL\u00c4NGDER: 22&#8243;-28&#8243;<\/p>\n<p>DRAGVIKTER: 50, 60<\/p>\n<p>LET-OFF: 82-75 % (Justerbar med dragstoppstolpar)<\/p>\n<\/div>\n<\/div>\n<\/div>\n<\/div>\n","protected":false},"excerpt":{"rendered":"<p>Kolla g\u00e4rna v\u00e5r Darton Consequence SD &#8211; I lager-sida f\u00f6r att se om vi har b\u00e5gen innan du best\u00e4ller h\u00e4rifr\u00e5n. Du kan ocks\u00e5 kontakta oss direkt f\u00f6r mer information om tillg\u00e4nglighet och leveranstider. UPPT\u00c4CK NYA CONSEQUENCE SD Upplev utvecklingen inom b\u00e5gskytte med Darton Archerys senaste erbjudande\u2014Consequence SD. Denna nya compoundb\u00e5ge bygger p\u00e5 framg\u00e5ngen fr\u00e5n sin [&#8230;]\n","protected":false},"featured_media":291840,"comment_status":"open","ping_status":"closed","template":"","meta":[],"product_brand":[],"product_cat":[2652],"product_tag":[],"class_list":{"0":"post-291972","1":"product","2":"type-product","3":"status-publish","4":"has-post-thumbnail","6":"product_cat-compound-bagar","7":"product_shipping_class-big-sv","9":"first","10":"onbackorder","11":"taxable","12":"shipping-taxable","13":"purchasable","14":"product-type-simple"},"composite_virtual":false,"composite_layout":"","composite_add_to_cart_form_location":"","composite_editable_in_cart":false,"composite_sold_individually_context":"","composite_shop_price_calc":"","composite_components":[],"composite_scenarios":[],"group_of_quantity":0,"min_quantity":0,"max_quantity":"","exclude_order_quantity_value_rules":"no","exclude_category_quantity_rules":"no","combine_variations":"no","exclude_global_add_ons":false,"addons":{"1":{"name":"B\u00e5ghanden","type":"multiple_choice","position":0,"required":true,"title_format":"label","default":"0","description_enable":false,"description":null,"placeholder_enable":false,"placeholder":null,"display":"select","restrictions_type":"any_text","adjust_price":false,"price":"","price_type":"flat_fee","restrictions":false,"min":"0","max":"0","options":[{"label":"H\u00f6gerh\u00e4nt","price":"","price_type":"flat_fee","image":0,"visibility":true},{"label":"V\u00e4nsterh\u00e4nt","price":"","price_type":"flat_fee","image":0,"visibility":true}],"id":1762770067},"2":{"name":"Dragvikt","type":"multiple_choice","position":1,"required":true,"title_format":"label","default":"0","description_enable":false,"description":null,"placeholder_enable":false,"placeholder":null,"display":"select","restrictions_type":"any_text","adjust_price":false,"price":"","price_type":"flat_fee","restrictions":false,"min":"0","max":"0","options":[{"label":"30-50#","price":"","price_type":"flat_fee","image":0,"visibility":true},{"label":"40-60#","price":"","price_type":"flat_fee","image":0,"visibility":true}],"id":1762770068},"0":{"name":"F\u00e4rg","type":"multiple_choice","position":2,"required":true,"title_format":"label","default":"0","description_enable":false,"description":null,"placeholder_enable":false,"placeholder":null,"display":"select","restrictions_type":"any_text","adjust_price":false,"price":"","price_type":"flat_fee","restrictions":false,"min":"0","max":"0","options":[{"label":"Matt svart med svarta lemmar","price":"","price_type":"flat_fee","image":0,"visibility":true},{"label":"Platt jordf\u00e4rgad med svarta lemmar","price":"","price_type":"flat_fee","image":0,"visibility":true},{"label":"OD-gr\u00f6n med svarta lemmar","price":"","price_type":"flat_fee","image":0,"visibility":false},{"label":"Stengr\u00e5 med svarta lemmar","price":"","price_type":"flat_fee","image":0,"visibility":true},{"label":"Mossy Oak Bottom Land Camo med svarta lemmar","price":"","price_type":"flat_fee","image":0,"visibility":true}],"id":1762770069}},"_links":{"self":[{"href":"https:\/\/www.huntersfriend.eu\/sv\/wp-json\/wp\/v2\/product\/291972","targetHints":{"allow":["GET"]}}],"collection":[{"href":"https:\/\/www.huntersfriend.eu\/sv\/wp-json\/wp\/v2\/product"}],"about":[{"href":"https:\/\/www.huntersfriend.eu\/sv\/wp-json\/wp\/v2\/types\/product"}],"replies":[{"embeddable":true,"href":"https:\/\/www.huntersfriend.eu\/sv\/wp-json\/wp\/v2\/comments?post=291972"}],"wp:featuredmedia":[{"embeddable":true,"href":"https:\/\/www.huntersfriend.eu\/sv\/wp-json\/wp\/v2\/media\/291840"}],"wp:attachment":[{"href":"https:\/\/www.huntersfriend.eu\/sv\/wp-json\/wp\/v2\/media?parent=291972"}],"wp:term":[{"taxonomy":"product_brand","embeddable":true,"href":"https:\/\/www.huntersfriend.eu\/sv\/wp-json\/wp\/v2\/product_brand?post=291972"},{"taxonomy":"product_cat","embeddable":true,"href":"https:\/\/www.huntersfriend.eu\/sv\/wp-json\/wp\/v2\/product_cat?post=291972"},{"taxonomy":"product_tag","embeddable":true,"href":"https:\/\/www.huntersfriend.eu\/sv\/wp-json\/wp\/v2\/product_tag?post=291972"}],"curies":[{"name":"wp","href":"https:\/\/api.w.org\/{rel}","templated":true}]}}