{"id":291805,"date":"2025-11-04T09:59:19","date_gmt":"2025-11-04T07:59:19","guid":{"rendered":"https:\/\/www.huntersfriend.eu\/product\/sitka-fanatic-jacket-elevated-2\/"},"modified":"2025-11-06T13:00:38","modified_gmt":"2025-11-06T11:00:38","slug":"sitka-fanatic-jacket-elevated-2","status":"publish","type":"product","link":"https:\/\/www.huntersfriend.eu\/sv\/produkt\/sitka-fanatic-jacket-elevated-2\/","title":{"rendered":"SITKA fanatic jacket &#8211; elevated"},"content":{"rendered":"<h3 data-start=\"197\" data-end=\"259\"><strong data-start=\"201\" data-end=\"259\">SITKA fanatic-jacka \u2013 ultimat skydd och tystnad<\/strong><\/h3>\n<p data-start=\"261\" data-end=\"559\"><strong data-start=\"265\" data-end=\"289\">Sitka Fanatic Jacket<\/strong> \u00e4r konstruerad f\u00f6r kalla h\u00f6st- och vinterjakter d\u00e4r v\u00e4rme, tystnad och komfort \u00e4r avg\u00f6rande.<br data-start=\"390\" data-end=\"393\">Denna jacka kombinerar h\u00f6gvolym Berber-fleece, ett vindt\u00e4tt <strong data-start=\"451\" data-end=\"476\">WINDSTOPPER\u00ae-membran<\/strong> och premium <strong data-start=\"490\" data-end=\"515\">PrimaLoft\u00ae-isolering<\/strong> f\u00f6r att h\u00e5lla dig varm \u00e4ven under fuktiga f\u00f6rh\u00e5llanden.<\/p>\n<p data-start=\"561\" data-end=\"832\"><strong data-start=\"565\" data-end=\"589\">Optifade Elevated II<\/strong>-kamouflage \u00e4r speciellt designat f\u00f6r att d\u00f6lja j\u00e4gare i l\u00f6v\u00adl\u00f6sa, sen\u00ads\u00e4songs- och vintermilj\u00f6er.<br data-start=\"703\" data-end=\"706\">Samtidigt minskar <strong data-start=\"717\" data-end=\"737\">Science of Sound<\/strong>-teknologin ljudet fr\u00e5n r\u00f6relser med h\u00e4lften, vilket f\u00f6rb\u00e4ttrar dina chanser till framg\u00e5ng i jakttornet.<\/p>\n<hr data-start=\"834\" data-end=\"837\">\n<h3 data-start=\"839\" data-end=\"869\"><strong data-start=\"843\" data-end=\"869\">Syfte och f\u00f6rdelar<\/strong><\/h3>\n<p data-start=\"871\" data-end=\"1124\"><strong data-start=\"875\" data-end=\"893\">Fanatic Jacket<\/strong> \u00e4r det perfekta valet f\u00f6r bakh\u00e5lls- eller tornjakten n\u00e4r du jagar skygg vilt under tidig v\u00e5r, h\u00f6st eller vinterf\u00f6rh\u00e5llanden.<br data-start=\"1012\" data-end=\"1015\">Dess <strong data-start=\"1019\" data-end=\"1057\">diagonala, ultratysta YKK\u00ae-dragkedja<\/strong> s\u00e4kerst\u00e4ller tyst p\u00e5kl\u00e4dning och har inbyggda handv\u00e4rmefickor.<\/p>\n<p data-start=\"1126\" data-end=\"1494\">Genomt\u00e4nkt placerade f\u00f6rvaringsl\u00f6sningar h\u00e5ller din viktiga utrustning n\u00e4ra och organiserad, medan <strong data-start=\"1216\" data-end=\"1266\">Constant-Connect\u2122 s\u00e4kerhetssele-kompatibilitet<\/strong> m\u00f6jligg\u00f6r enkel skiktning utan on\u00f6diga justeringar.<br data-start=\"1320\" data-end=\"1323\">\u00c4rmdesignen ger optimal frig\u00e5ng f\u00f6r din b\u00e5gstr\u00e4ng p\u00e5 v\u00e4nster arm och minskar \u00f6verfl\u00f6dig volym vid dragarmb\u00e5gen f\u00f6r en smidigare, mer ergonomisk skjutposition.<\/p>\n<hr data-start=\"1496\" data-end=\"1499\">\n<h3 data-start=\"1501\" data-end=\"1533\"><strong data-start=\"1505\" data-end=\"1533\">Tekniska specifikationer<\/strong><\/h3>\n<ul data-start=\"1535\" data-end=\"1623\">\n<li data-start=\"1535\" data-end=\"1570\">\n<p data-start=\"1537\" data-end=\"1570\"><strong data-start=\"1537\" data-end=\"1547\">F\u00e4rg:<\/strong> optifade elevated II<\/p>\n<\/li>\n<li data-start=\"1571\" data-end=\"1591\">\n<p data-start=\"1573\" data-end=\"1591\"><strong data-start=\"1573\" data-end=\"1583\">Storlekar:<\/strong> M\u20132XL<\/p>\n<\/li>\n<li data-start=\"1592\" data-end=\"1623\">\n<p data-start=\"1594\" data-end=\"1623\"><strong data-start=\"1594\" data-end=\"1605\">Vikt:<\/strong> 1310 g (storlek L)<\/p>\n<\/li>\n<\/ul>\n<p data-start=\"1625\" data-end=\"1988\"><strong data-start=\"1625\" data-end=\"1643\">Kroppsmaterial:<\/strong> High Loft Jacquard Berber Fleece med DWR-finish<br data-start=\"1692\" data-end=\"1695\"><strong data-start=\"1695\" data-end=\"1712\">F\u00e5ll och s\u00e4te:<\/strong> Stretch polyester fleece med DWR-finish<br data-start=\"1753\" data-end=\"1756\"><strong data-start=\"1756\" data-end=\"1767\">Foder:<\/strong> 2-lagers <strong data-start=\"1776\" data-end=\"1809\">WINDSTOPPER\u00ae by Gore-Tex Labs<\/strong> med polyester mikro-grid fleece inv\u00e4ndigt<br data-start=\"1851\" data-end=\"1854\"><strong data-start=\"1854\" data-end=\"1877\">Isolering (torso):<\/strong> 120 g <strong data-start=\"1884\" data-end=\"1919\">PrimaLoft\u00ae Silver Hi-Loft Ultra<\/strong><br data-start=\"1919\" data-end=\"1922\"><strong data-start=\"1922\" data-end=\"1947\">Isolering (\u00e4rmar):<\/strong> 80 g <strong data-start=\"1953\" data-end=\"1988\">PrimaLoft\u00ae Silver Hi-Loft Ultra<\/strong><\/p>\n<hr data-start=\"1990\" data-end=\"1993\">\n<h3 data-start=\"1995\" data-end=\"2015\"><strong data-start=\"1999\" data-end=\"2015\">Huvudfunktioner<\/strong><\/h3>\n<ul data-start=\"2017\" data-end=\"2685\">\n<li data-start=\"2017\" data-end=\"2087\">\n<p data-start=\"2019\" data-end=\"2087\"><strong data-start=\"2019\" data-end=\"2039\">Science of Sound<\/strong>-teknologi minskar ljud\u00f6verf\u00f6ring med 50 %.<\/p>\n<\/li>\n<li data-start=\"2088\" data-end=\"2140\">\n<p data-start=\"2090\" data-end=\"2140\">Intuitivt designade fickor f\u00f6r viktig utrustning.<\/p>\n<\/li>\n<li data-start=\"2141\" data-end=\"2183\">\n<p data-start=\"2143\" data-end=\"2183\">S\u00e4ker <strong data-start=\"2150\" data-end=\"2166\">br\u00f6stficka<\/strong> f\u00f6r v\u00e4rdesaker.<\/p>\n<\/li>\n<li data-start=\"2184\" data-end=\"2239\">\n<p data-start=\"2186\" data-end=\"2239\">Ultratysta <strong data-start=\"2198\" data-end=\"2236\">diagonala YKK\u00ae Vislon\u00ae framdragkedja<\/strong>.<\/p>\n<\/li>\n<li data-start=\"2240\" data-end=\"2320\">\n<p data-start=\"2242\" data-end=\"2320\"><strong data-start=\"2242\" data-end=\"2299\">Constant-Connect\u2122 SITKA\u00ae s\u00e4kerhetssele-kompatibilitet<\/strong> f\u00f6r enkel skiktning.<\/p>\n<\/li>\n<li data-start=\"2321\" data-end=\"2397\">\n<p data-start=\"2323\" data-end=\"2397\">\u00c4rmdesign optimerad f\u00f6r <strong data-start=\"2351\" data-end=\"2374\">b\u00e5gstr\u00e4ngsfrig\u00e5ng<\/strong> och dragergonomi.<\/p>\n<\/li>\n<li data-start=\"2398\" data-end=\"2472\">\n<p data-start=\"2400\" data-end=\"2472\"><strong data-start=\"2400\" data-end=\"2433\">Kardborreresistenta f\u00f6rst\u00e4rkningar<\/strong> p\u00e5 f\u00e5ll och s\u00e4te f\u00f6r att f\u00f6rhindra fasthakning.<\/p>\n<\/li>\n<li data-start=\"2473\" data-end=\"2568\">\n<p data-start=\"2475\" data-end=\"2568\"><strong data-start=\"2475\" data-end=\"2509\">WINDSTOPPER\u00ae by Gore-Tex Labs:<\/strong> helt vindt\u00e4tt, l\u00e4tt och andningsbart skydd.<\/p>\n<\/li>\n<li data-start=\"2569\" data-end=\"2628\">\n<p data-start=\"2571\" data-end=\"2628\"><strong data-start=\"2571\" data-end=\"2596\">PrimaLoft\u00ae-isolering<\/strong> beh\u00e5ller v\u00e4rmen \u00e4ven n\u00e4r den \u00e4r v\u00e5t.<\/p>\n<\/li>\n<li data-start=\"2629\" data-end=\"2685\">\n<p data-start=\"2631\" data-end=\"2685\"><strong data-start=\"2631\" data-end=\"2655\">Magnetisk f\u00f6rvaringskrage<\/strong> ger komfort och bekv\u00e4mlighet.<\/p>\n<\/li>\n<\/ul>\n<hr data-start=\"2687\" data-end=\"2690\">\n<h3 data-start=\"2692\" data-end=\"2723\"><strong data-start=\"2696\" data-end=\"2723\">Varf\u00f6r v\u00e4lja denna jacka?<\/strong><\/h3>\n<p data-start=\"2725\" data-end=\"3067\"><strong data-start=\"2729\" data-end=\"2753\">Sitka Fanatic Jacket<\/strong> levererar den perfekta kombinationen av v\u00e4rme, tystnad och prestanda som kr\u00e4vs f\u00f6r kr\u00e4vande vinterjakter.<br data-start=\"2859\" data-end=\"2862\">Varje detalj har designats f\u00f6r tornj\u00e4garen \u2014 n\u00e4r v\u00e4dret \u00e4r h\u00e5rt och viltet \u00e4r f\u00f6rsiktigt ger denna jacka dig f\u00f6rdelen.<br data-start=\"2999\" data-end=\"3002\">En p\u00e5litlig f\u00f6ljeslagare f\u00f6r s\u00e4songens kallaste, tuffaste dagar.<\/p>\n","protected":false},"excerpt":{"rendered":"<p>SITKA fanatic-jacka \u2013 ultimat skydd och tystnad Sitka Fanatic Jacket \u00e4r konstruerad f\u00f6r kalla h\u00f6st- och vinterjakter d\u00e4r v\u00e4rme, tystnad och komfort \u00e4r avg\u00f6rande.Denna jacka kombinerar h\u00f6gvolym Berber-fleece, ett vindt\u00e4tt WINDSTOPPER\u00ae-membran och premium PrimaLoft\u00ae-isolering f\u00f6r att h\u00e5lla dig varm \u00e4ven under fuktiga f\u00f6rh\u00e5llanden. Optifade Elevated II-kamouflage \u00e4r speciellt designat f\u00f6r att d\u00f6lja j\u00e4gare i l\u00f6v\u00adl\u00f6sa, [&#8230;]\n","protected":false},"featured_media":291474,"comment_status":"open","ping_status":"closed","template":"","meta":[],"product_brand":[],"product_cat":[2741],"product_tag":[],"class_list":{"0":"post-291805","1":"product","2":"type-product","3":"status-publish","4":"has-post-thumbnail","6":"product_cat-jackor","8":"first","9":"instock","10":"taxable","11":"shipping-taxable","12":"purchasable","13":"product-type-variable"},"composite_virtual":false,"composite_layout":"","composite_add_to_cart_form_location":"","composite_editable_in_cart":false,"composite_sold_individually_context":"","composite_shop_price_calc":"","composite_components":[],"composite_scenarios":[],"group_of_quantity":0,"min_quantity":0,"max_quantity":"","exclude_order_quantity_value_rules":"no","exclude_category_quantity_rules":"no","combine_variations":"no","exclude_global_add_ons":[],"addons":[],"_links":{"self":[{"href":"https:\/\/www.huntersfriend.eu\/sv\/wp-json\/wp\/v2\/product\/291805","targetHints":{"allow":["GET"]}}],"collection":[{"href":"https:\/\/www.huntersfriend.eu\/sv\/wp-json\/wp\/v2\/product"}],"about":[{"href":"https:\/\/www.huntersfriend.eu\/sv\/wp-json\/wp\/v2\/types\/product"}],"replies":[{"embeddable":true,"href":"https:\/\/www.huntersfriend.eu\/sv\/wp-json\/wp\/v2\/comments?post=291805"}],"wp:featuredmedia":[{"embeddable":true,"href":"https:\/\/www.huntersfriend.eu\/sv\/wp-json\/wp\/v2\/media\/291474"}],"wp:attachment":[{"href":"https:\/\/www.huntersfriend.eu\/sv\/wp-json\/wp\/v2\/media?parent=291805"}],"wp:term":[{"taxonomy":"product_brand","embeddable":true,"href":"https:\/\/www.huntersfriend.eu\/sv\/wp-json\/wp\/v2\/product_brand?post=291805"},{"taxonomy":"product_cat","embeddable":true,"href":"https:\/\/www.huntersfriend.eu\/sv\/wp-json\/wp\/v2\/product_cat?post=291805"},{"taxonomy":"product_tag","embeddable":true,"href":"https:\/\/www.huntersfriend.eu\/sv\/wp-json\/wp\/v2\/product_tag?post=291805"}],"curies":[{"name":"wp","href":"https:\/\/api.w.org\/{rel}","templated":true}]}}