{"id":291790,"date":"2025-11-04T09:59:16","date_gmt":"2025-11-04T07:59:16","guid":{"rendered":"https:\/\/www.huntersfriend.eu\/product\/sitka-core-merino-220-halvblixtlas-elevated\/"},"modified":"2025-11-06T13:00:02","modified_gmt":"2025-11-06T11:00:02","slug":"sitka-core-merino-220-halvblixtlas-elevated","status":"publish","type":"product","link":"https:\/\/www.huntersfriend.eu\/sv\/produkt\/sitka-core-merino-220-halvblixtlas-elevated\/","title":{"rendered":"SITKA core merino 220 halvblixtl\u00e5s &#8211; elevated"},"content":{"rendered":"<h3 data-start=\"245\" data-end=\"306\"><strong data-start=\"249\" data-end=\"306\">Sitka core merino 220 halvblixtl\u00e5s \u2013 optifade elevated II<\/strong><\/h3>\n<p data-start=\"308\" data-end=\"862\"><strong data-start=\"312\" data-end=\"346\">Sitka Core Merino 220 Half-Zip<\/strong> \u00e4r ett varmt, andningsbart mellanlager designat f\u00f6r aktiv jakt och utomhusbruk i svala till kalla f\u00f6rh\u00e5llanden.<br data-start=\"449\" data-end=\"452\">Tillverkad av <strong data-start=\"462\" data-end=\"499\">220 g\/m\u00b2 merinoullblandad tyg<\/strong>, balanserar den v\u00e4rme och fukthantering samtidigt som den ger mjuk komfort n\u00e4rmast huden.<br data-start=\"586\" data-end=\"589\"><strong data-start=\"593\" data-end=\"612\">Halvblixtl\u00e5sdesignen<\/strong> m\u00f6jligg\u00f6r snabb temperaturreglering i r\u00f6relse, medan <strong data-start=\"676\" data-end=\"700\">Optifade Elevated II<\/strong>-m\u00f6nstret sm\u00e4lter s\u00f6ml\u00f6st in i skogsmark och upph\u00f6jda st\u00e5ndmilj\u00f6er\u2014vilket h\u00e5ller dig dold utan att kompromissa med komforten.<br data-start=\"830\" data-end=\"833\">Tillg\u00e4nglig i storlekar <strong data-start=\"852\" data-end=\"861\">M\u20132XL<\/strong>.<\/p>\n<hr data-start=\"864\" data-end=\"867\">\n<h3 data-start=\"869\" data-end=\"889\"><strong data-start=\"873\" data-end=\"889\">Huvudfunktioner<\/strong><\/h3>\n<ul data-start=\"891\" data-end=\"1246\">\n<li data-start=\"891\" data-end=\"963\">\n<p data-start=\"893\" data-end=\"963\"><strong data-start=\"893\" data-end=\"927\">220 g\/m\u00b2 merinoblandat mellanlager<\/strong> f\u00f6r kalla och v\u00e4xlande f\u00f6rh\u00e5llanden.<\/p>\n<\/li>\n<li data-start=\"964\" data-end=\"1020\">\n<p data-start=\"966\" data-end=\"1020\"><strong data-start=\"966\" data-end=\"978\">Halvblixtl\u00e5s<\/strong> f\u00f6r snabb ventilation och v\u00e4rmeutsl\u00e4pp.<\/p>\n<\/li>\n<li data-start=\"1021\" data-end=\"1086\">\n<p data-start=\"1023\" data-end=\"1086\"><strong data-start=\"1023\" data-end=\"1047\">Naturlig luktkontroll<\/strong> fr\u00e5n merinoull f\u00f6r anv\u00e4ndning i flera dagar.<\/p>\n<\/li>\n<li data-start=\"1087\" data-end=\"1156\">\n<p data-start=\"1089\" data-end=\"1156\"><strong data-start=\"1089\" data-end=\"1118\">Mjukt, tyst och flexibelt<\/strong> material f\u00f6r obegr\u00e4nsad r\u00f6rlighet.<\/p>\n<\/li>\n<li data-start=\"1157\" data-end=\"1246\">\n<p data-start=\"1159\" data-end=\"1246\"><strong data-start=\"1159\" data-end=\"1194\">Optifade Elevated II kamouflage<\/strong> f\u00f6r kamouflage i jaktpass och skogsomr\u00e5den.<\/p>\n<\/li>\n<\/ul>\n<hr data-start=\"1248\" data-end=\"1251\">\n<h3 data-start=\"1253\" data-end=\"1280\"><strong data-start=\"1257\" data-end=\"1280\">Anv\u00e4ndning och prestanda<\/strong><\/h3>\n<p data-start=\"1282\" data-end=\"1607\"><strong data-start=\"1286\" data-end=\"1314\">Core Merino 220 Half-Zip<\/strong> \u00e4r byggd f\u00f6r anv\u00e4ndning fr\u00e5n h\u00f6st genom vinter och in i tidig v\u00e5r\u2014n\u00e4r du beh\u00f6ver extra v\u00e4rme utan att \u00f6verhettas.<br data-start=\"1430\" data-end=\"1433\">Den fungerar lika bra direkt mot huden eller som lager \u00f6ver ett l\u00e4tt baslager, och bildar ett andningsbart och effektivt isoleringssystem under dina ytterkl\u00e4der.<\/p>\n<p data-start=\"1609\" data-end=\"1900\">Halvblixtl\u00e5sdesignen m\u00f6jligg\u00f6r enkel v\u00e4rmehantering under kl\u00e4ttring och \u00f6verg\u00e5ngar, medan merinons naturliga luktresistens g\u00f6r den till en p\u00e5litlig f\u00f6ljeslagare f\u00f6r flerdagarsjakter.<br data-start=\"1780\" data-end=\"1783\">Dess tysta, elastiska konstruktion s\u00e4kerst\u00e4ller r\u00f6relsefrihet och tyst hantering av ditt vapen eller utrustning i passet.<\/p>\n<hr data-start=\"1902\" data-end=\"1905\">\n<h3 data-start=\"1907\" data-end=\"1937\"><strong data-start=\"1911\" data-end=\"1937\">Varf\u00f6r den passar dig<\/strong><\/h3>\n<p data-start=\"1939\" data-end=\"2322\">Om du letar efter ett m\u00e5ngsidigt, varmt mellanlager som utm\u00e4rker sig b\u00e5de i r\u00f6relse och under l\u00e5nga sittningar, tr\u00e4ffar <strong data-start=\"2041\" data-end=\"2069\">Core Merino 220 Half-Zip<\/strong> r\u00e4tt.<br data-start=\"2084\" data-end=\"2087\">Den kombinerar merinoullens v\u00e4rme, fuktkontroll och luktresistens med teknisk passform och justerbar ventilation.<br data-start=\"2205\" data-end=\"2208\"><strong data-start=\"2212\" data-end=\"2236\">Optifade Elevated II<\/strong>-kamouflaget s\u00e4kerst\u00e4ller att din utrustning st\u00f6djer din kamouflering exakt d\u00e4r det betyder mest.<\/p>\n<hr data-start=\"2324\" data-end=\"2327\">\n<h3 data-start=\"2329\" data-end=\"2361\"><strong data-start=\"2333\" data-end=\"2361\">Tekniska specifikationer<\/strong><\/h3>\n<ul data-start=\"2363\" data-end=\"2907\">\n<li data-start=\"2363\" data-end=\"2412\">\n<p data-start=\"2365\" data-end=\"2412\"><strong data-start=\"2365\" data-end=\"2383\">Tygvikt:<\/strong> 220 g\/m\u00b2 merinoblandad stickning<\/p>\n<\/li>\n<li data-start=\"2413\" data-end=\"2525\">\n<p data-start=\"2415\" data-end=\"2525\"><strong data-start=\"2415\" data-end=\"2432\">Konstruktion:<\/strong> Halvl\u00e5ng dragkedja f\u00f6r temperaturreglering, mjuk inneryta f\u00f6r komfort n\u00e4rmast huden<\/p>\n<\/li>\n<li data-start=\"2526\" data-end=\"2650\">\n<p data-start=\"2528\" data-end=\"2650\"><strong data-start=\"2528\" data-end=\"2568\">Andningsf\u00f6rm\u00e5ga &amp; fukthantering:<\/strong> Merinoull leder naturligt bort fukt och balanserar temperaturen under aktiv anv\u00e4ndning<\/p>\n<\/li>\n<li data-start=\"2651\" data-end=\"2734\">\n<p data-start=\"2653\" data-end=\"2734\"><strong data-start=\"2653\" data-end=\"2670\">Luktkontroll:<\/strong> Merinons naturliga antibakteriella egenskaper minskar luktuppbyggnad<\/p>\n<\/li>\n<li data-start=\"2735\" data-end=\"2818\">\n<p data-start=\"2737\" data-end=\"2818\"><strong data-start=\"2737\" data-end=\"2756\">Passform &amp; r\u00f6rlighet:<\/strong> Tyst, stretchigt tyg designat f\u00f6r att l\u00e4ggas under ytterkl\u00e4der<\/p>\n<\/li>\n<li data-start=\"2819\" data-end=\"2856\">\n<p data-start=\"2821\" data-end=\"2856\"><strong data-start=\"2821\" data-end=\"2833\">M\u00f6nster:<\/strong> optifade elevated II<\/p>\n<\/li>\n<li data-start=\"2857\" data-end=\"2886\">\n<p data-start=\"2859\" data-end=\"2886\"><strong data-start=\"2859\" data-end=\"2870\">Vikt:<\/strong> Ca 314 g <\/p>\n<\/li>\n<li data-start=\"2887\" data-end=\"2907\">\n<p data-start=\"2889\" data-end=\"2907\"><strong data-start=\"2889\" data-end=\"2899\">Storlekar:<\/strong> M\u20132XL<\/p>\n<\/li>\n<\/ul>\n","protected":false},"excerpt":{"rendered":"<p>Sitka core merino 220 halvblixtl\u00e5s \u2013 optifade elevated II Sitka Core Merino 220 Half-Zip \u00e4r ett varmt, andningsbart mellanlager designat f\u00f6r aktiv jakt och utomhusbruk i svala till kalla f\u00f6rh\u00e5llanden.Tillverkad av 220 g\/m\u00b2 merinoullblandad tyg, balanserar den v\u00e4rme och fukthantering samtidigt som den ger mjuk komfort n\u00e4rmast huden.Halvblixtl\u00e5sdesignen m\u00f6jligg\u00f6r snabb temperaturreglering i r\u00f6relse, medan Optifade [&#8230;]\n","protected":false},"featured_media":291569,"comment_status":"open","ping_status":"closed","template":"","meta":[],"product_brand":[],"product_cat":[2580],"product_tag":[],"class_list":{"0":"post-291790","1":"product","2":"type-product","3":"status-publish","4":"has-post-thumbnail","6":"product_cat-lager-pa-lager","8":"first","9":"instock","10":"taxable","11":"shipping-taxable","12":"purchasable","13":"product-type-variable"},"composite_virtual":false,"composite_layout":"","composite_add_to_cart_form_location":"","composite_editable_in_cart":false,"composite_sold_individually_context":"","composite_shop_price_calc":"","composite_components":[],"composite_scenarios":[],"group_of_quantity":0,"min_quantity":0,"max_quantity":"","exclude_order_quantity_value_rules":"no","exclude_category_quantity_rules":"no","combine_variations":"no","exclude_global_add_ons":[],"addons":[],"_links":{"self":[{"href":"https:\/\/www.huntersfriend.eu\/sv\/wp-json\/wp\/v2\/product\/291790","targetHints":{"allow":["GET"]}}],"collection":[{"href":"https:\/\/www.huntersfriend.eu\/sv\/wp-json\/wp\/v2\/product"}],"about":[{"href":"https:\/\/www.huntersfriend.eu\/sv\/wp-json\/wp\/v2\/types\/product"}],"replies":[{"embeddable":true,"href":"https:\/\/www.huntersfriend.eu\/sv\/wp-json\/wp\/v2\/comments?post=291790"}],"wp:featuredmedia":[{"embeddable":true,"href":"https:\/\/www.huntersfriend.eu\/sv\/wp-json\/wp\/v2\/media\/291569"}],"wp:attachment":[{"href":"https:\/\/www.huntersfriend.eu\/sv\/wp-json\/wp\/v2\/media?parent=291790"}],"wp:term":[{"taxonomy":"product_brand","embeddable":true,"href":"https:\/\/www.huntersfriend.eu\/sv\/wp-json\/wp\/v2\/product_brand?post=291790"},{"taxonomy":"product_cat","embeddable":true,"href":"https:\/\/www.huntersfriend.eu\/sv\/wp-json\/wp\/v2\/product_cat?post=291790"},{"taxonomy":"product_tag","embeddable":true,"href":"https:\/\/www.huntersfriend.eu\/sv\/wp-json\/wp\/v2\/product_tag?post=291790"}],"curies":[{"name":"wp","href":"https:\/\/api.w.org\/{rel}","templated":true}]}}