{"id":291775,"date":"2025-11-04T09:59:14","date_gmt":"2025-11-04T07:59:14","guid":{"rendered":"https:\/\/www.huntersfriend.eu\/product\/sitka-core-lightweight-crew-ls-troja-cover\/"},"modified":"2026-01-14T10:30:55","modified_gmt":"2026-01-14T08:30:55","slug":"sitka-core-lightweight-crew-ls-troja-cover","status":"publish","type":"product","link":"https:\/\/www.huntersfriend.eu\/sv\/produkt\/sitka-core-lightweight-crew-ls-troja-cover\/","title":{"rendered":"SITKA core lightweight crew LS-tr\u00f6ja &#8211; cover"},"content":{"rendered":"<h3 data-start=\"170\" data-end=\"227\"><strong data-start=\"174\" data-end=\"225\">Sitka core lightweight crew LS \u2013 optifade cover<\/strong><\/h3>\n<p data-start=\"228\" data-end=\"681\"><strong data-start=\"232\" data-end=\"266\">Sitka Core Lightweight Crew LS<\/strong> \u00e4r ett tekniskt baslager designat f\u00f6r aktiv jakt och friluftsaktiviteter i varierande f\u00f6rh\u00e5llanden. Det fukttransporterande, snabbtorkande tyget h\u00e5ller din hud torr, medan den elastiska stickningen ger full r\u00f6relsefrihet och komfort hela dagen. <strong data-start=\"511\" data-end=\"529\">Optifade Cover<\/strong>-m\u00f6nstret ger effektivt kamouflage i olika milj\u00f6er, och inbyggd luktkontroll h\u00e5ller dig fr\u00e4sch \u00e4ven under l\u00e5nga, intensiva dagar.  <\/p>\n<hr data-start=\"683\" data-end=\"686\">\n<h3 data-start=\"688\" data-end=\"710\"><strong data-start=\"692\" data-end=\"708\">Huvudfunktioner<\/strong><\/h3>\n<ul data-start=\"712\" data-end=\"1001\">\n<li data-start=\"712\" data-end=\"764\">\n<p data-start=\"714\" data-end=\"764\">L\u00e4tt, flexibelt baslager f\u00f6r aktiv anv\u00e4ndning.<\/p>\n<\/li>\n<li data-start=\"765\" data-end=\"827\">\n<p data-start=\"767\" data-end=\"827\"><strong data-start=\"767\" data-end=\"804\">Fukttransporterande och snabbtorkande<\/strong> f\u00f6r komfort hela dagen.<\/p>\n<\/li>\n<li data-start=\"828\" data-end=\"884\">\n<p data-start=\"830\" data-end=\"884\"><strong data-start=\"830\" data-end=\"857\">Polygiene\u00ae Luktkontroll<\/strong> neutraliserar lukt p\u00e5 ett s\u00e4kert s\u00e4tt.<\/p>\n<\/li>\n<li data-start=\"885\" data-end=\"942\">\n<p data-start=\"887\" data-end=\"942\"><strong data-start=\"887\" data-end=\"905\">Optifade Cover<\/strong>-m\u00f6nster f\u00f6r m\u00e5ngsidigt kamouflage.<\/p>\n<\/li>\n<li data-start=\"943\" data-end=\"1001\">\n<p data-start=\"945\" data-end=\"1001\">Mjukt, tyst tyg perfekt f\u00f6r att b\u00e4ra under ytterkl\u00e4der.<\/p>\n<\/li>\n<\/ul>\n<hr data-start=\"1003\" data-end=\"1006\">\n<h3 data-start=\"1008\" data-end=\"1037\"><strong data-start=\"1012\" data-end=\"1035\">Anv\u00e4ndning och prestanda<\/strong><\/h3>\n<p data-start=\"1039\" data-end=\"1491\">Perfekt som baslager fr\u00e5n v\u00e5r till h\u00f6st, och som en del av ett lagerbaserat system under kallare vinterf\u00f6rh\u00e5llanden. Tyget andas och torkar snabbt \u2013 viktigt f\u00f6r l\u00e5nga jaktdagar med varierande temperaturer och anstr\u00e4ngningsniv\u00e5er. Polygiene\u00ae-teknologin f\u00f6rhindrar luktuppbyggnad och m\u00f6jligg\u00f6r upprepad anv\u00e4ndning utan att kompromissa med fr\u00e4schheten. Det elastiska, mjuka tyget r\u00f6r sig med dig utan att skava, och dess tysta yta \u00e4r perfekt f\u00f6r situationer d\u00e4r tystnad \u00e4r avg\u00f6rande.   <\/p>\n<hr data-start=\"1493\" data-end=\"1496\">\n<h3 data-start=\"1498\" data-end=\"1529\"><strong data-start=\"1502\" data-end=\"1527\">Varf\u00f6r v\u00e4lja detta lager<\/strong><\/h3>\n<p data-start=\"1531\" data-end=\"1844\"><strong data-start=\"1535\" data-end=\"1563\">Core Lightweight Crew LS<\/strong> \u00e4r perfekt f\u00f6r j\u00e4gare som s\u00f6ker ett andningsbart, l\u00e4tt baslager som balanserar komfort, luktkontroll och prestanda. I kombination med <strong data-start=\"1702\" data-end=\"1720\">Optifade Cover<\/strong>-m\u00f6nstret s\u00e4kerst\u00e4ller det att du f\u00f6rblir effektivt kamouflerad medan tekniska tyger st\u00f6djer din aktivitet genom hela s\u00e4songen. <\/p>\n<hr data-start=\"1846\" data-end=\"1849\">\n<h3 data-start=\"1851\" data-end=\"1878\"><strong data-start=\"1855\" data-end=\"1876\">Tekniska detaljer<\/strong><\/h3>\n<ul data-start=\"1880\" data-end=\"2180\">\n<li data-start=\"1880\" data-end=\"1941\">\n<p data-start=\"1882\" data-end=\"1941\"><strong data-start=\"1882\" data-end=\"1895\">Material:<\/strong> snabbtorkande, l\u00e4tt Comfort stretch-stickning<\/p>\n<\/li>\n<li data-start=\"1942\" data-end=\"2009\">\n<p data-start=\"1944\" data-end=\"2009\"><strong data-start=\"1944\" data-end=\"1961\">Luktkontroll:<\/strong> Polygiene\u00ae-teknologi neutraliserar svettlukt<\/p>\n<\/li>\n<li data-start=\"2010\" data-end=\"2069\">\n<p data-start=\"2012\" data-end=\"2069\"><strong data-start=\"2012\" data-end=\"2030\">Andningsf\u00f6rm\u00e5ga:<\/strong> Fukttransporterande, snabbtorkande tyg<\/p>\n<\/li>\n<li data-start=\"2070\" data-end=\"2124\">\n<p data-start=\"2072\" data-end=\"2124\"><strong data-start=\"2072\" data-end=\"2080\">Passform:<\/strong> Elastisk och bekv\u00e4m n\u00e4rmast huden<\/p>\n<\/li>\n<li data-start=\"2125\" data-end=\"2159\">\n<p data-start=\"2127\" data-end=\"2159\"><strong data-start=\"2127\" data-end=\"2142\">Kamouflage:<\/strong> optifade cover<\/p>\n<\/li>\n<li data-start=\"2160\" data-end=\"2180\">\n<p data-start=\"2162\" data-end=\"2180\"><strong data-start=\"2162\" data-end=\"2172\">Storlekar:<\/strong> M\u20132XL<\/p>\n<\/li>\n<\/ul>\n","protected":false},"excerpt":{"rendered":"<p>Sitka core lightweight crew LS \u2013 optifade cover Sitka Core Lightweight Crew LS \u00e4r ett tekniskt baslager designat f\u00f6r aktiv jakt och friluftsaktiviteter i varierande f\u00f6rh\u00e5llanden. Det fukttransporterande, snabbtorkande tyget h\u00e5ller din hud torr, medan den elastiska stickningen ger full r\u00f6relsefrihet och komfort hela dagen. Optifade Cover-m\u00f6nstret ger effektivt kamouflage i olika milj\u00f6er, och inbyggd [&#8230;]\n","protected":false},"featured_media":291595,"comment_status":"open","ping_status":"closed","template":"","meta":[],"product_brand":[],"product_cat":[2813],"product_tag":[],"class_list":{"0":"post-291775","1":"product","2":"type-product","3":"status-publish","4":"has-post-thumbnail","6":"product_cat-skjortor-hoodies","8":"first","9":"instock","10":"taxable","11":"shipping-taxable","12":"purchasable","13":"product-type-variable"},"composite_virtual":false,"composite_layout":"","composite_add_to_cart_form_location":"","composite_editable_in_cart":false,"composite_sold_individually_context":"","composite_shop_price_calc":"","composite_components":[],"composite_scenarios":[],"group_of_quantity":0,"min_quantity":0,"max_quantity":"","exclude_order_quantity_value_rules":"no","exclude_category_quantity_rules":"no","combine_variations":"no","exclude_global_add_ons":[],"addons":[],"_links":{"self":[{"href":"https:\/\/www.huntersfriend.eu\/sv\/wp-json\/wp\/v2\/product\/291775","targetHints":{"allow":["GET"]}}],"collection":[{"href":"https:\/\/www.huntersfriend.eu\/sv\/wp-json\/wp\/v2\/product"}],"about":[{"href":"https:\/\/www.huntersfriend.eu\/sv\/wp-json\/wp\/v2\/types\/product"}],"replies":[{"embeddable":true,"href":"https:\/\/www.huntersfriend.eu\/sv\/wp-json\/wp\/v2\/comments?post=291775"}],"wp:featuredmedia":[{"embeddable":true,"href":"https:\/\/www.huntersfriend.eu\/sv\/wp-json\/wp\/v2\/media\/291595"}],"wp:attachment":[{"href":"https:\/\/www.huntersfriend.eu\/sv\/wp-json\/wp\/v2\/media?parent=291775"}],"wp:term":[{"taxonomy":"product_brand","embeddable":true,"href":"https:\/\/www.huntersfriend.eu\/sv\/wp-json\/wp\/v2\/product_brand?post=291775"},{"taxonomy":"product_cat","embeddable":true,"href":"https:\/\/www.huntersfriend.eu\/sv\/wp-json\/wp\/v2\/product_cat?post=291775"},{"taxonomy":"product_tag","embeddable":true,"href":"https:\/\/www.huntersfriend.eu\/sv\/wp-json\/wp\/v2\/product_tag?post=291775"}],"curies":[{"name":"wp","href":"https:\/\/api.w.org\/{rel}","templated":true}]}}