{"id":291761,"date":"2025-11-04T09:59:12","date_gmt":"2025-11-04T07:59:12","guid":{"rendered":"https:\/\/www.huntersfriend.eu\/product\/sitka-blizzard-gtx-vintermossa-elevated\/"},"modified":"2026-04-29T13:53:37","modified_gmt":"2026-04-29T11:53:37","slug":"sitka-blizzard-gtx-vintermossa-elevated","status":"publish","type":"product","link":"https:\/\/www.huntersfriend.eu\/sv\/produkt\/sitka-blizzard-gtx-vintermossa-elevated\/","title":{"rendered":"SITKA blizzard GTX vinterm\u00f6ssa &#8211; elevated"},"content":{"rendered":"<h3 data-start=\"114\" data-end=\"166\"><strong data-start=\"118\" data-end=\"164\">Sitka blizzard GTX m\u00f6ssa \u2013 Vinterskydd<\/strong><\/h3>\n<p data-start=\"167\" data-end=\"754\"><strong data-start=\"171\" data-end=\"197\">Sitka Blizzard GTX-m\u00f6ssan<\/strong> \u00e4r konstruerad f\u00f6r extrema f\u00f6rh\u00e5llanden och erbjuder o\u00f6vertr\u00e4ffad v\u00e4rme, skydd och komfort under kall, bl\u00e5sig och v\u00e5t v\u00e4derlek. Med en kombination av ett andningsbart <strong data-start=\"347\" data-end=\"365\">GORE-TEX-skal<\/strong>, mjuk fleecefoder och praktiska vikbara \u00f6ronlappar anpassar sig denna premium-vinterm\u00f6ssa till f\u00f6rh\u00e5llandena samtidigt som du f\u00f6rblir uppm\u00e4rksam p\u00e5 omgivande ljud. En flexibel sk\u00e4rm och akustiskt transparenta \u00f6ronpaneler l\u00e5ter dig vara skyddad utan att kompromissa med situationsmedvetenheten. Den l\u00e4tta och packbara Blizzard GTX-m\u00f6ssan \u00e4r perfekt f\u00f6r l\u00e5nga timmar i jakttornet eller aktiv vinterjakt.   <\/p>\n<hr data-start=\"756\" data-end=\"759\">\n<h3 data-start=\"761\" data-end=\"783\"><strong data-start=\"765\" data-end=\"781\">Huvudfunktioner<\/strong><\/h3>\n<ul data-start=\"785\" data-end=\"1200\">\n<li data-start=\"785\" data-end=\"868\">\n<p data-start=\"787\" data-end=\"868\"><strong data-start=\"787\" data-end=\"806\">GORE-TEX-skal:<\/strong> Helt vattent\u00e4tt och andningsbart f\u00f6r skydd i alla v\u00e4der.<\/p>\n<\/li>\n<li data-start=\"869\" data-end=\"934\">\n<p data-start=\"871\" data-end=\"934\"><strong data-start=\"871\" data-end=\"894\">Varmt fleecefoder:<\/strong> Mjukt och isolerande f\u00f6r extrem kyla.<\/p>\n<\/li>\n<li data-start=\"935\" data-end=\"996\">\n<p data-start=\"937\" data-end=\"996\"><strong data-start=\"937\" data-end=\"960\">Vikbara \u00f6ronlappar:<\/strong> Anpassningsbara f\u00f6r v\u00e4xlande f\u00f6rh\u00e5llanden.<\/p>\n<\/li>\n<li data-start=\"997\" data-end=\"1081\">\n<p data-start=\"999\" data-end=\"1081\"><strong data-start=\"999\" data-end=\"1035\">Akustiskt transparenta paneler:<\/strong> H\u00f6r vilt och omgivande ljud tydligt.<\/p>\n<\/li>\n<li data-start=\"1082\" data-end=\"1141\">\n<p data-start=\"1084\" data-end=\"1141\"><strong data-start=\"1084\" data-end=\"1102\">Flexibel sk\u00e4rm:<\/strong> Skyddar mot vind och nederb\u00f6rd.<\/p>\n<\/li>\n<li data-start=\"1142\" data-end=\"1200\">\n<p data-start=\"1144\" data-end=\"1200\"><strong data-start=\"1144\" data-end=\"1160\">L\u00e4tt:<\/strong> Cirka 150 g f\u00f6r enkel packning.<\/p>\n<\/li>\n<\/ul>\n<hr data-start=\"1202\" data-end=\"1205\">\n<h3 data-start=\"1207\" data-end=\"1243\"><strong data-start=\"1211\" data-end=\"1241\">Kamouflage- &amp; f\u00e4rgalternativ<\/strong><\/h3>\n<ul data-start=\"1245\" data-end=\"1542\">\n<li data-start=\"1245\" data-end=\"1425\">\n<p data-start=\"1247\" data-end=\"1425\"><strong data-start=\"1247\" data-end=\"1272\">Optifade Elevated II:<\/strong> Designad f\u00f6r \u00f6ppna och h\u00f6gl\u00e4nta omr\u00e5den med starka ljus- och skuggkontraster, bryter effektivt upp m\u00e4nniskans silhuett vid smygjakt p\u00e5 hjort eller annat vilt.<\/p>\n<\/li>\n<li data-start=\"1426\" data-end=\"1542\">\n<p data-start=\"1428\" data-end=\"1542\"><strong data-start=\"1428\" data-end=\"1438\">Earth:<\/strong> M\u00e5ngsidig naturbrun f\u00f6r allm\u00e4nt bruk, sm\u00e4lter s\u00f6ml\u00f6st in i olika skogsmilj\u00f6er.<\/p>\n<\/li>\n<\/ul>\n<hr data-start=\"1544\" data-end=\"1547\">\n<h3 data-start=\"1549\" data-end=\"1564\"><strong data-start=\"1553\" data-end=\"1562\">Anv\u00e4ndning<\/strong><\/h3>\n<p data-start=\"1566\" data-end=\"1777\">Perfekt f\u00f6r kalla, v\u00e5ta f\u00f6rh\u00e5llanden under h\u00f6st och vinter, utm\u00e4rker sig Blizzard GTX-m\u00f6ssan vid hjort- eller \u00e4lgjakt, l\u00e5nga pass i jakttornet eller i alla situationer som kr\u00e4ver v\u00e4rme och skydd samtidigt som h\u00f6rselk\u00e4nsligheten bibeh\u00e5lls.<\/p>\n<hr data-start=\"1779\" data-end=\"1782\">\n<h3 data-start=\"1784\" data-end=\"1807\"><strong data-start=\"1788\" data-end=\"1805\">Varf\u00f6r v\u00e4lja den<\/strong><\/h3>\n<p data-start=\"1809\" data-end=\"2028\">Sitkas Blizzard GTX-m\u00f6ssa kombinerar teknisk prestanda, v\u00e4derbest\u00e4ndighet och komfort, vilket g\u00f6r den till ett essentiellt plagg f\u00f6r j\u00e4gare som kr\u00e4ver v\u00e4rme, torrhet och sk\u00e4rpt medvetenhet under utmanande vinterf\u00f6rh\u00e5llanden.<\/p>\n","protected":false},"excerpt":{"rendered":"<p>Sitka blizzard GTX m\u00f6ssa \u2013 Vinterskydd Sitka Blizzard GTX-m\u00f6ssan \u00e4r konstruerad f\u00f6r extrema f\u00f6rh\u00e5llanden och erbjuder o\u00f6vertr\u00e4ffad v\u00e4rme, skydd och komfort under kall, bl\u00e5sig och v\u00e5t v\u00e4derlek. Med en kombination av ett andningsbart GORE-TEX-skal, mjuk fleecefoder och praktiska vikbara \u00f6ronlappar anpassar sig denna premium-vinterm\u00f6ssa till f\u00f6rh\u00e5llandena samtidigt som du f\u00f6rblir uppm\u00e4rksam p\u00e5 omgivande ljud. En [&#8230;]\n","protected":false},"featured_media":291620,"comment_status":"open","ping_status":"closed","template":"","meta":[],"product_brand":[],"product_cat":[2716],"product_tag":[],"class_list":{"0":"post-291761","1":"product","2":"type-product","3":"status-publish","4":"has-post-thumbnail","6":"product_cat-hattar-och-huvudbonader","8":"first","9":"outofstock","10":"taxable","11":"shipping-taxable","12":"purchasable","13":"product-type-simple"},"composite_virtual":false,"composite_layout":"","composite_add_to_cart_form_location":"","composite_editable_in_cart":false,"composite_sold_individually_context":"","composite_shop_price_calc":"","composite_components":[],"composite_scenarios":[],"group_of_quantity":0,"min_quantity":0,"max_quantity":"","exclude_order_quantity_value_rules":"no","exclude_category_quantity_rules":"no","combine_variations":"no","exclude_global_add_ons":[],"addons":[],"_links":{"self":[{"href":"https:\/\/www.huntersfriend.eu\/sv\/wp-json\/wp\/v2\/product\/291761","targetHints":{"allow":["GET"]}}],"collection":[{"href":"https:\/\/www.huntersfriend.eu\/sv\/wp-json\/wp\/v2\/product"}],"about":[{"href":"https:\/\/www.huntersfriend.eu\/sv\/wp-json\/wp\/v2\/types\/product"}],"replies":[{"embeddable":true,"href":"https:\/\/www.huntersfriend.eu\/sv\/wp-json\/wp\/v2\/comments?post=291761"}],"wp:featuredmedia":[{"embeddable":true,"href":"https:\/\/www.huntersfriend.eu\/sv\/wp-json\/wp\/v2\/media\/291620"}],"wp:attachment":[{"href":"https:\/\/www.huntersfriend.eu\/sv\/wp-json\/wp\/v2\/media?parent=291761"}],"wp:term":[{"taxonomy":"product_brand","embeddable":true,"href":"https:\/\/www.huntersfriend.eu\/sv\/wp-json\/wp\/v2\/product_brand?post=291761"},{"taxonomy":"product_cat","embeddable":true,"href":"https:\/\/www.huntersfriend.eu\/sv\/wp-json\/wp\/v2\/product_cat?post=291761"},{"taxonomy":"product_tag","embeddable":true,"href":"https:\/\/www.huntersfriend.eu\/sv\/wp-json\/wp\/v2\/product_tag?post=291761"}],"curies":[{"name":"wp","href":"https:\/\/api.w.org\/{rel}","templated":true}]}}