{"id":291745,"date":"2025-11-04T09:39:41","date_gmt":"2025-11-04T07:39:41","guid":{"rendered":"https:\/\/www.huntersfriend.eu\/product\/pard-ir-ljus-940nm\/"},"modified":"2025-11-06T12:59:07","modified_gmt":"2025-11-06T10:59:07","slug":"pard-ir-ljus-940nm","status":"publish","type":"product","link":"https:\/\/www.huntersfriend.eu\/sv\/produkt\/pard-ir-ljus-940nm\/","title":{"rendered":"Pard IR-ljus, 940nm"},"content":{"rendered":"<p data-start=\"53\" data-end=\"478\"><strong data-start=\"53\" data-end=\"76\">Pard IR-belysning<\/strong>, som kan monteras ovanp\u00e5 ett kikarsikte eller f\u00e4stas p\u00e5 gev\u00e4rspipen med magnetf\u00e4ste.<br data-start=\"174\" data-end=\"177\">Den ger extra belysning f\u00f6r IR-sikten eller kan ocks\u00e5 fungera som ers\u00e4ttning f\u00f6r IR-ljusk\u00e4lla n\u00e4r enhetens inbyggda belysning reflekteras tillbaka fr\u00e5n till exempel strukturen p\u00e5 ett skjutf\u00f6nster i en jaktstuga.<br data-start=\"409\" data-end=\"412\">Ett utm\u00e4rkt tillbeh\u00f6r f\u00f6r <strong data-start=\"439\" data-end=\"454\">Pard NV007V<\/strong> och <strong data-start=\"459\" data-end=\"470\">NV007SP<\/strong> sikten.<\/p>\n<p data-start=\"480\" data-end=\"528\"><strong data-start=\"480\" data-end=\"497\">Str\u00f6mk\u00e4lla:<\/strong> Pard 18650 flat-top batteri.<\/p>\n<p data-start=\"530\" data-end=\"553\"><strong data-start=\"530\" data-end=\"545\">V\u00e5gl\u00e4ngd:<\/strong> 940 nm.<\/p>\n","protected":false},"excerpt":{"rendered":"<p>Pard IR-belysning, som kan monteras ovanp\u00e5 ett kikarsikte eller f\u00e4stas p\u00e5 gev\u00e4rspipen med magnetf\u00e4ste.Den ger extra belysning f\u00f6r IR-sikten eller kan ocks\u00e5 fungera som ers\u00e4ttning f\u00f6r IR-ljusk\u00e4lla n\u00e4r enhetens inbyggda belysning reflekteras tillbaka fr\u00e5n till exempel strukturen p\u00e5 ett skjutf\u00f6nster i en jaktstuga.Ett utm\u00e4rkt tillbeh\u00f6r f\u00f6r Pard NV007V och NV007SP sikten. Str\u00f6mk\u00e4lla: Pard 18650 flat-top [&#8230;]\n","protected":false},"featured_media":291440,"comment_status":"open","ping_status":"closed","template":"","meta":[],"product_brand":[],"product_cat":[2756,2524],"product_tag":[],"class_list":{"0":"post-291745","1":"product","2":"type-product","3":"status-publish","4":"has-post-thumbnail","6":"product_cat-morkerseende","7":"product_cat-optiktillbehor","9":"first","10":"instock","11":"taxable","12":"shipping-taxable","13":"purchasable","14":"product-type-simple"},"composite_virtual":false,"composite_layout":"","composite_add_to_cart_form_location":"","composite_editable_in_cart":false,"composite_sold_individually_context":"","composite_shop_price_calc":"","composite_components":[],"composite_scenarios":[],"group_of_quantity":0,"min_quantity":0,"max_quantity":"","exclude_order_quantity_value_rules":"no","exclude_category_quantity_rules":"no","combine_variations":"no","exclude_global_add_ons":[],"addons":[],"_links":{"self":[{"href":"https:\/\/www.huntersfriend.eu\/sv\/wp-json\/wp\/v2\/product\/291745","targetHints":{"allow":["GET"]}}],"collection":[{"href":"https:\/\/www.huntersfriend.eu\/sv\/wp-json\/wp\/v2\/product"}],"about":[{"href":"https:\/\/www.huntersfriend.eu\/sv\/wp-json\/wp\/v2\/types\/product"}],"replies":[{"embeddable":true,"href":"https:\/\/www.huntersfriend.eu\/sv\/wp-json\/wp\/v2\/comments?post=291745"}],"wp:featuredmedia":[{"embeddable":true,"href":"https:\/\/www.huntersfriend.eu\/sv\/wp-json\/wp\/v2\/media\/291440"}],"wp:attachment":[{"href":"https:\/\/www.huntersfriend.eu\/sv\/wp-json\/wp\/v2\/media?parent=291745"}],"wp:term":[{"taxonomy":"product_brand","embeddable":true,"href":"https:\/\/www.huntersfriend.eu\/sv\/wp-json\/wp\/v2\/product_brand?post=291745"},{"taxonomy":"product_cat","embeddable":true,"href":"https:\/\/www.huntersfriend.eu\/sv\/wp-json\/wp\/v2\/product_cat?post=291745"},{"taxonomy":"product_tag","embeddable":true,"href":"https:\/\/www.huntersfriend.eu\/sv\/wp-json\/wp\/v2\/product_tag?post=291745"}],"curies":[{"name":"wp","href":"https:\/\/api.w.org\/{rel}","templated":true}]}}