{"id":291739,"date":"2025-11-04T09:59:13","date_gmt":"2025-11-04T07:59:13","guid":{"rendered":"https:\/\/www.huntersfriend.eu\/product\/sitka-core-heavyweight-balaclava-elevated-2\/"},"modified":"2025-11-06T12:58:53","modified_gmt":"2025-11-06T10:58:53","slug":"sitka-core-heavyweight-balaclava-elevated-2","status":"publish","type":"product","link":"https:\/\/www.huntersfriend.eu\/sv\/produkt\/sitka-core-heavyweight-balaclava-elevated-2\/","title":{"rendered":"SITKA core heavyweight balaclava &#8211; elevated"},"content":{"rendered":"<h3 data-start=\"153\" data-end=\"218\"><strong data-start=\"157\" data-end=\"216\">Sitka core heavyweight balaclava \u2013 optifade elevated II<\/strong><\/h3>\n<p data-start=\"219\" data-end=\"782\"><strong data-start=\"223\" data-end=\"259\">Sitka Core Heavyweight Balaclava<\/strong> \u00e4r utvecklad f\u00f6r jakt i kallt v\u00e4der och ger n\u00f6dv\u00e4ndig v\u00e4rme, skydd och kamouflage n\u00e4r varje detalj \u00e4r viktig. Den mjuka, elastiska fleecen h\u00e5ller ditt huvud och ansikte varmt samtidigt som den andas f\u00f6r att f\u00f6rhindra fuktansamling. <strong data-start=\"504\" data-end=\"528\">Optifade Elevated II<\/strong>-m\u00f6nstret \u00e4r utformat f\u00f6r j\u00e4gare i jakttorn eller i t\u00e4t skog, och sm\u00e4lter s\u00f6ml\u00f6st in i skogens skuggor och tr\u00e4dformer f\u00f6r att d\u00f6lja dina r\u00f6relser fr\u00e5n viltet. Detta m\u00f6nster \u00e4r s\u00e4rskilt effektivt under sen h\u00f6st och vinterjakt.   <\/p>\n<hr data-start=\"784\" data-end=\"787\">\n<h3 data-start=\"789\" data-end=\"811\"><strong data-start=\"793\" data-end=\"809\">Huvudfunktioner<\/strong><\/h3>\n<ul data-start=\"813\" data-end=\"1122\">\n<li data-start=\"813\" data-end=\"882\">\n<p data-start=\"815\" data-end=\"882\"><strong data-start=\"815\" data-end=\"859\">Varm och elastisk komfort-stretchfleece<\/strong> f\u00f6r fullst\u00e4ndig isolering.<\/p>\n<\/li>\n<li data-start=\"883\" data-end=\"949\">\n<p data-start=\"885\" data-end=\"949\"><strong data-start=\"885\" data-end=\"912\">Andningsbar konstruktion<\/strong> i viktiga omr\u00e5den f\u00f6r fuktkontroll.<\/p>\n<\/li>\n<li data-start=\"950\" data-end=\"1016\">\n<p data-start=\"952\" data-end=\"1016\"><strong data-start=\"952\" data-end=\"972\">Ergonomisk design<\/strong> s\u00e4kerst\u00e4ller utm\u00e4rkt sikt och komfort.<\/p>\n<\/li>\n<li data-start=\"1017\" data-end=\"1094\">\n<p data-start=\"1019\" data-end=\"1094\"><strong data-start=\"1019\" data-end=\"1054\">Optifade Elevated II kamouflage<\/strong> f\u00f6r kamouflage i jakttorn och skog.<\/p>\n<\/li>\n<li data-start=\"1095\" data-end=\"1122\">\n<p data-start=\"1097\" data-end=\"1122\"><strong data-start=\"1097\" data-end=\"1119\">En storlek passar de flesta<\/strong>.<\/p>\n<\/li>\n<\/ul>\n<hr data-start=\"1124\" data-end=\"1127\">\n<h3 data-start=\"1129\" data-end=\"1152\"><strong data-start=\"1133\" data-end=\"1150\">Varf\u00f6r v\u00e4lja den<\/strong><\/h3>\n<p data-start=\"1154\" data-end=\"1417\"><strong data-start=\"1158\" data-end=\"1188\">Core Heavyweight Balaclava<\/strong> ger p\u00e5litlig v\u00e4rme, komfort och avancerat kamouflage f\u00f6r j\u00e4gare som m\u00f6ter tuffa v\u00e4derf\u00f6rh\u00e5llanden. Den andningsbara, kroppsn\u00e4ra designen h\u00e5ller dig dold och skyddad, s\u00e5 att du kan fokusera p\u00e5 jakten utan kompromisser. <\/p>\n","protected":false},"excerpt":{"rendered":"<p>Sitka core heavyweight balaclava \u2013 optifade elevated II Sitka Core Heavyweight Balaclava \u00e4r utvecklad f\u00f6r jakt i kallt v\u00e4der och ger n\u00f6dv\u00e4ndig v\u00e4rme, skydd och kamouflage n\u00e4r varje detalj \u00e4r viktig. Den mjuka, elastiska fleecen h\u00e5ller ditt huvud och ansikte varmt samtidigt som den andas f\u00f6r att f\u00f6rhindra fuktansamling. Optifade Elevated II-m\u00f6nstret \u00e4r utformat f\u00f6r [&#8230;]\n","protected":false},"featured_media":291607,"comment_status":"open","ping_status":"closed","template":"","meta":[],"product_brand":[],"product_cat":[2716,2611],"product_tag":[],"class_list":{"0":"post-291739","1":"product","2":"type-product","3":"status-publish","4":"has-post-thumbnail","6":"product_cat-hattar-och-huvudbonader","7":"product_cat-tillbehor","9":"first","10":"instock","11":"taxable","12":"shipping-taxable","13":"purchasable","14":"product-type-simple"},"composite_virtual":false,"composite_layout":"","composite_add_to_cart_form_location":"","composite_editable_in_cart":false,"composite_sold_individually_context":"","composite_shop_price_calc":"","composite_components":[],"composite_scenarios":[],"group_of_quantity":0,"min_quantity":0,"max_quantity":"","exclude_order_quantity_value_rules":"no","exclude_category_quantity_rules":"no","combine_variations":"no","exclude_global_add_ons":[],"addons":[],"_links":{"self":[{"href":"https:\/\/www.huntersfriend.eu\/sv\/wp-json\/wp\/v2\/product\/291739","targetHints":{"allow":["GET"]}}],"collection":[{"href":"https:\/\/www.huntersfriend.eu\/sv\/wp-json\/wp\/v2\/product"}],"about":[{"href":"https:\/\/www.huntersfriend.eu\/sv\/wp-json\/wp\/v2\/types\/product"}],"replies":[{"embeddable":true,"href":"https:\/\/www.huntersfriend.eu\/sv\/wp-json\/wp\/v2\/comments?post=291739"}],"wp:featuredmedia":[{"embeddable":true,"href":"https:\/\/www.huntersfriend.eu\/sv\/wp-json\/wp\/v2\/media\/291607"}],"wp:attachment":[{"href":"https:\/\/www.huntersfriend.eu\/sv\/wp-json\/wp\/v2\/media?parent=291739"}],"wp:term":[{"taxonomy":"product_brand","embeddable":true,"href":"https:\/\/www.huntersfriend.eu\/sv\/wp-json\/wp\/v2\/product_brand?post=291739"},{"taxonomy":"product_cat","embeddable":true,"href":"https:\/\/www.huntersfriend.eu\/sv\/wp-json\/wp\/v2\/product_cat?post=291739"},{"taxonomy":"product_tag","embeddable":true,"href":"https:\/\/www.huntersfriend.eu\/sv\/wp-json\/wp\/v2\/product_tag?post=291739"}],"curies":[{"name":"wp","href":"https:\/\/api.w.org\/{rel}","templated":true}]}}