{"id":291728,"date":"2025-11-04T09:59:17","date_gmt":"2025-11-04T07:59:17","guid":{"rendered":"https:\/\/www.huntersfriend.eu\/product\/sitka-fanatic-hangselbyxa-cover\/"},"modified":"2025-11-06T12:58:49","modified_gmt":"2025-11-06T10:58:49","slug":"sitka-fanatic-hangselbyxa-cover","status":"publish","type":"product","link":"https:\/\/www.huntersfriend.eu\/sv\/produkt\/sitka-fanatic-hangselbyxa-cover\/","title":{"rendered":"SITKA Fanatic-h\u00e4ngselbyxa \u2013 Cover"},"content":{"rendered":"<h3 data-start=\"210\" data-end=\"268\"><strong data-start=\"214\" data-end=\"268\">SITKA Fanatic-h\u00e4ngselbyxa \u2013 ultimat skydd och v\u00e4rme<\/strong><\/h3>\n<p data-start=\"270\" data-end=\"515\"><strong data-start=\"274\" data-end=\"295\">Sitka Fanatic Bib<\/strong> tar jaktkl\u00e4der f\u00f6r kallt v\u00e4der till en helt ny niv\u00e5.<br data-start=\"352\" data-end=\"355\">Den h\u00e4r h\u00e4ngselbyxan \u00e4r speciellt utformad f\u00f6r tidig v\u00e5r, sen h\u00f6st och djupa vinterf\u00f6rh\u00e5llanden och \u00e4r byggd f\u00f6r att prestera n\u00e4r vind, frost och tystnad g\u00f6r skillnaden.<\/p>\n<p data-start=\"517\" data-end=\"935\"><strong data-start=\"521\" data-end=\"536\">Fanatic Bib<\/strong> kombinerar en vindt\u00e4t och ventilerande <strong data-start=\"573\" data-end=\"598\">WINDSTOPPER\u00ae-membran<\/strong>, varm high-loft <strong data-start=\"615\" data-end=\"632\">Berberfleece<\/strong> och <strong data-start=\"638\" data-end=\"663\">PrimaLoft\u00ae-isolering<\/strong>, vilket s\u00e4kerst\u00e4ller exceptionell v\u00e4rme \u00e4ven i fuktiga f\u00f6rh\u00e5llanden.<br data-start=\"717\" data-end=\"720\">Kamouflagem\u00f6nstret <strong data-start=\"724\" data-end=\"742\">Optifade Cover<\/strong> ger s\u00f6ml\u00f6s d\u00f6ljande, medan tysta material och detaljer g\u00f6r varje r\u00f6relse mer diskret \u2013 oavsett om du v\u00e4ntar p\u00e5 pass eller smyger genom frusen terr\u00e4ng.<\/p>\n<hr data-start=\"937\" data-end=\"940\">\n<h3 data-start=\"942\" data-end=\"972\"><strong data-start=\"946\" data-end=\"972\">Syfte och f\u00f6rdelar<\/strong><\/h3>\n<p data-start=\"974\" data-end=\"1263\"><strong data-start=\"978\" data-end=\"993\">Fanatic Bib<\/strong> \u00e4r designad f\u00f6r l\u00e5nga, kalla sittjakter men \u00e4r tillr\u00e4ckligt m\u00e5ngsidig f\u00f6r mer aktiv anv\u00e4ndning tack vare sin ventilerande konstruktion.<br data-start=\"1121\" data-end=\"1124\">Innovativ <strong data-start=\"1135\" data-end=\"1155\">Science of Sound<\/strong>-teknik minskar ljud\u00f6verf\u00f6ringen med h\u00e4lften, vilket \u00f6kar dina chanser att lyckas n\u00e4r du jagar skyggt vilt.<\/p>\n<p data-start=\"1265\" data-end=\"1541\">Rymliga <strong data-start=\"1293\" data-end=\"1310\">lastfickor<\/strong> med flera fack ger plats f\u00f6r viktig utrustning, medan tysta tryckknappar och dragkedjor s\u00e4kerst\u00e4ller att du f\u00f6rblir ouppt\u00e4ckt i kritiska \u00f6gonblick.<br data-start=\"1421\" data-end=\"1424\"><strong data-start=\"1424\" data-end=\"1457\">Burr-resistant reinforcements<\/strong> f\u00f6rhindrar att vegetation fastnar, vilket h\u00e5ller h\u00e4ngselbyxan slitstark och tyst i tuff terr\u00e4ng.<\/p>\n<hr data-start=\"1543\" data-end=\"1546\">\n<h3 data-start=\"1548\" data-end=\"1580\"><strong data-start=\"1552\" data-end=\"1580\">Tekniska specifikationer<\/strong><\/h3>\n<ul data-start=\"1582\" data-end=\"1664\">\n<li data-start=\"1582\" data-end=\"1611\">\n<p data-start=\"1584\" data-end=\"1611\"><strong data-start=\"1584\" data-end=\"1594\">F\u00e4rg:<\/strong> optifade cover<\/p>\n<\/li>\n<li data-start=\"1612\" data-end=\"1632\">\n<p data-start=\"1614\" data-end=\"1632\"><strong data-start=\"1614\" data-end=\"1624\">Storlekar:<\/strong> M\u20132XL<\/p>\n<\/li>\n<li data-start=\"1633\" data-end=\"1664\">\n<p data-start=\"1635\" data-end=\"1664\"><strong data-start=\"1635\" data-end=\"1646\">Vikt:<\/strong> 1505 g (storlek L)<\/p>\n<\/li>\n<\/ul>\n<p data-start=\"1666\" data-end=\"2135\"><strong data-start=\"1666\" data-end=\"1685\">Yttermaterial:<\/strong> High Loft Jacquard Berber Fleece med DWR-finish<br data-start=\"1734\" data-end=\"1737\"><strong data-start=\"1737\" data-end=\"1770\">Nedre delen av benen och grenkil:<\/strong> Stretchpolyesterfleece med DWR-finish<br data-start=\"1811\" data-end=\"1814\"><strong data-start=\"1814\" data-end=\"1825\">Foder:<\/strong> 2-lagers <strong data-start=\"1834\" data-end=\"1867\">WINDSTOPPER\u00ae fr\u00e5n Gore-Tex Labs<\/strong> med polyester-mikron\u00e4tfleece p\u00e5 insidan<br data-start=\"1909\" data-end=\"1912\"><strong data-start=\"1912\" data-end=\"1933\">Foder, nedre delen av benen:<\/strong> 3-lagers <strong data-start=\"1942\" data-end=\"1954\">GORE-TEX<\/strong> med polyesterinnerlager och DWR-behandling<br data-start=\"2001\" data-end=\"2004\"><strong data-start=\"2004\" data-end=\"2027\">Isolering (torso):<\/strong> 120 g <strong data-start=\"2034\" data-end=\"2069\">PrimaLoft\u00ae Silver Hi-Loft Ultra<\/strong><br data-start=\"2069\" data-end=\"2072\"><strong data-start=\"2072\" data-end=\"2094\">Isolering (ben):<\/strong> 80 g <strong data-start=\"2100\" data-end=\"2135\">PrimaLoft\u00ae Silver Hi-Loft Ultra<\/strong><\/p>\n<hr data-start=\"2137\" data-end=\"2140\">\n<h3 data-start=\"2142\" data-end=\"2162\"><strong data-start=\"2146\" data-end=\"2162\">Huvudfunktioner<\/strong><\/h3>\n<ul data-start=\"2164\" data-end=\"2539\">\n<li data-start=\"2164\" data-end=\"2230\">\n<p data-start=\"2166\" data-end=\"2230\"><strong data-start=\"2166\" data-end=\"2186\">Science of Sound<\/strong>-tekniken minskar r\u00f6relseljud med 50 %.<\/p>\n<\/li>\n<li data-start=\"2231\" data-end=\"2296\">\n<p data-start=\"2233\" data-end=\"2296\">High-loft <strong data-start=\"2243\" data-end=\"2260\">Berberfleece<\/strong> p\u00e5 utsidan ger extra v\u00e4rme och komfort.<\/p>\n<\/li>\n<li data-start=\"2297\" data-end=\"2375\">\n<p data-start=\"2299\" data-end=\"2375\">Tysta <strong data-start=\"2325\" data-end=\"2342\">lastfickor<\/strong> med flera fack med tryckknapps- och dragkedjest\u00e4ngning.<\/p>\n<\/li>\n<li data-start=\"2376\" data-end=\"2450\">\n<p data-start=\"2378\" data-end=\"2450\"><strong data-start=\"2378\" data-end=\"2411\">Burr-resistant reinforcements<\/strong> p\u00e5 ben och kil f\u00f6rhindrar att de fastnar.<\/p>\n<\/li>\n<li data-start=\"2451\" data-end=\"2539\">\n<p data-start=\"2453\" data-end=\"2539\">Helt vindt\u00e4tt <strong data-start=\"2469\" data-end=\"2494\">WINDSTOPPER\u00ae-membran<\/strong> ger l\u00e4tt, ventilerande skydd.<\/p>\n<\/li>\n<\/ul>\n<hr data-start=\"2541\" data-end=\"2544\">\n<h3 data-start=\"2546\" data-end=\"2574\"><strong data-start=\"2550\" data-end=\"2574\">Varf\u00f6r v\u00e4lja dessa h\u00e4ngselbyxor?<\/strong><\/h3>\n<p data-start=\"2576\" data-end=\"2991\"><strong data-start=\"2580\" data-end=\"2601\">Sitka Fanatic Bib<\/strong> \u00e4r byggd f\u00f6r j\u00e4gare som kr\u00e4ver maximal v\u00e4rme, tystnad och funktionalitet i de h\u00e5rdaste vinterf\u00f6rh\u00e5llandena.<br data-start=\"2711\" data-end=\"2714\">Genom att kombinera f\u00f6rstklassiga skyddsmaterial med avancerad ljudreducering och komfortfunktioner \u00e4r det bland de finaste jaktkl\u00e4derna f\u00f6r kallt v\u00e4der som finns.<br data-start=\"2875\" data-end=\"2878\">N\u00e4r v\u00e4dret blir sv\u00e5rt och smygjakt \u00e4r viktigt ger <strong data-start=\"2938\" data-end=\"2953\">Fanatic Bib<\/strong> dig f\u00f6rdelen \u2013 varje g\u00e5ng.<\/p>\n","protected":false},"excerpt":{"rendered":"<p>SITKA Fanatic-h\u00e4ngselbyxa \u2013 ultimat skydd och v\u00e4rme Sitka Fanatic Bib tar jaktkl\u00e4der f\u00f6r kallt v\u00e4der till en helt ny niv\u00e5.Den h\u00e4r h\u00e4ngselbyxan \u00e4r speciellt utformad f\u00f6r tidig v\u00e5r, sen h\u00f6st och djupa vinterf\u00f6rh\u00e5llanden och \u00e4r byggd f\u00f6r att prestera n\u00e4r vind, frost och tystnad g\u00f6r skillnaden. Fanatic Bib kombinerar en vindt\u00e4t och ventilerande WINDSTOPPER\u00ae-membran, varm [&#8230;]\n","protected":false},"featured_media":291517,"comment_status":"open","ping_status":"closed","template":"","meta":[],"product_brand":[],"product_cat":[2814],"product_tag":[],"class_list":{"0":"post-291728","1":"product","2":"type-product","3":"status-publish","4":"has-post-thumbnail","6":"product_cat-byxor-sv","8":"first","9":"instock","10":"taxable","11":"shipping-taxable","12":"purchasable","13":"product-type-variable"},"composite_virtual":false,"composite_layout":"","composite_add_to_cart_form_location":"","composite_editable_in_cart":false,"composite_sold_individually_context":"","composite_shop_price_calc":"","composite_components":[],"composite_scenarios":[],"group_of_quantity":0,"min_quantity":0,"max_quantity":"","exclude_order_quantity_value_rules":"no","exclude_category_quantity_rules":"no","combine_variations":"no","exclude_global_add_ons":[],"addons":[],"_links":{"self":[{"href":"https:\/\/www.huntersfriend.eu\/sv\/wp-json\/wp\/v2\/product\/291728","targetHints":{"allow":["GET"]}}],"collection":[{"href":"https:\/\/www.huntersfriend.eu\/sv\/wp-json\/wp\/v2\/product"}],"about":[{"href":"https:\/\/www.huntersfriend.eu\/sv\/wp-json\/wp\/v2\/types\/product"}],"replies":[{"embeddable":true,"href":"https:\/\/www.huntersfriend.eu\/sv\/wp-json\/wp\/v2\/comments?post=291728"}],"wp:featuredmedia":[{"embeddable":true,"href":"https:\/\/www.huntersfriend.eu\/sv\/wp-json\/wp\/v2\/media\/291517"}],"wp:attachment":[{"href":"https:\/\/www.huntersfriend.eu\/sv\/wp-json\/wp\/v2\/media?parent=291728"}],"wp:term":[{"taxonomy":"product_brand","embeddable":true,"href":"https:\/\/www.huntersfriend.eu\/sv\/wp-json\/wp\/v2\/product_brand?post=291728"},{"taxonomy":"product_cat","embeddable":true,"href":"https:\/\/www.huntersfriend.eu\/sv\/wp-json\/wp\/v2\/product_cat?post=291728"},{"taxonomy":"product_tag","embeddable":true,"href":"https:\/\/www.huntersfriend.eu\/sv\/wp-json\/wp\/v2\/product_tag?post=291728"}],"curies":[{"name":"wp","href":"https:\/\/api.w.org\/{rel}","templated":true}]}}