{"id":291707,"date":"2025-11-04T09:59:19","date_gmt":"2025-11-04T07:59:19","guid":{"rendered":"https:\/\/www.huntersfriend.eu\/product\/sitka-fanatic-jacka-cover\/"},"modified":"2025-11-06T12:58:24","modified_gmt":"2025-11-06T10:58:24","slug":"sitka-fanatic-jacka-cover","status":"publish","type":"product","link":"https:\/\/www.huntersfriend.eu\/sv\/produkt\/sitka-fanatic-jacka-cover\/","title":{"rendered":"SITKA fanatic-jacka &#8211; cover"},"content":{"rendered":"<h3 data-start=\"204\" data-end=\"266\"><strong data-start=\"208\" data-end=\"266\">SITKA fanatic-jacka \u2013 ultimat skydd och tystnad<\/strong><\/h3>\n<p data-start=\"268\" data-end=\"775\"><strong data-start=\"272\" data-end=\"296\">Sitka Fanatic-jackan<\/strong> \u00e4r designad f\u00f6r kalla h\u00f6st- och vinterjaktdagar n\u00e4r v\u00e4rme, tystnad och komfort g\u00f6r all skillnad. Denna jacka kombinerar h\u00f6gkvalitativ Berber-fleece, ett vindt\u00e4tt <strong data-start=\"466\" data-end=\"491\">WINDSTOPPER\u00ae-membran<\/strong> och premium <strong data-start=\"505\" data-end=\"530\">PrimaLoft\u00ae-isolering<\/strong> f\u00f6r att h\u00e5lla dig varm \u00e4ven under fuktiga f\u00f6rh\u00e5llanden. <strong data-start=\"577\" data-end=\"595\">Optifade Cover<\/strong>-kamouflagem\u00f6nstret sm\u00e4lter s\u00f6ml\u00f6st in i omgivningen, medan <strong data-start=\"661\" data-end=\"681\">Science of Sound<\/strong>-teknologin halverar ljudet av r\u00f6relser \u2013 vilket \u00f6kar dina chanser f\u00f6r en framg\u00e5ngsrik jakt.  <\/p>\n<hr data-start=\"777\" data-end=\"780\">\n<h3 data-start=\"782\" data-end=\"812\"><strong data-start=\"786\" data-end=\"812\">Syfte och f\u00f6rdelar<\/strong><\/h3>\n<p data-start=\"813\" data-end=\"1369\"><strong data-start=\"817\" data-end=\"835\">Fanatic-jackan<\/strong> \u00e4r det perfekta valet f\u00f6r pass- eller bakh\u00e5llsjakt n\u00e4r man jagar f\u00f6rsiktigt vilt under tidig v\u00e5r, h\u00f6st eller vinterf\u00f6rh\u00e5llanden.<br data-start=\"960\" data-end=\"963\">Dess <strong data-start=\"967\" data-end=\"1004\">diagonala, ultratyst YKK\u00ae-dragkedja<\/strong> s\u00e4kerst\u00e4ller tyst p\u00e5kl\u00e4dning och har inbyggda handv\u00e4rmare. Praktisk fickorplacering h\u00e5ller viktig utrustning n\u00e4ra till hands, medan <strong data-start=\"1136\" data-end=\"1186\">Constant-Connect\u2122-kompatibilitet f\u00f6r s\u00e4kerhetssele<\/strong> g\u00f6r det l\u00e4ttare att l\u00e4gga lager utan on\u00f6diga justeringar.<br data-start=\"1241\" data-end=\"1244\">\u00c4rmdesignen ger optimal frig\u00e5ng f\u00f6r att dra en b\u00e5gstr\u00e4ng p\u00e5 v\u00e4nster arm samtidigt som den minimerar volym vid dragarmb\u00e5gen. <\/p>\n<hr data-start=\"1371\" data-end=\"1374\">\n<h3 data-start=\"1376\" data-end=\"1408\"><strong data-start=\"1380\" data-end=\"1408\">Tekniska specifikationer<\/strong><\/h3>\n<ul data-start=\"1410\" data-end=\"1492\">\n<li data-start=\"1410\" data-end=\"1439\">\n<p data-start=\"1412\" data-end=\"1439\"><strong data-start=\"1412\" data-end=\"1422\">F\u00e4rg:<\/strong> optifade cover<\/p>\n<\/li>\n<li data-start=\"1440\" data-end=\"1460\">\n<p data-start=\"1442\" data-end=\"1460\"><strong data-start=\"1442\" data-end=\"1452\">Storlekar:<\/strong> M\u20132XL<\/p>\n<\/li>\n<li data-start=\"1461\" data-end=\"1492\">\n<p data-start=\"1463\" data-end=\"1492\"><strong data-start=\"1463\" data-end=\"1474\">Vikt:<\/strong> 1310 g (storlek L)<\/p>\n<\/li>\n<\/ul>\n<p data-start=\"1494\" data-end=\"1857\"><strong data-start=\"1494\" data-end=\"1512\">Huvudmaterial:<\/strong> High Loft Jacquard Berber Fleece med DWR-finish<br data-start=\"1561\" data-end=\"1564\"><strong data-start=\"1564\" data-end=\"1581\">F\u00e5ll och s\u00e4te:<\/strong> Stretch polyesterfleece med DWR-finish<br data-start=\"1622\" data-end=\"1625\"><strong data-start=\"1625\" data-end=\"1636\">Foder:<\/strong> 2-lagers <strong data-start=\"1645\" data-end=\"1678\">WINDSTOPPER\u00ae fr\u00e5n Gore-Tex Labs<\/strong> med polyester mikro-grid fleece interi\u00f6r<br data-start=\"1720\" data-end=\"1723\"><strong data-start=\"1723\" data-end=\"1746\">Isolering (torso):<\/strong> 120 g <strong data-start=\"1753\" data-end=\"1788\">PrimaLoft\u00ae Silver Hi-Loft Ultra<\/strong><br data-start=\"1788\" data-end=\"1791\"><strong data-start=\"1791\" data-end=\"1816\">Isolering (\u00e4rmar):<\/strong> 80 g <strong data-start=\"1822\" data-end=\"1857\">PrimaLoft\u00ae Silver Hi-Loft Ultra<\/strong><\/p>\n<hr data-start=\"1859\" data-end=\"1862\">\n<h3 data-start=\"1864\" data-end=\"1884\"><strong data-start=\"1868\" data-end=\"1884\">Huvudfunktioner<\/strong><\/h3>\n<ul data-start=\"1886\" data-end=\"2544\">\n<li data-start=\"1886\" data-end=\"1956\">\n<p data-start=\"1888\" data-end=\"1956\"><strong data-start=\"1888\" data-end=\"1908\">Science of Sound<\/strong>-teknologi minskar ljud\u00f6verf\u00f6ring med 50 %.<\/p>\n<\/li>\n<li data-start=\"1957\" data-end=\"2009\">\n<p data-start=\"1959\" data-end=\"2009\">Intuitivt designade fickor f\u00f6r viktig utrustning.<\/p>\n<\/li>\n<li data-start=\"2010\" data-end=\"2048\">\n<p data-start=\"2012\" data-end=\"2048\">S\u00e4ker br\u00f6stficka f\u00f6r v\u00e4rdesaker.<\/p>\n<\/li>\n<li data-start=\"2049\" data-end=\"2105\">\n<p data-start=\"2051\" data-end=\"2105\">Ultratyst diagonal <strong data-start=\"2073\" data-end=\"2102\">YKK\u00ae Vislon\u00ae framdragkedja<\/strong>.<\/p>\n<\/li>\n<li data-start=\"2106\" data-end=\"2168\">\n<p data-start=\"2108\" data-end=\"2168\"><strong data-start=\"2108\" data-end=\"2165\">Constant-Connect\u2122 SITKA\u00ae s\u00e4kerhetsselekompatibilitet<\/strong>.<\/p>\n<\/li>\n<li data-start=\"2169\" data-end=\"2245\">\n<p data-start=\"2171\" data-end=\"2245\">\u00c4rmdesign optimerad f\u00f6r b\u00e5gstr\u00e4ng-frig\u00e5ng och skjutergonomi.<\/p>\n<\/li>\n<li data-start=\"2246\" data-end=\"2321\">\n<p data-start=\"2248\" data-end=\"2321\"><strong data-start=\"2248\" data-end=\"2281\">Burr-resistenta f\u00f6rst\u00e4rkningar<\/strong> vid f\u00e5ll och s\u00e4te f\u00f6rhindrar att man fastnar.<\/p>\n<\/li>\n<li data-start=\"2322\" data-end=\"2422\">\n<p data-start=\"2324\" data-end=\"2422\"><strong data-start=\"2324\" data-end=\"2357\">WINDSTOPPER\u00ae fr\u00e5n Gore-Tex Labs<\/strong>: helt vindt\u00e4tt, l\u00e4tt och andningsbart skydd.<\/p>\n<\/li>\n<li data-start=\"2423\" data-end=\"2482\">\n<p data-start=\"2425\" data-end=\"2482\"><strong data-start=\"2425\" data-end=\"2450\">PrimaLoft\u00ae-isolering<\/strong> beh\u00e5ller v\u00e4rmen \u00e4ven n\u00e4r den \u00e4r v\u00e5t.<\/p>\n<\/li>\n<li data-start=\"2483\" data-end=\"2544\">\n<p data-start=\"2485\" data-end=\"2544\"><strong data-start=\"2485\" data-end=\"2509\">Magnetisk stuvkrage<\/strong> f\u00f6r \u00f6kad komfort och bekv\u00e4mlighet.<\/p>\n<\/li>\n<\/ul>\n<hr data-start=\"2546\" data-end=\"2549\">\n<h3 data-start=\"2551\" data-end=\"2582\"><strong data-start=\"2555\" data-end=\"2582\">Varf\u00f6r v\u00e4lja denna jacka?<\/strong><\/h3>\n<p data-start=\"2583\" data-end=\"2943\"><strong data-start=\"2587\" data-end=\"2611\">Sitka Fanatic-jackan<\/strong> levererar den ultimata kombinationen av v\u00e4rme, tystnad och funktionalitet som kr\u00e4vs f\u00f6r kr\u00e4vande vinterjakter.<br data-start=\"2720\" data-end=\"2723\">Varje detalj \u00e4r designad f\u00f6r den stillasittande j\u00e4garen \u2013 n\u00e4r v\u00e4dret blir h\u00e5rt och viltet blir f\u00f6rsiktigt ger denna jacka dig f\u00f6rdelen. Det \u00e4r den perfekta f\u00f6ljeslagaren f\u00f6r de tuffaste f\u00f6rh\u00e5llandena under jakts\u00e4songen. <\/p>\n","protected":false},"excerpt":{"rendered":"<p>SITKA fanatic-jacka \u2013 ultimat skydd och tystnad Sitka Fanatic-jackan \u00e4r designad f\u00f6r kalla h\u00f6st- och vinterjaktdagar n\u00e4r v\u00e4rme, tystnad och komfort g\u00f6r all skillnad. Denna jacka kombinerar h\u00f6gkvalitativ Berber-fleece, ett vindt\u00e4tt WINDSTOPPER\u00ae-membran och premium PrimaLoft\u00ae-isolering f\u00f6r att h\u00e5lla dig varm \u00e4ven under fuktiga f\u00f6rh\u00e5llanden. Optifade Cover-kamouflagem\u00f6nstret sm\u00e4lter s\u00f6ml\u00f6st in i omgivningen, medan Science of Sound-teknologin [&#8230;]\n","protected":false},"featured_media":291449,"comment_status":"open","ping_status":"closed","template":"","meta":[],"product_brand":[],"product_cat":[2741],"product_tag":[],"class_list":{"0":"post-291707","1":"product","2":"type-product","3":"status-publish","4":"has-post-thumbnail","6":"product_cat-jackor","8":"first","9":"instock","10":"taxable","11":"shipping-taxable","12":"purchasable","13":"product-type-variable"},"composite_virtual":false,"composite_layout":"","composite_add_to_cart_form_location":"","composite_editable_in_cart":false,"composite_sold_individually_context":"","composite_shop_price_calc":"","composite_components":[],"composite_scenarios":[],"group_of_quantity":0,"min_quantity":0,"max_quantity":"","exclude_order_quantity_value_rules":"no","exclude_category_quantity_rules":"no","combine_variations":"no","exclude_global_add_ons":[],"addons":[],"_links":{"self":[{"href":"https:\/\/www.huntersfriend.eu\/sv\/wp-json\/wp\/v2\/product\/291707","targetHints":{"allow":["GET"]}}],"collection":[{"href":"https:\/\/www.huntersfriend.eu\/sv\/wp-json\/wp\/v2\/product"}],"about":[{"href":"https:\/\/www.huntersfriend.eu\/sv\/wp-json\/wp\/v2\/types\/product"}],"replies":[{"embeddable":true,"href":"https:\/\/www.huntersfriend.eu\/sv\/wp-json\/wp\/v2\/comments?post=291707"}],"wp:featuredmedia":[{"embeddable":true,"href":"https:\/\/www.huntersfriend.eu\/sv\/wp-json\/wp\/v2\/media\/291449"}],"wp:attachment":[{"href":"https:\/\/www.huntersfriend.eu\/sv\/wp-json\/wp\/v2\/media?parent=291707"}],"wp:term":[{"taxonomy":"product_brand","embeddable":true,"href":"https:\/\/www.huntersfriend.eu\/sv\/wp-json\/wp\/v2\/product_brand?post=291707"},{"taxonomy":"product_cat","embeddable":true,"href":"https:\/\/www.huntersfriend.eu\/sv\/wp-json\/wp\/v2\/product_cat?post=291707"},{"taxonomy":"product_tag","embeddable":true,"href":"https:\/\/www.huntersfriend.eu\/sv\/wp-json\/wp\/v2\/product_tag?post=291707"}],"curies":[{"name":"wp","href":"https:\/\/api.w.org\/{rel}","templated":true}]}}