{"id":291696,"date":"2025-11-05T14:38:14","date_gmt":"2025-11-05T12:38:14","guid":{"rendered":"https:\/\/www.huntersfriend.eu\/product\/sitka-ambient-200-jacka-2\/"},"modified":"2026-03-11T14:37:06","modified_gmt":"2026-03-11T12:37:06","slug":"sitka-ambient-200-jacka-2","status":"publish","type":"product","link":"https:\/\/www.huntersfriend.eu\/sv\/produkt\/sitka-ambient-200-jacka-2\/","title":{"rendered":"SITKA ambient 200 jacka"},"content":{"rendered":"<h3 data-start=\"115\" data-end=\"170\"><strong data-start=\"119\" data-end=\"168\">Sitka ambient 200 jacka \u2013 optifade subalpine, elevated eller cover<\/strong><\/h3>\n<p data-start=\"171\" data-end=\"838\"><strong data-start=\"175\" data-end=\"203\">Sitka Ambient 200 Jacket<\/strong> \u00e4r den varmaste modellen i Sitkas Ambient-serie av aktiva isolerade jackor. Dess <g id=\"gid_1\">200-grams PrimaLoft\u00ae Evolve-isolering<\/g> ger utm\u00e4rkt v\u00e4rmeskydd samtidigt som den bibeh\u00e5ller h\u00f6g andningsf\u00f6rm\u00e5ga under r\u00f6relse. Tillverkad av h\u00e5llbart <g id=\"gid_2\">20D ripstop nylon<\/g> med en <g id=\"gid_3\">Durable Water Repellent (DWR)-finish<\/g>, jackan motst\u00e5r l\u00e4tt regn och sn\u00f6. Mekanisk stretch s\u00e4kerst\u00e4ller obegr\u00e4nsad r\u00f6rlighet, \u00e4ven i aktiva jaktscenarier. En helf\u00f6rl\u00e4ngd framglidd m\u00f6jligg\u00f6r enkel lagring, och dragkedjor p\u00e5 hand- och br\u00f6stfickor ger s\u00e4ker f\u00f6rvaring f\u00f6r v\u00e4rdesaker. Ambient 200 \u00e4r idealisk f\u00f6r aktiv anv\u00e4ndning i kalla, fuktiga och varierande f\u00f6rh\u00e5llanden.     <\/p>\n<hr data-start=\"840\" data-end=\"843\">\n<h3 data-start=\"845\" data-end=\"867\"><strong data-start=\"849\" data-end=\"865\">Viktiga egenskaper<\/strong><\/h3>\n<ul data-start=\"869\" data-end=\"1441\">\n<li data-start=\"869\" data-end=\"948\">\n<p data-start=\"871\" data-end=\"948\"><strong data-start=\"871\" data-end=\"884\">Material:<\/strong> 20D ripstop nylon f\u00f6r h\u00e5llbarhet och l\u00e4tt prestanda.<\/p>\n<\/li>\n<li data-start=\"949\" data-end=\"1035\">\n<p data-start=\"951\" data-end=\"1035\"><strong data-start=\"951\" data-end=\"966\">Isolering:<\/strong> 200 g PrimaLoft\u00ae Evolve aktiv isolering f\u00f6r v\u00e4rme utan volym.<\/p>\n<\/li>\n<li data-start=\"1036\" data-end=\"1105\">\n<p data-start=\"1038\" data-end=\"1105\"><strong data-start=\"1038\" data-end=\"1061\">V\u00e4derbest\u00e4ndighet:<\/strong> DWR-behandling avvisar l\u00e4tt regn och sn\u00f6.<\/p>\n<\/li>\n<li data-start=\"1106\" data-end=\"1182\">\n<p data-start=\"1108\" data-end=\"1182\"><strong data-start=\"1108\" data-end=\"1124\">Flexibilitet:<\/strong> Mekaniskt stretchtyg f\u00f6rb\u00e4ttrar r\u00f6relsefrihet.<\/p>\n<\/li>\n<li data-start=\"1183\" data-end=\"1276\">\n<p data-start=\"1185\" data-end=\"1276\"><strong data-start=\"1185\" data-end=\"1197\">Dragkedjor:<\/strong> Helf\u00f6rl\u00e4ngd framdragkedja f\u00f6r enkel lagring; dragkedjor p\u00e5 hand- och br\u00f6stfickor.<\/p>\n<\/li>\n<li data-start=\"1277\" data-end=\"1322\">\n<p data-start=\"1279\" data-end=\"1322\"><strong data-start=\"1279\" data-end=\"1290\">Vikt:<\/strong> Cirka 482 g (storlek M).<\/p>\n<\/li>\n<li data-start=\"1323\" data-end=\"1419\">\n<p data-start=\"1325\" data-end=\"1419\"><strong data-start=\"1325\" data-end=\"1340\">Kamouflage:<\/strong> Optifade Subalpine-m\u00f6nster f\u00f6r effektiv kamouflering i frodiga, gr\u00f6na skogar.<\/p>\n<\/li>\n<li data-start=\"1420\" data-end=\"1441\">\n<p data-start=\"1422\" data-end=\"1441\"><strong data-start=\"1422\" data-end=\"1432\">Storlekar:<\/strong> M\u20132XL.<\/p>\n<\/li>\n<\/ul>\n","protected":false},"excerpt":{"rendered":"<p>Sitka ambient 200 jacka \u2013 optifade subalpine, elevated eller cover Sitka Ambient 200 Jacket \u00e4r den varmaste modellen i Sitkas Ambient-serie av aktiva isolerade jackor. Dess 200-grams PrimaLoft\u00ae Evolve-isolering ger utm\u00e4rkt v\u00e4rmeskydd samtidigt som den bibeh\u00e5ller h\u00f6g andningsf\u00f6rm\u00e5ga under r\u00f6relse. Tillverkad av h\u00e5llbart 20D ripstop nylon med en Durable Water Repellent (DWR)-finish, jackan motst\u00e5r l\u00e4tt [&#8230;]\n","protected":false},"featured_media":291642,"comment_status":"open","ping_status":"closed","template":"","meta":[],"product_brand":[],"product_cat":[2741],"product_tag":[],"class_list":{"0":"post-291696","1":"product","2":"type-product","3":"status-publish","4":"has-post-thumbnail","6":"product_cat-jackor","8":"first","9":"instock","10":"taxable","11":"shipping-taxable","12":"purchasable","13":"product-type-variable"},"composite_virtual":false,"composite_layout":"","composite_add_to_cart_form_location":"","composite_editable_in_cart":false,"composite_sold_individually_context":"","composite_shop_price_calc":"","composite_components":[],"composite_scenarios":[],"group_of_quantity":0,"min_quantity":0,"max_quantity":"","exclude_order_quantity_value_rules":"no","exclude_category_quantity_rules":"no","combine_variations":"no","exclude_global_add_ons":[],"addons":[],"_links":{"self":[{"href":"https:\/\/www.huntersfriend.eu\/sv\/wp-json\/wp\/v2\/product\/291696","targetHints":{"allow":["GET"]}}],"collection":[{"href":"https:\/\/www.huntersfriend.eu\/sv\/wp-json\/wp\/v2\/product"}],"about":[{"href":"https:\/\/www.huntersfriend.eu\/sv\/wp-json\/wp\/v2\/types\/product"}],"replies":[{"embeddable":true,"href":"https:\/\/www.huntersfriend.eu\/sv\/wp-json\/wp\/v2\/comments?post=291696"}],"wp:featuredmedia":[{"embeddable":true,"href":"https:\/\/www.huntersfriend.eu\/sv\/wp-json\/wp\/v2\/media\/291642"}],"wp:attachment":[{"href":"https:\/\/www.huntersfriend.eu\/sv\/wp-json\/wp\/v2\/media?parent=291696"}],"wp:term":[{"taxonomy":"product_brand","embeddable":true,"href":"https:\/\/www.huntersfriend.eu\/sv\/wp-json\/wp\/v2\/product_brand?post=291696"},{"taxonomy":"product_cat","embeddable":true,"href":"https:\/\/www.huntersfriend.eu\/sv\/wp-json\/wp\/v2\/product_cat?post=291696"},{"taxonomy":"product_tag","embeddable":true,"href":"https:\/\/www.huntersfriend.eu\/sv\/wp-json\/wp\/v2\/product_tag?post=291696"}],"curies":[{"name":"wp","href":"https:\/\/api.w.org\/{rel}","templated":true}]}}