{"id":291161,"date":"2021-03-05T12:20:39","date_gmt":"2021-03-05T10:20:39","guid":{"rendered":"https:\/\/www.huntersfriend.eu\/product\/conibear-120-2-ss-falla\/"},"modified":"2026-04-14T08:02:04","modified_gmt":"2026-04-14T06:02:04","slug":"conibear-120-2-ss-falla","status":"publish","type":"product","link":"https:\/\/www.huntersfriend.eu\/sv\/produkt\/conibear-120-2-ss-falla\/","title":{"rendered":"Conibear\u00ae 120-2 SS kroppsf\u00e4lla"},"content":{"rendered":"<p data-start=\"61\" data-end=\"434\"><strong data-start=\"61\" data-end=\"90\">Conibear\u00ae kroppsf\u00e4llor<\/strong> \u00e4r s\u00e5 kallade direktd\u00f6dande f\u00e4llor, som n\u00e4r de utl\u00f6ses orsakar att djuret som g\u00e5r in i dem d\u00f6r omedelbart.<br data-start=\"198\" data-end=\"201\">N\u00e4r de placeras p\u00e5 land eller ovanf\u00f6r vatten inuti ett skyddande h\u00f6lje \u00e4r Conibear-f\u00e4llor till\u00e5tna f\u00f6r att f\u00e5nga mink, m\u00e5rd, iller, vessla och ekorre.<br data-start=\"351\" data-end=\"354\">De l\u00e4mpliga modellerna f\u00f6r detta \u00e4ndam\u00e5l \u00e4r <strong data-start=\"395\" data-end=\"404\">120-2<\/strong>, <strong data-start=\"406\" data-end=\"418\">120-2 SS<\/strong> och <strong data-start=\"424\" data-end=\"433\">160-2<\/strong>.<\/p>\n<p data-start=\"436\" data-end=\"449\"><strong data-start=\"436\" data-end=\"449\">I korthet:<\/strong><\/p>\n<ul data-start=\"451\" data-end=\"628\">\n<li data-start=\"451\" data-end=\"496\">\n<p data-start=\"453\" data-end=\"496\"><strong data-start=\"453\" data-end=\"462\">120-2<\/strong> \u2013 dubbel fj\u00e4der, tillverkad av st\u00e5l.<\/p>\n<\/li>\n<li data-start=\"497\" data-end=\"555\">\n<p data-start=\"499\" data-end=\"555\"><strong data-start=\"499\" data-end=\"511\">120-2 SS<\/strong> \u2013 dubbel fj\u00e4der, tillverkad av rostfritt st\u00e5l.<\/p>\n<\/li>\n<li data-start=\"556\" data-end=\"628\">\n<p data-start=\"558\" data-end=\"628\"><strong data-start=\"558\" data-end=\"567\">160-2<\/strong> \u2013 st\u00f6rre \u00e4n de tv\u00e5 ovan, dubbel fj\u00e4der, tillverkad av st\u00e5l.<\/p>\n<\/li>\n<\/ul>\n<p data-start=\"630\" data-end=\"945\">N\u00e4r f\u00e4llor placeras p\u00e5 land, i tr\u00e4d eller ovanf\u00f6r vatten m\u00e5ste de placeras s\u00e5 att de inte utg\u00f6r n\u00e5gon fara f\u00f6r m\u00e4nniskor eller f\u00f6r andra djur \u00e4n de som ska f\u00e5ngas.<br data-start=\"793\" data-end=\"796\">Enligt lag m\u00e5ste f\u00e4llorna placeras inuti ett skyddande h\u00f6lje.<br data-start=\"859\" data-end=\"862\">Ing\u00e5ngs\u00f6ppningen p\u00e5 h\u00f6ljet f\u00e5r inte \u00f6verstiga <strong data-start=\"915\" data-end=\"932\">8 centimeter<\/strong> i diameter.<\/p>\n<p data-start=\"947\" data-end=\"1164\">Conibear-f\u00e4llor f\u00e5r anv\u00e4ndas <strong data-start=\"974\" data-end=\"988\">under vatten<\/strong> f\u00f6r jakt p\u00e5 <strong data-start=\"1001\" data-end=\"1020\">europeisk b\u00e4ver<\/strong> och <strong data-start=\"1025\" data-end=\"1044\">kanadensisk b\u00e4ver<\/strong>, samt f\u00f6r att f\u00e5nga oskyddade d\u00e4ggdjur.<br data-start=\"1090\" data-end=\"1093\">I s\u00e5dana fall f\u00e5r f\u00e4llans k\u00e4ft\u00f6ppning inte \u00f6verstiga <strong data-start=\"1145\" data-end=\"1163\">30 centimeter<\/strong>.<\/p>\n<p data-start=\"1166\" data-end=\"1219\">F\u00f6r b\u00e4verjakt m\u00e5ste <strong data-start=\"1190\" data-end=\"1205\">modell 330-2<\/strong> anv\u00e4ndas.<\/p>\n<p data-start=\"1221\" data-end=\"1234\"><strong data-start=\"1221\" data-end=\"1234\">I korthet:<\/strong><\/p>\n<ul data-start=\"1236\" data-end=\"1281\">\n<li data-start=\"1236\" data-end=\"1281\">\n<p data-start=\"1238\" data-end=\"1281\"><strong data-start=\"1238\" data-end=\"1247\">330-2<\/strong> \u2013 dubbel fj\u00e4der, tillverkad av st\u00e5l.<\/p>\n<\/li>\n<\/ul>\n<p data-start=\"1283\" data-end=\"1415\">N\u00e4r f\u00e4llorna s\u00e4tts upp rekommenderas <strong data-start=\"1307\" data-end=\"1324\">sp\u00e4nnt\u00e4nger<\/strong> f\u00f6r din egen s\u00e4kerhet.<br data-start=\"1361\" data-end=\"1364\">Enligt lag m\u00e5ste f\u00e4llorna <strong data-start=\"1390\" data-end=\"1414\">underh\u00e5llas regelbundet<\/strong>.<\/p>\n<p data-start=\"1417\" data-end=\"1464\">Original Conibear\u00ae-f\u00e4llor \u00e4r popul\u00e4ra \u00f6ver hela v\u00e4rlden.<\/p>\n<p data-start=\"1466\" data-end=\"1485\"><strong data-start=\"1466\" data-end=\"1485\">F\u00e4llk\u00e4ftarnas storlekar:<\/strong><\/p>\n<div class=\"_tableContainer_1rjym_1\">\n<div class=\"group _tableWrapper_1rjym_13 flex w-fit flex-col-reverse\" tabindex=\"-1\">\n<table class=\"w-fit min-w-(--thread-content-width)\" data-start=\"1487\" data-end=\"1683\">\n<thead data-start=\"1487\" data-end=\"1510\">\n<tr data-start=\"1487\" data-end=\"1510\">\n<th data-start=\"1487\" data-end=\"1495\" data-col-size=\"sm\">Modell<\/th>\n<th data-start=\"1495\" data-end=\"1510\" data-col-size=\"sm\">k\u00e4ft\u00f6ppning<\/th>\n<\/tr>\n<\/thead>\n<tbody data-start=\"1537\" data-end=\"1683\">\n<tr data-start=\"1537\" data-end=\"1568\">\n<td data-start=\"1537\" data-end=\"1545\" data-col-size=\"sm\">120-2<\/td>\n<td data-col-size=\"sm\" data-start=\"1545\" data-end=\"1568\">11,43 cm \u00d7 11,43 cm<\/td>\n<\/tr>\n<tr data-start=\"1569\" data-end=\"1621\">\n<td data-start=\"1569\" data-end=\"1598\" data-col-size=\"sm\">120-2 SS (rostfritt st\u00e5l)<\/td>\n<td data-col-size=\"sm\" data-start=\"1598\" data-end=\"1621\">11,43 cm \u00d7 11,43 cm<\/td>\n<\/tr>\n<tr data-start=\"1622\" data-end=\"1653\">\n<td data-start=\"1622\" data-end=\"1630\" data-col-size=\"sm\">160-2<\/td>\n<td data-col-size=\"sm\" data-start=\"1630\" data-end=\"1653\">15,24 cm \u00d7 15,24 cm<\/td>\n<\/tr>\n<tr data-start=\"1654\" data-end=\"1683\">\n<td data-start=\"1654\" data-end=\"1662\" data-col-size=\"sm\">330-2<\/td>\n<td data-col-size=\"sm\" data-start=\"1662\" data-end=\"1683\">25,4 cm \u00d7 25,4 cm<\/td>\n<\/tr>\n<\/tbody>\n<\/table>\n<\/div>\n<\/div>\n<p>Var noga med att alltid kontrollera dina lokala lagar och krav g\u00e4llande anv\u00e4ndningen av denna produkt i ditt land.<\/p>\n<p>&nbsp;<\/p>\n","protected":false},"excerpt":{"rendered":"<p>Conibear\u00ae kroppsf\u00e4llor \u00e4r s\u00e5 kallade direktd\u00f6dande f\u00e4llor, som n\u00e4r de utl\u00f6ses orsakar att djuret som g\u00e5r in i dem d\u00f6r omedelbart.N\u00e4r de placeras p\u00e5 land eller ovanf\u00f6r vatten inuti ett skyddande h\u00f6lje \u00e4r Conibear-f\u00e4llor till\u00e5tna f\u00f6r att f\u00e5nga mink, m\u00e5rd, iller, vessla och ekorre.De l\u00e4mpliga modellerna f\u00f6r detta \u00e4ndam\u00e5l \u00e4r 120-2, 120-2 SS och 160-2. [&#8230;]\n","protected":false},"featured_media":210086,"comment_status":"open","ping_status":"closed","template":"","meta":[],"product_brand":[],"product_cat":[2696],"product_tag":[],"class_list":{"0":"post-291161","1":"product","2":"type-product","3":"status-publish","4":"has-post-thumbnail","6":"product_cat-fallor-och-fangsttillbehor","8":"first","9":"instock","10":"taxable","11":"shipping-taxable","12":"purchasable","13":"product-type-simple"},"composite_virtual":false,"composite_layout":"","composite_add_to_cart_form_location":"","composite_editable_in_cart":false,"composite_sold_individually_context":"","composite_shop_price_calc":"","composite_components":[],"composite_scenarios":[],"group_of_quantity":0,"min_quantity":0,"max_quantity":"","exclude_order_quantity_value_rules":"no","exclude_category_quantity_rules":"no","combine_variations":"no","exclude_global_add_ons":[],"addons":[],"_links":{"self":[{"href":"https:\/\/www.huntersfriend.eu\/sv\/wp-json\/wp\/v2\/product\/291161","targetHints":{"allow":["GET"]}}],"collection":[{"href":"https:\/\/www.huntersfriend.eu\/sv\/wp-json\/wp\/v2\/product"}],"about":[{"href":"https:\/\/www.huntersfriend.eu\/sv\/wp-json\/wp\/v2\/types\/product"}],"replies":[{"embeddable":true,"href":"https:\/\/www.huntersfriend.eu\/sv\/wp-json\/wp\/v2\/comments?post=291161"}],"wp:featuredmedia":[{"embeddable":true,"href":"https:\/\/www.huntersfriend.eu\/sv\/wp-json\/wp\/v2\/media\/210086"}],"wp:attachment":[{"href":"https:\/\/www.huntersfriend.eu\/sv\/wp-json\/wp\/v2\/media?parent=291161"}],"wp:term":[{"taxonomy":"product_brand","embeddable":true,"href":"https:\/\/www.huntersfriend.eu\/sv\/wp-json\/wp\/v2\/product_brand?post=291161"},{"taxonomy":"product_cat","embeddable":true,"href":"https:\/\/www.huntersfriend.eu\/sv\/wp-json\/wp\/v2\/product_cat?post=291161"},{"taxonomy":"product_tag","embeddable":true,"href":"https:\/\/www.huntersfriend.eu\/sv\/wp-json\/wp\/v2\/product_tag?post=291161"}],"curies":[{"name":"wp","href":"https:\/\/api.w.org\/{rel}","templated":true}]}}