{"id":290930,"date":"2025-07-31T12:00:40","date_gmt":"2025-07-31T10:00:40","guid":{"rendered":"https:\/\/www.huntersfriend.eu\/product\/sitka-lt-jetstream-jacka\/"},"modified":"2025-09-23T13:14:24","modified_gmt":"2025-09-23T11:14:24","slug":"sitka-lt-jetstream-jacka","status":"publish","type":"product","link":"https:\/\/www.huntersfriend.eu\/sv\/produkt\/sitka-lt-jetstream-jacka\/","title":{"rendered":"SITKA LT jetstream-jacka"},"content":{"rendered":"<p>Den l\u00e4tta, vindt\u00e4ta jackan som alltid har en plats p\u00e5 din packlista. Med 100 % vindt\u00e4t WINDSTOPPER\u00ae fr\u00e5n GORE-TEX LABS kombinerar Jetstream LT-jackan skydd, l\u00e4tt konstruktion och h\u00e5llbarhet f\u00f6r maximal anv\u00e4ndbarhet. En l\u00e5gprofilerad huva med elastisk kant ger en str\u00f6mlinjeformad passform \u00f6ver huvudbonader i bl\u00e5siga f\u00f6rh\u00e5llanden. Denna str\u00f6mlinjeformade version av v\u00e5r b\u00e4sts\u00e4ljande Jetstream-jacka \u00e4r ett snabbdeplojerat alternativ f\u00f6r jakter d\u00e4r viktminskning och att h\u00e5lla sig sval \u00e4r av st\u00f6rsta vikt.   <\/p>\n<ul class=\"jsx-1027194987 space-y-4 list-disc\">\n<li class=\"jsx-1027194987 remove-marker mt-[24px] md:mt-[60px]\">\n<div class=\"feature_item\">100 % vindt\u00e4t WINDSTOPPER\u00ae fr\u00e5n GORE-TEX LABS<\/div>\n<div class=\"feature_item\">L\u00e4tt och h\u00e5llbar polyester yttermaterial<\/div>\n<div class=\"feature_item\">Blixtl\u00e5sf\u00f6rsedda handfickor och br\u00f6stficka f\u00f6r s\u00e4ker f\u00f6rvaring av viktiga saker<\/div>\n<div class=\"feature_item\">L\u00e5gprofilerad huva med elastisk kant ger en str\u00f6mlinjeformad passform f\u00f6r bl\u00e5siga f\u00f6rh\u00e5llanden<\/div>\n<div class=\"feature_item\">Totalvikt: 13,6 oz<\/div>\n<\/li>\n<\/ul>\n","protected":false},"excerpt":{"rendered":"<p>Den l\u00e4tta, vindt\u00e4ta jackan som alltid har en plats p\u00e5 din packlista. Med 100 % vindt\u00e4t WINDSTOPPER\u00ae fr\u00e5n GORE-TEX LABS kombinerar Jetstream LT-jackan skydd, l\u00e4tt konstruktion och h\u00e5llbarhet f\u00f6r maximal anv\u00e4ndbarhet. En l\u00e5gprofilerad huva med elastisk kant ger en str\u00f6mlinjeformad passform \u00f6ver huvudbonader i bl\u00e5siga f\u00f6rh\u00e5llanden. Denna str\u00f6mlinjeformade version av v\u00e5r b\u00e4sts\u00e4ljande Jetstream-jacka \u00e4r ett [&#8230;]\n","protected":false},"featured_media":290383,"comment_status":"open","ping_status":"closed","template":"","meta":[],"product_brand":[],"product_cat":[2741],"product_tag":[],"class_list":{"0":"post-290930","1":"product","2":"type-product","3":"status-publish","4":"has-post-thumbnail","6":"product_cat-jackor","8":"first","9":"instock","10":"taxable","11":"shipping-taxable","12":"purchasable","13":"product-type-variable"},"composite_virtual":false,"composite_layout":"","composite_add_to_cart_form_location":"","composite_editable_in_cart":false,"composite_sold_individually_context":"","composite_shop_price_calc":"","composite_components":[],"composite_scenarios":[],"group_of_quantity":0,"min_quantity":0,"max_quantity":"","exclude_order_quantity_value_rules":"no","exclude_category_quantity_rules":"no","combine_variations":"no","exclude_global_add_ons":[],"addons":[],"_links":{"self":[{"href":"https:\/\/www.huntersfriend.eu\/sv\/wp-json\/wp\/v2\/product\/290930","targetHints":{"allow":["GET"]}}],"collection":[{"href":"https:\/\/www.huntersfriend.eu\/sv\/wp-json\/wp\/v2\/product"}],"about":[{"href":"https:\/\/www.huntersfriend.eu\/sv\/wp-json\/wp\/v2\/types\/product"}],"replies":[{"embeddable":true,"href":"https:\/\/www.huntersfriend.eu\/sv\/wp-json\/wp\/v2\/comments?post=290930"}],"wp:featuredmedia":[{"embeddable":true,"href":"https:\/\/www.huntersfriend.eu\/sv\/wp-json\/wp\/v2\/media\/290383"}],"wp:attachment":[{"href":"https:\/\/www.huntersfriend.eu\/sv\/wp-json\/wp\/v2\/media?parent=290930"}],"wp:term":[{"taxonomy":"product_brand","embeddable":true,"href":"https:\/\/www.huntersfriend.eu\/sv\/wp-json\/wp\/v2\/product_brand?post=290930"},{"taxonomy":"product_cat","embeddable":true,"href":"https:\/\/www.huntersfriend.eu\/sv\/wp-json\/wp\/v2\/product_cat?post=290930"},{"taxonomy":"product_tag","embeddable":true,"href":"https:\/\/www.huntersfriend.eu\/sv\/wp-json\/wp\/v2\/product_tag?post=290930"}],"curies":[{"name":"wp","href":"https:\/\/api.w.org\/{rel}","templated":true}]}}