{"id":290916,"date":"2025-07-31T12:00:40","date_gmt":"2025-07-31T10:00:40","guid":{"rendered":"https:\/\/www.huntersfriend.eu\/product\/sitka-jetstream-vindskyddande-handske\/"},"modified":"2025-09-23T13:14:21","modified_gmt":"2025-09-23T11:14:21","slug":"sitka-jetstream-vindskyddande-handske","status":"publish","type":"product","link":"https:\/\/www.huntersfriend.eu\/sv\/produkt\/sitka-jetstream-vindskyddande-handske\/","title":{"rendered":"SITKA jetstream vindskyddande handske"},"content":{"rendered":"<p>Jetstream WS-handsken \u00e4r en handske i skyttestil som m\u00f6jligg\u00f6r fingerf\u00e4rdighet p\u00e5 dagar n\u00e4r vinden bl\u00e5ser h\u00e5rt. WINDSTOPPER\u00ae-skalet fr\u00e5n GORE-TEX LABS och fleecefodret h\u00e5ller h\u00e4nderna varma, och en ledande tumme och pekfinger s\u00e4kerst\u00e4ller att de f\u00f6rblir s\u00e5 medan du anv\u00e4nder dina enheter. <\/p>\n<ul class=\"jsx-1027194987 space-y-4 list-disc\">\n<li class=\"jsx-1027194987 remove-marker mt-[24px] md:mt-[60px]\">\n<div class=\"feature_item\">WINDSTOPPER fr\u00e5n GORE-TEX Labs stoppar vind och st\u00f6ter bort nederb\u00f6rd<\/div>\n<div class=\"feature_item\">Stretchigt yttre f\u00f6r f\u00f6rb\u00e4ttrad fingerf\u00e4rdighet<\/div>\n<div class=\"feature_item\">Luftigt fleecefoder<\/div>\n<div class=\"feature_item\">Syntetiskt digitalt l\u00e4der i handflatan<\/div>\n<div class=\"feature_item\">Silikonprickar f\u00f6r grepp p\u00e5 fingertopparna<\/div>\n<div class=\"feature_item\">Ledande tumme och pekfinger f\u00f6r anv\u00e4ndning av peksk\u00e4rm<\/div>\n<div class=\"feature_item\">2,8 oz \/ 80 g<\/div>\n<\/li>\n<\/ul>\n<p>&nbsp;<\/p>\n","protected":false},"excerpt":{"rendered":"<p>Jetstream WS-handsken \u00e4r en handske i skyttestil som m\u00f6jligg\u00f6r fingerf\u00e4rdighet p\u00e5 dagar n\u00e4r vinden bl\u00e5ser h\u00e5rt. WINDSTOPPER\u00ae-skalet fr\u00e5n GORE-TEX LABS och fleecefodret h\u00e5ller h\u00e4nderna varma, och en ledande tumme och pekfinger s\u00e4kerst\u00e4ller att de f\u00f6rblir s\u00e5 medan du anv\u00e4nder dina enheter. WINDSTOPPER fr\u00e5n GORE-TEX Labs stoppar vind och st\u00f6ter bort nederb\u00f6rd Stretchigt yttre f\u00f6r f\u00f6rb\u00e4ttrad [&#8230;]\n","protected":false},"featured_media":290415,"comment_status":"open","ping_status":"closed","template":"","meta":[],"product_brand":[],"product_cat":[2809],"product_tag":[],"class_list":{"0":"post-290916","1":"product","2":"type-product","3":"status-publish","4":"has-post-thumbnail","6":"product_cat-handskar","8":"first","9":"instock","10":"taxable","11":"shipping-taxable","12":"purchasable","13":"product-type-variable"},"composite_virtual":false,"composite_layout":"","composite_add_to_cart_form_location":"","composite_editable_in_cart":false,"composite_sold_individually_context":"","composite_shop_price_calc":"","composite_components":[],"composite_scenarios":[],"group_of_quantity":0,"min_quantity":0,"max_quantity":"","exclude_order_quantity_value_rules":"no","exclude_category_quantity_rules":"no","combine_variations":"no","exclude_global_add_ons":[],"addons":[],"_links":{"self":[{"href":"https:\/\/www.huntersfriend.eu\/sv\/wp-json\/wp\/v2\/product\/290916","targetHints":{"allow":["GET"]}}],"collection":[{"href":"https:\/\/www.huntersfriend.eu\/sv\/wp-json\/wp\/v2\/product"}],"about":[{"href":"https:\/\/www.huntersfriend.eu\/sv\/wp-json\/wp\/v2\/types\/product"}],"replies":[{"embeddable":true,"href":"https:\/\/www.huntersfriend.eu\/sv\/wp-json\/wp\/v2\/comments?post=290916"}],"wp:featuredmedia":[{"embeddable":true,"href":"https:\/\/www.huntersfriend.eu\/sv\/wp-json\/wp\/v2\/media\/290415"}],"wp:attachment":[{"href":"https:\/\/www.huntersfriend.eu\/sv\/wp-json\/wp\/v2\/media?parent=290916"}],"wp:term":[{"taxonomy":"product_brand","embeddable":true,"href":"https:\/\/www.huntersfriend.eu\/sv\/wp-json\/wp\/v2\/product_brand?post=290916"},{"taxonomy":"product_cat","embeddable":true,"href":"https:\/\/www.huntersfriend.eu\/sv\/wp-json\/wp\/v2\/product_cat?post=290916"},{"taxonomy":"product_tag","embeddable":true,"href":"https:\/\/www.huntersfriend.eu\/sv\/wp-json\/wp\/v2\/product_tag?post=290916"}],"curies":[{"name":"wp","href":"https:\/\/api.w.org\/{rel}","templated":true}]}}