{"id":290904,"date":"2025-07-31T12:00:41","date_gmt":"2025-07-31T10:00:41","guid":{"rendered":"https:\/\/www.huntersfriend.eu\/product\/sitka-solhatt\/"},"modified":"2025-09-23T13:14:19","modified_gmt":"2025-09-23T11:14:19","slug":"sitka-solhatt","status":"publish","type":"product","link":"https:\/\/www.huntersfriend.eu\/sv\/produkt\/sitka-solhatt\/","title":{"rendered":"SITKA Solhatt"},"content":{"rendered":"<p>SITKA Solhatt \u00e4r perfekt f\u00f6r l\u00e5nga timmar bakom glas. Br\u00e4ttet har en m\u00f6rk undersida f\u00f6r att minska \u00f6gontr\u00f6tthet i starkt ljus, och en mjuk kontur som inte st\u00f6r b\u00e5gstr\u00e4ngar. <\/p>\n<p>Snabbtorkande: CORDURA\u00ae-nylontyget torkar enkelt ut svett och regn.<\/p>\n<p>M\u00f6rk undersida: Den m\u00f6rka undersidan bryter ljuset f\u00f6r minskad exponering och \u00f6gontr\u00f6tthet.<\/p>\n<p>PrimaLoft\u00ae-teknik: PrimaLoft\u00ae-produkter \u00e4r det yttersta inom isoleringsteknik f\u00f6r j\u00e4gare. Ultrafina fibrer \u00e4r konstruerade f\u00f6r att beh\u00e5lla maximal v\u00e4rme \u00e4ven n\u00e4r de \u00e4r v\u00e5ta. <\/p>\n","protected":false},"excerpt":{"rendered":"<p>SITKA Solhatt \u00e4r perfekt f\u00f6r l\u00e5nga timmar bakom glas. Br\u00e4ttet har en m\u00f6rk undersida f\u00f6r att minska \u00f6gontr\u00f6tthet i starkt ljus, och en mjuk kontur som inte st\u00f6r b\u00e5gstr\u00e4ngar. Snabbtorkande: CORDURA\u00ae-nylontyget torkar enkelt ut svett och regn. M\u00f6rk undersida: Den m\u00f6rka undersidan bryter ljuset f\u00f6r minskad exponering och \u00f6gontr\u00f6tthet. PrimaLoft\u00ae-teknik: PrimaLoft\u00ae-produkter \u00e4r det yttersta inom [&#8230;]\n","protected":false},"featured_media":290263,"comment_status":"open","ping_status":"closed","template":"","meta":[],"product_brand":[],"product_cat":[2716],"product_tag":[],"class_list":{"0":"post-290904","1":"product","2":"type-product","3":"status-publish","4":"has-post-thumbnail","6":"product_cat-hattar-och-huvudbonader","8":"first","9":"instock","10":"taxable","11":"shipping-taxable","12":"purchasable","13":"product-type-variable"},"composite_virtual":false,"composite_layout":"","composite_add_to_cart_form_location":"","composite_editable_in_cart":false,"composite_sold_individually_context":"","composite_shop_price_calc":"","composite_components":[],"composite_scenarios":[],"group_of_quantity":0,"min_quantity":0,"max_quantity":"","exclude_order_quantity_value_rules":"no","exclude_category_quantity_rules":"no","combine_variations":"no","exclude_global_add_ons":[],"addons":[],"_links":{"self":[{"href":"https:\/\/www.huntersfriend.eu\/sv\/wp-json\/wp\/v2\/product\/290904","targetHints":{"allow":["GET"]}}],"collection":[{"href":"https:\/\/www.huntersfriend.eu\/sv\/wp-json\/wp\/v2\/product"}],"about":[{"href":"https:\/\/www.huntersfriend.eu\/sv\/wp-json\/wp\/v2\/types\/product"}],"replies":[{"embeddable":true,"href":"https:\/\/www.huntersfriend.eu\/sv\/wp-json\/wp\/v2\/comments?post=290904"}],"wp:featuredmedia":[{"embeddable":true,"href":"https:\/\/www.huntersfriend.eu\/sv\/wp-json\/wp\/v2\/media\/290263"}],"wp:attachment":[{"href":"https:\/\/www.huntersfriend.eu\/sv\/wp-json\/wp\/v2\/media?parent=290904"}],"wp:term":[{"taxonomy":"product_brand","embeddable":true,"href":"https:\/\/www.huntersfriend.eu\/sv\/wp-json\/wp\/v2\/product_brand?post=290904"},{"taxonomy":"product_cat","embeddable":true,"href":"https:\/\/www.huntersfriend.eu\/sv\/wp-json\/wp\/v2\/product_cat?post=290904"},{"taxonomy":"product_tag","embeddable":true,"href":"https:\/\/www.huntersfriend.eu\/sv\/wp-json\/wp\/v2\/product_tag?post=290904"}],"curies":[{"name":"wp","href":"https:\/\/api.w.org\/{rel}","templated":true}]}}