{"id":290888,"date":"2025-07-31T12:00:39","date_gmt":"2025-07-31T10:00:39","guid":{"rendered":"https:\/\/www.huntersfriend.eu\/product\/sitka-jetstream-jacka-subalpine\/"},"modified":"2025-09-23T13:14:17","modified_gmt":"2025-09-23T11:14:17","slug":"sitka-jetstream-jacka-subalpine","status":"publish","type":"product","link":"https:\/\/www.huntersfriend.eu\/sv\/produkt\/sitka-jetstream-jacka-subalpine\/","title":{"rendered":"SITKA Jetstream-jacka subalpine"},"content":{"rendered":"<p>Jetstream-jackan \u00e4r SITKAs mest s\u00e5lda jacka genom tiderna &#8211; och det av goda sk\u00e4l. Inget tar dig ur jakten som n\u00e4r vinden river genom alla dina lager och kyler dig \u00e4nda in i m\u00e4rgen. Jetstream designades f\u00f6r att l\u00f6sa detta problem. Med WINDSTOPPER\u00ae fr\u00e5n GORE-TEX LABS kommer denna jacka bokstavligen att stoppa vinden fr\u00e5n att tr\u00e4nga in i ditt system och hj\u00e4lpa dig beh\u00e5lla v\u00e4rmen genom att f\u00f6rhindra konvektiv v\u00e4rmef\u00f6rlust innan den b\u00f6rjar. Vi har f\u00f6rb\u00e4ttrat designen med funktioner som en s\u00e4ker och justerbar huva som inte blockerar ditt perifera seende, dragkedjor under armarna f\u00f6r v\u00e4rmereglering n\u00e4r du r\u00f6r dig, och ett tyst men h\u00e5llbart yttermaterial som st\u00e5r emot revor och slitage. Passformen \u00e4r modern men anpassningsbar, med ledade \u00e4rmar som uppmuntrar r\u00f6relse utan att begr\u00e4nsa hur l\u00e4tt det \u00e4r att ta p\u00e5 och av jackan. Vi tror p\u00e5 ett systematiskt tillv\u00e4gag\u00e5ngss\u00e4tt f\u00f6r lagerkl\u00e4dsel och Jetstream spelar en avg\u00f6rande roll i det systemet som ett robust vindt\u00e4tt ytterlager under mitten till slutet av s\u00e4songen. Den passar lika bra p\u00e5 berget, i b\u00e5ten, p\u00e5 g\u00e5rden och \u00f6verallt d\u00e4r den kalla vinden bl\u00e5ser.       <\/p>\n<p>Byggd med WINDSTOPPER\u00ae fr\u00e5n GORE-TEX LABS, denna funktionsrika softshell-jacka skyddar dig fr\u00e5n h\u00e5rda nordanvindar under mitten och slutet av s\u00e4songen. En mikro-rutig innerfleece ger viktig v\u00e4rme och dragkedjor under armarna sl\u00e4pper ut v\u00e4rme under anstr\u00e4ngande vertikala kl\u00e4ttringar. Jetstream-jackans passform och finish h\u00e5ller dig bekv\u00e4m och ett DWR-behandlat yttermaterial hj\u00e4lper till att st\u00f6ta bort l\u00e4tt regn och sn\u00f6. \u00c5tervunna polyesterv\u00e4vda paneler ger h\u00e5llbarhet i omr\u00e5den med h\u00f6gt slitage och stickade paneler \u00e4r placerade f\u00f6r att minska ljud d\u00e4r det beh\u00f6vs.   <\/p>\n<ul class=\"jsx-1027194987 space-y-4 list-disc\">\n<li class=\"jsx-1027194987 remove-marker mt-[24px] md:mt-[60px]\">\n<div class=\"feature_item\">100 % vindt\u00e4t WINDSTOPPER\u00ae fr\u00e5n GORE-TEX LABS<\/div>\n<div class=\"feature_item\">\u00c5tervunnen fleecefoder ger l\u00e4tt v\u00e4rme<\/div>\n<div class=\"feature_item\">\u00c5tervunna v\u00e4vda polyesterpaneler p\u00e5 omr\u00e5den med h\u00f6gt slitage ger h\u00e5llbarhet d\u00e4r det beh\u00f6vs<\/div>\n<div class=\"feature_item\">\u00c5tervunna stickade polyesterpaneler under \u00e4rmarna och p\u00e5 nedre delen av b\u00e5len begr\u00e4nsar friktion och ljud<\/div>\n<div class=\"feature_item\">Dragkedjor under armarna m\u00f6jligg\u00f6r b\u00e4ttre temperaturreglering under h\u00f6gintensiva perioder<\/div>\n<div class=\"feature_item\">Justerbar huva blockerar vind utan att hindra synf\u00e4ltet<\/div>\n<div class=\"feature_item\">Dragkedjef\u00f6rsedda handfickor och br\u00f6stfickor erbjuder s\u00e4ker f\u00f6rvaring av viktiga saker<\/div>\n<div class=\"feature_item\">Total vikt: 27,2 oz<\/div>\n<\/li>\n<\/ul>\n","protected":false},"excerpt":{"rendered":"<p>Jetstream-jackan \u00e4r SITKAs mest s\u00e5lda jacka genom tiderna &#8211; och det av goda sk\u00e4l. Inget tar dig ur jakten som n\u00e4r vinden river genom alla dina lager och kyler dig \u00e4nda in i m\u00e4rgen. Jetstream designades f\u00f6r att l\u00f6sa detta problem. Med WINDSTOPPER\u00ae fr\u00e5n GORE-TEX LABS kommer denna jacka bokstavligen att stoppa vinden fr\u00e5n att [&#8230;]\n","protected":false},"featured_media":290488,"comment_status":"open","ping_status":"closed","template":"","meta":[],"product_brand":[],"product_cat":[2741],"product_tag":[],"class_list":{"0":"post-290888","1":"product","2":"type-product","3":"status-publish","4":"has-post-thumbnail","6":"product_cat-jackor","8":"first","9":"instock","10":"taxable","11":"shipping-taxable","12":"purchasable","13":"product-type-variable"},"composite_virtual":false,"composite_layout":"","composite_add_to_cart_form_location":"","composite_editable_in_cart":false,"composite_sold_individually_context":"","composite_shop_price_calc":"","composite_components":[],"composite_scenarios":[],"group_of_quantity":0,"min_quantity":0,"max_quantity":"","exclude_order_quantity_value_rules":"no","exclude_category_quantity_rules":"no","combine_variations":"no","exclude_global_add_ons":[],"addons":[],"_links":{"self":[{"href":"https:\/\/www.huntersfriend.eu\/sv\/wp-json\/wp\/v2\/product\/290888","targetHints":{"allow":["GET"]}}],"collection":[{"href":"https:\/\/www.huntersfriend.eu\/sv\/wp-json\/wp\/v2\/product"}],"about":[{"href":"https:\/\/www.huntersfriend.eu\/sv\/wp-json\/wp\/v2\/types\/product"}],"replies":[{"embeddable":true,"href":"https:\/\/www.huntersfriend.eu\/sv\/wp-json\/wp\/v2\/comments?post=290888"}],"wp:featuredmedia":[{"embeddable":true,"href":"https:\/\/www.huntersfriend.eu\/sv\/wp-json\/wp\/v2\/media\/290488"}],"wp:attachment":[{"href":"https:\/\/www.huntersfriend.eu\/sv\/wp-json\/wp\/v2\/media?parent=290888"}],"wp:term":[{"taxonomy":"product_brand","embeddable":true,"href":"https:\/\/www.huntersfriend.eu\/sv\/wp-json\/wp\/v2\/product_brand?post=290888"},{"taxonomy":"product_cat","embeddable":true,"href":"https:\/\/www.huntersfriend.eu\/sv\/wp-json\/wp\/v2\/product_cat?post=290888"},{"taxonomy":"product_tag","embeddable":true,"href":"https:\/\/www.huntersfriend.eu\/sv\/wp-json\/wp\/v2\/product_tag?post=290888"}],"curies":[{"name":"wp","href":"https:\/\/api.w.org\/{rel}","templated":true}]}}