{"id":290872,"date":"2025-08-05T00:01:24","date_gmt":"2025-08-04T22:01:24","guid":{"rendered":"https:\/\/www.huntersfriend.eu\/product\/sitka-timberline-byxor-for-damer-deep-lichen\/"},"modified":"2025-09-23T13:14:12","modified_gmt":"2025-09-23T11:14:12","slug":"sitka-timberline-byxor-for-damer-deep-lichen","status":"publish","type":"product","link":"https:\/\/www.huntersfriend.eu\/sv\/produkt\/sitka-timberline-byxor-for-damer-deep-lichen\/","title":{"rendered":"SITKA timberline-byxor f\u00f6r damer, deep lichen"},"content":{"rendered":"<p data-start=\"51\" data-end=\"98\"><strong data-start=\"51\" data-end=\"98\">Sitka timberline-byxor f\u00f6r damer \u2013 deep lichen<\/strong><\/p>\n<p data-start=\"100\" data-end=\"558\">Sitka Women\u2019s Timberline Pants \u00e4r designade f\u00f6r kr\u00e4vande f\u00f6rh\u00e5llanden d\u00e4r slitstyrka, v\u00e4derskydd och r\u00f6relsefrihet \u00e4r avg\u00f6rande. Med en damspecifik sk\u00e4rning, flexibelt softshell-tyg och vattent\u00e4ta f\u00f6rst\u00e4rkningar \u00e4r dessa byxor en p\u00e5litlig f\u00f6ljeslagare f\u00f6r b\u00e5de jaktresor och vandrings\u00e4ventyr sent p\u00e5 s\u00e4songen. F\u00e4rgen Deep Lichen sm\u00e4lter s\u00f6ml\u00f6st in i naturliga landskap samtidigt som den ser ren och snygg ut f\u00f6r vardagsbruk utomhus.  <\/p>\n<h3 data-start=\"560\" data-end=\"580\"><strong data-start=\"564\" data-end=\"580\">Viktiga funktioner<\/strong><\/h3>\n<ul data-start=\"582\" data-end=\"886\">\n<li data-start=\"582\" data-end=\"633\">\n<p data-start=\"584\" data-end=\"633\">Fyrv\u00e4gsstretchtyg f\u00f6r r\u00f6relsefrihet<\/p>\n<\/li>\n<li data-start=\"634\" data-end=\"700\">\n<p data-start=\"636\" data-end=\"700\">Vattent\u00e4ta och ventilerande f\u00f6rst\u00e4rkningar vid kn\u00e4n och s\u00e4te<\/p>\n<\/li>\n<li data-start=\"701\" data-end=\"757\">\n<p data-start=\"703\" data-end=\"757\">Avtagbara kn\u00e4skydd f\u00f6r \u00f6kad komfort och h\u00e5llbarhet<\/p>\n<\/li>\n<li data-start=\"758\" data-end=\"823\">\n<p data-start=\"760\" data-end=\"823\">DWR-behandling (Durable Water Repellent) st\u00f6ter bort vatten och smuts<\/p>\n<\/li>\n<li data-start=\"824\" data-end=\"886\">\n<p data-start=\"826\" data-end=\"886\">Damspecifik passform med avsmalnande ben och l\u00e5g midja<\/p>\n<\/li>\n<\/ul>\n<h3 data-start=\"888\" data-end=\"910\"><strong data-start=\"892\" data-end=\"910\">Anv\u00e4ndning och funktioner<\/strong><\/h3>\n<p data-start=\"912\" data-end=\"1481\">Timberline Pant \u00e4r det perfekta valet n\u00e4r marken \u00e4r v\u00e5t, vinden biter och r\u00f6relse \u00e4r konstant. F\u00f6rst\u00e4rkta omr\u00e5den h\u00e5ller fukten ute n\u00e4r du sitter p\u00e5 fuktiga stenar eller arbetar p\u00e5 kn\u00e4na. Fyrv\u00e4gsstretchen m\u00f6jligg\u00f6r full r\u00f6relsefrihet \u2013 kl\u00e4ttring, b\u00f6jning och l\u00e5nga steg utan begr\u00e4nsning. Avtagbara kn\u00e4skydd skyddar dina kn\u00e4n i stenig eller ol\u00e4ndig terr\u00e4ng, och DWR-finishen f\u00f6rhindrar att vatten och smuts tr\u00e4nger in i tyget. Dessa byxor \u00e4r l\u00e4tta men \u00e4nd\u00e5 slitstarka och idealiska som en del av ett lagersystem i kalla och v\u00e4xlande v\u00e4derf\u00f6rh\u00e5llanden.    <\/p>\n<h3 data-start=\"1483\" data-end=\"1515\"><strong data-start=\"1487\" data-end=\"1515\">Tekniska specifikationer<\/strong><\/h3>\n<ul data-start=\"1517\" data-end=\"1888\">\n<li data-start=\"1517\" data-end=\"1561\">\n<p data-start=\"1519\" data-end=\"1561\"><strong data-start=\"1519\" data-end=\"1532\">Material:<\/strong> Fyrv\u00e4gsstretchpolyester<\/p>\n<\/li>\n<li data-start=\"1562\" data-end=\"1640\">\n<p data-start=\"1564\" data-end=\"1640\"><strong data-start=\"1564\" data-end=\"1583\">F\u00f6rst\u00e4rkningar:<\/strong> Vattent\u00e4t, ventilerande ripstop-nylon vid kn\u00e4n och s\u00e4te<\/p>\n<\/li>\n<li data-start=\"1641\" data-end=\"1697\">\n<p data-start=\"1643\" data-end=\"1697\"><strong data-start=\"1643\" data-end=\"1665\">Skyddande finish:<\/strong> DWR (durable water repellent)<\/p>\n<\/li>\n<li data-start=\"1698\" data-end=\"1756\">\n<p data-start=\"1700\" data-end=\"1756\"><strong data-start=\"1700\" data-end=\"1708\">Passform:<\/strong> Atletisk passform, avsmalnande ben, l\u00e5g midja<\/p>\n<\/li>\n<li data-start=\"1757\" data-end=\"1792\">\n<p data-start=\"1759\" data-end=\"1792\"><strong data-start=\"1759\" data-end=\"1770\">Extra:<\/strong> Avtagbara kn\u00e4skydd<\/p>\n<\/li>\n<li data-start=\"1793\" data-end=\"1840\">\n<p data-start=\"1795\" data-end=\"1840\"><strong data-start=\"1795\" data-end=\"1806\">Vikt:<\/strong> Ca 641 g (storlek 26 Regular) <\/p>\n<\/li>\n<li data-start=\"1841\" data-end=\"1867\">\n<p data-start=\"1843\" data-end=\"1867\"><strong data-start=\"1843\" data-end=\"1853\">F\u00e4rg:<\/strong> deep lichen<\/p>\n<\/li>\n<li data-start=\"1868\" data-end=\"1888\">\n<p data-start=\"1870\" data-end=\"1888\"><strong data-start=\"1870\" data-end=\"1880\">Storlekar:<\/strong> 26\u201334<\/p>\n<\/li>\n<\/ul>\n","protected":false},"excerpt":{"rendered":"<p>Sitka timberline-byxor f\u00f6r damer \u2013 deep lichen Sitka Women\u2019s Timberline Pants \u00e4r designade f\u00f6r kr\u00e4vande f\u00f6rh\u00e5llanden d\u00e4r slitstyrka, v\u00e4derskydd och r\u00f6relsefrihet \u00e4r avg\u00f6rande. Med en damspecifik sk\u00e4rning, flexibelt softshell-tyg och vattent\u00e4ta f\u00f6rst\u00e4rkningar \u00e4r dessa byxor en p\u00e5litlig f\u00f6ljeslagare f\u00f6r b\u00e5de jaktresor och vandrings\u00e4ventyr sent p\u00e5 s\u00e4songen. F\u00e4rgen Deep Lichen sm\u00e4lter s\u00f6ml\u00f6st in i naturliga landskap [&#8230;]\n","protected":false},"featured_media":290529,"comment_status":"open","ping_status":"closed","template":"","meta":[],"product_brand":[],"product_cat":[2710],"product_tag":[],"class_list":{"0":"post-290872","1":"product","2":"type-product","3":"status-publish","4":"has-post-thumbnail","6":"product_cat-jaktklader-for-dam","8":"first","9":"instock","10":"taxable","11":"shipping-taxable","12":"purchasable","13":"product-type-variable"},"composite_virtual":false,"composite_layout":"","composite_add_to_cart_form_location":"","composite_editable_in_cart":false,"composite_sold_individually_context":"","composite_shop_price_calc":"","composite_components":[],"composite_scenarios":[],"group_of_quantity":0,"min_quantity":0,"max_quantity":"","exclude_order_quantity_value_rules":"no","exclude_category_quantity_rules":"no","combine_variations":"no","exclude_global_add_ons":[],"addons":[],"_links":{"self":[{"href":"https:\/\/www.huntersfriend.eu\/sv\/wp-json\/wp\/v2\/product\/290872","targetHints":{"allow":["GET"]}}],"collection":[{"href":"https:\/\/www.huntersfriend.eu\/sv\/wp-json\/wp\/v2\/product"}],"about":[{"href":"https:\/\/www.huntersfriend.eu\/sv\/wp-json\/wp\/v2\/types\/product"}],"replies":[{"embeddable":true,"href":"https:\/\/www.huntersfriend.eu\/sv\/wp-json\/wp\/v2\/comments?post=290872"}],"wp:featuredmedia":[{"embeddable":true,"href":"https:\/\/www.huntersfriend.eu\/sv\/wp-json\/wp\/v2\/media\/290529"}],"wp:attachment":[{"href":"https:\/\/www.huntersfriend.eu\/sv\/wp-json\/wp\/v2\/media?parent=290872"}],"wp:term":[{"taxonomy":"product_brand","embeddable":true,"href":"https:\/\/www.huntersfriend.eu\/sv\/wp-json\/wp\/v2\/product_brand?post=290872"},{"taxonomy":"product_cat","embeddable":true,"href":"https:\/\/www.huntersfriend.eu\/sv\/wp-json\/wp\/v2\/product_cat?post=290872"},{"taxonomy":"product_tag","embeddable":true,"href":"https:\/\/www.huntersfriend.eu\/sv\/wp-json\/wp\/v2\/product_tag?post=290872"}],"curies":[{"name":"wp","href":"https:\/\/api.w.org\/{rel}","templated":true}]}}